{"id":8637,"date":"2025-05-22T14:17:40","date_gmt":"2025-05-22T12:17:40","guid":{"rendered":"https:\/\/www.bage-pontdevaux-tourisme.com\/essentieel\/erfgoed\/romaanse-kerk-van-st-andre-de-bage\/"},"modified":"2025-11-06T14:31:07","modified_gmt":"2025-11-06T13:31:07","slug":"romaanse-kerk-van-st-andre-de-bage","status":"publish","type":"page","link":"https:\/\/www.bage-pontdevaux-tourisme.com\/nl\/essentieel\/erfgoed\/romaanse-kerk-van-st-andre-de-bage\/","title":{"rendered":"Romaanse kerk van St-Andr\u00e9-de-Bag\u00e9"},"content":{"rendered":"\n<div class=\"wp-block-ws-library-ws-header-interne is-layout-constrained alignfull\"><div class=\"header-container\"><div class=\"group-media has-image\"><img decoding=\"async\" src=\"https:\/\/www.bage-pontdevaux-tourisme.com\/wp-content\/uploads\/2025\/05\/saint-andre-de-bage-eglise-romane-office-tourisme-1920x530.jpg\" alt=\"\" class=\"image_large_square wp-afbeelding-97  \"\/><\/div><div class=\"group-content\"><div class=\"title\"><h1>Romaanse kerk van St-Andr\u00e9-de-Bag\u00e9<\/h1><\/div><\/div><\/div><div class=\"yoast-breadcrumbs\"><span><span><a href=\"https:\/\/www.bage-pontdevaux-tourisme.com\/nl\/op-een-steenworp-afstand-van-de-bourgogne-een-gastvrij-platteland-tussen-bresse-en-saone\/\">Accueil<\/a><\/span> \/ <span><a href=\"https:\/\/www.bage-pontdevaux-tourisme.com\/nl\/essentieel\/\">Essentieel<\/a><\/span> \/ <span><a href=\"https:\/\/www.bage-pontdevaux-tourisme.com\/nl\/essentieel\/erfgoed\/\">Erfgoed<\/a><\/span> \/ <span class=\"breadcrumb_last\" aria-current=\"page\">Romaanse kerk van St-Andr\u00e9-de-Bag\u00e9<\/span><\/span><\/div><\/div>\n\n<div class=\"wp-block-ws-library-ws-title is-style-wave-blue\"><h2>Het mooiste romaanse gebouw van de Ain&#8230;<\/h2><\/div>\n\n<p><strong>De twaalfde-eeuwse kerk<\/strong> staat op de plaats van een oude Karolingische kapel gewijd aan Sint-Andreas, die pas na de tiende eeuw in handen kwam van de Sires de Bag\u00e9. <strong>Vader Ulrich I van<sup> Bag\u00e9<\/sup> schonk het aan Pierre, abt van Tournus, zodat hij er een priorij kon stichten. Overblijfselen van de fundamenten van de oorspronkelijke kapel zijn nog steeds zichtbaar aan de voet van de muren van het schip. De torenspits van de achthoekige klokkentoren steekt 37 meter boven de grond uit.<\/strong>    <\/p>\n\n<p>Aan de gevel is er een afwisseling van Lombardische banden en tweelingtravee\u00ebn. De kapitelen van de zuilen van het portaal contrasteren met een plantaardig ornament aan de linkerkant en een gehistoriseerde sc\u00e8ne aan de rechterkant waar Petrus en Christus waren afgebeeld. De regelmaat van de verhoudingen en de lichtheid van de openingen symboliseren &#8220;de opgang naar oneindigheid&#8221;.  <\/p>\n\n<div class=\"wp-block-ws-library-ws-slider alignwide\"><div class=\"splide\" data-splide=\"{\"type\":\"slide\",\"heightRatio\":\"auto\",\"perMove\":1,\"fixedWidth\":445,\"drag\":true,\"pagination\":0,\"autoplay\":false,\"gap\":\"25px\"}\"><div class=\"splide__track\"><div class=\"splide__list\"><div class=\"splide__slide\"><a href=\"https:\/\/www.bage-pontdevaux-tourisme.com\/wp-content\/uploads\/2025\/08\/eglise-sab-445x250.jpg\" data-glightbox=\"true\" class=\"lightbox-trigger\"><img decoding=\"async\" src=\"https:\/\/www.bage-pontdevaux-tourisme.com\/wp-content\/uploads\/2025\/08\/eglise-sab-445x250.jpg\" alt=\"\"><\/a><\/div><div class=\"splide__slide\"><a href=\"https:\/\/www.bage-pontdevaux-tourisme.com\/wp-content\/uploads\/2025\/05\/saint-andre-de-bage-eglise-romane-f-couturier-scaled.jpg\" data-glightbox=\"true\" class=\"lightbox-trigger\"><img decoding=\"async\" src=\"https:\/\/www.bage-pontdevaux-tourisme.com\/wp-content\/uploads\/2025\/05\/saint-andre-de-bage-eglise-romane-f-couturier-445x250.jpg\" alt=\"\"><\/a><\/div><div class=\"splide__slide\"><a href=\"https:\/\/www.bage-pontdevaux-tourisme.com\/wp-content\/uploads\/2025\/09\/concert-aux-chandelles-2-445x250.jpg\" data-glightbox=\"true\" class=\"lightbox-trigger\"><img decoding=\"async\" src=\"https:\/\/www.bage-pontdevaux-tourisme.com\/wp-content\/uploads\/2025\/09\/concert-aux-chandelles-2-445x250.jpg\" alt=\"\"><\/a><\/div><div class=\"splide__slide\"><a href=\"https:\/\/www.bage-pontdevaux-tourisme.com\/wp-content\/uploads\/2025\/05\/st-andre-facade-445x250.jpg\" data-glightbox=\"true\" class=\"lightbox-trigger\"><img decoding=\"async\" src=\"https:\/\/www.bage-pontdevaux-tourisme.com\/wp-content\/uploads\/2025\/05\/st-andre-facade-445x250.jpg\" alt=\"\"><\/a><\/div><div class=\"splide__slide\"><a href=\"https:\/\/www.bage-pontdevaux-tourisme.com\/wp-content\/uploads\/2025\/08\/expo-estivale2024-445x250.jpg\" data-glightbox=\"true\" class=\"lightbox-trigger\"><img decoding=\"async\" src=\"https:\/\/www.bage-pontdevaux-tourisme.com\/wp-content\/uploads\/2025\/08\/expo-estivale2024-445x250.jpg\" alt=\"\"><\/a><\/div><div class=\"splide__slide\"><a href=\"https:\/\/www.bage-pontdevaux-tourisme.com\/wp-content\/uploads\/2025\/05\/st-andre-de-bageimg-2116-scaled.jpg\" data-glightbox=\"true\" class=\"lightbox-trigger\"><img decoding=\"async\" src=\"https:\/\/www.bage-pontdevaux-tourisme.com\/wp-content\/uploads\/2025\/05\/st-andre-de-bageimg-2116-445x250.jpg\" alt=\"\"><\/a><\/div><div class=\"splide__slide\"><a href=\"https:\/\/www.bage-pontdevaux-tourisme.com\/wp-content\/uploads\/2025\/08\/20250718-185727-2-scaled.jpg\" data-glightbox=\"true\" class=\"lightbox-trigger\"><img decoding=\"async\" src=\"https:\/\/www.bage-pontdevaux-tourisme.com\/wp-content\/uploads\/2025\/08\/20250718-185727-2-445x250.jpg\" alt=\"\"><\/a><\/div><div class=\"splide__slide\"><a href=\"https:\/\/www.bage-pontdevaux-tourisme.com\/wp-content\/uploads\/2025\/05\/st-andre-de-bage-chapiteau-eglise-romane-f-couturier-scaled.jpg\" data-glightbox=\"true\" class=\"lightbox-trigger\"><img decoding=\"async\" src=\"https:\/\/www.bage-pontdevaux-tourisme.com\/wp-content\/uploads\/2025\/05\/st-andre-de-bage-chapiteau-eglise-romane-f-couturier-445x250.jpg\" alt=\"\"><\/a><\/div><div class=\"splide__slide\"><a href=\"https:\/\/www.bage-pontdevaux-tourisme.com\/wp-content\/uploads\/2025\/08\/p1100703-scaled.jpg\" data-glightbox=\"true\" class=\"lightbox-trigger\"><img decoding=\"async\" src=\"https:\/\/www.bage-pontdevaux-tourisme.com\/wp-content\/uploads\/2025\/08\/p1100703-445x250.jpg\" alt=\"\"><\/a><\/div><div class=\"splide__slide\"><a href=\"https:\/\/www.bage-pontdevaux-tourisme.com\/wp-content\/uploads\/2025\/05\/st-andre-de-bage-eglise-romane-colonnette-du-choeur-office-tourisme-scaled.jpg\" data-glightbox=\"true\" class=\"lightbox-trigger\"><img decoding=\"async\" src=\"https:\/\/www.bage-pontdevaux-tourisme.com\/wp-content\/uploads\/2025\/05\/st-andre-de-bage-eglise-romane-colonnette-du-choeur-office-tourisme-445x250.jpg\" alt=\"\"><\/a><\/div><div class=\"splide__slide\"><a href=\"https:\/\/www.bage-pontdevaux-tourisme.com\/wp-content\/uploads\/2025\/08\/20250718-190135-scaled.jpg\" data-glightbox=\"true\" class=\"lightbox-trigger\"><img decoding=\"async\" src=\"https:\/\/www.bage-pontdevaux-tourisme.com\/wp-content\/uploads\/2025\/08\/20250718-190135-445x250.jpg\" alt=\"\"><\/a><\/div><\/div><\/div><\/div><\/div>\n\n<p><strong>Openingstijden <\/strong>: het hele jaar door, sleutel verkrijgbaar bij het VVV-kantoor in B\u00e2g\u00e9-le-Ch\u00e2tel (dinsdag, woensdag, vrijdag en zaterdag van 10 tot 12 uur en van 14 tot 17.30 uur), Franse, Engelse en Duitse audiogidsen ter plaatse.  <\/p>\n\n<p><strong>Kerk elke dag geopend van half juli tot half augustus<\/strong> tijdens de zomerkunsttentoonstelling en tijdens de Europese Open Monumentendagen door de vereniging &#8220;<strong>les amis du site, B\u00e2g\u00e9, Culture et Loisirs<\/strong>&#8220;. <strong>Rondleiding op aanvraag<\/strong> voor groepen.<\/p>\n\n<p>Mis het concert bij <strong>kaarslicht <\/strong>niet dat elk jaar eind augustus in dit uitzonderlijke gebouw wordt aangeboden!<\/p>\n\n<p><strong>Bereikbaarheid<\/strong> : RD 28 01380 Saint-Andr\u00e9-de-B\u00e2g\u00e9. Parkeren in de buurt <\/p>\n","protected":false},"excerpt":{"rendered":"<p>De twaalfde-eeuwse kerk staat op de plaats van een oude Karolingische kapel gewijd aan Sint-Andreas, die pas na de tiende [&hellip;]<\/p>\n","protected":false},"author":1,"featured_media":0,"parent":8377,"menu_order":3,"comment_status":"closed","ping_status":"closed","template":"","meta":{"footnotes":""},"class_list":["post-8637","page","type-page","status-publish","hentry"],"yoast_head":"<!-- This site is optimized with the Yoast SEO plugin v27.4 - https:\/\/yoast.com\/product\/yoast-seo-wordpress\/ -->\n<title>Romaanse kerk van St-Andr\u00e9-de-Bag\u00e9 - Office de Tourisme du Pays de Bag\u00e9 et de Pont de Vaux<\/title>\n<meta name=\"robots\" content=\"index, follow, max-snippet:-1, max-image-preview:large, max-video-preview:-1\" \/>\n<link rel=\"canonical\" href=\"https:\/\/www.bage-pontdevaux-tourisme.com\/nl\/essentieel\/erfgoed\/romaanse-kerk-van-st-andre-de-bage\/\" \/>\n<meta property=\"og:locale\" content=\"nl_NL\" \/>\n<meta property=\"og:type\" content=\"article\" \/>\n<meta property=\"og:title\" content=\"Romaanse kerk van St-Andr\u00e9-de-Bag\u00e9 - Office de Tourisme du Pays de Bag\u00e9 et de Pont de Vaux\" \/>\n<meta property=\"og:description\" content=\"De twaalfde-eeuwse kerk staat op de plaats van een oude Karolingische kapel gewijd aan Sint-Andreas, die pas na de tiende [&hellip;]\" \/>\n<meta property=\"og:url\" content=\"https:\/\/www.bage-pontdevaux-tourisme.com\/nl\/essentieel\/erfgoed\/romaanse-kerk-van-st-andre-de-bage\/\" \/>\n<meta property=\"og:site_name\" content=\"Office de Tourisme du Pays de Bag\u00e9 et de Pont de Vaux\" \/>\n<meta property=\"article:modified_time\" content=\"2025-11-06T13:31:07+00:00\" \/>\n<meta property=\"og:image\" content=\"https:\/\/www.bage-pontdevaux-tourisme.com\/wp-content\/uploads\/2025\/05\/saint-andre-de-bage-eglise-romane-office-tourisme-1920x530.jpg\" \/>\n<meta name=\"twitter:card\" content=\"summary_large_image\" \/>\n<meta name=\"twitter:label1\" content=\"Geschatte leestijd\" \/>\n\t<meta name=\"twitter:data1\" content=\"1 minuut\" \/>\n<script type=\"application\/ld+json\" class=\"yoast-schema-graph\">{\"@context\":\"https:\\\/\\\/schema.org\",\"@graph\":[{\"@type\":\"WebPage\",\"@id\":\"https:\\\/\\\/www.bage-pontdevaux-tourisme.com\\\/nl\\\/essentieel\\\/erfgoed\\\/romaanse-kerk-van-st-andre-de-bage\\\/\",\"url\":\"https:\\\/\\\/www.bage-pontdevaux-tourisme.com\\\/nl\\\/essentieel\\\/erfgoed\\\/romaanse-kerk-van-st-andre-de-bage\\\/\",\"name\":\"Romaanse kerk van St-Andr\u00e9-de-Bag\u00e9 - Office de Tourisme du Pays de Bag\u00e9 et de Pont de Vaux\",\"isPartOf\":{\"@id\":\"https:\\\/\\\/www.bage-pontdevaux-tourisme.com\\\/nl\\\/#website\"},\"primaryImageOfPage\":{\"@id\":\"https:\\\/\\\/www.bage-pontdevaux-tourisme.com\\\/nl\\\/essentieel\\\/erfgoed\\\/romaanse-kerk-van-st-andre-de-bage\\\/#primaryimage\"},\"image\":{\"@id\":\"https:\\\/\\\/www.bage-pontdevaux-tourisme.com\\\/nl\\\/essentieel\\\/erfgoed\\\/romaanse-kerk-van-st-andre-de-bage\\\/#primaryimage\"},\"thumbnailUrl\":\"https:\\\/\\\/www.bage-pontdevaux-tourisme.com\\\/wp-content\\\/uploads\\\/2025\\\/05\\\/saint-andre-de-bage-eglise-romane-office-tourisme-1920x530.jpg\",\"datePublished\":\"2025-05-22T12:17:40+00:00\",\"dateModified\":\"2025-11-06T13:31:07+00:00\",\"breadcrumb\":{\"@id\":\"https:\\\/\\\/www.bage-pontdevaux-tourisme.com\\\/nl\\\/essentieel\\\/erfgoed\\\/romaanse-kerk-van-st-andre-de-bage\\\/#breadcrumb\"},\"inLanguage\":\"nl-NL\",\"potentialAction\":[{\"@type\":\"ReadAction\",\"target\":[\"https:\\\/\\\/www.bage-pontdevaux-tourisme.com\\\/nl\\\/essentieel\\\/erfgoed\\\/romaanse-kerk-van-st-andre-de-bage\\\/\"]}]},{\"@type\":\"ImageObject\",\"inLanguage\":\"nl-NL\",\"@id\":\"https:\\\/\\\/www.bage-pontdevaux-tourisme.com\\\/nl\\\/essentieel\\\/erfgoed\\\/romaanse-kerk-van-st-andre-de-bage\\\/#primaryimage\",\"url\":\"https:\\\/\\\/www.bage-pontdevaux-tourisme.com\\\/wp-content\\\/uploads\\\/2025\\\/05\\\/saint-andre-de-bage-eglise-romane-office-tourisme-1920x530.jpg\",\"contentUrl\":\"https:\\\/\\\/www.bage-pontdevaux-tourisme.com\\\/wp-content\\\/uploads\\\/2025\\\/05\\\/saint-andre-de-bage-eglise-romane-office-tourisme-1920x530.jpg\"},{\"@type\":\"BreadcrumbList\",\"@id\":\"https:\\\/\\\/www.bage-pontdevaux-tourisme.com\\\/nl\\\/essentieel\\\/erfgoed\\\/romaanse-kerk-van-st-andre-de-bage\\\/#breadcrumb\",\"itemListElement\":[{\"@type\":\"ListItem\",\"position\":1,\"name\":\"Accueil\",\"item\":\"https:\\\/\\\/www.bage-pontdevaux-tourisme.com\\\/nl\\\/op-een-steenworp-afstand-van-de-bourgogne-een-gastvrij-platteland-tussen-bresse-en-saone\\\/\"},{\"@type\":\"ListItem\",\"position\":2,\"name\":\"Essentieel\",\"item\":\"https:\\\/\\\/www.bage-pontdevaux-tourisme.com\\\/nl\\\/essentieel\\\/\"},{\"@type\":\"ListItem\",\"position\":3,\"name\":\"Erfgoed\",\"item\":\"https:\\\/\\\/www.bage-pontdevaux-tourisme.com\\\/nl\\\/essentieel\\\/erfgoed\\\/\"},{\"@type\":\"ListItem\",\"position\":4,\"name\":\"Romaanse kerk van St-Andr\u00e9-de-Bag\u00e9\"}]},{\"@type\":\"WebSite\",\"@id\":\"https:\\\/\\\/www.bage-pontdevaux-tourisme.com\\\/nl\\\/#website\",\"url\":\"https:\\\/\\\/www.bage-pontdevaux-tourisme.com\\\/nl\\\/\",\"name\":\"Office de Tourisme du Pays de Bag\u00e9 et de Pont de Vaux\",\"description\":\"\",\"publisher\":{\"@id\":\"https:\\\/\\\/www.bage-pontdevaux-tourisme.com\\\/nl\\\/#organization\"},\"potentialAction\":[{\"@type\":\"SearchAction\",\"target\":{\"@type\":\"EntryPoint\",\"urlTemplate\":\"https:\\\/\\\/www.bage-pontdevaux-tourisme.com\\\/nl\\\/?s={search_term_string}\"},\"query-input\":{\"@type\":\"PropertyValueSpecification\",\"valueRequired\":true,\"valueName\":\"search_term_string\"}}],\"inLanguage\":\"nl-NL\"},{\"@type\":\"Organization\",\"@id\":\"https:\\\/\\\/www.bage-pontdevaux-tourisme.com\\\/nl\\\/#organization\",\"name\":\"Office de Tourisme du Pays de Bag\u00e9 et de Pont de Vaux\",\"url\":\"https:\\\/\\\/www.bage-pontdevaux-tourisme.com\\\/nl\\\/\",\"logo\":{\"@type\":\"ImageObject\",\"inLanguage\":\"nl-NL\",\"@id\":\"https:\\\/\\\/www.bage-pontdevaux-tourisme.com\\\/nl\\\/#\\\/schema\\\/logo\\\/image\\\/\",\"url\":\"https:\\\/\\\/www.bage-pontdevaux-tourisme.com\\\/wp-content\\\/uploads\\\/2025\\\/05\\\/logo-pays-de-bage-and-pont-de-vaux.svg\",\"contentUrl\":\"https:\\\/\\\/www.bage-pontdevaux-tourisme.com\\\/wp-content\\\/uploads\\\/2025\\\/05\\\/logo-pays-de-bage-and-pont-de-vaux.svg\",\"caption\":\"Office de Tourisme du Pays de Bag\u00e9 et de Pont de Vaux\"},\"image\":{\"@id\":\"https:\\\/\\\/www.bage-pontdevaux-tourisme.com\\\/nl\\\/#\\\/schema\\\/logo\\\/image\\\/\"}}]}<\/script>\n<!-- \/ Yoast SEO plugin. -->","yoast_head_json":{"title":"Romaanse kerk van St-Andr\u00e9-de-Bag\u00e9 - Office de Tourisme du Pays de Bag\u00e9 et de Pont de Vaux","robots":{"index":"index","follow":"follow","max-snippet":"max-snippet:-1","max-image-preview":"max-image-preview:large","max-video-preview":"max-video-preview:-1"},"canonical":"https:\/\/www.bage-pontdevaux-tourisme.com\/nl\/essentieel\/erfgoed\/romaanse-kerk-van-st-andre-de-bage\/","og_locale":"nl_NL","og_type":"article","og_title":"Romaanse kerk van St-Andr\u00e9-de-Bag\u00e9 - Office de Tourisme du Pays de Bag\u00e9 et de Pont de Vaux","og_description":"De twaalfde-eeuwse kerk staat op de plaats van een oude Karolingische kapel gewijd aan Sint-Andreas, die pas na de tiende [&hellip;]","og_url":"https:\/\/www.bage-pontdevaux-tourisme.com\/nl\/essentieel\/erfgoed\/romaanse-kerk-van-st-andre-de-bage\/","og_site_name":"Office de Tourisme du Pays de Bag\u00e9 et de Pont de Vaux","article_modified_time":"2025-11-06T13:31:07+00:00","og_image":[{"url":"https:\/\/www.bage-pontdevaux-tourisme.com\/wp-content\/uploads\/2025\/05\/saint-andre-de-bage-eglise-romane-office-tourisme-1920x530.jpg","type":"","width":"","height":""}],"twitter_card":"summary_large_image","twitter_misc":{"Geschatte leestijd":"1 minuut"},"schema":{"@context":"https:\/\/schema.org","@graph":[{"@type":"WebPage","@id":"https:\/\/www.bage-pontdevaux-tourisme.com\/nl\/essentieel\/erfgoed\/romaanse-kerk-van-st-andre-de-bage\/","url":"https:\/\/www.bage-pontdevaux-tourisme.com\/nl\/essentieel\/erfgoed\/romaanse-kerk-van-st-andre-de-bage\/","name":"Romaanse kerk van St-Andr\u00e9-de-Bag\u00e9 - Office de Tourisme du Pays de Bag\u00e9 et de Pont de Vaux","isPartOf":{"@id":"https:\/\/www.bage-pontdevaux-tourisme.com\/nl\/#website"},"primaryImageOfPage":{"@id":"https:\/\/www.bage-pontdevaux-tourisme.com\/nl\/essentieel\/erfgoed\/romaanse-kerk-van-st-andre-de-bage\/#primaryimage"},"image":{"@id":"https:\/\/www.bage-pontdevaux-tourisme.com\/nl\/essentieel\/erfgoed\/romaanse-kerk-van-st-andre-de-bage\/#primaryimage"},"thumbnailUrl":"https:\/\/www.bage-pontdevaux-tourisme.com\/wp-content\/uploads\/2025\/05\/saint-andre-de-bage-eglise-romane-office-tourisme-1920x530.jpg","datePublished":"2025-05-22T12:17:40+00:00","dateModified":"2025-11-06T13:31:07+00:00","breadcrumb":{"@id":"https:\/\/www.bage-pontdevaux-tourisme.com\/nl\/essentieel\/erfgoed\/romaanse-kerk-van-st-andre-de-bage\/#breadcrumb"},"inLanguage":"nl-NL","potentialAction":[{"@type":"ReadAction","target":["https:\/\/www.bage-pontdevaux-tourisme.com\/nl\/essentieel\/erfgoed\/romaanse-kerk-van-st-andre-de-bage\/"]}]},{"@type":"ImageObject","inLanguage":"nl-NL","@id":"https:\/\/www.bage-pontdevaux-tourisme.com\/nl\/essentieel\/erfgoed\/romaanse-kerk-van-st-andre-de-bage\/#primaryimage","url":"https:\/\/www.bage-pontdevaux-tourisme.com\/wp-content\/uploads\/2025\/05\/saint-andre-de-bage-eglise-romane-office-tourisme-1920x530.jpg","contentUrl":"https:\/\/www.bage-pontdevaux-tourisme.com\/wp-content\/uploads\/2025\/05\/saint-andre-de-bage-eglise-romane-office-tourisme-1920x530.jpg"},{"@type":"BreadcrumbList","@id":"https:\/\/www.bage-pontdevaux-tourisme.com\/nl\/essentieel\/erfgoed\/romaanse-kerk-van-st-andre-de-bage\/#breadcrumb","itemListElement":[{"@type":"ListItem","position":1,"name":"Accueil","item":"https:\/\/www.bage-pontdevaux-tourisme.com\/nl\/op-een-steenworp-afstand-van-de-bourgogne-een-gastvrij-platteland-tussen-bresse-en-saone\/"},{"@type":"ListItem","position":2,"name":"Essentieel","item":"https:\/\/www.bage-pontdevaux-tourisme.com\/nl\/essentieel\/"},{"@type":"ListItem","position":3,"name":"Erfgoed","item":"https:\/\/www.bage-pontdevaux-tourisme.com\/nl\/essentieel\/erfgoed\/"},{"@type":"ListItem","position":4,"name":"Romaanse kerk van St-Andr\u00e9-de-Bag\u00e9"}]},{"@type":"WebSite","@id":"https:\/\/www.bage-pontdevaux-tourisme.com\/nl\/#website","url":"https:\/\/www.bage-pontdevaux-tourisme.com\/nl\/","name":"Office de Tourisme du Pays de Bag\u00e9 et de Pont de Vaux","description":"","publisher":{"@id":"https:\/\/www.bage-pontdevaux-tourisme.com\/nl\/#organization"},"potentialAction":[{"@type":"SearchAction","target":{"@type":"EntryPoint","urlTemplate":"https:\/\/www.bage-pontdevaux-tourisme.com\/nl\/?s={search_term_string}"},"query-input":{"@type":"PropertyValueSpecification","valueRequired":true,"valueName":"search_term_string"}}],"inLanguage":"nl-NL"},{"@type":"Organization","@id":"https:\/\/www.bage-pontdevaux-tourisme.com\/nl\/#organization","name":"Office de Tourisme du Pays de Bag\u00e9 et de Pont de Vaux","url":"https:\/\/www.bage-pontdevaux-tourisme.com\/nl\/","logo":{"@type":"ImageObject","inLanguage":"nl-NL","@id":"https:\/\/www.bage-pontdevaux-tourisme.com\/nl\/#\/schema\/logo\/image\/","url":"https:\/\/www.bage-pontdevaux-tourisme.com\/wp-content\/uploads\/2025\/05\/logo-pays-de-bage-and-pont-de-vaux.svg","contentUrl":"https:\/\/www.bage-pontdevaux-tourisme.com\/wp-content\/uploads\/2025\/05\/logo-pays-de-bage-and-pont-de-vaux.svg","caption":"Office de Tourisme du Pays de Bag\u00e9 et de Pont de Vaux"},"image":{"@id":"https:\/\/www.bage-pontdevaux-tourisme.com\/nl\/#\/schema\/logo\/image\/"}}]}},"_links":{"self":[{"href":"https:\/\/www.bage-pontdevaux-tourisme.com\/nl\/wp-json\/wp\/v2\/pages\/8637","targetHints":{"allow":["GET"]}}],"collection":[{"href":"https:\/\/www.bage-pontdevaux-tourisme.com\/nl\/wp-json\/wp\/v2\/pages"}],"about":[{"href":"https:\/\/www.bage-pontdevaux-tourisme.com\/nl\/wp-json\/wp\/v2\/types\/page"}],"author":[{"embeddable":true,"href":"https:\/\/www.bage-pontdevaux-tourisme.com\/nl\/wp-json\/wp\/v2\/users\/1"}],"replies":[{"embeddable":true,"href":"https:\/\/www.bage-pontdevaux-tourisme.com\/nl\/wp-json\/wp\/v2\/comments?post=8637"}],"version-history":[{"count":3,"href":"https:\/\/www.bage-pontdevaux-tourisme.com\/nl\/wp-json\/wp\/v2\/pages\/8637\/revisions"}],"predecessor-version":[{"id":10340,"href":"https:\/\/www.bage-pontdevaux-tourisme.com\/nl\/wp-json\/wp\/v2\/pages\/8637\/revisions\/10340"}],"up":[{"embeddable":true,"href":"https:\/\/www.bage-pontdevaux-tourisme.com\/nl\/wp-json\/wp\/v2\/pages\/8377"}],"wp:attachment":[{"href":"https:\/\/www.bage-pontdevaux-tourisme.com\/nl\/wp-json\/wp\/v2\/media?parent=8637"}],"curies":[{"name":"wp","href":"https:\/\/api.w.org\/{rel}","templated":true}]}}