{"id":8616,"date":"2025-05-22T14:17:42","date_gmt":"2025-05-22T12:17:42","guid":{"rendered":"https:\/\/www.bage-pontdevaux-tourisme.com\/wat-te-zien-en-te-doen\/bewegen\/andere-hobbys\/"},"modified":"2025-10-13T14:50:19","modified_gmt":"2025-10-13T12:50:19","slug":"andere-hobbys","status":"publish","type":"page","link":"https:\/\/www.bage-pontdevaux-tourisme.com\/nl\/wat-te-zien-en-te-doen\/bewegen\/andere-hobbys\/","title":{"rendered":"Andere hobby&#8217;s"},"content":{"rendered":"\n<div class=\"wp-block-ws-library-ws-header-interne is-layout-constrained alignfull\"><div class=\"header-container\"><div class=\"group-media has-image\"><img decoding=\"async\" src=\"https:\/\/www.bage-pontdevaux-tourisme.com\/wp-content\/uploads\/2025\/08\/p8130022-1920x530.jpg\" alt=\"\" class=\"image_large_square wp-afbeelding-4359  \"\/><\/div><div class=\"group-content\"><div class=\"title\"><h1>Andere hobby&#8217;s<\/h1><\/div><\/div><\/div><div class=\"yoast-breadcrumbs\"><span><span><a href=\"https:\/\/www.bage-pontdevaux-tourisme.com\/nl\/op-een-steenworp-afstand-van-de-bourgogne-een-gastvrij-platteland-tussen-bresse-en-saone\/\">Accueil<\/a><\/span> \/ <span><a href=\"https:\/\/www.bage-pontdevaux-tourisme.com\/nl\/wat-te-zien-en-te-doen\/\">Wat te zien en te doen<\/a><\/span> \/ <span><a href=\"https:\/\/www.bage-pontdevaux-tourisme.com\/nl\/wat-te-zien-en-te-doen\/bewegen\/\">Bewegen<\/a><\/span> \/ <span class=\"breadcrumb_last\" aria-current=\"page\">Andere hobby&rsquo;s<\/span><\/span><\/div><\/div>\n\n<div class=\"wp-block-ws-library-ws-title is-style-wave-blue\"><h2>Een veelheid aan activiteiten<\/h2><\/div>\n<div id=\"listing_be4db\" data-observer-wishlist class=\"ws-listing wp-block-ws-apidae-library-listing-avance\" data-map-id=\"map_be4db\" data-locations-id=\"locations-data_be4db\"><div class=\"listing-header\"><div class=\"toggle-container\"><button class=\"btn toggle-btn toggle-list\" data-target=\"list\">Lijst<\/button><button class=\"btn toggle-btn toggle-map\" data-target=\"map\">Kaart<\/button><button class=\"btn toggle-btn toggle-fulllist\" data-target=\"fulllist\" data-reverse=\"Kaart tonen\">Kaart verbergen<\/button><\/div><\/div><div class=\"facetwp-template\"><div class=\"list-container active\"><div class=\"list-items\"><div class=\"item\"><div class=\"card card-apidae card-avance\"><div class=\"group-media\"><div class=\"field-image\"><img decoding=\"async\" src=\"https:\/\/images.weserv.nl\/?url=https:\/\/static.apidae-tourisme.com\/filestore\/objets-touristiques\/images\/83\/96\/8740947-diaporama.jpg&#038;w=320&#038;h=220&#038;fit=cover&#038;output=webp&#038;q=45\" alt=\"Chassagne-visvijver\"\/><\/div><\/div><div class=\"group-content\"><div class=\"field-commune\">Manziat<\/div><div class=\"field-title\">Chassagne-visvijver<\/div><div class=\"field-description\">Deze vijver wordt omringd door tuinderijen en heeft een paar&#8230;<\/div><\/div><div class=\"field-link\"><a href=\"https:\/\/www.bage-pontdevaux-tourisme.com\/nl\/fiche\/visvijver-van-chassagne\/\" class=\"cardlink\">Chassagne-visvijver<\/a><\/div><\/div><\/div><div class=\"item\"><div class=\"card card-apidae card-avance\"><div class=\"group-media\"><div class=\"field-image\"><img decoding=\"async\" src=\"https:\/\/images.weserv.nl\/?url=https:\/\/static.apidae-tourisme.com\/filestore\/objets-touristiques\/images\/233\/95\/8740841-diaporama.jpg&#038;w=320&#038;h=220&#038;fit=cover&#038;output=webp&#038;q=45\" alt=\"Feillens-visvijver\"\/><\/div><\/div><div class=\"group-content\"><div class=\"field-commune\">Feillens<\/div><div class=\"field-title\">Feillens-visvijver<\/div><div class=\"field-description\">Deze vijver van 11 hectare, vroeger een grindgroeve, wordt omringd&#8230;<\/div><\/div><div class=\"field-link\"><a href=\"https:\/\/www.bage-pontdevaux-tourisme.com\/nl\/fiche\/feillens-visvijver\/\" class=\"cardlink\">Feillens-visvijver<\/a><\/div><\/div><\/div><div class=\"item\"><div class=\"card card-apidae card-avance\"><div class=\"group-media\"><div class=\"field-image\"><img decoding=\"async\" src=\"https:\/\/images.weserv.nl\/?url=https:\/\/static.apidae-tourisme.com\/filestore\/objets-touristiques\/images\/149\/233\/4450709-diaporama.jpg&#038;w=320&#038;h=220&#038;fit=cover&#038;output=webp&#038;q=45\" alt=\"Giraudi\u00e8re Ruitercentrum\"\/><\/div><\/div><div class=\"group-content\"><div class=\"field-commune\">Saint-Andr\u00e9-de-B\u00e2g\u00e9<\/div><div class=\"field-title\">Giraudi\u00e8re Ruitercentrum<\/div><div class=\"field-description\">Kennismaking met pony- en paardrijden, groeps- of priv\u00e9lessen, vakantiecursussen, ontdekkingsdagen,&#8230;<\/div><\/div><div class=\"field-link\"><a href=\"https:\/\/www.bage-pontdevaux-tourisme.com\/nl\/fiche\/la-giraudiere-hippisch-centrum\/\" class=\"cardlink\">Giraudi\u00e8re Ruitercentrum<\/a><\/div><\/div><\/div><div class=\"item\"><div class=\"card card-apidae card-avance\"><div class=\"group-media\"><div class=\"field-image\"><img decoding=\"async\" src=\"https:\/\/images.weserv.nl\/?url=https:\/\/static.apidae-tourisme.com\/filestore\/objets-touristiques\/images\/79\/12\/1444943-diaporama.jpg&#038;w=320&#038;h=220&#038;fit=cover&#038;output=webp&#038;q=45\" alt=\"Pont-de-Vaux visvijver\"\/><\/div><\/div><div class=\"group-content\"><div class=\"field-commune\">Pont-de-Vaux<\/div><div class=\"field-title\">Pont-de-Vaux visvijver<\/div><div class=\"field-description\">Dit meer van 4 hectare ligt in het hart van&#8230;<\/div><\/div><div class=\"field-link\"><a href=\"https:\/\/www.bage-pontdevaux-tourisme.com\/nl\/fiche\/visvijver-pont-de-vaux\/\" class=\"cardlink\">Pont-de-Vaux visvijver<\/a><\/div><\/div><\/div><div id=\"locations-data_be4db\" style=\"display: none;\">{&quot;locations&quot;:[{&quot;lat&quot;:&quot;46.361857&quot;,&quot;lng&quot;:&quot;4.889732&quot;,&quot;title&quot;:&quot;Chassagne-visvijver&quot;,&quot;permalink&quot;:&quot;https:\\\/\\\/www.bage-pontdevaux-tourisme.com\\\/nl\\\/fiche\\\/visvijver-van-chassagne\\\/&quot;,&quot;type&quot;:&quot;equipement&quot;,&quot;commune&quot;:&quot;Manziat&quot;,&quot;type_commerce&quot;:&quot;&quot;,&quot;image&quot;:&quot;https:\\\/\\\/static.apidae-tourisme.com\\\/filestore\\\/objets-touristiques\\\/images\\\/83\\\/96\\\/8740947-diaporama.jpg&quot;,&quot;image_width&quot;:&quot;320&quot;,&quot;image_height&quot;:&quot;220&quot;,&quot;image_fit&quot;:&quot;cover&quot;},{&quot;lat&quot;:&quot;46.34444&quot;,&quot;lng&quot;:&quot;4.874068&quot;,&quot;title&quot;:&quot;Feillens-visvijver&quot;,&quot;permalink&quot;:&quot;https:\\\/\\\/www.bage-pontdevaux-tourisme.com\\\/nl\\\/fiche\\\/feillens-visvijver\\\/&quot;,&quot;type&quot;:&quot;equipement&quot;,&quot;commune&quot;:&quot;Feillens&quot;,&quot;type_commerce&quot;:&quot;&quot;,&quot;image&quot;:&quot;https:\\\/\\\/static.apidae-tourisme.com\\\/filestore\\\/objets-touristiques\\\/images\\\/233\\\/95\\\/8740841-diaporama.jpg&quot;,&quot;image_width&quot;:&quot;320&quot;,&quot;image_height&quot;:&quot;220&quot;,&quot;image_fit&quot;:&quot;cover&quot;},{&quot;lat&quot;:&quot;46.299415&quot;,&quot;lng&quot;:&quot;4.911278&quot;,&quot;title&quot;:&quot;Giraudi\\u00e8re Ruitercentrum&quot;,&quot;permalink&quot;:&quot;https:\\\/\\\/www.bage-pontdevaux-tourisme.com\\\/nl\\\/fiche\\\/la-giraudiere-hippisch-centrum\\\/&quot;,&quot;type&quot;:&quot;equipement&quot;,&quot;commune&quot;:&quot;Saint-Andr\\u00e9-de-B\\u00e2g\\u00e9&quot;,&quot;type_commerce&quot;:&quot;&quot;,&quot;image&quot;:&quot;https:\\\/\\\/static.apidae-tourisme.com\\\/filestore\\\/objets-touristiques\\\/images\\\/149\\\/233\\\/4450709-diaporama.jpg&quot;,&quot;image_width&quot;:&quot;320&quot;,&quot;image_height&quot;:&quot;220&quot;,&quot;image_fit&quot;:&quot;cover&quot;},{&quot;lat&quot;:&quot;46.428896&quot;,&quot;lng&quot;:&quot;4.936123&quot;,&quot;title&quot;:&quot;Pont-de-Vaux visvijver&quot;,&quot;permalink&quot;:&quot;https:\\\/\\\/www.bage-pontdevaux-tourisme.com\\\/nl\\\/fiche\\\/visvijver-pont-de-vaux\\\/&quot;,&quot;type&quot;:&quot;equipement&quot;,&quot;commune&quot;:&quot;Pont-de-Vaux&quot;,&quot;type_commerce&quot;:&quot;&quot;,&quot;image&quot;:&quot;https:\\\/\\\/static.apidae-tourisme.com\\\/filestore\\\/objets-touristiques\\\/images\\\/79\\\/12\\\/1444943-diaporama.jpg&quot;,&quot;image_width&quot;:&quot;320&quot;,&quot;image_height&quot;:&quot;220&quot;,&quot;image_fit&quot;:&quot;cover&quot;}],&quot;center_lat&quot;:&quot;46.361857&quot;,&quot;center_lng&quot;:&quot;4.889732&quot;}<\/div><\/div><div class=\"ws-apidae-pager\" data-type=\"pager\"><div class=\"custom-pager\"><a class=\"facetwp-page first active\" data-page=\"1\" href=\"\/nl\/wp-json\/wp\/v2\/pages\/8616?paged_be4db=1#listing_be4db\">1<\/a><a class=\"facetwp-page \" data-page=\"2\" href=\"\/nl\/wp-json\/wp\/v2\/pages\/8616?paged_be4db=2#listing_be4db\">2<\/a><a class=\"facetwp-page next\" data-page=\"2\" href=\"\/nl\/wp-json\/wp\/v2\/pages\/8616?paged_be4db=2#listing_be4db\">\u203a<\/a><\/div><\/div><\/div><\/div><div class=\"map-marker\"><div id=\"map_be4db\" class=\"map-container\" style=\"width: 100%; height: 450px;\"><\/div><\/div><\/div>","protected":false},"excerpt":{"rendered":"","protected":false},"author":1,"featured_media":0,"parent":8441,"menu_order":3,"comment_status":"closed","ping_status":"closed","template":"","meta":{"footnotes":""},"class_list":["post-8616","page","type-page","status-publish","hentry"],"yoast_head":"<!-- This site is optimized with the Yoast SEO plugin v27.4 - https:\/\/yoast.com\/product\/yoast-seo-wordpress\/ -->\n<title>Andere hobby&#039;s - Office de Tourisme du Pays de Bag\u00e9 et de Pont de Vaux<\/title>\n<meta name=\"robots\" content=\"index, follow, max-snippet:-1, max-image-preview:large, max-video-preview:-1\" \/>\n<link rel=\"canonical\" href=\"https:\/\/www.bage-pontdevaux-tourisme.com\/nl\/wat-te-zien-en-te-doen\/bewegen\/andere-hobbys\/\" \/>\n<meta property=\"og:locale\" content=\"nl_NL\" \/>\n<meta property=\"og:type\" content=\"article\" \/>\n<meta property=\"og:title\" content=\"Andere hobby&#039;s - Office de Tourisme du Pays de Bag\u00e9 et de Pont de Vaux\" \/>\n<meta property=\"og:url\" content=\"https:\/\/www.bage-pontdevaux-tourisme.com\/nl\/wat-te-zien-en-te-doen\/bewegen\/andere-hobbys\/\" \/>\n<meta property=\"og:site_name\" content=\"Office de Tourisme du Pays de Bag\u00e9 et de Pont de Vaux\" \/>\n<meta property=\"article:modified_time\" content=\"2025-10-13T12:50:19+00:00\" \/>\n<meta property=\"og:image\" content=\"https:\/\/www.bage-pontdevaux-tourisme.com\/wp-content\/uploads\/2025\/08\/p8130022-1920x530.jpg\" \/>\n<meta name=\"twitter:card\" content=\"summary_large_image\" \/>\n<script type=\"application\/ld+json\" class=\"yoast-schema-graph\">{\"@context\":\"https:\\\/\\\/schema.org\",\"@graph\":[{\"@type\":\"WebPage\",\"@id\":\"https:\\\/\\\/www.bage-pontdevaux-tourisme.com\\\/nl\\\/wat-te-zien-en-te-doen\\\/bewegen\\\/andere-hobbys\\\/\",\"url\":\"https:\\\/\\\/www.bage-pontdevaux-tourisme.com\\\/nl\\\/wat-te-zien-en-te-doen\\\/bewegen\\\/andere-hobbys\\\/\",\"name\":\"Andere hobby's - Office de Tourisme du Pays de Bag\u00e9 et de Pont de Vaux\",\"isPartOf\":{\"@id\":\"https:\\\/\\\/www.bage-pontdevaux-tourisme.com\\\/nl\\\/#website\"},\"primaryImageOfPage\":{\"@id\":\"https:\\\/\\\/www.bage-pontdevaux-tourisme.com\\\/nl\\\/wat-te-zien-en-te-doen\\\/bewegen\\\/andere-hobbys\\\/#primaryimage\"},\"image\":{\"@id\":\"https:\\\/\\\/www.bage-pontdevaux-tourisme.com\\\/nl\\\/wat-te-zien-en-te-doen\\\/bewegen\\\/andere-hobbys\\\/#primaryimage\"},\"thumbnailUrl\":\"https:\\\/\\\/www.bage-pontdevaux-tourisme.com\\\/wp-content\\\/uploads\\\/2025\\\/08\\\/p8130022-1920x530.jpg\",\"datePublished\":\"2025-05-22T12:17:42+00:00\",\"dateModified\":\"2025-10-13T12:50:19+00:00\",\"breadcrumb\":{\"@id\":\"https:\\\/\\\/www.bage-pontdevaux-tourisme.com\\\/nl\\\/wat-te-zien-en-te-doen\\\/bewegen\\\/andere-hobbys\\\/#breadcrumb\"},\"inLanguage\":\"nl-NL\",\"potentialAction\":[{\"@type\":\"ReadAction\",\"target\":[\"https:\\\/\\\/www.bage-pontdevaux-tourisme.com\\\/nl\\\/wat-te-zien-en-te-doen\\\/bewegen\\\/andere-hobbys\\\/\"]}]},{\"@type\":\"ImageObject\",\"inLanguage\":\"nl-NL\",\"@id\":\"https:\\\/\\\/www.bage-pontdevaux-tourisme.com\\\/nl\\\/wat-te-zien-en-te-doen\\\/bewegen\\\/andere-hobbys\\\/#primaryimage\",\"url\":\"https:\\\/\\\/www.bage-pontdevaux-tourisme.com\\\/wp-content\\\/uploads\\\/2025\\\/08\\\/p8130022-1920x530.jpg\",\"contentUrl\":\"https:\\\/\\\/www.bage-pontdevaux-tourisme.com\\\/wp-content\\\/uploads\\\/2025\\\/08\\\/p8130022-1920x530.jpg\"},{\"@type\":\"BreadcrumbList\",\"@id\":\"https:\\\/\\\/www.bage-pontdevaux-tourisme.com\\\/nl\\\/wat-te-zien-en-te-doen\\\/bewegen\\\/andere-hobbys\\\/#breadcrumb\",\"itemListElement\":[{\"@type\":\"ListItem\",\"position\":1,\"name\":\"Accueil\",\"item\":\"https:\\\/\\\/www.bage-pontdevaux-tourisme.com\\\/nl\\\/op-een-steenworp-afstand-van-de-bourgogne-een-gastvrij-platteland-tussen-bresse-en-saone\\\/\"},{\"@type\":\"ListItem\",\"position\":2,\"name\":\"Wat te zien en te doen\",\"item\":\"https:\\\/\\\/www.bage-pontdevaux-tourisme.com\\\/nl\\\/wat-te-zien-en-te-doen\\\/\"},{\"@type\":\"ListItem\",\"position\":3,\"name\":\"Bewegen\",\"item\":\"https:\\\/\\\/www.bage-pontdevaux-tourisme.com\\\/nl\\\/wat-te-zien-en-te-doen\\\/bewegen\\\/\"},{\"@type\":\"ListItem\",\"position\":4,\"name\":\"Andere hobby&rsquo;s\"}]},{\"@type\":\"WebSite\",\"@id\":\"https:\\\/\\\/www.bage-pontdevaux-tourisme.com\\\/nl\\\/#website\",\"url\":\"https:\\\/\\\/www.bage-pontdevaux-tourisme.com\\\/nl\\\/\",\"name\":\"Office de Tourisme du Pays de Bag\u00e9 et de Pont de Vaux\",\"description\":\"\",\"publisher\":{\"@id\":\"https:\\\/\\\/www.bage-pontdevaux-tourisme.com\\\/nl\\\/#organization\"},\"potentialAction\":[{\"@type\":\"SearchAction\",\"target\":{\"@type\":\"EntryPoint\",\"urlTemplate\":\"https:\\\/\\\/www.bage-pontdevaux-tourisme.com\\\/nl\\\/?s={search_term_string}\"},\"query-input\":{\"@type\":\"PropertyValueSpecification\",\"valueRequired\":true,\"valueName\":\"search_term_string\"}}],\"inLanguage\":\"nl-NL\"},{\"@type\":\"Organization\",\"@id\":\"https:\\\/\\\/www.bage-pontdevaux-tourisme.com\\\/nl\\\/#organization\",\"name\":\"Office de Tourisme du Pays de Bag\u00e9 et de Pont de Vaux\",\"url\":\"https:\\\/\\\/www.bage-pontdevaux-tourisme.com\\\/nl\\\/\",\"logo\":{\"@type\":\"ImageObject\",\"inLanguage\":\"nl-NL\",\"@id\":\"https:\\\/\\\/www.bage-pontdevaux-tourisme.com\\\/nl\\\/#\\\/schema\\\/logo\\\/image\\\/\",\"url\":\"https:\\\/\\\/www.bage-pontdevaux-tourisme.com\\\/wp-content\\\/uploads\\\/2025\\\/05\\\/logo-pays-de-bage-and-pont-de-vaux.svg\",\"contentUrl\":\"https:\\\/\\\/www.bage-pontdevaux-tourisme.com\\\/wp-content\\\/uploads\\\/2025\\\/05\\\/logo-pays-de-bage-and-pont-de-vaux.svg\",\"caption\":\"Office de Tourisme du Pays de Bag\u00e9 et de Pont de Vaux\"},\"image\":{\"@id\":\"https:\\\/\\\/www.bage-pontdevaux-tourisme.com\\\/nl\\\/#\\\/schema\\\/logo\\\/image\\\/\"}}]}<\/script>\n<!-- \/ Yoast SEO plugin. -->","yoast_head_json":{"title":"Andere hobby's - Office de Tourisme du Pays de Bag\u00e9 et de Pont de Vaux","robots":{"index":"index","follow":"follow","max-snippet":"max-snippet:-1","max-image-preview":"max-image-preview:large","max-video-preview":"max-video-preview:-1"},"canonical":"https:\/\/www.bage-pontdevaux-tourisme.com\/nl\/wat-te-zien-en-te-doen\/bewegen\/andere-hobbys\/","og_locale":"nl_NL","og_type":"article","og_title":"Andere hobby's - Office de Tourisme du Pays de Bag\u00e9 et de Pont de Vaux","og_url":"https:\/\/www.bage-pontdevaux-tourisme.com\/nl\/wat-te-zien-en-te-doen\/bewegen\/andere-hobbys\/","og_site_name":"Office de Tourisme du Pays de Bag\u00e9 et de Pont de Vaux","article_modified_time":"2025-10-13T12:50:19+00:00","og_image":[{"url":"https:\/\/www.bage-pontdevaux-tourisme.com\/wp-content\/uploads\/2025\/08\/p8130022-1920x530.jpg","type":"","width":"","height":""}],"twitter_card":"summary_large_image","schema":{"@context":"https:\/\/schema.org","@graph":[{"@type":"WebPage","@id":"https:\/\/www.bage-pontdevaux-tourisme.com\/nl\/wat-te-zien-en-te-doen\/bewegen\/andere-hobbys\/","url":"https:\/\/www.bage-pontdevaux-tourisme.com\/nl\/wat-te-zien-en-te-doen\/bewegen\/andere-hobbys\/","name":"Andere hobby's - Office de Tourisme du Pays de Bag\u00e9 et de Pont de Vaux","isPartOf":{"@id":"https:\/\/www.bage-pontdevaux-tourisme.com\/nl\/#website"},"primaryImageOfPage":{"@id":"https:\/\/www.bage-pontdevaux-tourisme.com\/nl\/wat-te-zien-en-te-doen\/bewegen\/andere-hobbys\/#primaryimage"},"image":{"@id":"https:\/\/www.bage-pontdevaux-tourisme.com\/nl\/wat-te-zien-en-te-doen\/bewegen\/andere-hobbys\/#primaryimage"},"thumbnailUrl":"https:\/\/www.bage-pontdevaux-tourisme.com\/wp-content\/uploads\/2025\/08\/p8130022-1920x530.jpg","datePublished":"2025-05-22T12:17:42+00:00","dateModified":"2025-10-13T12:50:19+00:00","breadcrumb":{"@id":"https:\/\/www.bage-pontdevaux-tourisme.com\/nl\/wat-te-zien-en-te-doen\/bewegen\/andere-hobbys\/#breadcrumb"},"inLanguage":"nl-NL","potentialAction":[{"@type":"ReadAction","target":["https:\/\/www.bage-pontdevaux-tourisme.com\/nl\/wat-te-zien-en-te-doen\/bewegen\/andere-hobbys\/"]}]},{"@type":"ImageObject","inLanguage":"nl-NL","@id":"https:\/\/www.bage-pontdevaux-tourisme.com\/nl\/wat-te-zien-en-te-doen\/bewegen\/andere-hobbys\/#primaryimage","url":"https:\/\/www.bage-pontdevaux-tourisme.com\/wp-content\/uploads\/2025\/08\/p8130022-1920x530.jpg","contentUrl":"https:\/\/www.bage-pontdevaux-tourisme.com\/wp-content\/uploads\/2025\/08\/p8130022-1920x530.jpg"},{"@type":"BreadcrumbList","@id":"https:\/\/www.bage-pontdevaux-tourisme.com\/nl\/wat-te-zien-en-te-doen\/bewegen\/andere-hobbys\/#breadcrumb","itemListElement":[{"@type":"ListItem","position":1,"name":"Accueil","item":"https:\/\/www.bage-pontdevaux-tourisme.com\/nl\/op-een-steenworp-afstand-van-de-bourgogne-een-gastvrij-platteland-tussen-bresse-en-saone\/"},{"@type":"ListItem","position":2,"name":"Wat te zien en te doen","item":"https:\/\/www.bage-pontdevaux-tourisme.com\/nl\/wat-te-zien-en-te-doen\/"},{"@type":"ListItem","position":3,"name":"Bewegen","item":"https:\/\/www.bage-pontdevaux-tourisme.com\/nl\/wat-te-zien-en-te-doen\/bewegen\/"},{"@type":"ListItem","position":4,"name":"Andere hobby&rsquo;s"}]},{"@type":"WebSite","@id":"https:\/\/www.bage-pontdevaux-tourisme.com\/nl\/#website","url":"https:\/\/www.bage-pontdevaux-tourisme.com\/nl\/","name":"Office de Tourisme du Pays de Bag\u00e9 et de Pont de Vaux","description":"","publisher":{"@id":"https:\/\/www.bage-pontdevaux-tourisme.com\/nl\/#organization"},"potentialAction":[{"@type":"SearchAction","target":{"@type":"EntryPoint","urlTemplate":"https:\/\/www.bage-pontdevaux-tourisme.com\/nl\/?s={search_term_string}"},"query-input":{"@type":"PropertyValueSpecification","valueRequired":true,"valueName":"search_term_string"}}],"inLanguage":"nl-NL"},{"@type":"Organization","@id":"https:\/\/www.bage-pontdevaux-tourisme.com\/nl\/#organization","name":"Office de Tourisme du Pays de Bag\u00e9 et de Pont de Vaux","url":"https:\/\/www.bage-pontdevaux-tourisme.com\/nl\/","logo":{"@type":"ImageObject","inLanguage":"nl-NL","@id":"https:\/\/www.bage-pontdevaux-tourisme.com\/nl\/#\/schema\/logo\/image\/","url":"https:\/\/www.bage-pontdevaux-tourisme.com\/wp-content\/uploads\/2025\/05\/logo-pays-de-bage-and-pont-de-vaux.svg","contentUrl":"https:\/\/www.bage-pontdevaux-tourisme.com\/wp-content\/uploads\/2025\/05\/logo-pays-de-bage-and-pont-de-vaux.svg","caption":"Office de Tourisme du Pays de Bag\u00e9 et de Pont de Vaux"},"image":{"@id":"https:\/\/www.bage-pontdevaux-tourisme.com\/nl\/#\/schema\/logo\/image\/"}}]}},"_links":{"self":[{"href":"https:\/\/www.bage-pontdevaux-tourisme.com\/nl\/wp-json\/wp\/v2\/pages\/8616","targetHints":{"allow":["GET"]}}],"collection":[{"href":"https:\/\/www.bage-pontdevaux-tourisme.com\/nl\/wp-json\/wp\/v2\/pages"}],"about":[{"href":"https:\/\/www.bage-pontdevaux-tourisme.com\/nl\/wp-json\/wp\/v2\/types\/page"}],"author":[{"embeddable":true,"href":"https:\/\/www.bage-pontdevaux-tourisme.com\/nl\/wp-json\/wp\/v2\/users\/1"}],"replies":[{"embeddable":true,"href":"https:\/\/www.bage-pontdevaux-tourisme.com\/nl\/wp-json\/wp\/v2\/comments?post=8616"}],"version-history":[{"count":1,"href":"https:\/\/www.bage-pontdevaux-tourisme.com\/nl\/wp-json\/wp\/v2\/pages\/8616\/revisions"}],"predecessor-version":[{"id":8617,"href":"https:\/\/www.bage-pontdevaux-tourisme.com\/nl\/wp-json\/wp\/v2\/pages\/8616\/revisions\/8617"}],"up":[{"embeddable":true,"href":"https:\/\/www.bage-pontdevaux-tourisme.com\/nl\/wp-json\/wp\/v2\/pages\/8441"}],"wp:attachment":[{"href":"https:\/\/www.bage-pontdevaux-tourisme.com\/nl\/wp-json\/wp\/v2\/media?parent=8616"}],"curies":[{"name":"wp","href":"https:\/\/api.w.org\/{rel}","templated":true}]}}