{"id":8615,"date":"2025-05-22T14:17:42","date_gmt":"2025-05-22T12:17:42","guid":{"rendered":"https:\/\/www.bage-pontdevaux-tourisme.com\/wat-te-zien-en-te-doen\/smaken\/markten\/"},"modified":"2025-10-16T10:39:02","modified_gmt":"2025-10-16T08:39:02","slug":"markten","status":"publish","type":"page","link":"https:\/\/www.bage-pontdevaux-tourisme.com\/nl\/wat-te-zien-en-te-doen\/smaken\/markten\/","title":{"rendered":"Markten"},"content":{"rendered":"\n<div class=\"wp-block-ws-library-ws-header-interne is-layout-constrained alignfull\"><div class=\"header-container\"><div class=\"group-media has-image\"><img decoding=\"async\" src=\"https:\/\/www.bage-pontdevaux-tourisme.com\/wp-content\/uploads\/2025\/05\/pont-de-vaux-marche-mercredi-g-drevet-1920x530.jpg\" alt=\"\" class=\"image_large_square wp-afbeelding-148  \"\/><\/div><div class=\"group-content\"><div class=\"title\"><h1>Markten<\/h1><\/div><\/div><\/div><div class=\"yoast-breadcrumbs\"><span><span><a href=\"https:\/\/www.bage-pontdevaux-tourisme.com\/nl\/op-een-steenworp-afstand-van-de-bourgogne-een-gastvrij-platteland-tussen-bresse-en-saone\/\">Accueil<\/a><\/span> \/ <span><a href=\"https:\/\/www.bage-pontdevaux-tourisme.com\/nl\/wat-te-zien-en-te-doen\/\">Wat te zien en te doen<\/a><\/span> \/ <span><a href=\"https:\/\/www.bage-pontdevaux-tourisme.com\/nl\/wat-te-zien-en-te-doen\/smaken\/\">Smaken<\/a><\/span> \/ <span class=\"breadcrumb_last\" aria-current=\"page\">Markten<\/span><\/span><\/div><\/div>\n<div id=\"listing_754cd\" data-observer-wishlist class=\"ws-listing wp-block-ws-apidae-library-listing-agenda alignfull\"><div class=\"facetwp-template\"><div class=\"list-container active\"><div class=\"list-items\"><div class=\"item\"><div class=\"card card-apidae card-agenda\"><div class=\"group-top\"><div class=\"group-dates\" role=\"group\" aria-label=\"Data van het evenement\"><div class=\"field-dates  ws-apidae-date-coming\" role=\"group\" aria-label=\"Openingsdatum\"><time datetime=\"2026-05-13\"><span class=\"date-day-name\" aria-label=\"Dag\">Woensdag<\/span> <span class=\"date-day\" aria-label=\"Dag\">13<\/span> <span class=\"date-month\" aria-label=\"Maand\">mei<\/span> <span class=\"date-year\" aria-label=\"Jaar\">2026<\/span><span class=\"date-delimiter\" aria-hidden=\"true\"> om <\/span><time class=\"date-hours\" datetime=\"08:00\" aria-label=\"Openingstijden\">08 h<\/time><\/time><\/div><\/div><\/div><div class=\"group-media\"><div class=\"field-image\"><img decoding=\"async\" src=\"https:\/\/images.weserv.nl\/?url=https:\/\/static.apidae-tourisme.com\/filestore\/objets-touristiques\/images\/203\/119\/19953611-diaporama.jpg&#038;w=320&#038;h=420&#038;fit=cover&#038;output=webp&#038;q=45\" alt=\"Wekelijkse markt\"\/><\/div><\/div><div class=\"group-content\"><div class=\"field-commune\">Pont-de-Vaux<\/div><div class=\"field-title\">Wekelijkse markt<\/div><div class=\"field-description\">Levendig en kleurrijk, je vindt er Bresse gevogelte, fruit en&#8230;<\/div><\/div><div class=\"field-link\"><a href=\"https:\/\/www.bage-pontdevaux-tourisme.com\/nl\/fiche\/wekelijkse-markt-3\/\" class=\"cardlink\">Wekelijkse markt<\/a><\/div><\/div><\/div><div class=\"item\"><div class=\"card card-apidae card-agenda\"><div class=\"group-top\"><div class=\"group-dates\" role=\"group\" aria-label=\"Data van het evenement\"><div class=\"field-dates  ws-apidae-date-coming\" role=\"group\" aria-label=\"Openingsdatum\"><time datetime=\"2026-05-14\"><span class=\"date-day-name\" aria-label=\"Dag\">Donderdag<\/span> <span class=\"date-day\" aria-label=\"Dag\">14<\/span> <span class=\"date-month\" aria-label=\"Maand\">mei<\/span> <span class=\"date-year\" aria-label=\"Jaar\">2026<\/span><span class=\"date-delimiter\" aria-hidden=\"true\"> om <\/span><time class=\"date-hours\" datetime=\"07:00\" aria-label=\"Openingstijden\">07 h<\/time><\/time><\/div><\/div><\/div><div class=\"group-media\"><div class=\"field-image\"><img decoding=\"async\" src=\"https:\/\/images.weserv.nl\/?url=https:\/\/static.apidae-tourisme.com\/filestore\/objets-touristiques\/images\/189\/146\/8491709-diaporama.jpg&#038;w=320&#038;h=420&#038;fit=cover&#038;output=webp&#038;q=45\" alt=\"Wekelijkse markt\"\/><\/div><\/div><div class=\"group-content\"><div class=\"field-commune\">Manziat<\/div><div class=\"field-title\">Wekelijkse markt<\/div><div class=\"field-description\">Ontdek onze levendige en kleurrijke markten, doordrenkt van traditie, waar&#8230;<\/div><\/div><div class=\"field-link\"><a href=\"https:\/\/www.bage-pontdevaux-tourisme.com\/nl\/fiche\/wekelijkse-markt\/\" class=\"cardlink\">Wekelijkse markt<\/a><\/div><\/div><\/div><div class=\"item\"><div class=\"card card-apidae card-agenda\"><div class=\"group-top\"><div class=\"group-dates\" role=\"group\" aria-label=\"Data van het evenement\"><div class=\"field-dates  ws-apidae-date-coming\" role=\"group\" aria-label=\"Openingsdatum\"><time datetime=\"2026-05-15\"><span class=\"date-day-name\" aria-label=\"Dag\">Vrijdag<\/span> <span class=\"date-day\" aria-label=\"Dag\">15<\/span> <span class=\"date-month\" aria-label=\"Maand\">mei<\/span> <span class=\"date-year\" aria-label=\"Jaar\">2026<\/span><span class=\"date-delimiter\" aria-hidden=\"true\"> om <\/span><time class=\"date-hours\" datetime=\"14:30\" aria-label=\"Openingstijden\">14 h 30<\/time><\/time><\/div><\/div><\/div><div class=\"group-media\"><div class=\"field-image\"><img decoding=\"async\" src=\"https:\/\/images.weserv.nl\/?url=https:\/\/static.apidae-tourisme.com\/filestore\/objets-touristiques\/images\/8\/143\/13930248-diaporama.jpg&#038;w=320&#038;h=420&#038;fit=cover&#038;output=webp&#038;q=45\" alt=\"Directe verkoop op de boerderij in Niermont\"\/><\/div><\/div><div class=\"group-content\"><div class=\"field-commune\">B\u00e2g\u00e9-Dommartin<\/div><div class=\"field-title\">Directe verkoop op de boerderij in Niermont<\/div><\/div><div class=\"field-link\"><a href=\"https:\/\/www.bage-pontdevaux-tourisme.com\/nl\/fiche\/vente-directe-a-la-ferme-de-niermont-3\/\" class=\"cardlink\">Directe verkoop op de boerderij in Niermont<\/a><\/div><\/div><\/div><div class=\"item\"><div class=\"card card-apidae card-agenda\"><div class=\"group-top\"><div class=\"group-dates\" role=\"group\" aria-label=\"Data van het evenement\"><div class=\"field-dates  ws-apidae-date-coming\" role=\"group\" aria-label=\"Openingsdatum\"><time datetime=\"2026-05-15\"><span class=\"date-day-name\" aria-label=\"Dag\">Vrijdag<\/span> <span class=\"date-day\" aria-label=\"Dag\">15<\/span> <span class=\"date-month\" aria-label=\"Maand\">mei<\/span> <span class=\"date-year\" aria-label=\"Jaar\">2026<\/span><span class=\"date-delimiter\" aria-hidden=\"true\"> om <\/span><time class=\"date-hours\" datetime=\"16:00\" aria-label=\"Openingstijden\">16 h<\/time><\/time><\/div><\/div><\/div><div class=\"group-media\"><div class=\"field-image\"><img decoding=\"async\" src=\"https:\/\/images.weserv.nl\/?url=https:\/\/static.apidae-tourisme.com\/filestore\/objets-touristiques\/images\/63\/106\/14576191-diaporama.jpg&#038;w=320&#038;h=420&#038;fit=cover&#038;output=webp&#038;q=45\" alt=\"Boerenmarkt\"\/><\/div><\/div><div class=\"group-content\"><div class=\"field-commune\">B\u00e2g\u00e9-le-Ch\u00e2tel<\/div><div class=\"field-title\">Boerenmarkt<\/div><div class=\"field-description\">Seizoensproducten uit de regio en daarbuiten!<\/div><\/div><div class=\"field-link\"><a href=\"https:\/\/www.bage-pontdevaux-tourisme.com\/nl\/fiche\/boerenmarkt-2\/\" class=\"cardlink\">Boerenmarkt<\/a><\/div><\/div><\/div><div class=\"item\"><div class=\"card card-apidae card-agenda\"><div class=\"group-top\"><div class=\"group-dates\" role=\"group\" aria-label=\"Data van het evenement\"><div class=\"field-dates  ws-apidae-date-coming\" role=\"group\" aria-label=\"Openingsdatum\"><time datetime=\"2026-05-15\"><span class=\"date-day-name\" aria-label=\"Dag\">Vrijdag<\/span> <span class=\"date-day\" aria-label=\"Dag\">15<\/span> <span class=\"date-month\" aria-label=\"Maand\">mei<\/span> <span class=\"date-year\" aria-label=\"Jaar\">2026<\/span><span class=\"date-delimiter\" aria-hidden=\"true\"> om <\/span><time class=\"date-hours\" datetime=\"16:00\" aria-label=\"Openingstijden\">16 h<\/time><\/time><\/div><\/div><\/div><div class=\"group-media\"><div class=\"field-image\"><img decoding=\"async\" src=\"https:\/\/images.weserv.nl\/?url=https:\/\/static.apidae-tourisme.com\/filestore\/objets-touristiques\/images\/57\/181\/17085753-diaporama.jpg&#038;w=320&#038;h=420&#038;fit=cover&#038;output=webp&#038;q=45\" alt=\"Directe verkoop op de boerderij Les jardins d&#8217;Aestiv\"\/><\/div><\/div><div class=\"group-content\"><div class=\"field-commune\">B\u00e2g\u00e9-Dommartin<\/div><div class=\"field-title\">Directe verkoop op de boerderij Les jardins d&#8217;Aestiv<\/div><\/div><div class=\"field-link\"><a href=\"https:\/\/www.bage-pontdevaux-tourisme.com\/nl\/fiche\/vente-directe-a-la-ferme-les-jardins-daestiv-3\/\" class=\"cardlink\">Directe verkoop op de boerderij Les jardins d&#8217;Aestiv<\/a><\/div><\/div><\/div><div class=\"item\"><div class=\"card card-apidae card-agenda\"><div class=\"group-top\"><div class=\"group-dates\" role=\"group\" aria-label=\"Data van het evenement\"><div class=\"field-dates  ws-apidae-date-coming\" role=\"group\" aria-label=\"Openingsdatum\"><time datetime=\"2026-05-16\"><span class=\"date-day-name\" aria-label=\"Dag\">Zaterdag<\/span> <span class=\"date-day\" aria-label=\"Dag\">16<\/span> <span class=\"date-month\" aria-label=\"Maand\">mei<\/span> <span class=\"date-year\" aria-label=\"Jaar\">2026<\/span><span class=\"date-delimiter\" aria-hidden=\"true\"> om <\/span><time class=\"date-hours\" datetime=\"07:00\" aria-label=\"Openingstijden\">07 h<\/time><\/time><\/div><\/div><\/div><div class=\"group-media\"><div class=\"field-image\"><img decoding=\"async\" src=\"https:\/\/images.weserv.nl\/?url=https:\/\/static.apidae-tourisme.com\/filestore\/objets-touristiques\/images\/185\/146\/8491705-diaporama.jpg&#038;w=320&#038;h=420&#038;fit=cover&#038;output=webp&#038;q=45\" alt=\"Wekelijkse markt\"\/><\/div><\/div><div class=\"group-content\"><div class=\"field-commune\">Feillens<\/div><div class=\"field-title\">Wekelijkse markt<\/div><div class=\"field-description\">Ontdek onze levendige en kleurrijke markten, doordrenkt van traditie, waar&#8230;<\/div><\/div><div class=\"field-link\"><a href=\"https:\/\/www.bage-pontdevaux-tourisme.com\/nl\/fiche\/wekelijkse-markt-2\/\" class=\"cardlink\">Wekelijkse markt<\/a><\/div><\/div><\/div><div class=\"item\"><div class=\"card card-apidae card-agenda\"><div class=\"group-top\"><div class=\"group-dates\" role=\"group\" aria-label=\"Data van het evenement\"><div class=\"field-dates  ws-apidae-date-coming\" role=\"group\" aria-label=\"Openingsdatum\"><time datetime=\"2026-05-16\"><span class=\"date-day-name\" aria-label=\"Dag\">Zaterdag<\/span> <span class=\"date-day\" aria-label=\"Dag\">16<\/span> <span class=\"date-month\" aria-label=\"Maand\">mei<\/span> <span class=\"date-year\" aria-label=\"Jaar\">2026<\/span><span class=\"date-delimiter\" aria-hidden=\"true\"> om <\/span><time class=\"date-hours\" datetime=\"08:30\" aria-label=\"Openingstijden\">08 h 30<\/time><\/time><\/div><\/div><\/div><div class=\"group-media\"><div class=\"field-image\"><img decoding=\"async\" src=\"https:\/\/images.weserv.nl\/?url=https:\/\/static.apidae-tourisme.com\/filestore\/objets-touristiques\/images\/2\/47\/8793858-diaporama.jpg&#038;w=320&#038;h=420&#038;fit=cover&#038;output=webp&#038;q=45\" alt=\"Boerenmarkt\"\/><\/div><\/div><div class=\"group-content\"><div class=\"field-commune\">B\u00e2g\u00e9-Dommartin<\/div><div class=\"field-title\">Boerenmarkt<\/div><div class=\"field-description\">Bestrijdingsmiddelenvrije groenten en fruit van een groot aantal retailers.<\/div><\/div><div class=\"field-link\"><a href=\"https:\/\/www.bage-pontdevaux-tourisme.com\/nl\/fiche\/boerenmarkt\/\" class=\"cardlink\">Boerenmarkt<\/a><\/div><\/div><\/div><\/div><\/div><\/div><\/div>","protected":false},"excerpt":{"rendered":"","protected":false},"author":1,"featured_media":0,"parent":8601,"menu_order":1,"comment_status":"closed","ping_status":"closed","template":"","meta":{"footnotes":""},"class_list":["post-8615","page","type-page","status-publish","hentry"],"yoast_head":"<!-- This site is optimized with the Yoast SEO plugin v27.4 - https:\/\/yoast.com\/product\/yoast-seo-wordpress\/ -->\n<title>Markten - Office de Tourisme du Pays de Bag\u00e9 et de Pont de Vaux<\/title>\n<meta name=\"robots\" content=\"index, follow, max-snippet:-1, max-image-preview:large, max-video-preview:-1\" \/>\n<link rel=\"canonical\" href=\"https:\/\/www.bage-pontdevaux-tourisme.com\/nl\/wat-te-zien-en-te-doen\/smaken\/markten\/\" \/>\n<meta property=\"og:locale\" content=\"nl_NL\" \/>\n<meta property=\"og:type\" content=\"article\" \/>\n<meta property=\"og:title\" content=\"Markten - Office de Tourisme du Pays de Bag\u00e9 et de Pont de Vaux\" \/>\n<meta property=\"og:url\" content=\"https:\/\/www.bage-pontdevaux-tourisme.com\/nl\/wat-te-zien-en-te-doen\/smaken\/markten\/\" \/>\n<meta property=\"og:site_name\" content=\"Office de Tourisme du Pays de Bag\u00e9 et de Pont de Vaux\" \/>\n<meta property=\"article:modified_time\" content=\"2025-10-16T08:39:02+00:00\" \/>\n<meta property=\"og:image\" content=\"https:\/\/www.bage-pontdevaux-tourisme.com\/wp-content\/uploads\/2025\/05\/pont-de-vaux-marche-mercredi-g-drevet-scaled-1920x530.jpg\" \/>\n<meta name=\"twitter:card\" content=\"summary_large_image\" \/>\n<script type=\"application\/ld+json\" class=\"yoast-schema-graph\">{\"@context\":\"https:\\\/\\\/schema.org\",\"@graph\":[{\"@type\":\"WebPage\",\"@id\":\"https:\\\/\\\/www.bage-pontdevaux-tourisme.com\\\/nl\\\/wat-te-zien-en-te-doen\\\/smaken\\\/markten\\\/\",\"url\":\"https:\\\/\\\/www.bage-pontdevaux-tourisme.com\\\/nl\\\/wat-te-zien-en-te-doen\\\/smaken\\\/markten\\\/\",\"name\":\"Markten - Office de Tourisme du Pays de Bag\u00e9 et de Pont de Vaux\",\"isPartOf\":{\"@id\":\"https:\\\/\\\/www.bage-pontdevaux-tourisme.com\\\/nl\\\/#website\"},\"primaryImageOfPage\":{\"@id\":\"https:\\\/\\\/www.bage-pontdevaux-tourisme.com\\\/nl\\\/wat-te-zien-en-te-doen\\\/smaken\\\/markten\\\/#primaryimage\"},\"image\":{\"@id\":\"https:\\\/\\\/www.bage-pontdevaux-tourisme.com\\\/nl\\\/wat-te-zien-en-te-doen\\\/smaken\\\/markten\\\/#primaryimage\"},\"thumbnailUrl\":\"https:\\\/\\\/www.bage-pontdevaux-tourisme.com\\\/wp-content\\\/uploads\\\/2025\\\/05\\\/pont-de-vaux-marche-mercredi-g-drevet-1920x530.jpg\",\"datePublished\":\"2025-05-22T12:17:42+00:00\",\"dateModified\":\"2025-10-16T08:39:02+00:00\",\"breadcrumb\":{\"@id\":\"https:\\\/\\\/www.bage-pontdevaux-tourisme.com\\\/nl\\\/wat-te-zien-en-te-doen\\\/smaken\\\/markten\\\/#breadcrumb\"},\"inLanguage\":\"nl-NL\",\"potentialAction\":[{\"@type\":\"ReadAction\",\"target\":[\"https:\\\/\\\/www.bage-pontdevaux-tourisme.com\\\/nl\\\/wat-te-zien-en-te-doen\\\/smaken\\\/markten\\\/\"]}]},{\"@type\":\"ImageObject\",\"inLanguage\":\"nl-NL\",\"@id\":\"https:\\\/\\\/www.bage-pontdevaux-tourisme.com\\\/nl\\\/wat-te-zien-en-te-doen\\\/smaken\\\/markten\\\/#primaryimage\",\"url\":\"https:\\\/\\\/www.bage-pontdevaux-tourisme.com\\\/wp-content\\\/uploads\\\/2025\\\/05\\\/pont-de-vaux-marche-mercredi-g-drevet-1920x530.jpg\",\"contentUrl\":\"https:\\\/\\\/www.bage-pontdevaux-tourisme.com\\\/wp-content\\\/uploads\\\/2025\\\/05\\\/pont-de-vaux-marche-mercredi-g-drevet-1920x530.jpg\"},{\"@type\":\"BreadcrumbList\",\"@id\":\"https:\\\/\\\/www.bage-pontdevaux-tourisme.com\\\/nl\\\/wat-te-zien-en-te-doen\\\/smaken\\\/markten\\\/#breadcrumb\",\"itemListElement\":[{\"@type\":\"ListItem\",\"position\":1,\"name\":\"Accueil\",\"item\":\"https:\\\/\\\/www.bage-pontdevaux-tourisme.com\\\/nl\\\/op-een-steenworp-afstand-van-de-bourgogne-een-gastvrij-platteland-tussen-bresse-en-saone\\\/\"},{\"@type\":\"ListItem\",\"position\":2,\"name\":\"Wat te zien en te doen\",\"item\":\"https:\\\/\\\/www.bage-pontdevaux-tourisme.com\\\/nl\\\/wat-te-zien-en-te-doen\\\/\"},{\"@type\":\"ListItem\",\"position\":3,\"name\":\"Smaken\",\"item\":\"https:\\\/\\\/www.bage-pontdevaux-tourisme.com\\\/nl\\\/wat-te-zien-en-te-doen\\\/smaken\\\/\"},{\"@type\":\"ListItem\",\"position\":4,\"name\":\"Markten\"}]},{\"@type\":\"WebSite\",\"@id\":\"https:\\\/\\\/www.bage-pontdevaux-tourisme.com\\\/nl\\\/#website\",\"url\":\"https:\\\/\\\/www.bage-pontdevaux-tourisme.com\\\/nl\\\/\",\"name\":\"Office de Tourisme du Pays de Bag\u00e9 et de Pont de Vaux\",\"description\":\"\",\"publisher\":{\"@id\":\"https:\\\/\\\/www.bage-pontdevaux-tourisme.com\\\/nl\\\/#organization\"},\"potentialAction\":[{\"@type\":\"SearchAction\",\"target\":{\"@type\":\"EntryPoint\",\"urlTemplate\":\"https:\\\/\\\/www.bage-pontdevaux-tourisme.com\\\/nl\\\/?s={search_term_string}\"},\"query-input\":{\"@type\":\"PropertyValueSpecification\",\"valueRequired\":true,\"valueName\":\"search_term_string\"}}],\"inLanguage\":\"nl-NL\"},{\"@type\":\"Organization\",\"@id\":\"https:\\\/\\\/www.bage-pontdevaux-tourisme.com\\\/nl\\\/#organization\",\"name\":\"Office de Tourisme du Pays de Bag\u00e9 et de Pont de Vaux\",\"url\":\"https:\\\/\\\/www.bage-pontdevaux-tourisme.com\\\/nl\\\/\",\"logo\":{\"@type\":\"ImageObject\",\"inLanguage\":\"nl-NL\",\"@id\":\"https:\\\/\\\/www.bage-pontdevaux-tourisme.com\\\/nl\\\/#\\\/schema\\\/logo\\\/image\\\/\",\"url\":\"https:\\\/\\\/www.bage-pontdevaux-tourisme.com\\\/wp-content\\\/uploads\\\/2025\\\/05\\\/logo-pays-de-bage-and-pont-de-vaux.svg\",\"contentUrl\":\"https:\\\/\\\/www.bage-pontdevaux-tourisme.com\\\/wp-content\\\/uploads\\\/2025\\\/05\\\/logo-pays-de-bage-and-pont-de-vaux.svg\",\"caption\":\"Office de Tourisme du Pays de Bag\u00e9 et de Pont de Vaux\"},\"image\":{\"@id\":\"https:\\\/\\\/www.bage-pontdevaux-tourisme.com\\\/nl\\\/#\\\/schema\\\/logo\\\/image\\\/\"}}]}<\/script>\n<!-- \/ Yoast SEO plugin. -->","yoast_head_json":{"title":"Markten - Office de Tourisme du Pays de Bag\u00e9 et de Pont de Vaux","robots":{"index":"index","follow":"follow","max-snippet":"max-snippet:-1","max-image-preview":"max-image-preview:large","max-video-preview":"max-video-preview:-1"},"canonical":"https:\/\/www.bage-pontdevaux-tourisme.com\/nl\/wat-te-zien-en-te-doen\/smaken\/markten\/","og_locale":"nl_NL","og_type":"article","og_title":"Markten - Office de Tourisme du Pays de Bag\u00e9 et de Pont de Vaux","og_url":"https:\/\/www.bage-pontdevaux-tourisme.com\/nl\/wat-te-zien-en-te-doen\/smaken\/markten\/","og_site_name":"Office de Tourisme du Pays de Bag\u00e9 et de Pont de Vaux","article_modified_time":"2025-10-16T08:39:02+00:00","og_image":[{"url":"https:\/\/www.bage-pontdevaux-tourisme.com\/wp-content\/uploads\/2025\/05\/pont-de-vaux-marche-mercredi-g-drevet-scaled-1920x530.jpg","type":"","width":"","height":""}],"twitter_card":"summary_large_image","schema":{"@context":"https:\/\/schema.org","@graph":[{"@type":"WebPage","@id":"https:\/\/www.bage-pontdevaux-tourisme.com\/nl\/wat-te-zien-en-te-doen\/smaken\/markten\/","url":"https:\/\/www.bage-pontdevaux-tourisme.com\/nl\/wat-te-zien-en-te-doen\/smaken\/markten\/","name":"Markten - Office de Tourisme du Pays de Bag\u00e9 et de Pont de Vaux","isPartOf":{"@id":"https:\/\/www.bage-pontdevaux-tourisme.com\/nl\/#website"},"primaryImageOfPage":{"@id":"https:\/\/www.bage-pontdevaux-tourisme.com\/nl\/wat-te-zien-en-te-doen\/smaken\/markten\/#primaryimage"},"image":{"@id":"https:\/\/www.bage-pontdevaux-tourisme.com\/nl\/wat-te-zien-en-te-doen\/smaken\/markten\/#primaryimage"},"thumbnailUrl":"https:\/\/www.bage-pontdevaux-tourisme.com\/wp-content\/uploads\/2025\/05\/pont-de-vaux-marche-mercredi-g-drevet-1920x530.jpg","datePublished":"2025-05-22T12:17:42+00:00","dateModified":"2025-10-16T08:39:02+00:00","breadcrumb":{"@id":"https:\/\/www.bage-pontdevaux-tourisme.com\/nl\/wat-te-zien-en-te-doen\/smaken\/markten\/#breadcrumb"},"inLanguage":"nl-NL","potentialAction":[{"@type":"ReadAction","target":["https:\/\/www.bage-pontdevaux-tourisme.com\/nl\/wat-te-zien-en-te-doen\/smaken\/markten\/"]}]},{"@type":"ImageObject","inLanguage":"nl-NL","@id":"https:\/\/www.bage-pontdevaux-tourisme.com\/nl\/wat-te-zien-en-te-doen\/smaken\/markten\/#primaryimage","url":"https:\/\/www.bage-pontdevaux-tourisme.com\/wp-content\/uploads\/2025\/05\/pont-de-vaux-marche-mercredi-g-drevet-1920x530.jpg","contentUrl":"https:\/\/www.bage-pontdevaux-tourisme.com\/wp-content\/uploads\/2025\/05\/pont-de-vaux-marche-mercredi-g-drevet-1920x530.jpg"},{"@type":"BreadcrumbList","@id":"https:\/\/www.bage-pontdevaux-tourisme.com\/nl\/wat-te-zien-en-te-doen\/smaken\/markten\/#breadcrumb","itemListElement":[{"@type":"ListItem","position":1,"name":"Accueil","item":"https:\/\/www.bage-pontdevaux-tourisme.com\/nl\/op-een-steenworp-afstand-van-de-bourgogne-een-gastvrij-platteland-tussen-bresse-en-saone\/"},{"@type":"ListItem","position":2,"name":"Wat te zien en te doen","item":"https:\/\/www.bage-pontdevaux-tourisme.com\/nl\/wat-te-zien-en-te-doen\/"},{"@type":"ListItem","position":3,"name":"Smaken","item":"https:\/\/www.bage-pontdevaux-tourisme.com\/nl\/wat-te-zien-en-te-doen\/smaken\/"},{"@type":"ListItem","position":4,"name":"Markten"}]},{"@type":"WebSite","@id":"https:\/\/www.bage-pontdevaux-tourisme.com\/nl\/#website","url":"https:\/\/www.bage-pontdevaux-tourisme.com\/nl\/","name":"Office de Tourisme du Pays de Bag\u00e9 et de Pont de Vaux","description":"","publisher":{"@id":"https:\/\/www.bage-pontdevaux-tourisme.com\/nl\/#organization"},"potentialAction":[{"@type":"SearchAction","target":{"@type":"EntryPoint","urlTemplate":"https:\/\/www.bage-pontdevaux-tourisme.com\/nl\/?s={search_term_string}"},"query-input":{"@type":"PropertyValueSpecification","valueRequired":true,"valueName":"search_term_string"}}],"inLanguage":"nl-NL"},{"@type":"Organization","@id":"https:\/\/www.bage-pontdevaux-tourisme.com\/nl\/#organization","name":"Office de Tourisme du Pays de Bag\u00e9 et de Pont de Vaux","url":"https:\/\/www.bage-pontdevaux-tourisme.com\/nl\/","logo":{"@type":"ImageObject","inLanguage":"nl-NL","@id":"https:\/\/www.bage-pontdevaux-tourisme.com\/nl\/#\/schema\/logo\/image\/","url":"https:\/\/www.bage-pontdevaux-tourisme.com\/wp-content\/uploads\/2025\/05\/logo-pays-de-bage-and-pont-de-vaux.svg","contentUrl":"https:\/\/www.bage-pontdevaux-tourisme.com\/wp-content\/uploads\/2025\/05\/logo-pays-de-bage-and-pont-de-vaux.svg","caption":"Office de Tourisme du Pays de Bag\u00e9 et de Pont de Vaux"},"image":{"@id":"https:\/\/www.bage-pontdevaux-tourisme.com\/nl\/#\/schema\/logo\/image\/"}}]}},"_links":{"self":[{"href":"https:\/\/www.bage-pontdevaux-tourisme.com\/nl\/wp-json\/wp\/v2\/pages\/8615","targetHints":{"allow":["GET"]}}],"collection":[{"href":"https:\/\/www.bage-pontdevaux-tourisme.com\/nl\/wp-json\/wp\/v2\/pages"}],"about":[{"href":"https:\/\/www.bage-pontdevaux-tourisme.com\/nl\/wp-json\/wp\/v2\/types\/page"}],"author":[{"embeddable":true,"href":"https:\/\/www.bage-pontdevaux-tourisme.com\/nl\/wp-json\/wp\/v2\/users\/1"}],"replies":[{"embeddable":true,"href":"https:\/\/www.bage-pontdevaux-tourisme.com\/nl\/wp-json\/wp\/v2\/comments?post=8615"}],"version-history":[{"count":3,"href":"https:\/\/www.bage-pontdevaux-tourisme.com\/nl\/wp-json\/wp\/v2\/pages\/8615\/revisions"}],"predecessor-version":[{"id":8924,"href":"https:\/\/www.bage-pontdevaux-tourisme.com\/nl\/wp-json\/wp\/v2\/pages\/8615\/revisions\/8924"}],"up":[{"embeddable":true,"href":"https:\/\/www.bage-pontdevaux-tourisme.com\/nl\/wp-json\/wp\/v2\/pages\/8601"}],"wp:attachment":[{"href":"https:\/\/www.bage-pontdevaux-tourisme.com\/nl\/wp-json\/wp\/v2\/media?parent=8615"}],"curies":[{"name":"wp","href":"https:\/\/api.w.org\/{rel}","templated":true}]}}