{"id":8551,"date":"2025-09-25T14:07:20","date_gmt":"2025-09-25T12:07:20","guid":{"rendered":"https:\/\/www.bage-pontdevaux-tourisme.com\/een-evenement-toevoegen\/"},"modified":"2025-10-15T14:31:21","modified_gmt":"2025-10-15T12:31:21","slug":"een-evenement-toevoegen","status":"publish","type":"page","link":"https:\/\/www.bage-pontdevaux-tourisme.com\/nl\/een-evenement-toevoegen\/","title":{"rendered":"Een evenement toevoegen"},"content":{"rendered":"\n<div class=\"wp-block-ws-library-ws-header-interne is-layout-constrained alignfull\"><div class=\"header-container\"><div class=\"group-media has-image\"><img decoding=\"async\" src=\"https:\/\/www.bage-pontdevaux-tourisme.com\/wp-content\/uploads\/2025\/09\/20230924-112236-1920x530.jpg\" alt=\"\" class=\"image_large_square wp-afbeelding-7166  \"\/><\/div><div class=\"group-content\"><div class=\"title\"><h1>Een evenement toevoegen<\/h1><\/div><\/div><\/div><div class=\"yoast-breadcrumbs\"><span><span><a href=\"https:\/\/www.bage-pontdevaux-tourisme.com\/nl\/op-een-steenworp-afstand-van-de-bourgogne-een-gastvrij-platteland-tussen-bresse-en-saone\/\">Accueil<\/a><\/span> \/ <span class=\"breadcrumb_last\" aria-current=\"page\">Een evenement toevoegen<\/span><\/span><\/div><\/div>\n\n<div class=\"wp-block-ws-library-ws-title is-style-wave-blue\"><h2>  Plant u een evenement?<\/h2><\/div>\n\n<p><strong>Vertel het ons! <\/strong>Rommelmarkten, concerten, festivals, wandelingen, shows, etc., we voeren het in onze <strong>Apidae-database<\/strong> in zodat het op onze <strong>website <\/strong>en op vele andere websites verschijnt.<\/p>\n\n<p>Deze database stelt ons in staat om <strong>verschillende publicatiematerialen<\/strong> te <strong>ontwikkelen<\/strong>, zoals &#8220;de kalender van zomerevenementen&#8221;, &#8220;activiteiten om met het gezin te doen&#8221;, de flyer van de Europese Open Monumentendagen en &#8220;Wat te doen in december?&#8221;.<\/p>\n\n<p>Het stelt ons ook in staat om <strong>uw evenementen te melden in onze maandelijkse nieuwsbrief <\/strong>aan het begin van elke maand en in onze berichten met de titel &#8220;Idee\u00ebn voor het weekend&#8221; op onze <strong>sociale netwerken<\/strong> elke donderdag.<\/p>\n\n<p><strong>Voor de updates van 2026 kunt u vragen om het formulier<\/strong> v\u00f3\u00f3r <strong>15 november 2025 <\/strong>naar ons terug te sturen (vooral voor uw wandelingen die zullen worden vermeld in de &#8220;Guide des randonn\u00e9es de l&#8217;Ain!&#8221;), of u kunt ons<strong> <\/strong>de naam van het evenement, een beschrijving, datum, tijden, contact en 2 of 3 rechtenvrije landschapsfoto&#8217;s van minimaal 1 MB bezorgen.<\/p>\n\n<p>Of<strong> <\/strong>vul het<strong> onderstaande Apidae Event formulier <\/strong>in!<\/p>\n\n<p>NB: Aarzel niet om ons enkele weken voor uw evenementen uw posters en flyers te sturen om ze op te hangen in onze 2 receptiekantoren (B\u00e2g\u00e9-le-Ch\u00e2tel en Pont-de-Vaux)!<\/p>\n\n<p><strong>Tot snel in onze kantoren!<\/strong><\/p>\n<p><iframe src=https:\/\/event.apidae-tourisme.com\/?territoire=4766341&#038;contactObligatoire=1&#038;TourismeAdapte=1&#038;clientele=1&#038;toutou=u2&#038;generique=1&#038;reservation=1&#038;mm=1&#038;copyright=1&#038;illustrationObligatoire=1&#038;apihours=1 frameborder=\"0\" style=\"width:100%;height:3300px;\"><\/iframe><\/p>\n","protected":false},"excerpt":{"rendered":"<p>Vertel het ons! Rommelmarkten, concerten, festivals, wandelingen, shows, etc., we voeren het in onze Apidae-database in zodat het op onze [&hellip;]<\/p>\n","protected":false},"author":1,"featured_media":0,"parent":0,"menu_order":0,"comment_status":"closed","ping_status":"closed","template":"","meta":{"footnotes":""},"class_list":["post-8551","page","type-page","status-publish","hentry"],"yoast_head":"<!-- This site is optimized with the Yoast SEO plugin v27.4 - https:\/\/yoast.com\/product\/yoast-seo-wordpress\/ -->\n<title>Een evenement toevoegen - Office de Tourisme du Pays de Bag\u00e9 et de Pont de Vaux<\/title>\n<meta name=\"robots\" content=\"index, follow, max-snippet:-1, max-image-preview:large, max-video-preview:-1\" \/>\n<link rel=\"canonical\" href=\"https:\/\/www.bage-pontdevaux-tourisme.com\/nl\/een-evenement-toevoegen\/\" \/>\n<meta property=\"og:locale\" content=\"nl_NL\" \/>\n<meta property=\"og:type\" content=\"article\" \/>\n<meta property=\"og:title\" content=\"Een evenement toevoegen - Office de Tourisme du Pays de Bag\u00e9 et de Pont de Vaux\" \/>\n<meta property=\"og:description\" content=\"Vertel het ons! Rommelmarkten, concerten, festivals, wandelingen, shows, etc., we voeren het in onze Apidae-database in zodat het op onze [&hellip;]\" \/>\n<meta property=\"og:url\" content=\"https:\/\/www.bage-pontdevaux-tourisme.com\/nl\/een-evenement-toevoegen\/\" \/>\n<meta property=\"og:site_name\" content=\"Office de Tourisme du Pays de Bag\u00e9 et de Pont de Vaux\" \/>\n<meta property=\"article:modified_time\" content=\"2025-10-15T12:31:21+00:00\" \/>\n<meta property=\"og:image\" content=\"https:\/\/www.bage-pontdevaux-tourisme.com\/wp-content\/uploads\/2025\/09\/20230924-112236-scaled-1920x530.jpg\" \/>\n<meta name=\"twitter:card\" content=\"summary_large_image\" \/>\n<meta name=\"twitter:label1\" content=\"Geschatte leestijd\" \/>\n\t<meta name=\"twitter:data1\" content=\"1 minuut\" \/>\n<script type=\"application\/ld+json\" class=\"yoast-schema-graph\">{\"@context\":\"https:\\\/\\\/schema.org\",\"@graph\":[{\"@type\":\"WebPage\",\"@id\":\"https:\\\/\\\/www.bage-pontdevaux-tourisme.com\\\/nl\\\/een-evenement-toevoegen\\\/\",\"url\":\"https:\\\/\\\/www.bage-pontdevaux-tourisme.com\\\/nl\\\/een-evenement-toevoegen\\\/\",\"name\":\"Een evenement toevoegen - Office de Tourisme du Pays de Bag\u00e9 et de Pont de Vaux\",\"isPartOf\":{\"@id\":\"https:\\\/\\\/www.bage-pontdevaux-tourisme.com\\\/nl\\\/#website\"},\"primaryImageOfPage\":{\"@id\":\"https:\\\/\\\/www.bage-pontdevaux-tourisme.com\\\/nl\\\/een-evenement-toevoegen\\\/#primaryimage\"},\"image\":{\"@id\":\"https:\\\/\\\/www.bage-pontdevaux-tourisme.com\\\/nl\\\/een-evenement-toevoegen\\\/#primaryimage\"},\"thumbnailUrl\":\"https:\\\/\\\/www.bage-pontdevaux-tourisme.com\\\/wp-content\\\/uploads\\\/2025\\\/09\\\/20230924-112236-1920x530.jpg\",\"datePublished\":\"2025-09-25T12:07:20+00:00\",\"dateModified\":\"2025-10-15T12:31:21+00:00\",\"breadcrumb\":{\"@id\":\"https:\\\/\\\/www.bage-pontdevaux-tourisme.com\\\/nl\\\/een-evenement-toevoegen\\\/#breadcrumb\"},\"inLanguage\":\"nl-NL\",\"potentialAction\":[{\"@type\":\"ReadAction\",\"target\":[\"https:\\\/\\\/www.bage-pontdevaux-tourisme.com\\\/nl\\\/een-evenement-toevoegen\\\/\"]}]},{\"@type\":\"ImageObject\",\"inLanguage\":\"nl-NL\",\"@id\":\"https:\\\/\\\/www.bage-pontdevaux-tourisme.com\\\/nl\\\/een-evenement-toevoegen\\\/#primaryimage\",\"url\":\"https:\\\/\\\/www.bage-pontdevaux-tourisme.com\\\/wp-content\\\/uploads\\\/2025\\\/09\\\/20230924-112236-1920x530.jpg\",\"contentUrl\":\"https:\\\/\\\/www.bage-pontdevaux-tourisme.com\\\/wp-content\\\/uploads\\\/2025\\\/09\\\/20230924-112236-1920x530.jpg\"},{\"@type\":\"BreadcrumbList\",\"@id\":\"https:\\\/\\\/www.bage-pontdevaux-tourisme.com\\\/nl\\\/een-evenement-toevoegen\\\/#breadcrumb\",\"itemListElement\":[{\"@type\":\"ListItem\",\"position\":1,\"name\":\"Accueil\",\"item\":\"https:\\\/\\\/www.bage-pontdevaux-tourisme.com\\\/nl\\\/op-een-steenworp-afstand-van-de-bourgogne-een-gastvrij-platteland-tussen-bresse-en-saone\\\/\"},{\"@type\":\"ListItem\",\"position\":2,\"name\":\"Een evenement toevoegen\"}]},{\"@type\":\"WebSite\",\"@id\":\"https:\\\/\\\/www.bage-pontdevaux-tourisme.com\\\/nl\\\/#website\",\"url\":\"https:\\\/\\\/www.bage-pontdevaux-tourisme.com\\\/nl\\\/\",\"name\":\"Office de Tourisme du Pays de Bag\u00e9 et de Pont de Vaux\",\"description\":\"\",\"publisher\":{\"@id\":\"https:\\\/\\\/www.bage-pontdevaux-tourisme.com\\\/nl\\\/#organization\"},\"potentialAction\":[{\"@type\":\"SearchAction\",\"target\":{\"@type\":\"EntryPoint\",\"urlTemplate\":\"https:\\\/\\\/www.bage-pontdevaux-tourisme.com\\\/nl\\\/?s={search_term_string}\"},\"query-input\":{\"@type\":\"PropertyValueSpecification\",\"valueRequired\":true,\"valueName\":\"search_term_string\"}}],\"inLanguage\":\"nl-NL\"},{\"@type\":\"Organization\",\"@id\":\"https:\\\/\\\/www.bage-pontdevaux-tourisme.com\\\/nl\\\/#organization\",\"name\":\"Office de Tourisme du Pays de Bag\u00e9 et de Pont de Vaux\",\"url\":\"https:\\\/\\\/www.bage-pontdevaux-tourisme.com\\\/nl\\\/\",\"logo\":{\"@type\":\"ImageObject\",\"inLanguage\":\"nl-NL\",\"@id\":\"https:\\\/\\\/www.bage-pontdevaux-tourisme.com\\\/nl\\\/#\\\/schema\\\/logo\\\/image\\\/\",\"url\":\"https:\\\/\\\/www.bage-pontdevaux-tourisme.com\\\/wp-content\\\/uploads\\\/2025\\\/05\\\/logo-pays-de-bage-and-pont-de-vaux.svg\",\"contentUrl\":\"https:\\\/\\\/www.bage-pontdevaux-tourisme.com\\\/wp-content\\\/uploads\\\/2025\\\/05\\\/logo-pays-de-bage-and-pont-de-vaux.svg\",\"caption\":\"Office de Tourisme du Pays de Bag\u00e9 et de Pont de Vaux\"},\"image\":{\"@id\":\"https:\\\/\\\/www.bage-pontdevaux-tourisme.com\\\/nl\\\/#\\\/schema\\\/logo\\\/image\\\/\"}}]}<\/script>\n<!-- \/ Yoast SEO plugin. -->","yoast_head_json":{"title":"Een evenement toevoegen - Office de Tourisme du Pays de Bag\u00e9 et de Pont de Vaux","robots":{"index":"index","follow":"follow","max-snippet":"max-snippet:-1","max-image-preview":"max-image-preview:large","max-video-preview":"max-video-preview:-1"},"canonical":"https:\/\/www.bage-pontdevaux-tourisme.com\/nl\/een-evenement-toevoegen\/","og_locale":"nl_NL","og_type":"article","og_title":"Een evenement toevoegen - Office de Tourisme du Pays de Bag\u00e9 et de Pont de Vaux","og_description":"Vertel het ons! Rommelmarkten, concerten, festivals, wandelingen, shows, etc., we voeren het in onze Apidae-database in zodat het op onze [&hellip;]","og_url":"https:\/\/www.bage-pontdevaux-tourisme.com\/nl\/een-evenement-toevoegen\/","og_site_name":"Office de Tourisme du Pays de Bag\u00e9 et de Pont de Vaux","article_modified_time":"2025-10-15T12:31:21+00:00","og_image":[{"url":"https:\/\/www.bage-pontdevaux-tourisme.com\/wp-content\/uploads\/2025\/09\/20230924-112236-scaled-1920x530.jpg","type":"","width":"","height":""}],"twitter_card":"summary_large_image","twitter_misc":{"Geschatte leestijd":"1 minuut"},"schema":{"@context":"https:\/\/schema.org","@graph":[{"@type":"WebPage","@id":"https:\/\/www.bage-pontdevaux-tourisme.com\/nl\/een-evenement-toevoegen\/","url":"https:\/\/www.bage-pontdevaux-tourisme.com\/nl\/een-evenement-toevoegen\/","name":"Een evenement toevoegen - Office de Tourisme du Pays de Bag\u00e9 et de Pont de Vaux","isPartOf":{"@id":"https:\/\/www.bage-pontdevaux-tourisme.com\/nl\/#website"},"primaryImageOfPage":{"@id":"https:\/\/www.bage-pontdevaux-tourisme.com\/nl\/een-evenement-toevoegen\/#primaryimage"},"image":{"@id":"https:\/\/www.bage-pontdevaux-tourisme.com\/nl\/een-evenement-toevoegen\/#primaryimage"},"thumbnailUrl":"https:\/\/www.bage-pontdevaux-tourisme.com\/wp-content\/uploads\/2025\/09\/20230924-112236-1920x530.jpg","datePublished":"2025-09-25T12:07:20+00:00","dateModified":"2025-10-15T12:31:21+00:00","breadcrumb":{"@id":"https:\/\/www.bage-pontdevaux-tourisme.com\/nl\/een-evenement-toevoegen\/#breadcrumb"},"inLanguage":"nl-NL","potentialAction":[{"@type":"ReadAction","target":["https:\/\/www.bage-pontdevaux-tourisme.com\/nl\/een-evenement-toevoegen\/"]}]},{"@type":"ImageObject","inLanguage":"nl-NL","@id":"https:\/\/www.bage-pontdevaux-tourisme.com\/nl\/een-evenement-toevoegen\/#primaryimage","url":"https:\/\/www.bage-pontdevaux-tourisme.com\/wp-content\/uploads\/2025\/09\/20230924-112236-1920x530.jpg","contentUrl":"https:\/\/www.bage-pontdevaux-tourisme.com\/wp-content\/uploads\/2025\/09\/20230924-112236-1920x530.jpg"},{"@type":"BreadcrumbList","@id":"https:\/\/www.bage-pontdevaux-tourisme.com\/nl\/een-evenement-toevoegen\/#breadcrumb","itemListElement":[{"@type":"ListItem","position":1,"name":"Accueil","item":"https:\/\/www.bage-pontdevaux-tourisme.com\/nl\/op-een-steenworp-afstand-van-de-bourgogne-een-gastvrij-platteland-tussen-bresse-en-saone\/"},{"@type":"ListItem","position":2,"name":"Een evenement toevoegen"}]},{"@type":"WebSite","@id":"https:\/\/www.bage-pontdevaux-tourisme.com\/nl\/#website","url":"https:\/\/www.bage-pontdevaux-tourisme.com\/nl\/","name":"Office de Tourisme du Pays de Bag\u00e9 et de Pont de Vaux","description":"","publisher":{"@id":"https:\/\/www.bage-pontdevaux-tourisme.com\/nl\/#organization"},"potentialAction":[{"@type":"SearchAction","target":{"@type":"EntryPoint","urlTemplate":"https:\/\/www.bage-pontdevaux-tourisme.com\/nl\/?s={search_term_string}"},"query-input":{"@type":"PropertyValueSpecification","valueRequired":true,"valueName":"search_term_string"}}],"inLanguage":"nl-NL"},{"@type":"Organization","@id":"https:\/\/www.bage-pontdevaux-tourisme.com\/nl\/#organization","name":"Office de Tourisme du Pays de Bag\u00e9 et de Pont de Vaux","url":"https:\/\/www.bage-pontdevaux-tourisme.com\/nl\/","logo":{"@type":"ImageObject","inLanguage":"nl-NL","@id":"https:\/\/www.bage-pontdevaux-tourisme.com\/nl\/#\/schema\/logo\/image\/","url":"https:\/\/www.bage-pontdevaux-tourisme.com\/wp-content\/uploads\/2025\/05\/logo-pays-de-bage-and-pont-de-vaux.svg","contentUrl":"https:\/\/www.bage-pontdevaux-tourisme.com\/wp-content\/uploads\/2025\/05\/logo-pays-de-bage-and-pont-de-vaux.svg","caption":"Office de Tourisme du Pays de Bag\u00e9 et de Pont de Vaux"},"image":{"@id":"https:\/\/www.bage-pontdevaux-tourisme.com\/nl\/#\/schema\/logo\/image\/"}}]}},"_links":{"self":[{"href":"https:\/\/www.bage-pontdevaux-tourisme.com\/nl\/wp-json\/wp\/v2\/pages\/8551","targetHints":{"allow":["GET"]}}],"collection":[{"href":"https:\/\/www.bage-pontdevaux-tourisme.com\/nl\/wp-json\/wp\/v2\/pages"}],"about":[{"href":"https:\/\/www.bage-pontdevaux-tourisme.com\/nl\/wp-json\/wp\/v2\/types\/page"}],"author":[{"embeddable":true,"href":"https:\/\/www.bage-pontdevaux-tourisme.com\/nl\/wp-json\/wp\/v2\/users\/1"}],"replies":[{"embeddable":true,"href":"https:\/\/www.bage-pontdevaux-tourisme.com\/nl\/wp-json\/wp\/v2\/comments?post=8551"}],"version-history":[{"count":8,"href":"https:\/\/www.bage-pontdevaux-tourisme.com\/nl\/wp-json\/wp\/v2\/pages\/8551\/revisions"}],"predecessor-version":[{"id":8758,"href":"https:\/\/www.bage-pontdevaux-tourisme.com\/nl\/wp-json\/wp\/v2\/pages\/8551\/revisions\/8758"}],"wp:attachment":[{"href":"https:\/\/www.bage-pontdevaux-tourisme.com\/nl\/wp-json\/wp\/v2\/media?parent=8551"}],"curies":[{"name":"wp","href":"https:\/\/api.w.org\/{rel}","templated":true}]}}