{"id":8526,"date":"2025-05-22T16:01:56","date_gmt":"2025-05-22T14:01:56","guid":{"rendered":"https:\/\/www.bage-pontdevaux-tourisme.com\/brochures\/"},"modified":"2025-12-16T09:17:49","modified_gmt":"2025-12-16T08:17:49","slug":"brochures","status":"publish","type":"page","link":"https:\/\/www.bage-pontdevaux-tourisme.com\/nl\/brochures\/","title":{"rendered":"Brochures"},"content":{"rendered":"\n<div class=\"wp-block-ws-library-ws-header-interne is-layout-constrained alignfull\"><div class=\"header-container\"><div class=\"group-media has-image\"><img decoding=\"async\" src=\"https:\/\/www.bage-pontdevaux-tourisme.com\/wp-content\/uploads\/2025\/10\/p1-051-1920x530.jpg\" alt=\"\" class=\"image_large_square wp-afbeelding-8818  \"\/><\/div><div class=\"group-content\"><div class=\"title\"><h1>Brochures<\/h1><\/div><\/div><\/div><div class=\"yoast-breadcrumbs\"><span><span><a href=\"https:\/\/www.bage-pontdevaux-tourisme.com\/nl\/op-een-steenworp-afstand-van-de-bourgogne-een-gastvrij-platteland-tussen-bresse-en-saone\/\">Accueil<\/a><\/span> \/ <span class=\"breadcrumb_last\" aria-current=\"page\">Brochures<\/span><\/span><\/div><\/div>\n\n<div class=\"wp-block-ws-library-ws-title is-style-wave-blue\"><h2>Cruises<\/h2><\/div>\n\n<ul class=\"wp-block-list\">\n<li>Cruise Pakketten  Tarieven 2026<\/li>\n<\/ul>\n\n<div class=\"wp-block-ws-library-ws-documents\">\n<div class=\"wp-block-ws-library-ws-document\"><a href=\"https:\/\/www.bage-pontdevaux-tourisme.com\/wp-content\/uploads\/2025\/10\/2026-depliant-croisieres.pdf\" target=\"_blank\" rel=\"noopener noreferrer\" class=\"link-document\">2026 Cruise Flyer<\/a><\/div>\n<\/div>\n\n<div class=\"wp-block-ws-library-ws-title is-style-wave-blue\"><h2>Restaurant Gids<\/h2><\/div>\n\n<ul class=\"wp-block-list\">\n<li>Bresse et Sa\u00f4ne Restaurant Gids<\/li>\n<\/ul>\n\n<div class=\"wp-block-ws-library-ws-title is-style-wave-blue\"><h2>Feestdagenmenu&#8217;s<\/h2><\/div>\n\n<ul class=\"wp-block-list\">\n<li>Valentijnsdagmenu&#8217;s editie 2026<\/li>\n\n\n\n<li>2026 editie van Moederdag menu&#8217;s<\/li>\n<\/ul>\n\n<ul class=\"wp-block-list\">\n<li>Menu&#8217;s van de editie Glorieuses de Bresse 2025<\/li>\n<\/ul>\n\n<div class=\"wp-block-ws-library-ws-documents\">\n<div class=\"wp-block-ws-library-ws-document\"><a href=\"https:\/\/www.bage-pontdevaux-tourisme.com\/wp-content\/uploads\/2025\/11\/2025-menu-glorieuses-1.pdf\" target=\"_blank\" rel=\"noopener noreferrer\" class=\"link-document\">2025 Glorieuze Menu<\/a><\/div>\n<\/div>\n\n<div class=\"wp-block-ws-library-ws-title is-style-wave-blue\"><h2>Toeristische kaart van Bresse et Sa\u00f4ne<\/h2><\/div>\n\n<ul class=\"wp-block-list\">\n<li>Toeristische kaart van Bresse et Sa\u00f4ne<\/li>\n\n\n\n<li>Kaart van Pont-de-Vaux en B\u00e2g\u00e9-le-Ch\u00e2tel<\/li>\n<\/ul>\n\n<div class=\"wp-block-ws-library-ws-title is-style-wave-blue\"><h2>Fietsroutes en wandelpaden<\/h2><\/div>\n\n<ul class=\"wp-block-list\">\n<li>Wandelpaden Bresse en Sa\u00f4ne<\/li>\n\n\n\n<li>Fietsroutes in de Ain op de fiets Bresse et Sa\u00f4ne<\/li>\n<\/ul>\n\n<div class=\"wp-block-ws-library-ws-title is-style-wave-blue\"><h2>Erfgoed<\/h2><\/div>\n\n<ul class=\"wp-block-list\">\n<li>Rondleiding op eigen gelegenheid door de romaanse kerk van Saint-Andr\u00e9-de-Bag\u00e9<\/li>\n<\/ul>\n\n<div class=\"wp-block-ws-library-ws-documents\">\n<div class=\"wp-block-ws-library-ws-document\"><a href=\"https:\/\/www.bage-pontdevaux-tourisme.com\/wp-content\/uploads\/2025\/10\/flyer-eglise-saint-andre.pdf\" target=\"_blank\" rel=\"noopener noreferrer\" class=\"link-document\">Rondleiding op eigen gelegenheid door de romaanse kerk van Saint-Andr\u00e9-de-Bag\u00e9<\/a><\/div>\n<\/div>\n\n<ul class=\"wp-block-list\">\n<li>Bezoek het dorp B\u00e2g\u00e9-le-Ch\u00e2tel<\/li>\n<\/ul>\n\n<div class=\"wp-block-ws-library-ws-documents\">\n<div class=\"wp-block-ws-library-ws-document\"><a href=\"https:\/\/www.bage-pontdevaux-tourisme.com\/wp-content\/uploads\/2025\/10\/flyer-bage-le-chatel.pdf\" target=\"_blank\" rel=\"noopener noreferrer\" class=\"link-document\">Bezoek aan het dorp B\u00e2g\u00e9-le-Ch\u00e2tel (pdf)<\/a><\/div>\n<\/div>\n\n<div class=\"wp-block-ws-library-ws-title is-style-wave-blue\"><h2>Animaties<\/h2><\/div>\n\n<ul class=\"wp-block-list\">\n<li>De speciale kerstentertainmentkalender!<\/li>\n<\/ul>\n\n<div class=\"wp-block-ws-library-ws-documents\">\n<div class=\"wp-block-ws-library-ws-document\"><a href=\"https:\/\/www.bage-pontdevaux-tourisme.com\/wp-content\/uploads\/2025\/11\/animations-de-noel-2025.pdf\" target=\"_blank\" rel=\"noopener noreferrer\" class=\"link-document\">Kerstentertainment 2025<\/a><\/div>\n<\/div>\n\n<ul class=\"wp-block-list\">\n<li>Het programma van de Glorieuses de Bresse 2025<\/li>\n<\/ul>\n\n<div class=\"wp-block-ws-library-ws-documents\">\n<div class=\"wp-block-ws-library-ws-document\"><a href=\"https:\/\/www.bage-pontdevaux-tourisme.com\/wp-content\/uploads\/2025\/12\/2025-glorieuses-de-bresse-programme-1.pdf\" target=\"_blank\" rel=\"noopener noreferrer\" class=\"link-document\">2025 Glorieuses de Bresse-programma<\/a><\/div>\n<\/div>\n\n<ul class=\"wp-block-list\">\n<li>De speciale &#8220;Allerheiligenfeestdagen&#8221; kalender met activiteiten<\/li>\n\n\n\n<li>Programma Europese Open Monumentendagen<\/li>\n\n\n\n<li>Tentoonstelling Agenda 2026<\/li>\n\n\n\n<li>Markten in de buurt<\/li>\n<\/ul>\n\n<div class=\"wp-block-ws-library-ws-documents\">\n<div class=\"wp-block-ws-library-ws-document\"><a href=\"https:\/\/www.bage-pontdevaux-tourisme.com\/wp-content\/uploads\/2025\/10\/les-marches-aux-alentours.pdf\" target=\"_blank\" rel=\"noopener noreferrer\" class=\"link-document\">Markten in de buurt (pdf)<\/a><\/div>\n<\/div>\n\n<div class=\"wp-block-ws-library-ws-title is-style-wave-blue\"><h2>Voeg je evenement toe<\/h2><\/div>\n\n<ul class=\"wp-block-list\">\n<li>Aankondigingsformulier voor evenementen 2026<\/li>\n<\/ul>\n\n<div class=\"wp-block-ws-library-ws-documents\">\n<div class=\"wp-block-ws-library-ws-document\"><a href=\"https:\/\/www.bage-pontdevaux-tourisme.com\/wp-content\/uploads\/2025\/10\/2026-questionnaire-de-mise-a-jour-des-manifs-1.pdf\" target=\"_blank\" rel=\"noopener noreferrer\" class=\"link-document\">Aankondigingsformulier voor de evenementen van 2026 (pdf)<\/a><\/div>\n<\/div>\n","protected":false},"excerpt":{"rendered":"","protected":false},"author":1,"featured_media":0,"parent":0,"menu_order":9,"comment_status":"closed","ping_status":"closed","template":"","meta":{"footnotes":""},"class_list":["post-8526","page","type-page","status-publish","hentry"],"yoast_head":"<!-- This site is optimized with the Yoast SEO plugin v27.4 - https:\/\/yoast.com\/product\/yoast-seo-wordpress\/ -->\n<title>Brochures - Office de Tourisme du Pays de Bag\u00e9 et de Pont de Vaux<\/title>\n<meta name=\"description\" content=\"Vind hier alle brochures van het gebied Bresse et Sa\u00f4ne die als pdf, gids en toeristenkaart en gids voor restaurants te downloaden zijn.\" \/>\n<meta name=\"robots\" content=\"index, follow, max-snippet:-1, max-image-preview:large, max-video-preview:-1\" \/>\n<link rel=\"canonical\" href=\"https:\/\/www.bage-pontdevaux-tourisme.com\/nl\/brochures\/\" \/>\n<meta property=\"og:locale\" content=\"nl_NL\" \/>\n<meta property=\"og:type\" content=\"article\" \/>\n<meta property=\"og:title\" content=\"Brochures - Office de Tourisme du Pays de Bag\u00e9 et de Pont de Vaux\" \/>\n<meta property=\"og:description\" content=\"Vind hier alle brochures van het gebied Bresse et Sa\u00f4ne die als pdf, gids en toeristenkaart en gids voor restaurants te downloaden zijn.\" \/>\n<meta property=\"og:url\" content=\"https:\/\/www.bage-pontdevaux-tourisme.com\/nl\/brochures\/\" \/>\n<meta property=\"og:site_name\" content=\"Office de Tourisme du Pays de Bag\u00e9 et de Pont de Vaux\" \/>\n<meta property=\"article:modified_time\" content=\"2025-12-16T08:17:49+00:00\" \/>\n<meta property=\"og:image\" content=\"https:\/\/www.bage-pontdevaux-tourisme.com\/wp-content\/uploads\/2025\/10\/p1-051-1920x530.jpg\" \/>\n<meta name=\"twitter:card\" content=\"summary_large_image\" \/>\n<meta name=\"twitter:label1\" content=\"Geschatte leestijd\" \/>\n\t<meta name=\"twitter:data1\" content=\"1 minuut\" \/>\n<script type=\"application\/ld+json\" class=\"yoast-schema-graph\">{\"@context\":\"https:\\\/\\\/schema.org\",\"@graph\":[{\"@type\":\"WebPage\",\"@id\":\"https:\\\/\\\/www.bage-pontdevaux-tourisme.com\\\/nl\\\/brochures\\\/\",\"url\":\"https:\\\/\\\/www.bage-pontdevaux-tourisme.com\\\/nl\\\/brochures\\\/\",\"name\":\"Brochures - Office de Tourisme du Pays de Bag\u00e9 et de Pont de Vaux\",\"isPartOf\":{\"@id\":\"https:\\\/\\\/www.bage-pontdevaux-tourisme.com\\\/nl\\\/#website\"},\"primaryImageOfPage\":{\"@id\":\"https:\\\/\\\/www.bage-pontdevaux-tourisme.com\\\/nl\\\/brochures\\\/#primaryimage\"},\"image\":{\"@id\":\"https:\\\/\\\/www.bage-pontdevaux-tourisme.com\\\/nl\\\/brochures\\\/#primaryimage\"},\"thumbnailUrl\":\"https:\\\/\\\/www.bage-pontdevaux-tourisme.com\\\/wp-content\\\/uploads\\\/2025\\\/10\\\/p1-051-1920x530.jpg\",\"datePublished\":\"2025-05-22T14:01:56+00:00\",\"dateModified\":\"2025-12-16T08:17:49+00:00\",\"description\":\"Vind hier alle brochures van het gebied Bresse et Sa\u00f4ne die als pdf, gids en toeristenkaart en gids voor restaurants te downloaden zijn.\",\"breadcrumb\":{\"@id\":\"https:\\\/\\\/www.bage-pontdevaux-tourisme.com\\\/nl\\\/brochures\\\/#breadcrumb\"},\"inLanguage\":\"nl-NL\",\"potentialAction\":[{\"@type\":\"ReadAction\",\"target\":[\"https:\\\/\\\/www.bage-pontdevaux-tourisme.com\\\/nl\\\/brochures\\\/\"]}]},{\"@type\":\"ImageObject\",\"inLanguage\":\"nl-NL\",\"@id\":\"https:\\\/\\\/www.bage-pontdevaux-tourisme.com\\\/nl\\\/brochures\\\/#primaryimage\",\"url\":\"https:\\\/\\\/www.bage-pontdevaux-tourisme.com\\\/wp-content\\\/uploads\\\/2025\\\/10\\\/p1-051-1920x530.jpg\",\"contentUrl\":\"https:\\\/\\\/www.bage-pontdevaux-tourisme.com\\\/wp-content\\\/uploads\\\/2025\\\/10\\\/p1-051-1920x530.jpg\"},{\"@type\":\"BreadcrumbList\",\"@id\":\"https:\\\/\\\/www.bage-pontdevaux-tourisme.com\\\/nl\\\/brochures\\\/#breadcrumb\",\"itemListElement\":[{\"@type\":\"ListItem\",\"position\":1,\"name\":\"Accueil\",\"item\":\"https:\\\/\\\/www.bage-pontdevaux-tourisme.com\\\/nl\\\/op-een-steenworp-afstand-van-de-bourgogne-een-gastvrij-platteland-tussen-bresse-en-saone\\\/\"},{\"@type\":\"ListItem\",\"position\":2,\"name\":\"Brochures\"}]},{\"@type\":\"WebSite\",\"@id\":\"https:\\\/\\\/www.bage-pontdevaux-tourisme.com\\\/nl\\\/#website\",\"url\":\"https:\\\/\\\/www.bage-pontdevaux-tourisme.com\\\/nl\\\/\",\"name\":\"Office de Tourisme du Pays de Bag\u00e9 et de Pont de Vaux\",\"description\":\"\",\"publisher\":{\"@id\":\"https:\\\/\\\/www.bage-pontdevaux-tourisme.com\\\/nl\\\/#organization\"},\"potentialAction\":[{\"@type\":\"SearchAction\",\"target\":{\"@type\":\"EntryPoint\",\"urlTemplate\":\"https:\\\/\\\/www.bage-pontdevaux-tourisme.com\\\/nl\\\/?s={search_term_string}\"},\"query-input\":{\"@type\":\"PropertyValueSpecification\",\"valueRequired\":true,\"valueName\":\"search_term_string\"}}],\"inLanguage\":\"nl-NL\"},{\"@type\":\"Organization\",\"@id\":\"https:\\\/\\\/www.bage-pontdevaux-tourisme.com\\\/nl\\\/#organization\",\"name\":\"Office de Tourisme du Pays de Bag\u00e9 et de Pont de Vaux\",\"url\":\"https:\\\/\\\/www.bage-pontdevaux-tourisme.com\\\/nl\\\/\",\"logo\":{\"@type\":\"ImageObject\",\"inLanguage\":\"nl-NL\",\"@id\":\"https:\\\/\\\/www.bage-pontdevaux-tourisme.com\\\/nl\\\/#\\\/schema\\\/logo\\\/image\\\/\",\"url\":\"https:\\\/\\\/www.bage-pontdevaux-tourisme.com\\\/wp-content\\\/uploads\\\/2025\\\/05\\\/logo-pays-de-bage-and-pont-de-vaux.svg\",\"contentUrl\":\"https:\\\/\\\/www.bage-pontdevaux-tourisme.com\\\/wp-content\\\/uploads\\\/2025\\\/05\\\/logo-pays-de-bage-and-pont-de-vaux.svg\",\"caption\":\"Office de Tourisme du Pays de Bag\u00e9 et de Pont de Vaux\"},\"image\":{\"@id\":\"https:\\\/\\\/www.bage-pontdevaux-tourisme.com\\\/nl\\\/#\\\/schema\\\/logo\\\/image\\\/\"}}]}<\/script>\n<!-- \/ Yoast SEO plugin. -->","yoast_head_json":{"title":"Brochures - Office de Tourisme du Pays de Bag\u00e9 et de Pont de Vaux","description":"Vind hier alle brochures van het gebied Bresse et Sa\u00f4ne die als pdf, gids en toeristenkaart en gids voor restaurants te downloaden zijn.","robots":{"index":"index","follow":"follow","max-snippet":"max-snippet:-1","max-image-preview":"max-image-preview:large","max-video-preview":"max-video-preview:-1"},"canonical":"https:\/\/www.bage-pontdevaux-tourisme.com\/nl\/brochures\/","og_locale":"nl_NL","og_type":"article","og_title":"Brochures - Office de Tourisme du Pays de Bag\u00e9 et de Pont de Vaux","og_description":"Vind hier alle brochures van het gebied Bresse et Sa\u00f4ne die als pdf, gids en toeristenkaart en gids voor restaurants te downloaden zijn.","og_url":"https:\/\/www.bage-pontdevaux-tourisme.com\/nl\/brochures\/","og_site_name":"Office de Tourisme du Pays de Bag\u00e9 et de Pont de Vaux","article_modified_time":"2025-12-16T08:17:49+00:00","og_image":[{"url":"https:\/\/www.bage-pontdevaux-tourisme.com\/wp-content\/uploads\/2025\/10\/p1-051-1920x530.jpg","type":"","width":"","height":""}],"twitter_card":"summary_large_image","twitter_misc":{"Geschatte leestijd":"1 minuut"},"schema":{"@context":"https:\/\/schema.org","@graph":[{"@type":"WebPage","@id":"https:\/\/www.bage-pontdevaux-tourisme.com\/nl\/brochures\/","url":"https:\/\/www.bage-pontdevaux-tourisme.com\/nl\/brochures\/","name":"Brochures - Office de Tourisme du Pays de Bag\u00e9 et de Pont de Vaux","isPartOf":{"@id":"https:\/\/www.bage-pontdevaux-tourisme.com\/nl\/#website"},"primaryImageOfPage":{"@id":"https:\/\/www.bage-pontdevaux-tourisme.com\/nl\/brochures\/#primaryimage"},"image":{"@id":"https:\/\/www.bage-pontdevaux-tourisme.com\/nl\/brochures\/#primaryimage"},"thumbnailUrl":"https:\/\/www.bage-pontdevaux-tourisme.com\/wp-content\/uploads\/2025\/10\/p1-051-1920x530.jpg","datePublished":"2025-05-22T14:01:56+00:00","dateModified":"2025-12-16T08:17:49+00:00","description":"Vind hier alle brochures van het gebied Bresse et Sa\u00f4ne die als pdf, gids en toeristenkaart en gids voor restaurants te downloaden zijn.","breadcrumb":{"@id":"https:\/\/www.bage-pontdevaux-tourisme.com\/nl\/brochures\/#breadcrumb"},"inLanguage":"nl-NL","potentialAction":[{"@type":"ReadAction","target":["https:\/\/www.bage-pontdevaux-tourisme.com\/nl\/brochures\/"]}]},{"@type":"ImageObject","inLanguage":"nl-NL","@id":"https:\/\/www.bage-pontdevaux-tourisme.com\/nl\/brochures\/#primaryimage","url":"https:\/\/www.bage-pontdevaux-tourisme.com\/wp-content\/uploads\/2025\/10\/p1-051-1920x530.jpg","contentUrl":"https:\/\/www.bage-pontdevaux-tourisme.com\/wp-content\/uploads\/2025\/10\/p1-051-1920x530.jpg"},{"@type":"BreadcrumbList","@id":"https:\/\/www.bage-pontdevaux-tourisme.com\/nl\/brochures\/#breadcrumb","itemListElement":[{"@type":"ListItem","position":1,"name":"Accueil","item":"https:\/\/www.bage-pontdevaux-tourisme.com\/nl\/op-een-steenworp-afstand-van-de-bourgogne-een-gastvrij-platteland-tussen-bresse-en-saone\/"},{"@type":"ListItem","position":2,"name":"Brochures"}]},{"@type":"WebSite","@id":"https:\/\/www.bage-pontdevaux-tourisme.com\/nl\/#website","url":"https:\/\/www.bage-pontdevaux-tourisme.com\/nl\/","name":"Office de Tourisme du Pays de Bag\u00e9 et de Pont de Vaux","description":"","publisher":{"@id":"https:\/\/www.bage-pontdevaux-tourisme.com\/nl\/#organization"},"potentialAction":[{"@type":"SearchAction","target":{"@type":"EntryPoint","urlTemplate":"https:\/\/www.bage-pontdevaux-tourisme.com\/nl\/?s={search_term_string}"},"query-input":{"@type":"PropertyValueSpecification","valueRequired":true,"valueName":"search_term_string"}}],"inLanguage":"nl-NL"},{"@type":"Organization","@id":"https:\/\/www.bage-pontdevaux-tourisme.com\/nl\/#organization","name":"Office de Tourisme du Pays de Bag\u00e9 et de Pont de Vaux","url":"https:\/\/www.bage-pontdevaux-tourisme.com\/nl\/","logo":{"@type":"ImageObject","inLanguage":"nl-NL","@id":"https:\/\/www.bage-pontdevaux-tourisme.com\/nl\/#\/schema\/logo\/image\/","url":"https:\/\/www.bage-pontdevaux-tourisme.com\/wp-content\/uploads\/2025\/05\/logo-pays-de-bage-and-pont-de-vaux.svg","contentUrl":"https:\/\/www.bage-pontdevaux-tourisme.com\/wp-content\/uploads\/2025\/05\/logo-pays-de-bage-and-pont-de-vaux.svg","caption":"Office de Tourisme du Pays de Bag\u00e9 et de Pont de Vaux"},"image":{"@id":"https:\/\/www.bage-pontdevaux-tourisme.com\/nl\/#\/schema\/logo\/image\/"}}]}},"_links":{"self":[{"href":"https:\/\/www.bage-pontdevaux-tourisme.com\/nl\/wp-json\/wp\/v2\/pages\/8526","targetHints":{"allow":["GET"]}}],"collection":[{"href":"https:\/\/www.bage-pontdevaux-tourisme.com\/nl\/wp-json\/wp\/v2\/pages"}],"about":[{"href":"https:\/\/www.bage-pontdevaux-tourisme.com\/nl\/wp-json\/wp\/v2\/types\/page"}],"author":[{"embeddable":true,"href":"https:\/\/www.bage-pontdevaux-tourisme.com\/nl\/wp-json\/wp\/v2\/users\/1"}],"replies":[{"embeddable":true,"href":"https:\/\/www.bage-pontdevaux-tourisme.com\/nl\/wp-json\/wp\/v2\/comments?post=8526"}],"version-history":[{"count":14,"href":"https:\/\/www.bage-pontdevaux-tourisme.com\/nl\/wp-json\/wp\/v2\/pages\/8526\/revisions"}],"predecessor-version":[{"id":12361,"href":"https:\/\/www.bage-pontdevaux-tourisme.com\/nl\/wp-json\/wp\/v2\/pages\/8526\/revisions\/12361"}],"wp:attachment":[{"href":"https:\/\/www.bage-pontdevaux-tourisme.com\/nl\/wp-json\/wp\/v2\/media?parent=8526"}],"curies":[{"name":"wp","href":"https:\/\/api.w.org\/{rel}","templated":true}]}}