{"id":8508,"date":"2025-05-21T18:20:51","date_gmt":"2025-05-21T16:20:51","guid":{"rendered":"https:\/\/www.bage-pontdevaux-tourisme.com\/sitemap\/"},"modified":"2025-10-13T14:26:39","modified_gmt":"2025-10-13T12:26:39","slug":"sitemap","status":"publish","type":"page","link":"https:\/\/www.bage-pontdevaux-tourisme.com\/nl\/sitemap\/","title":{"rendered":"Sitemap"},"content":{"rendered":"\n<div class=\"wp-block-ws-library-ws-header-interne no-image is-layout-constrained alignfull\"><div class=\"header-container\"><div class=\"group-media\"><\/div><div class=\"group-content\"><div class=\"title\"><h1>Sitemap<\/h1><\/div><\/div><\/div><div class=\"yoast-breadcrumbs\"><span><span><a href=\"https:\/\/www.bage-pontdevaux-tourisme.com\/nl\/op-een-steenworp-afstand-van-de-bourgogne-een-gastvrij-platteland-tussen-bresse-en-saone\/\">Accueil<\/a><\/span> \/ <span class=\"breadcrumb_last\" aria-current=\"page\">Sitemap<\/span><\/span><\/div><\/div>\n<div class=\"ws-sitemap\"><style>.ws-sitemap span[class*=\"apidae\"] { background-color: yellow; }<\/style><h3>Berichten<\/h3><ul><li><a href=\"https:\/\/www.bage-pontdevaux-tourisme.com\/nl\/ontdek-de-geheimen-van-ons-erfgoed\/\">Ontdek de geheimen van ons erfgoed...<\/a><\/li><li><a href=\"https:\/\/www.bage-pontdevaux-tourisme.com\/nl\/slenter-over-onze-levendige-en-kleurrijke-markten\/\">Slenter over onze levendige en kleurrijke markten<\/a><\/li><li><a href=\"https:\/\/www.bage-pontdevaux-tourisme.com\/nl\/winterfeest-entertainment\/\">Winterfeest-entertainment!<\/a><\/li><li><a href=\"https:\/\/www.bage-pontdevaux-tourisme.com\/nl\/buiten-en-avontuur\/\">De lente komt eraan...<\/a><\/li><li><a href=\"https:\/\/www.bage-pontdevaux-tourisme.com\/nl\/het-is-kerstmis\/\">Fijne Valentijnsdag allemaal!<\/a><\/li><li><a href=\"https:\/\/www.bage-pontdevaux-tourisme.com\/nl\/16027\/\">Spring break-programma<\/a><\/li><li><a href=\"https:\/\/www.bage-pontdevaux-tourisme.com\/nl\/om-je-vakantie-te-vullen\/\">Om je vakantie te vullen!<\/a><\/li><\/ul><h3>Pagina&#039;s<\/h3><ul><li><a href=\"https:\/\/www.bage-pontdevaux-tourisme.com\/nl\/een-evenement-toevoegen\/\">Een evenement toevoegen<\/a><\/li><li><a href=\"https:\/\/www.bage-pontdevaux-tourisme.com\/nl\/hoe-kom-je-er\/\">Hoe kom je er?<\/a><\/li><li><a href=\"https:\/\/www.bage-pontdevaux-tourisme.com\/nl\/\">Op een steenworp afstand van de Bourgogne, &lt;strong&gt;een gastvrij platteland&lt;\/strong&gt;&lt;strong&gt;tussen Bresse en Sa\u00f4ne&lt;\/strong&gt;<\/a><\/li><li><a href=\"https:\/\/www.bage-pontdevaux-tourisme.com\/nl\/essentieel\/\">Essentieel<\/a><ul><li><a href=\"https:\/\/www.bage-pontdevaux-tourisme.com\/nl\/essentieel\/water\/\">Water<\/a><ul><li><a href=\"https:\/\/www.bage-pontdevaux-tourisme.com\/nl\/essentieel\/water\/de-saone-de-rivieren-en-het-kanaal\/\">De Sa\u00f4ne, de rivieren en het kanaal<\/a><\/li><li><a href=\"https:\/\/www.bage-pontdevaux-tourisme.com\/nl\/essentieel\/water\/jachthaven-rivier-stopt\/\">Jachthaven, rivier stopt<\/a><\/li><li><a href=\"https:\/\/www.bage-pontdevaux-tourisme.com\/nl\/essentieel\/water\/vijvers\/\">Vijvers<\/a><\/li><\/ul><\/li><li><a href=\"https:\/\/www.bage-pontdevaux-tourisme.com\/nl\/essentieel\/natuur\/\">Natuur<\/a><ul><li><a href=\"https:\/\/www.bage-pontdevaux-tourisme.com\/nl\/essentieel\/natuur\/weiden-heggen-en-kwetsbare-natuurgebieden\/\">Weiden, heggen en kwetsbare natuurgebieden<\/a><\/li><li><a href=\"https:\/\/www.bage-pontdevaux-tourisme.com\/nl\/essentieel\/natuur\/huis-van-water-en-natuur\/\">Huis van Water en Natuur<\/a><\/li><\/ul><\/li><li><a href=\"https:\/\/www.bage-pontdevaux-tourisme.com\/nl\/essentieel\/gastronomie\/\">Gastronomie<\/a><ul><li><a href=\"https:\/\/www.bage-pontdevaux-tourisme.com\/nl\/essentieel\/gastronomie\/gastronomische-restaurants-2\/\">Gastronomische restaurants<\/a><\/li><li><a href=\"https:\/\/www.bage-pontdevaux-tourisme.com\/nl\/essentieel\/gastronomie\/bresse-gevogelte-en-specialiteiten\/\">Bresse-gevogelte en specialiteiten<\/a><\/li><\/ul><\/li><li><a href=\"https:\/\/www.bage-pontdevaux-tourisme.com\/nl\/essentieel\/erfgoed\/\">Erfgoed<\/a><ul><li><a href=\"https:\/\/www.bage-pontdevaux-tourisme.com\/nl\/essentieel\/erfgoed\/stad-pont-de-vaux\/\">Stad Pont-de-Vaux<\/a><\/li><li><a href=\"https:\/\/www.bage-pontdevaux-tourisme.com\/nl\/essentieel\/erfgoed\/antoine-chintreuil-museum\/\">Antoine Chintreuil Museum<\/a><\/li><li><a href=\"https:\/\/www.bage-pontdevaux-tourisme.com\/nl\/essentieel\/erfgoed\/dorp-van-bage-le-chatel\/\">Dorp van B\u00e2g\u00e9-le-Ch\u00e2tel<\/a><\/li><li><a href=\"https:\/\/www.bage-pontdevaux-tourisme.com\/nl\/essentieel\/erfgoed\/romaanse-kerk-van-st-andre-de-bage\/\">Romaanse kerk van St-Andr\u00e9-de-Bag\u00e9<\/a><\/li><li><a href=\"https:\/\/www.bage-pontdevaux-tourisme.com\/nl\/essentieel\/erfgoed\/kapel-van-aigrefeuille-en-wasplaats-van-montepin\/\">Kapel van Aigrefeuille en wasplaats van Mont\u00e9pin<\/a><\/li><\/ul><\/li><\/ul><\/li><li><a href=\"https:\/\/www.bage-pontdevaux-tourisme.com\/nl\/het-vvv-kantoor\/\">Het VVV-kantoor<\/a><\/li><li><a href=\"https:\/\/www.bage-pontdevaux-tourisme.com\/nl\/eco-ontwerp\/\">Eco-ontwerp<\/a><\/li><li><a href=\"https:\/\/www.bage-pontdevaux-tourisme.com\/nl\/wat-te-zien-en-te-doen\/\">Wat te zien en te doen<\/a><ul><li><a href=\"https:\/\/www.bage-pontdevaux-tourisme.com\/nl\/wat-te-zien-en-te-doen\/spelen\/\">Spelen<\/a><ul><li><a href=\"https:\/\/www.bage-pontdevaux-tourisme.com\/nl\/wat-te-zien-en-te-doen\/spelen\/wandelingen-in-de-natuur\/\">Wandelingen in de natuur<\/a><\/li><li><a href=\"https:\/\/www.bage-pontdevaux-tourisme.com\/nl\/wat-te-zien-en-te-doen\/spelen\/ontsnappingsspel-en-interactieve-speurtochten\/\">Ontsnappingsspel en interactieve speurtochten<\/a><\/li><li><a href=\"https:\/\/www.bage-pontdevaux-tourisme.com\/nl\/wat-te-zien-en-te-doen\/spelen\/tentoonstellingen\/\">Tentoonstellingen<\/a><\/li><li><a href=\"https:\/\/www.bage-pontdevaux-tourisme.com\/nl\/wat-te-zien-en-te-doen\/spelen\/rondleidingen\/\">Rondleidingen<\/a><\/li><\/ul><\/li><li><a href=\"https:\/\/www.bage-pontdevaux-tourisme.com\/nl\/wat-te-zien-en-te-doen\/bewegen\/\">Bewegen<\/a><ul><li><a href=\"https:\/\/www.bage-pontdevaux-tourisme.com\/nl\/wat-te-zien-en-te-doen\/bewegen\/archipel-zwembad\/\">Archipel Zwembad<\/a><\/li><li><a href=\"https:\/\/www.bage-pontdevaux-tourisme.com\/nl\/wat-te-zien-en-te-doen\/bewegen\/wandelen\/\">Wandelen<\/a><\/li><li><a href=\"https:\/\/www.bage-pontdevaux-tourisme.com\/nl\/wat-te-zien-en-te-doen\/bewegen\/fietstochten\/\">Fietstochten<\/a><\/li><li><a href=\"https:\/\/www.bage-pontdevaux-tourisme.com\/nl\/wat-te-zien-en-te-doen\/bewegen\/andere-hobbys\/\">Andere hobby&#039;s<\/a><\/li><\/ul><\/li><li><a href=\"https:\/\/www.bage-pontdevaux-tourisme.com\/nl\/wat-te-zien-en-te-doen\/smaken\/\">Smaken<\/a><ul><li><a href=\"https:\/\/www.bage-pontdevaux-tourisme.com\/nl\/wat-te-zien-en-te-doen\/smaken\/restaurants\/\">Restaurants<\/a><\/li><li><a href=\"https:\/\/www.bage-pontdevaux-tourisme.com\/nl\/wat-te-zien-en-te-doen\/smaken\/markten\/\">Markten<\/a><\/li><li><a href=\"https:\/\/www.bage-pontdevaux-tourisme.com\/nl\/wat-te-zien-en-te-doen\/smaken\/lokale-producenten\/\">Lokale producenten<\/a><\/li><li><a href=\"https:\/\/www.bage-pontdevaux-tourisme.com\/nl\/wat-te-zien-en-te-doen\/smaken\/ambachtslieden\/\">Ambachtslieden<\/a><\/li><\/ul><\/li><\/ul><\/li><li><a href=\"https:\/\/www.bage-pontdevaux-tourisme.com\/nl\/brochures\/\">Brochures<\/a><\/li><li><a href=\"https:\/\/www.bage-pontdevaux-tourisme.com\/nl\/professionele-ruimte\/\">Professionele ruimte<\/a><\/li><li><a href=\"https:\/\/www.bage-pontdevaux-tourisme.com\/nl\/praktijk\/\">Praktijk<\/a><ul><li><a href=\"https:\/\/www.bage-pontdevaux-tourisme.com\/nl\/praktijk\/waar-slapen\/\">Waar slapen?<\/a><ul><li><a href=\"https:\/\/www.bage-pontdevaux-tourisme.com\/nl\/praktijk\/waar-slapen\/bed-breakfast\/\">Bed  Breakfast<\/a><\/li><li><a href=\"https:\/\/www.bage-pontdevaux-tourisme.com\/nl\/praktijk\/waar-slapen\/hotels\/\">Hotels<\/a><\/li><li><a href=\"https:\/\/www.bage-pontdevaux-tourisme.com\/nl\/praktijk\/waar-slapen\/gemeubileerde-appartementen-en-gites\/\">Gemeubileerde appartementen en g\u00eetes<\/a><\/li><li><a href=\"https:\/\/www.bage-pontdevaux-tourisme.com\/nl\/praktijk\/waar-slapen\/campings-camperplaats\/\">Campings, camperplaats<\/a><\/li><li><a href=\"https:\/\/www.bage-pontdevaux-tourisme.com\/nl\/praktijk\/waar-slapen\/ongewone-accommodatie\/\">Ongewone accommodatie<\/a><\/li><li><a href=\"https:\/\/www.bage-pontdevaux-tourisme.com\/nl\/praktijk\/waar-slapen\/jachthaven-en-rivierhaltes\/\">Jachthaven en rivierhaltes<\/a><\/li><\/ul><\/li><li><a href=\"https:\/\/www.bage-pontdevaux-tourisme.com\/nl\/praktijk\/waar-te-eten\/\">Waar te eten<\/a><ul><li><a href=\"https:\/\/www.bage-pontdevaux-tourisme.com\/nl\/praktijk\/waar-te-eten\/gastronomische-restaurants\/\">Gastronomische restaurants<\/a><\/li><li><a href=\"https:\/\/www.bage-pontdevaux-tourisme.com\/nl\/praktijk\/waar-te-eten\/traditionele-restaurants\/\">Traditionele restaurants<\/a><\/li><li><a href=\"https:\/\/www.bage-pontdevaux-tourisme.com\/nl\/praktijk\/waar-te-eten\/fastfood\/\">Fastfood<\/a><\/li><\/ul><\/li><li><a href=\"https:\/\/www.bage-pontdevaux-tourisme.com\/nl\/praktijk\/vvv-kantoor\/\">VVV-kantoor<\/a><\/li><\/ul><\/li><li><a href=\"https:\/\/www.bage-pontdevaux-tourisme.com\/nl\/ervaringen\/\">Ervaringen<\/a><\/li><li><a href=\"https:\/\/www.bage-pontdevaux-tourisme.com\/nl\/te-voet\/\">Te voet<\/a><\/li><li><a href=\"https:\/\/www.bage-pontdevaux-tourisme.com\/nl\/familie\/\">Familie<\/a><\/li><li><a href=\"https:\/\/www.bage-pontdevaux-tourisme.com\/nl\/alle-evenementen\/\">Al onze evenementen<\/a><\/li><li><a href=\"https:\/\/www.bage-pontdevaux-tourisme.com\/nl\/verken-de-kaart\/\">Verken de kaart<\/a><\/li><li><a href=\"https:\/\/www.bage-pontdevaux-tourisme.com\/nl\/in-een-groep\/\">In een groep<\/a><\/li><li><a href=\"https:\/\/www.bage-pontdevaux-tourisme.com\/nl\/nabijgelegen\/\">Nabijgelegen<\/a><\/li><li><a href=\"https:\/\/www.bage-pontdevaux-tourisme.com\/nl\/alle-hoogtepunten\/\">Alle hoogtepunten<\/a><\/li><li><a href=\"https:\/\/www.bage-pontdevaux-tourisme.com\/nl\/cruises\/\">Cruises, wandelingen of lunches<\/a><\/li><\/ul><\/div>\n","protected":false},"excerpt":{"rendered":"","protected":false},"author":1,"featured_media":0,"parent":0,"menu_order":1,"comment_status":"closed","ping_status":"closed","template":"","meta":{"footnotes":""},"class_list":["post-8508","page","type-page","status-publish","hentry"],"yoast_head":"<!-- This site is optimized with the Yoast SEO plugin v27.4 - https:\/\/yoast.com\/product\/yoast-seo-wordpress\/ -->\n<title>Sitemap - Office de Tourisme du Pays de Bag\u00e9 et de Pont de Vaux<\/title>\n<meta name=\"robots\" content=\"noindex, follow\" \/>\n<meta property=\"og:locale\" content=\"nl_NL\" \/>\n<meta property=\"og:type\" content=\"article\" \/>\n<meta property=\"og:title\" content=\"Sitemap - Office de Tourisme du Pays de Bag\u00e9 et de Pont de Vaux\" \/>\n<meta property=\"og:url\" content=\"https:\/\/www.bage-pontdevaux-tourisme.com\/nl\/sitemap\/\" \/>\n<meta property=\"og:site_name\" content=\"Office de Tourisme du Pays de Bag\u00e9 et de Pont de Vaux\" \/>\n<meta property=\"article:modified_time\" content=\"2025-10-13T12:26:39+00:00\" \/>\n<meta name=\"twitter:card\" content=\"summary_large_image\" \/>\n<script type=\"application\/ld+json\" class=\"yoast-schema-graph\">{\"@context\":\"https:\\\/\\\/schema.org\",\"@graph\":[{\"@type\":\"WebPage\",\"@id\":\"https:\\\/\\\/www.bage-pontdevaux-tourisme.com\\\/nl\\\/sitemap\\\/\",\"url\":\"https:\\\/\\\/www.bage-pontdevaux-tourisme.com\\\/nl\\\/sitemap\\\/\",\"name\":\"Sitemap - Office de Tourisme du Pays de Bag\u00e9 et de Pont de Vaux\",\"isPartOf\":{\"@id\":\"https:\\\/\\\/www.bage-pontdevaux-tourisme.com\\\/nl\\\/#website\"},\"datePublished\":\"2025-05-21T16:20:51+00:00\",\"dateModified\":\"2025-10-13T12:26:39+00:00\",\"breadcrumb\":{\"@id\":\"https:\\\/\\\/www.bage-pontdevaux-tourisme.com\\\/nl\\\/sitemap\\\/#breadcrumb\"},\"inLanguage\":\"nl-NL\",\"potentialAction\":[{\"@type\":\"ReadAction\",\"target\":[\"https:\\\/\\\/www.bage-pontdevaux-tourisme.com\\\/nl\\\/sitemap\\\/\"]}]},{\"@type\":\"BreadcrumbList\",\"@id\":\"https:\\\/\\\/www.bage-pontdevaux-tourisme.com\\\/nl\\\/sitemap\\\/#breadcrumb\",\"itemListElement\":[{\"@type\":\"ListItem\",\"position\":1,\"name\":\"Accueil\",\"item\":\"https:\\\/\\\/www.bage-pontdevaux-tourisme.com\\\/nl\\\/op-een-steenworp-afstand-van-de-bourgogne-een-gastvrij-platteland-tussen-bresse-en-saone\\\/\"},{\"@type\":\"ListItem\",\"position\":2,\"name\":\"Sitemap\"}]},{\"@type\":\"WebSite\",\"@id\":\"https:\\\/\\\/www.bage-pontdevaux-tourisme.com\\\/nl\\\/#website\",\"url\":\"https:\\\/\\\/www.bage-pontdevaux-tourisme.com\\\/nl\\\/\",\"name\":\"Office de Tourisme du Pays de Bag\u00e9 et de Pont de Vaux\",\"description\":\"\",\"publisher\":{\"@id\":\"https:\\\/\\\/www.bage-pontdevaux-tourisme.com\\\/nl\\\/#organization\"},\"potentialAction\":[{\"@type\":\"SearchAction\",\"target\":{\"@type\":\"EntryPoint\",\"urlTemplate\":\"https:\\\/\\\/www.bage-pontdevaux-tourisme.com\\\/nl\\\/?s={search_term_string}\"},\"query-input\":{\"@type\":\"PropertyValueSpecification\",\"valueRequired\":true,\"valueName\":\"search_term_string\"}}],\"inLanguage\":\"nl-NL\"},{\"@type\":\"Organization\",\"@id\":\"https:\\\/\\\/www.bage-pontdevaux-tourisme.com\\\/nl\\\/#organization\",\"name\":\"Office de Tourisme du Pays de Bag\u00e9 et de Pont de Vaux\",\"url\":\"https:\\\/\\\/www.bage-pontdevaux-tourisme.com\\\/nl\\\/\",\"logo\":{\"@type\":\"ImageObject\",\"inLanguage\":\"nl-NL\",\"@id\":\"https:\\\/\\\/www.bage-pontdevaux-tourisme.com\\\/nl\\\/#\\\/schema\\\/logo\\\/image\\\/\",\"url\":\"https:\\\/\\\/www.bage-pontdevaux-tourisme.com\\\/wp-content\\\/uploads\\\/2025\\\/05\\\/logo-pays-de-bage-and-pont-de-vaux.svg\",\"contentUrl\":\"https:\\\/\\\/www.bage-pontdevaux-tourisme.com\\\/wp-content\\\/uploads\\\/2025\\\/05\\\/logo-pays-de-bage-and-pont-de-vaux.svg\",\"caption\":\"Office de Tourisme du Pays de Bag\u00e9 et de Pont de Vaux\"},\"image\":{\"@id\":\"https:\\\/\\\/www.bage-pontdevaux-tourisme.com\\\/nl\\\/#\\\/schema\\\/logo\\\/image\\\/\"}}]}<\/script>\n<!-- \/ Yoast SEO plugin. -->","yoast_head_json":{"title":"Sitemap - Office de Tourisme du Pays de Bag\u00e9 et de Pont de Vaux","robots":{"index":"noindex","follow":"follow"},"og_locale":"nl_NL","og_type":"article","og_title":"Sitemap - Office de Tourisme du Pays de Bag\u00e9 et de Pont de Vaux","og_url":"https:\/\/www.bage-pontdevaux-tourisme.com\/nl\/sitemap\/","og_site_name":"Office de Tourisme du Pays de Bag\u00e9 et de Pont de Vaux","article_modified_time":"2025-10-13T12:26:39+00:00","twitter_card":"summary_large_image","schema":{"@context":"https:\/\/schema.org","@graph":[{"@type":"WebPage","@id":"https:\/\/www.bage-pontdevaux-tourisme.com\/nl\/sitemap\/","url":"https:\/\/www.bage-pontdevaux-tourisme.com\/nl\/sitemap\/","name":"Sitemap - Office de Tourisme du Pays de Bag\u00e9 et de Pont de Vaux","isPartOf":{"@id":"https:\/\/www.bage-pontdevaux-tourisme.com\/nl\/#website"},"datePublished":"2025-05-21T16:20:51+00:00","dateModified":"2025-10-13T12:26:39+00:00","breadcrumb":{"@id":"https:\/\/www.bage-pontdevaux-tourisme.com\/nl\/sitemap\/#breadcrumb"},"inLanguage":"nl-NL","potentialAction":[{"@type":"ReadAction","target":["https:\/\/www.bage-pontdevaux-tourisme.com\/nl\/sitemap\/"]}]},{"@type":"BreadcrumbList","@id":"https:\/\/www.bage-pontdevaux-tourisme.com\/nl\/sitemap\/#breadcrumb","itemListElement":[{"@type":"ListItem","position":1,"name":"Accueil","item":"https:\/\/www.bage-pontdevaux-tourisme.com\/nl\/op-een-steenworp-afstand-van-de-bourgogne-een-gastvrij-platteland-tussen-bresse-en-saone\/"},{"@type":"ListItem","position":2,"name":"Sitemap"}]},{"@type":"WebSite","@id":"https:\/\/www.bage-pontdevaux-tourisme.com\/nl\/#website","url":"https:\/\/www.bage-pontdevaux-tourisme.com\/nl\/","name":"Office de Tourisme du Pays de Bag\u00e9 et de Pont de Vaux","description":"","publisher":{"@id":"https:\/\/www.bage-pontdevaux-tourisme.com\/nl\/#organization"},"potentialAction":[{"@type":"SearchAction","target":{"@type":"EntryPoint","urlTemplate":"https:\/\/www.bage-pontdevaux-tourisme.com\/nl\/?s={search_term_string}"},"query-input":{"@type":"PropertyValueSpecification","valueRequired":true,"valueName":"search_term_string"}}],"inLanguage":"nl-NL"},{"@type":"Organization","@id":"https:\/\/www.bage-pontdevaux-tourisme.com\/nl\/#organization","name":"Office de Tourisme du Pays de Bag\u00e9 et de Pont de Vaux","url":"https:\/\/www.bage-pontdevaux-tourisme.com\/nl\/","logo":{"@type":"ImageObject","inLanguage":"nl-NL","@id":"https:\/\/www.bage-pontdevaux-tourisme.com\/nl\/#\/schema\/logo\/image\/","url":"https:\/\/www.bage-pontdevaux-tourisme.com\/wp-content\/uploads\/2025\/05\/logo-pays-de-bage-and-pont-de-vaux.svg","contentUrl":"https:\/\/www.bage-pontdevaux-tourisme.com\/wp-content\/uploads\/2025\/05\/logo-pays-de-bage-and-pont-de-vaux.svg","caption":"Office de Tourisme du Pays de Bag\u00e9 et de Pont de Vaux"},"image":{"@id":"https:\/\/www.bage-pontdevaux-tourisme.com\/nl\/#\/schema\/logo\/image\/"}}]}},"_links":{"self":[{"href":"https:\/\/www.bage-pontdevaux-tourisme.com\/nl\/wp-json\/wp\/v2\/pages\/8508","targetHints":{"allow":["GET"]}}],"collection":[{"href":"https:\/\/www.bage-pontdevaux-tourisme.com\/nl\/wp-json\/wp\/v2\/pages"}],"about":[{"href":"https:\/\/www.bage-pontdevaux-tourisme.com\/nl\/wp-json\/wp\/v2\/types\/page"}],"author":[{"embeddable":true,"href":"https:\/\/www.bage-pontdevaux-tourisme.com\/nl\/wp-json\/wp\/v2\/users\/1"}],"replies":[{"embeddable":true,"href":"https:\/\/www.bage-pontdevaux-tourisme.com\/nl\/wp-json\/wp\/v2\/comments?post=8508"}],"version-history":[{"count":1,"href":"https:\/\/www.bage-pontdevaux-tourisme.com\/nl\/wp-json\/wp\/v2\/pages\/8508\/revisions"}],"predecessor-version":[{"id":8509,"href":"https:\/\/www.bage-pontdevaux-tourisme.com\/nl\/wp-json\/wp\/v2\/pages\/8508\/revisions\/8509"}],"wp:attachment":[{"href":"https:\/\/www.bage-pontdevaux-tourisme.com\/nl\/wp-json\/wp\/v2\/media?parent=8508"}],"curies":[{"name":"wp","href":"https:\/\/api.w.org\/{rel}","templated":true}]}}