{"id":8464,"date":"2025-05-22T14:17:40","date_gmt":"2025-05-22T12:17:40","guid":{"rendered":"https:\/\/www.bage-pontdevaux-tourisme.com\/essentieel\/erfgoed\/dorp-van-bage-le-chatel\/"},"modified":"2025-10-30T16:25:22","modified_gmt":"2025-10-30T15:25:22","slug":"dorp-van-bage-le-chatel","status":"publish","type":"page","link":"https:\/\/www.bage-pontdevaux-tourisme.com\/nl\/essentieel\/erfgoed\/dorp-van-bage-le-chatel\/","title":{"rendered":"Dorp van B\u00e2g\u00e9-le-Ch\u00e2tel"},"content":{"rendered":"\n<div class=\"wp-block-ws-library-ws-header-interne is-layout-constrained alignfull\"><div class=\"header-container\"><div class=\"group-media has-image\"><img decoding=\"async\" src=\"https:\/\/www.bage-pontdevaux-tourisme.com\/wp-content\/uploads\/2025\/05\/bage-le-chatel-tour-de-lhopital-1920x530.jpg\" alt=\"\" class=\"image_large_square WP-afbeelding-265  \"\/><\/div><div class=\"group-content\"><div class=\"title\"><h1>Dorp van B\u00e2g\u00e9-le-Ch\u00e2tel<\/h1><\/div><\/div><\/div><div class=\"yoast-breadcrumbs\"><span><span><a href=\"https:\/\/www.bage-pontdevaux-tourisme.com\/nl\/op-een-steenworp-afstand-van-de-bourgogne-een-gastvrij-platteland-tussen-bresse-en-saone\/\">Accueil<\/a><\/span> \/ <span><a href=\"https:\/\/www.bage-pontdevaux-tourisme.com\/nl\/essentieel\/\">Essentieel<\/a><\/span> \/ <span><a href=\"https:\/\/www.bage-pontdevaux-tourisme.com\/nl\/essentieel\/erfgoed\/\">Erfgoed<\/a><\/span> \/ <span class=\"breadcrumb_last\" aria-current=\"page\">Dorp van B\u00e2g\u00e9-le-Ch\u00e2tel<\/span><\/span><\/div><\/div>\n\n<div class=\"wp-block-ws-library-ws-title is-style-wave-blue\"><h2>Het leengoed van de heren van Bag\u00e9<\/h2><\/div>\n\n<p>De <strong>heren van Bag\u00e9 <\/strong>, die al bijna 3 eeuwen aanwezig zijn, hebben hun stempel gedrukt op het grondgebied en hebben van B\u00e2g\u00e9-le-Ch\u00e2tel <strong>van de negende tot de dertiende eeuw de eerste politieke hoofdstad van Bresse<\/strong> gemaakt, dankzij de bevoorrechte ligging in Bresse. De stad B\u00e2g\u00e9-le-Ch\u00e2tel, die de vlakte ongeveer vijftig meter domineert, heeft nog steeds sporen van haar geschiedenis en haar prestigieuze verleden, met name dankzij pleinen en straten met suggestieve namen: de Place de l&#8217;Eperon, de Place du Jeu de l&#8217;Arc&#8230; of de rue Condemnale die toegang biedt tot de Place de l&#8217;\u00c9cart, waar de veroordeelden ooit werden ingekwartierd.   <\/p>\n\n<div class=\"wp-block-ws-library-ws-slider alignwide\"><div class=\"splide\" data-splide=\"{\"type\":\"slide\",\"heightRatio\":\"auto\",\"perMove\":1,\"fixedWidth\":445,\"drag\":true,\"pagination\":0,\"autoplay\":false,\"gap\":\"25px\"}\"><div class=\"splide__track\"><div class=\"splide__list\"><div class=\"splide__slide\"><a href=\"https:\/\/www.bage-pontdevaux-tourisme.com\/wp-content\/uploads\/2025\/05\/bage-le-chatel-tour-chemin-de-ronde-f-couturier-scaled.jpg\" data-glightbox=\"true\" class=\"lightbox-trigger\"><img decoding=\"async\" src=\"https:\/\/www.bage-pontdevaux-tourisme.com\/wp-content\/uploads\/2025\/05\/bage-le-chatel-tour-chemin-de-ronde-f-couturier-445x250.jpg\" alt=\"Rondleiding door de wallen van Bag\u00e9\"><\/a><\/div><div class=\"splide__slide\"><a href=\"https:\/\/www.bage-pontdevaux-tourisme.com\/wp-content\/uploads\/2025\/09\/20230924-112236-scaled.jpg\" data-glightbox=\"true\" class=\"lightbox-trigger\"><img decoding=\"async\" src=\"https:\/\/www.bage-pontdevaux-tourisme.com\/wp-content\/uploads\/2025\/09\/20230924-112236-scaled.jpg\" alt=\"\"><\/a><\/div><div class=\"splide__slide\"><a href=\"https:\/\/www.bage-pontdevaux-tourisme.com\/wp-content\/uploads\/2025\/05\/bage-le-chatel-mairie-et-eglise-f-couturier-scaled.jpg\" data-glightbox=\"true\" class=\"lightbox-trigger\"><img decoding=\"async\" src=\"https:\/\/www.bage-pontdevaux-tourisme.com\/wp-content\/uploads\/2025\/05\/bage-le-chatel-mairie-et-eglise-f-couturier-445x250.jpg\" alt=\"\"><\/a><\/div><div class=\"splide__slide\"><a href=\"https:\/\/www.bage-pontdevaux-tourisme.com\/wp-content\/uploads\/2025\/05\/dsc05267-scaled.jpg\" data-glightbox=\"true\" class=\"lightbox-trigger\"><img decoding=\"async\" src=\"https:\/\/www.bage-pontdevaux-tourisme.com\/wp-content\/uploads\/2025\/05\/dsc05267-445x250.jpg\" alt=\"\"><\/a><\/div><div class=\"splide__slide\"><a href=\"https:\/\/www.bage-pontdevaux-tourisme.com\/wp-content\/uploads\/2025\/09\/20180802-194924-scaled.jpg\" data-glightbox=\"true\" class=\"lightbox-trigger\"><img decoding=\"async\" src=\"https:\/\/www.bage-pontdevaux-tourisme.com\/wp-content\/uploads\/2025\/09\/20180802-194924-445x250.jpg\" alt=\"\"><\/a><\/div><div class=\"splide__slide\"><a href=\"https:\/\/www.bage-pontdevaux-tourisme.com\/wp-content\/uploads\/2025\/05\/bage-le-chatel-tour-de-lhopital-scaled.jpg\" data-glightbox=\"true\" class=\"lightbox-trigger\"><img decoding=\"async\" src=\"https:\/\/www.bage-pontdevaux-tourisme.com\/wp-content\/uploads\/2025\/05\/bage-le-chatel-tour-de-lhopital-445x250.jpg\" alt=\"\"><\/a><\/div><div class=\"splide__slide\"><a href=\"https:\/\/www.bage-pontdevaux-tourisme.com\/wp-content\/uploads\/2025\/09\/20180802-194944-scaled.jpg\" data-glightbox=\"true\" class=\"lightbox-trigger\"><img decoding=\"async\" src=\"https:\/\/www.bage-pontdevaux-tourisme.com\/wp-content\/uploads\/2025\/09\/20180802-194944-445x250.jpg\" alt=\"\"><\/a><\/div><div class=\"splide__slide\"><a href=\"https:\/\/www.bage-pontdevaux-tourisme.com\/wp-content\/uploads\/2025\/09\/20230924-110752-scaled.jpg\" data-glightbox=\"true\" class=\"lightbox-trigger\"><img decoding=\"async\" src=\"https:\/\/www.bage-pontdevaux-tourisme.com\/wp-content\/uploads\/2025\/09\/20230924-110752-scaled.jpg\" alt=\"\"><\/a><\/div><div class=\"splide__slide\"><a href=\"https:\/\/www.bage-pontdevaux-tourisme.com\/wp-content\/uploads\/2025\/09\/maison-rognee-et-eclaircie-445x250.jpg\" data-glightbox=\"true\" class=\"lightbox-trigger\"><img decoding=\"async\" src=\"https:\/\/www.bage-pontdevaux-tourisme.com\/wp-content\/uploads\/2025\/09\/maison-rognee-et-eclaircie-445x250.jpg\" alt=\"\"><\/a><\/div><div class=\"splide__slide\"><a href=\"https:\/\/www.bage-pontdevaux-tourisme.com\/wp-content\/uploads\/2025\/09\/20180802-194956-scaled.jpg\" data-glightbox=\"true\" class=\"lightbox-trigger\"><img decoding=\"async\" src=\"https:\/\/www.bage-pontdevaux-tourisme.com\/wp-content\/uploads\/2025\/09\/20180802-194956-445x250.jpg\" alt=\"\"><\/a><\/div><\/div><\/div><\/div><\/div>\n\n<p>Naast enkele <strong>sporen van de oude wallen<\/strong>, behoudt de stad zijn <strong>kasteel<\/strong> (priv\u00e9bezit) en <strong>enkele torens<\/strong>, waarvan er \u00e9\u00e9n is bekroond met een windwijzer met het wapen van Bag\u00e9 en is versierd met twee negentiende-eeuwse glas-in-loodramen die betrekking hebben op het leven van de heren van B\u00e2g\u00e9.  <\/p>\n\n<p><strong>Een ontdekkingscircuit<\/strong> <strong>van de stad van de heren van Bag\u00e9<\/strong> , afgebakend met verklarende plaquettes, stelt u in staat om vrij door het dorp te wandelen en er omheen te gaan via <strong>de borstwering<\/strong>. Het VVV-kantoor biedt <strong>in de zomer rondleidingen door het dorp!<\/strong> <\/p>\n\n<p><strong>Fr\u00e9d\u00e9ric Martin<\/strong>, chef-kok van het <strong>restaurant &#8220;La table b\u00e2g\u00e9sienne&#8221;<\/strong> <a href=\"https:\/\/www.latablebagesienne.com\/\" target=\"_blank\" rel=\"noreferrer noopener\">www.latablebagesienne.com<\/a> onderscheiden door een Bib gourmand, zal uw smaakpapillen verrukken!<\/p>\n\n<div class=\"wp-block-ws-library-ws-image\"><div class=\"wrapper\"><div class=\"group-media\"><img decoding=\"async\" src=\"https:\/\/www.bage-pontdevaux-tourisme.com\/wp-content\/uploads\/2025\/09\/table-bagesienne-960x640.jpg\" alt=\"\" class=\"single_image ws-image-7173\"><div class=\"credits\"><\/div><\/div><p class=\"caption\"><\/p><\/div><\/div>\n","protected":false},"excerpt":{"rendered":"<p>De heren van Bag\u00e9 , die al bijna 3 eeuwen aanwezig zijn, hebben hun stempel gedrukt op het grondgebied en [&hellip;]<\/p>\n","protected":false},"author":1,"featured_media":0,"parent":8377,"menu_order":2,"comment_status":"closed","ping_status":"closed","template":"","meta":{"footnotes":""},"class_list":["post-8464","page","type-page","status-publish","hentry"],"yoast_head":"<!-- This site is optimized with the Yoast SEO plugin v27.4 - https:\/\/yoast.com\/product\/yoast-seo-wordpress\/ -->\n<title>Dorp van B\u00e2g\u00e9-le-Ch\u00e2tel - Office de Tourisme du Pays de Bag\u00e9 et de Pont de Vaux<\/title>\n<meta name=\"robots\" content=\"index, follow, max-snippet:-1, max-image-preview:large, max-video-preview:-1\" \/>\n<link rel=\"canonical\" href=\"https:\/\/www.bage-pontdevaux-tourisme.com\/nl\/essentieel\/erfgoed\/dorp-van-bage-le-chatel\/\" \/>\n<meta property=\"og:locale\" content=\"nl_NL\" \/>\n<meta property=\"og:type\" content=\"article\" \/>\n<meta property=\"og:title\" content=\"Dorp van B\u00e2g\u00e9-le-Ch\u00e2tel - Office de Tourisme du Pays de Bag\u00e9 et de Pont de Vaux\" \/>\n<meta property=\"og:description\" content=\"De heren van Bag\u00e9 , die al bijna 3 eeuwen aanwezig zijn, hebben hun stempel gedrukt op het grondgebied en [&hellip;]\" \/>\n<meta property=\"og:url\" content=\"https:\/\/www.bage-pontdevaux-tourisme.com\/nl\/essentieel\/erfgoed\/dorp-van-bage-le-chatel\/\" \/>\n<meta property=\"og:site_name\" content=\"Office de Tourisme du Pays de Bag\u00e9 et de Pont de Vaux\" \/>\n<meta property=\"article:modified_time\" content=\"2025-10-30T15:25:22+00:00\" \/>\n<meta property=\"og:image\" content=\"https:\/\/www.bage-pontdevaux-tourisme.com\/wp-content\/uploads\/2025\/05\/bage-le-chatel-tour-de-lhopital-1920x530.jpg\" \/>\n<meta name=\"twitter:card\" content=\"summary_large_image\" \/>\n<meta name=\"twitter:label1\" content=\"Geschatte leestijd\" \/>\n\t<meta name=\"twitter:data1\" content=\"1 minuut\" \/>\n<script type=\"application\/ld+json\" class=\"yoast-schema-graph\">{\"@context\":\"https:\\\/\\\/schema.org\",\"@graph\":[{\"@type\":\"WebPage\",\"@id\":\"https:\\\/\\\/www.bage-pontdevaux-tourisme.com\\\/nl\\\/essentieel\\\/erfgoed\\\/dorp-van-bage-le-chatel\\\/\",\"url\":\"https:\\\/\\\/www.bage-pontdevaux-tourisme.com\\\/nl\\\/essentieel\\\/erfgoed\\\/dorp-van-bage-le-chatel\\\/\",\"name\":\"Dorp van B\u00e2g\u00e9-le-Ch\u00e2tel - Office de Tourisme du Pays de Bag\u00e9 et de Pont de Vaux\",\"isPartOf\":{\"@id\":\"https:\\\/\\\/www.bage-pontdevaux-tourisme.com\\\/nl\\\/#website\"},\"primaryImageOfPage\":{\"@id\":\"https:\\\/\\\/www.bage-pontdevaux-tourisme.com\\\/nl\\\/essentieel\\\/erfgoed\\\/dorp-van-bage-le-chatel\\\/#primaryimage\"},\"image\":{\"@id\":\"https:\\\/\\\/www.bage-pontdevaux-tourisme.com\\\/nl\\\/essentieel\\\/erfgoed\\\/dorp-van-bage-le-chatel\\\/#primaryimage\"},\"thumbnailUrl\":\"https:\\\/\\\/www.bage-pontdevaux-tourisme.com\\\/wp-content\\\/uploads\\\/2025\\\/05\\\/bage-le-chatel-tour-de-lhopital-1920x530.jpg\",\"datePublished\":\"2025-05-22T12:17:40+00:00\",\"dateModified\":\"2025-10-30T15:25:22+00:00\",\"breadcrumb\":{\"@id\":\"https:\\\/\\\/www.bage-pontdevaux-tourisme.com\\\/nl\\\/essentieel\\\/erfgoed\\\/dorp-van-bage-le-chatel\\\/#breadcrumb\"},\"inLanguage\":\"nl-NL\",\"potentialAction\":[{\"@type\":\"ReadAction\",\"target\":[\"https:\\\/\\\/www.bage-pontdevaux-tourisme.com\\\/nl\\\/essentieel\\\/erfgoed\\\/dorp-van-bage-le-chatel\\\/\"]}]},{\"@type\":\"ImageObject\",\"inLanguage\":\"nl-NL\",\"@id\":\"https:\\\/\\\/www.bage-pontdevaux-tourisme.com\\\/nl\\\/essentieel\\\/erfgoed\\\/dorp-van-bage-le-chatel\\\/#primaryimage\",\"url\":\"https:\\\/\\\/www.bage-pontdevaux-tourisme.com\\\/wp-content\\\/uploads\\\/2025\\\/05\\\/bage-le-chatel-tour-de-lhopital-1920x530.jpg\",\"contentUrl\":\"https:\\\/\\\/www.bage-pontdevaux-tourisme.com\\\/wp-content\\\/uploads\\\/2025\\\/05\\\/bage-le-chatel-tour-de-lhopital-1920x530.jpg\"},{\"@type\":\"BreadcrumbList\",\"@id\":\"https:\\\/\\\/www.bage-pontdevaux-tourisme.com\\\/nl\\\/essentieel\\\/erfgoed\\\/dorp-van-bage-le-chatel\\\/#breadcrumb\",\"itemListElement\":[{\"@type\":\"ListItem\",\"position\":1,\"name\":\"Accueil\",\"item\":\"https:\\\/\\\/www.bage-pontdevaux-tourisme.com\\\/nl\\\/op-een-steenworp-afstand-van-de-bourgogne-een-gastvrij-platteland-tussen-bresse-en-saone\\\/\"},{\"@type\":\"ListItem\",\"position\":2,\"name\":\"Essentieel\",\"item\":\"https:\\\/\\\/www.bage-pontdevaux-tourisme.com\\\/nl\\\/essentieel\\\/\"},{\"@type\":\"ListItem\",\"position\":3,\"name\":\"Erfgoed\",\"item\":\"https:\\\/\\\/www.bage-pontdevaux-tourisme.com\\\/nl\\\/essentieel\\\/erfgoed\\\/\"},{\"@type\":\"ListItem\",\"position\":4,\"name\":\"Dorp van B\u00e2g\u00e9-le-Ch\u00e2tel\"}]},{\"@type\":\"WebSite\",\"@id\":\"https:\\\/\\\/www.bage-pontdevaux-tourisme.com\\\/nl\\\/#website\",\"url\":\"https:\\\/\\\/www.bage-pontdevaux-tourisme.com\\\/nl\\\/\",\"name\":\"Office de Tourisme du Pays de Bag\u00e9 et de Pont de Vaux\",\"description\":\"\",\"publisher\":{\"@id\":\"https:\\\/\\\/www.bage-pontdevaux-tourisme.com\\\/nl\\\/#organization\"},\"potentialAction\":[{\"@type\":\"SearchAction\",\"target\":{\"@type\":\"EntryPoint\",\"urlTemplate\":\"https:\\\/\\\/www.bage-pontdevaux-tourisme.com\\\/nl\\\/?s={search_term_string}\"},\"query-input\":{\"@type\":\"PropertyValueSpecification\",\"valueRequired\":true,\"valueName\":\"search_term_string\"}}],\"inLanguage\":\"nl-NL\"},{\"@type\":\"Organization\",\"@id\":\"https:\\\/\\\/www.bage-pontdevaux-tourisme.com\\\/nl\\\/#organization\",\"name\":\"Office de Tourisme du Pays de Bag\u00e9 et de Pont de Vaux\",\"url\":\"https:\\\/\\\/www.bage-pontdevaux-tourisme.com\\\/nl\\\/\",\"logo\":{\"@type\":\"ImageObject\",\"inLanguage\":\"nl-NL\",\"@id\":\"https:\\\/\\\/www.bage-pontdevaux-tourisme.com\\\/nl\\\/#\\\/schema\\\/logo\\\/image\\\/\",\"url\":\"https:\\\/\\\/www.bage-pontdevaux-tourisme.com\\\/wp-content\\\/uploads\\\/2025\\\/05\\\/logo-pays-de-bage-and-pont-de-vaux.svg\",\"contentUrl\":\"https:\\\/\\\/www.bage-pontdevaux-tourisme.com\\\/wp-content\\\/uploads\\\/2025\\\/05\\\/logo-pays-de-bage-and-pont-de-vaux.svg\",\"caption\":\"Office de Tourisme du Pays de Bag\u00e9 et de Pont de Vaux\"},\"image\":{\"@id\":\"https:\\\/\\\/www.bage-pontdevaux-tourisme.com\\\/nl\\\/#\\\/schema\\\/logo\\\/image\\\/\"}}]}<\/script>\n<!-- \/ Yoast SEO plugin. -->","yoast_head_json":{"title":"Dorp van B\u00e2g\u00e9-le-Ch\u00e2tel - Office de Tourisme du Pays de Bag\u00e9 et de Pont de Vaux","robots":{"index":"index","follow":"follow","max-snippet":"max-snippet:-1","max-image-preview":"max-image-preview:large","max-video-preview":"max-video-preview:-1"},"canonical":"https:\/\/www.bage-pontdevaux-tourisme.com\/nl\/essentieel\/erfgoed\/dorp-van-bage-le-chatel\/","og_locale":"nl_NL","og_type":"article","og_title":"Dorp van B\u00e2g\u00e9-le-Ch\u00e2tel - Office de Tourisme du Pays de Bag\u00e9 et de Pont de Vaux","og_description":"De heren van Bag\u00e9 , die al bijna 3 eeuwen aanwezig zijn, hebben hun stempel gedrukt op het grondgebied en [&hellip;]","og_url":"https:\/\/www.bage-pontdevaux-tourisme.com\/nl\/essentieel\/erfgoed\/dorp-van-bage-le-chatel\/","og_site_name":"Office de Tourisme du Pays de Bag\u00e9 et de Pont de Vaux","article_modified_time":"2025-10-30T15:25:22+00:00","og_image":[{"url":"https:\/\/www.bage-pontdevaux-tourisme.com\/wp-content\/uploads\/2025\/05\/bage-le-chatel-tour-de-lhopital-1920x530.jpg","type":"","width":"","height":""}],"twitter_card":"summary_large_image","twitter_misc":{"Geschatte leestijd":"1 minuut"},"schema":{"@context":"https:\/\/schema.org","@graph":[{"@type":"WebPage","@id":"https:\/\/www.bage-pontdevaux-tourisme.com\/nl\/essentieel\/erfgoed\/dorp-van-bage-le-chatel\/","url":"https:\/\/www.bage-pontdevaux-tourisme.com\/nl\/essentieel\/erfgoed\/dorp-van-bage-le-chatel\/","name":"Dorp van B\u00e2g\u00e9-le-Ch\u00e2tel - Office de Tourisme du Pays de Bag\u00e9 et de Pont de Vaux","isPartOf":{"@id":"https:\/\/www.bage-pontdevaux-tourisme.com\/nl\/#website"},"primaryImageOfPage":{"@id":"https:\/\/www.bage-pontdevaux-tourisme.com\/nl\/essentieel\/erfgoed\/dorp-van-bage-le-chatel\/#primaryimage"},"image":{"@id":"https:\/\/www.bage-pontdevaux-tourisme.com\/nl\/essentieel\/erfgoed\/dorp-van-bage-le-chatel\/#primaryimage"},"thumbnailUrl":"https:\/\/www.bage-pontdevaux-tourisme.com\/wp-content\/uploads\/2025\/05\/bage-le-chatel-tour-de-lhopital-1920x530.jpg","datePublished":"2025-05-22T12:17:40+00:00","dateModified":"2025-10-30T15:25:22+00:00","breadcrumb":{"@id":"https:\/\/www.bage-pontdevaux-tourisme.com\/nl\/essentieel\/erfgoed\/dorp-van-bage-le-chatel\/#breadcrumb"},"inLanguage":"nl-NL","potentialAction":[{"@type":"ReadAction","target":["https:\/\/www.bage-pontdevaux-tourisme.com\/nl\/essentieel\/erfgoed\/dorp-van-bage-le-chatel\/"]}]},{"@type":"ImageObject","inLanguage":"nl-NL","@id":"https:\/\/www.bage-pontdevaux-tourisme.com\/nl\/essentieel\/erfgoed\/dorp-van-bage-le-chatel\/#primaryimage","url":"https:\/\/www.bage-pontdevaux-tourisme.com\/wp-content\/uploads\/2025\/05\/bage-le-chatel-tour-de-lhopital-1920x530.jpg","contentUrl":"https:\/\/www.bage-pontdevaux-tourisme.com\/wp-content\/uploads\/2025\/05\/bage-le-chatel-tour-de-lhopital-1920x530.jpg"},{"@type":"BreadcrumbList","@id":"https:\/\/www.bage-pontdevaux-tourisme.com\/nl\/essentieel\/erfgoed\/dorp-van-bage-le-chatel\/#breadcrumb","itemListElement":[{"@type":"ListItem","position":1,"name":"Accueil","item":"https:\/\/www.bage-pontdevaux-tourisme.com\/nl\/op-een-steenworp-afstand-van-de-bourgogne-een-gastvrij-platteland-tussen-bresse-en-saone\/"},{"@type":"ListItem","position":2,"name":"Essentieel","item":"https:\/\/www.bage-pontdevaux-tourisme.com\/nl\/essentieel\/"},{"@type":"ListItem","position":3,"name":"Erfgoed","item":"https:\/\/www.bage-pontdevaux-tourisme.com\/nl\/essentieel\/erfgoed\/"},{"@type":"ListItem","position":4,"name":"Dorp van B\u00e2g\u00e9-le-Ch\u00e2tel"}]},{"@type":"WebSite","@id":"https:\/\/www.bage-pontdevaux-tourisme.com\/nl\/#website","url":"https:\/\/www.bage-pontdevaux-tourisme.com\/nl\/","name":"Office de Tourisme du Pays de Bag\u00e9 et de Pont de Vaux","description":"","publisher":{"@id":"https:\/\/www.bage-pontdevaux-tourisme.com\/nl\/#organization"},"potentialAction":[{"@type":"SearchAction","target":{"@type":"EntryPoint","urlTemplate":"https:\/\/www.bage-pontdevaux-tourisme.com\/nl\/?s={search_term_string}"},"query-input":{"@type":"PropertyValueSpecification","valueRequired":true,"valueName":"search_term_string"}}],"inLanguage":"nl-NL"},{"@type":"Organization","@id":"https:\/\/www.bage-pontdevaux-tourisme.com\/nl\/#organization","name":"Office de Tourisme du Pays de Bag\u00e9 et de Pont de Vaux","url":"https:\/\/www.bage-pontdevaux-tourisme.com\/nl\/","logo":{"@type":"ImageObject","inLanguage":"nl-NL","@id":"https:\/\/www.bage-pontdevaux-tourisme.com\/nl\/#\/schema\/logo\/image\/","url":"https:\/\/www.bage-pontdevaux-tourisme.com\/wp-content\/uploads\/2025\/05\/logo-pays-de-bage-and-pont-de-vaux.svg","contentUrl":"https:\/\/www.bage-pontdevaux-tourisme.com\/wp-content\/uploads\/2025\/05\/logo-pays-de-bage-and-pont-de-vaux.svg","caption":"Office de Tourisme du Pays de Bag\u00e9 et de Pont de Vaux"},"image":{"@id":"https:\/\/www.bage-pontdevaux-tourisme.com\/nl\/#\/schema\/logo\/image\/"}}]}},"_links":{"self":[{"href":"https:\/\/www.bage-pontdevaux-tourisme.com\/nl\/wp-json\/wp\/v2\/pages\/8464","targetHints":{"allow":["GET"]}}],"collection":[{"href":"https:\/\/www.bage-pontdevaux-tourisme.com\/nl\/wp-json\/wp\/v2\/pages"}],"about":[{"href":"https:\/\/www.bage-pontdevaux-tourisme.com\/nl\/wp-json\/wp\/v2\/types\/page"}],"author":[{"embeddable":true,"href":"https:\/\/www.bage-pontdevaux-tourisme.com\/nl\/wp-json\/wp\/v2\/users\/1"}],"replies":[{"embeddable":true,"href":"https:\/\/www.bage-pontdevaux-tourisme.com\/nl\/wp-json\/wp\/v2\/comments?post=8464"}],"version-history":[{"count":3,"href":"https:\/\/www.bage-pontdevaux-tourisme.com\/nl\/wp-json\/wp\/v2\/pages\/8464\/revisions"}],"predecessor-version":[{"id":9561,"href":"https:\/\/www.bage-pontdevaux-tourisme.com\/nl\/wp-json\/wp\/v2\/pages\/8464\/revisions\/9561"}],"up":[{"embeddable":true,"href":"https:\/\/www.bage-pontdevaux-tourisme.com\/nl\/wp-json\/wp\/v2\/pages\/8377"}],"wp:attachment":[{"href":"https:\/\/www.bage-pontdevaux-tourisme.com\/nl\/wp-json\/wp\/v2\/media?parent=8464"}],"curies":[{"name":"wp","href":"https:\/\/api.w.org\/{rel}","templated":true}]}}