{"id":8460,"date":"2025-05-22T14:17:41","date_gmt":"2025-05-22T12:17:41","guid":{"rendered":"https:\/\/www.bage-pontdevaux-tourisme.com\/tentoonstellingen\/"},"modified":"2026-03-19T15:39:48","modified_gmt":"2026-03-19T14:39:48","slug":"tentoonstellingen","status":"publish","type":"page","link":"https:\/\/www.bage-pontdevaux-tourisme.com\/nl\/wat-te-zien-en-te-doen\/spelen\/tentoonstellingen\/","title":{"rendered":"Tentoonstellingen"},"content":{"rendered":"\n<div class=\"wp-block-ws-library-ws-header-interne is-layout-constrained alignfull\"><div class=\"header-container\"><div class=\"group-media has-image\"><img decoding=\"async\" src=\"https:\/\/www.bage-pontdevaux-tourisme.com\/wp-content\/uploads\/2025\/08\/20250718-185727-2-1920x530.jpg\" alt=\"\" class=\"image_large_square wp-afbeelding-4446  \"\/><\/div><div class=\"group-content\"><div class=\"title\"><h1>Tentoonstellingen<\/h1><\/div><\/div><\/div><div class=\"yoast-breadcrumbs\"><span><span><a href=\"https:\/\/www.bage-pontdevaux-tourisme.com\/nl\/op-een-steenworp-afstand-van-de-bourgogne-een-gastvrij-platteland-tussen-bresse-en-saone\/\">Accueil<\/a><\/span> \/ <span><a href=\"https:\/\/www.bage-pontdevaux-tourisme.com\/nl\/wat-te-zien-en-te-doen\/\">Wat te zien en te doen<\/a><\/span> \/ <span><a href=\"https:\/\/www.bage-pontdevaux-tourisme.com\/nl\/wat-te-zien-en-te-doen\/spelen\/\">Spelen<\/a><\/span> \/ <span class=\"breadcrumb_last\" aria-current=\"page\">Tentoonstellingen<\/span><\/span><\/div><\/div>\n<div id=\"listing_b3c20\" data-observer-wishlist class=\"ws-listing wp-block-ws-apidae-library-listing-agenda alignwide\"><div class=\"facetwp-template\"><div class=\"list-container active\"><div class=\"list-items\"><div class=\"item\"><div class=\"card card-apidae card-agenda\"><div class=\"group-top\"><div class=\"group-dates\" role=\"group\" aria-label=\"Data van het evenement\"><div class=\"field-dates  ws-apidae-date-coming\" role=\"group\" aria-label=\"Openingsdatum\"><time datetime=\"2026-04-15\"><span class=\"date-day-name\" aria-label=\"Dag\">Woensdag<\/span> <span class=\"date-day\" aria-label=\"Dag\">15<\/span> <span class=\"date-month\" aria-label=\"Maand\">april<\/span> <span class=\"date-year\" aria-label=\"Jaar\">2026<\/span><span class=\"date-delimiter\" aria-hidden=\"true\"> om <\/span><time class=\"date-hours\" datetime=\"14:00\" aria-label=\"Openingstijden\">14 h<\/time><\/time><\/div><\/div><\/div><div class=\"group-media\"><div class=\"field-image\"><img decoding=\"async\" src=\"https:\/\/images.weserv.nl\/?url=https:\/\/static.apidae-tourisme.com\/filestore\/objets-touristiques\/images\/227\/100\/20473059-diaporama.jpg&#038;w=320&#038;h=420&#038;fit=cover&#038;output=webp&#038;q=45\" alt=\"&#8220;van Tony tot Chintreuil&#8221; Een schilder aan het begin van het impressionisme\"\/><\/div><\/div><div class=\"group-content\"><div class=\"field-commune\">Pont-de-Vaux<\/div><div class=\"field-title\">&#8220;van Tony tot Chintreuil&#8221; Een schilder aan het begin van het impressionisme<\/div><div class=\"field-description\">In 2024 viert het impressionisme zijn 150e verjaardag. Het museum&#8230;<\/div><\/div><div class=\"field-link\"><a href=\"https:\/\/www.bage-pontdevaux-tourisme.com\/nl\/fiche\/van-tony-tot-chintreuil-een-schilder-aan-het-begin-van-het-impressionisme-2\/\" class=\"cardlink\">&#8220;van Tony tot Chintreuil&#8221; Een schilder aan het begin van het impressionisme<\/a><\/div><\/div><\/div><div class=\"item\"><div class=\"card card-apidae card-agenda\"><div class=\"group-top\"><div class=\"group-dates\" role=\"group\" aria-label=\"Data van het evenement\"><div class=\"field-dates  ws-apidae-date-coming\" role=\"group\" aria-label=\"Openingsdatum\"><time datetime=\"2026-04-15\"><span class=\"date-day-name\" aria-label=\"Dag\">Woensdag<\/span> <span class=\"date-day\" aria-label=\"Dag\">15<\/span> <span class=\"date-month\" aria-label=\"Maand\">april<\/span> <span class=\"date-year\" aria-label=\"Jaar\">2026<\/span><span class=\"date-delimiter\" aria-hidden=\"true\"> om <\/span><time class=\"date-hours\" datetime=\"14:00\" aria-label=\"Openingstijden\">14 h<\/time><\/time><\/div><\/div><\/div><div class=\"group-media\"><div class=\"field-image\"><img decoding=\"async\" src=\"https:\/\/images.weserv.nl\/?url=https:\/\/static.apidae-tourisme.com\/filestore\/objets-touristiques\/images\/192\/50\/39072448-diaporama.jpg&#038;w=320&#038;h=420&#038;fit=cover&#038;output=webp&#038;q=45\" alt=\"Art Trop Podes-tentoonstelling\"\/><\/div><\/div><div class=\"group-content\"><div class=\"field-commune\">Pont-de-Vaux<\/div><div class=\"field-title\">Art Trop Podes-tentoonstelling<\/div><div class=\"field-description\">Schilderijen, tekeningen, foto&#8217;s en beelden van insecten en andere kleine&#8230;<\/div><\/div><div class=\"field-link\"><a href=\"https:\/\/www.bage-pontdevaux-tourisme.com\/nl\/fiche\/tentoonstelling-art-trop-podes\/\" class=\"cardlink\">Art Trop Podes-tentoonstelling<\/a><\/div><\/div><\/div><div class=\"item\"><div class=\"card card-apidae card-agenda\"><div class=\"group-top\"><div class=\"group-dates\" role=\"group\" aria-label=\"Data van het evenement\"><div class=\"field-dates  ws-apidae-date-coming\" role=\"group\" aria-label=\"Openingsdatum\"><time datetime=\"2026-04-18\"><span class=\"date-day-name\" aria-label=\"Dag\">Zaterdag<\/span> <span class=\"date-day\" aria-label=\"Dag\">18<\/span> <span class=\"date-month\" aria-label=\"Maand\">april<\/span> <span class=\"date-year\" aria-label=\"Jaar\">2026<\/span><\/time><\/div><\/div><\/div><div class=\"group-media\"><div class=\"field-image\"><img decoding=\"async\" src=\"https:\/\/images.weserv.nl\/?url=https:\/\/static.apidae-tourisme.com\/filestore\/objets-touristiques\/images\/151\/48\/38482071-diaporama.jpg&#038;w=320&#038;h=420&#038;fit=cover&#038;output=webp&#038;q=45\" alt=\"Tentoonstelling van schilderijen\"\/><\/div><\/div><div class=\"group-content\"><div class=\"field-commune\">B\u00e2g\u00e9-le-Ch\u00e2tel<\/div><div class=\"field-title\">Tentoonstelling van schilderijen<\/div><div class=\"field-description\">Leden van het collectief &#8220;Arts \u00e9closion&#8221; stellen hun werk tentoon!<\/div><\/div><div class=\"field-link\"><a href=\"https:\/\/www.bage-pontdevaux-tourisme.com\/nl\/fiche\/schilderijententoonstelling\/\" class=\"cardlink\">Tentoonstelling van schilderijen<\/a><\/div><\/div><\/div><div class=\"item\"><div class=\"card card-apidae card-agenda\"><div class=\"group-top\"><div class=\"group-dates\" role=\"group\" aria-label=\"Data van het evenement\"><div class=\"field-dates  ws-apidae-date-coming\" role=\"group\" aria-label=\"Openingsdatum\"><time datetime=\"2026-05-23\"><span class=\"date-day-name\" aria-label=\"Dag\">Zaterdag<\/span> <span class=\"date-day\" aria-label=\"Dag\">23<\/span> <span class=\"date-month\" aria-label=\"Maand\">mei<\/span> <span class=\"date-year\" aria-label=\"Jaar\">2026<\/span><\/time><\/div><\/div><\/div><div class=\"group-media\"><div class=\"field-image\"><img decoding=\"async\" src=\"https:\/\/images.weserv.nl\/?url=https:\/\/static.apidae-tourisme.com\/filestore\/objets-touristiques\/images\/208\/98\/38101712-diaporama.jpg&#038;w=320&#038;h=420&#038;fit=cover&#038;output=webp&#038;q=45\" alt=\"Tentoonstelling van schilderijen\"\/><\/div><\/div><div class=\"group-content\"><div class=\"field-commune\">B\u00e2g\u00e9-le-Ch\u00e2tel<\/div><div class=\"field-title\">Tentoonstelling van schilderijen<\/div><\/div><div class=\"field-link\"><a href=\"https:\/\/www.bage-pontdevaux-tourisme.com\/nl\/fiche\/exposition-de-peintures-4\/\" class=\"cardlink\">Tentoonstelling van schilderijen<\/a><\/div><\/div><\/div><div class=\"item\"><div class=\"card card-apidae card-agenda\"><div class=\"group-top\"><div class=\"group-dates\" role=\"group\" aria-label=\"Data van het evenement\"><div class=\"field-dates  ws-apidae-date-coming\" role=\"group\" aria-label=\"Openingsdatum\"><time datetime=\"2026-06-05\"><span class=\"date-day-name\" aria-label=\"Dag\">Vrijdag<\/span> <span class=\"date-day\" aria-label=\"Dag\">5<\/span> <span class=\"date-month\" aria-label=\"Maand\">juni<\/span> <span class=\"date-year\" aria-label=\"Jaar\">2026<\/span><\/time><\/div><\/div><\/div><div class=\"group-media\"><div class=\"field-image\"><img decoding=\"async\" src=\"https:\/\/images.weserv.nl\/?url=https:\/\/static.apidae-tourisme.com\/filestore\/objets-touristiques\/images\/179\/17\/36442547-diaporama.jpg&#038;w=320&#038;h=420&#038;fit=cover&#038;output=webp&#038;q=45\" alt=\"Tentoonstelling tekenen en schilderen\"\/><\/div><\/div><div class=\"group-content\"><div class=\"field-commune\">Pont-de-Vaux<\/div><div class=\"field-title\">Tentoonstelling tekenen en schilderen<\/div><\/div><div class=\"field-link\"><a href=\"https:\/\/www.bage-pontdevaux-tourisme.com\/nl\/fiche\/exposition-de-dessin-et-peinture-3\/\" class=\"cardlink\">Tentoonstelling tekenen en schilderen<\/a><\/div><\/div><\/div><div class=\"item\"><div class=\"card card-apidae card-agenda\"><div class=\"group-top\"><div class=\"group-dates\" role=\"group\" aria-label=\"Data van het evenement\"><div class=\"field-dates  ws-apidae-date-coming\" role=\"group\" aria-label=\"Openingsdatum\"><time datetime=\"2026-06-27\"><span class=\"date-day-name\" aria-label=\"Dag\">Zaterdag<\/span> <span class=\"date-day\" aria-label=\"Dag\">27<\/span> <span class=\"date-month\" aria-label=\"Maand\">juni<\/span> <span class=\"date-year\" aria-label=\"Jaar\">2026<\/span><\/time><\/div><\/div><\/div><div class=\"group-media\"><div class=\"field-image\"><img decoding=\"async\" src=\"https:\/\/images.weserv.nl\/?url=https:\/\/static.apidae-tourisme.com\/filestore\/objets-touristiques\/images\/148\/104\/38103188-diaporama.png&#038;w=320&#038;h=420&#038;fit=cover&#038;output=webp&#038;q=45\" alt=\"Tentoonstelling van schilderijen\"\/><\/div><\/div><div class=\"group-content\"><div class=\"field-commune\">B\u00e2g\u00e9-le-Ch\u00e2tel<\/div><div class=\"field-title\">Tentoonstelling van schilderijen<\/div><\/div><div class=\"field-link\"><a href=\"https:\/\/www.bage-pontdevaux-tourisme.com\/nl\/fiche\/exposition-de-peintures-4-2\/\" class=\"cardlink\">Tentoonstelling van schilderijen<\/a><\/div><\/div><\/div><div class=\"item\"><div class=\"card card-apidae card-agenda\"><div class=\"group-top\"><div class=\"group-dates\" role=\"group\" aria-label=\"Data van het evenement\"><div class=\"field-dates  ws-apidae-date-coming\" role=\"group\" aria-label=\"Openingsdatum\"><time datetime=\"2026-07-18\"><span class=\"date-day-name\" aria-label=\"Dag\">Zaterdag<\/span> <span class=\"date-day\" aria-label=\"Dag\">18<\/span> <span class=\"date-month\" aria-label=\"Maand\">juli<\/span> <span class=\"date-year\" aria-label=\"Jaar\">2026<\/span><\/time><\/div><\/div><\/div><div class=\"group-media\"><div class=\"field-image\"><img decoding=\"async\" src=\"https:\/\/images.weserv.nl\/?url=https:\/\/static.apidae-tourisme.com\/filestore\/objets-touristiques\/images\/57\/232\/27584569-diaporama.jpg&#038;w=320&#038;h=420&#038;fit=cover&#038;output=webp&#038;q=45\" alt=\"Zomertentoonstelling van Kunst, schilderijen en beeldhouwwerken\"\/><\/div><\/div><div class=\"group-content\"><div class=\"field-commune\">Saint-Andr\u00e9-de-B\u00e2g\u00e9<\/div><div class=\"field-title\">Zomertentoonstelling van Kunst, schilderijen en beeldhouwwerken<\/div><\/div><div class=\"field-link\"><a href=\"https:\/\/www.bage-pontdevaux-tourisme.com\/nl\/fiche\/exposition-estivale-dart-peintures-et-sculptures-3\/\" class=\"cardlink\">Zomertentoonstelling van Kunst, schilderijen en beeldhouwwerken<\/a><\/div><\/div><\/div><div class=\"item\"><div class=\"card card-apidae card-agenda\"><div class=\"group-top\"><div class=\"group-dates\" role=\"group\" aria-label=\"Data van het evenement\"><div class=\"field-dates  ws-apidae-date-coming\" role=\"group\" aria-label=\"Openingsdatum\"><time datetime=\"2026-07-19\"><span class=\"date-day-name\" aria-label=\"Dag\">Zondag<\/span> <span class=\"date-day\" aria-label=\"Dag\">19<\/span> <span class=\"date-month\" aria-label=\"Maand\">juli<\/span> <span class=\"date-year\" aria-label=\"Jaar\">2026<\/span><span class=\"date-delimiter\" aria-hidden=\"true\"> om <\/span><time class=\"date-hours\" datetime=\"15:00\" aria-label=\"Openingstijden\">15 h<\/time><\/time><\/div><\/div><\/div><div class=\"group-media\"><div class=\"field-image\"><img decoding=\"async\" src=\"https:\/\/images.weserv.nl\/?url=https:\/\/static.apidae-tourisme.com\/filestore\/objets-touristiques\/images\/27\/43\/1452827-diaporama.jpg&#038;w=320&#038;h=420&#038;fit=cover&#038;output=webp&#038;q=45\" alt=\"Pontevallois Zomerkunstbeurs\"\/><\/div><\/div><div class=\"group-content\"><div class=\"field-commune\">Pont-de-Vaux<\/div><div class=\"field-title\">Pontevallois Zomerkunstbeurs<\/div><\/div><div class=\"field-link\"><a href=\"https:\/\/www.bage-pontdevaux-tourisme.com\/nl\/fiche\/salon-dete-des-arts-pontevallois-3\/\" class=\"cardlink\">Pontevallois Zomerkunstbeurs<\/a><\/div><\/div><\/div><div class=\"item\"><div class=\"card card-apidae card-agenda\"><div class=\"group-top\"><div class=\"group-dates\" role=\"group\" aria-label=\"Data van het evenement\"><div class=\"field-dates  ws-apidae-date-coming\" role=\"group\" aria-label=\"Openingsdatum\"><time datetime=\"2026-10-03\"><span class=\"date-day-name\" aria-label=\"Dag\">Zaterdag<\/span> <span class=\"date-day\" aria-label=\"Dag\">3<\/span> <span class=\"date-month\" aria-label=\"Maand\">oktober<\/span> <span class=\"date-year\" aria-label=\"Jaar\">2026<\/span><span class=\"date-delimiter\" aria-hidden=\"true\"> om <\/span><time class=\"date-hours\" datetime=\"10:00\" aria-label=\"Openingstijden\">10 h<\/time><\/time><\/div><\/div><\/div><div class=\"group-media\"><div class=\"field-image\"><img decoding=\"async\" src=\"https:\/\/images.weserv.nl\/?url=https:\/\/static.apidae-tourisme.com\/filestore\/objets-touristiques\/images\/28\/233\/27584796-diaporama.jpg&#038;w=320&#038;h=420&#038;fit=cover&#038;output=webp&#038;q=45\" alt=\"Interactieve tentoonstelling\"\/><\/div><\/div><div class=\"group-content\"><div class=\"field-commune\">Sermoyer<\/div><div class=\"field-title\">Interactieve tentoonstelling<\/div><\/div><div class=\"field-link\"><a href=\"https:\/\/www.bage-pontdevaux-tourisme.com\/nl\/fiche\/exposition-interactive-3\/\" class=\"cardlink\">Interactieve tentoonstelling<\/a><\/div><\/div><\/div><\/div><\/div><\/div><\/div>","protected":false},"excerpt":{"rendered":"","protected":false},"author":1,"featured_media":0,"parent":8472,"menu_order":2,"comment_status":"closed","ping_status":"closed","template":"","meta":{"footnotes":""},"class_list":["post-8460","page","type-page","status-publish","hentry"],"yoast_head":"<!-- This site is optimized with the Yoast SEO plugin v27.4 - https:\/\/yoast.com\/product\/yoast-seo-wordpress\/ -->\n<title>Tentoonstellingen - Office de Tourisme du Pays de Bag\u00e9 et de Pont de Vaux<\/title>\n<meta name=\"robots\" content=\"index, follow, max-snippet:-1, max-image-preview:large, max-video-preview:-1\" \/>\n<link rel=\"canonical\" href=\"https:\/\/www.bage-pontdevaux-tourisme.com\/nl\/wat-te-zien-en-te-doen\/spelen\/tentoonstellingen\/\" \/>\n<meta property=\"og:locale\" content=\"nl_NL\" \/>\n<meta property=\"og:type\" content=\"article\" \/>\n<meta property=\"og:title\" content=\"Tentoonstellingen - Office de Tourisme du Pays de Bag\u00e9 et de Pont de Vaux\" \/>\n<meta property=\"og:url\" content=\"https:\/\/www.bage-pontdevaux-tourisme.com\/nl\/wat-te-zien-en-te-doen\/spelen\/tentoonstellingen\/\" \/>\n<meta property=\"og:site_name\" content=\"Office de Tourisme du Pays de Bag\u00e9 et de Pont de Vaux\" \/>\n<meta property=\"article:modified_time\" content=\"2026-03-19T14:39:48+00:00\" \/>\n<meta property=\"og:image\" content=\"https:\/\/www.bage-pontdevaux-tourisme.com\/wp-content\/uploads\/2025\/08\/20250718-185727-2-1920x530.jpg\" \/>\n<meta name=\"twitter:card\" content=\"summary_large_image\" \/>\n<script type=\"application\/ld+json\" class=\"yoast-schema-graph\">{\"@context\":\"https:\\\/\\\/schema.org\",\"@graph\":[{\"@type\":\"WebPage\",\"@id\":\"https:\\\/\\\/www.bage-pontdevaux-tourisme.com\\\/nl\\\/wat-te-zien-en-te-doen\\\/spelen\\\/tentoonstellingen\\\/\",\"url\":\"https:\\\/\\\/www.bage-pontdevaux-tourisme.com\\\/nl\\\/wat-te-zien-en-te-doen\\\/spelen\\\/tentoonstellingen\\\/\",\"name\":\"Tentoonstellingen - Office de Tourisme du Pays de Bag\u00e9 et de Pont de Vaux\",\"isPartOf\":{\"@id\":\"https:\\\/\\\/www.bage-pontdevaux-tourisme.com\\\/nl\\\/#website\"},\"primaryImageOfPage\":{\"@id\":\"https:\\\/\\\/www.bage-pontdevaux-tourisme.com\\\/nl\\\/wat-te-zien-en-te-doen\\\/spelen\\\/tentoonstellingen\\\/#primaryimage\"},\"image\":{\"@id\":\"https:\\\/\\\/www.bage-pontdevaux-tourisme.com\\\/nl\\\/wat-te-zien-en-te-doen\\\/spelen\\\/tentoonstellingen\\\/#primaryimage\"},\"thumbnailUrl\":\"https:\\\/\\\/www.bage-pontdevaux-tourisme.com\\\/wp-content\\\/uploads\\\/2025\\\/08\\\/20250718-185727-2-1920x530.jpg\",\"datePublished\":\"2025-05-22T12:17:41+00:00\",\"dateModified\":\"2026-03-19T14:39:48+00:00\",\"breadcrumb\":{\"@id\":\"https:\\\/\\\/www.bage-pontdevaux-tourisme.com\\\/nl\\\/wat-te-zien-en-te-doen\\\/spelen\\\/tentoonstellingen\\\/#breadcrumb\"},\"inLanguage\":\"nl-NL\",\"potentialAction\":[{\"@type\":\"ReadAction\",\"target\":[\"https:\\\/\\\/www.bage-pontdevaux-tourisme.com\\\/nl\\\/wat-te-zien-en-te-doen\\\/spelen\\\/tentoonstellingen\\\/\"]}]},{\"@type\":\"ImageObject\",\"inLanguage\":\"nl-NL\",\"@id\":\"https:\\\/\\\/www.bage-pontdevaux-tourisme.com\\\/nl\\\/wat-te-zien-en-te-doen\\\/spelen\\\/tentoonstellingen\\\/#primaryimage\",\"url\":\"https:\\\/\\\/www.bage-pontdevaux-tourisme.com\\\/wp-content\\\/uploads\\\/2025\\\/08\\\/20250718-185727-2-1920x530.jpg\",\"contentUrl\":\"https:\\\/\\\/www.bage-pontdevaux-tourisme.com\\\/wp-content\\\/uploads\\\/2025\\\/08\\\/20250718-185727-2-1920x530.jpg\"},{\"@type\":\"BreadcrumbList\",\"@id\":\"https:\\\/\\\/www.bage-pontdevaux-tourisme.com\\\/nl\\\/wat-te-zien-en-te-doen\\\/spelen\\\/tentoonstellingen\\\/#breadcrumb\",\"itemListElement\":[{\"@type\":\"ListItem\",\"position\":1,\"name\":\"Accueil\",\"item\":\"https:\\\/\\\/www.bage-pontdevaux-tourisme.com\\\/nl\\\/op-een-steenworp-afstand-van-de-bourgogne-een-gastvrij-platteland-tussen-bresse-en-saone\\\/\"},{\"@type\":\"ListItem\",\"position\":2,\"name\":\"Wat te zien en te doen\",\"item\":\"https:\\\/\\\/www.bage-pontdevaux-tourisme.com\\\/nl\\\/wat-te-zien-en-te-doen\\\/\"},{\"@type\":\"ListItem\",\"position\":3,\"name\":\"Spelen\",\"item\":\"https:\\\/\\\/www.bage-pontdevaux-tourisme.com\\\/nl\\\/wat-te-zien-en-te-doen\\\/spelen\\\/\"},{\"@type\":\"ListItem\",\"position\":4,\"name\":\"Tentoonstellingen\"}]},{\"@type\":\"WebSite\",\"@id\":\"https:\\\/\\\/www.bage-pontdevaux-tourisme.com\\\/nl\\\/#website\",\"url\":\"https:\\\/\\\/www.bage-pontdevaux-tourisme.com\\\/nl\\\/\",\"name\":\"Office de Tourisme du Pays de Bag\u00e9 et de Pont de Vaux\",\"description\":\"\",\"publisher\":{\"@id\":\"https:\\\/\\\/www.bage-pontdevaux-tourisme.com\\\/nl\\\/#organization\"},\"potentialAction\":[{\"@type\":\"SearchAction\",\"target\":{\"@type\":\"EntryPoint\",\"urlTemplate\":\"https:\\\/\\\/www.bage-pontdevaux-tourisme.com\\\/nl\\\/?s={search_term_string}\"},\"query-input\":{\"@type\":\"PropertyValueSpecification\",\"valueRequired\":true,\"valueName\":\"search_term_string\"}}],\"inLanguage\":\"nl-NL\"},{\"@type\":\"Organization\",\"@id\":\"https:\\\/\\\/www.bage-pontdevaux-tourisme.com\\\/nl\\\/#organization\",\"name\":\"Office de Tourisme du Pays de Bag\u00e9 et de Pont de Vaux\",\"url\":\"https:\\\/\\\/www.bage-pontdevaux-tourisme.com\\\/nl\\\/\",\"logo\":{\"@type\":\"ImageObject\",\"inLanguage\":\"nl-NL\",\"@id\":\"https:\\\/\\\/www.bage-pontdevaux-tourisme.com\\\/nl\\\/#\\\/schema\\\/logo\\\/image\\\/\",\"url\":\"https:\\\/\\\/www.bage-pontdevaux-tourisme.com\\\/wp-content\\\/uploads\\\/2025\\\/05\\\/logo-pays-de-bage-and-pont-de-vaux.svg\",\"contentUrl\":\"https:\\\/\\\/www.bage-pontdevaux-tourisme.com\\\/wp-content\\\/uploads\\\/2025\\\/05\\\/logo-pays-de-bage-and-pont-de-vaux.svg\",\"caption\":\"Office de Tourisme du Pays de Bag\u00e9 et de Pont de Vaux\"},\"image\":{\"@id\":\"https:\\\/\\\/www.bage-pontdevaux-tourisme.com\\\/nl\\\/#\\\/schema\\\/logo\\\/image\\\/\"}}]}<\/script>\n<!-- \/ Yoast SEO plugin. -->","yoast_head_json":{"title":"Tentoonstellingen - Office de Tourisme du Pays de Bag\u00e9 et de Pont de Vaux","robots":{"index":"index","follow":"follow","max-snippet":"max-snippet:-1","max-image-preview":"max-image-preview:large","max-video-preview":"max-video-preview:-1"},"canonical":"https:\/\/www.bage-pontdevaux-tourisme.com\/nl\/wat-te-zien-en-te-doen\/spelen\/tentoonstellingen\/","og_locale":"nl_NL","og_type":"article","og_title":"Tentoonstellingen - Office de Tourisme du Pays de Bag\u00e9 et de Pont de Vaux","og_url":"https:\/\/www.bage-pontdevaux-tourisme.com\/nl\/wat-te-zien-en-te-doen\/spelen\/tentoonstellingen\/","og_site_name":"Office de Tourisme du Pays de Bag\u00e9 et de Pont de Vaux","article_modified_time":"2026-03-19T14:39:48+00:00","og_image":[{"url":"https:\/\/www.bage-pontdevaux-tourisme.com\/wp-content\/uploads\/2025\/08\/20250718-185727-2-1920x530.jpg","type":"","width":"","height":""}],"twitter_card":"summary_large_image","schema":{"@context":"https:\/\/schema.org","@graph":[{"@type":"WebPage","@id":"https:\/\/www.bage-pontdevaux-tourisme.com\/nl\/wat-te-zien-en-te-doen\/spelen\/tentoonstellingen\/","url":"https:\/\/www.bage-pontdevaux-tourisme.com\/nl\/wat-te-zien-en-te-doen\/spelen\/tentoonstellingen\/","name":"Tentoonstellingen - Office de Tourisme du Pays de Bag\u00e9 et de Pont de Vaux","isPartOf":{"@id":"https:\/\/www.bage-pontdevaux-tourisme.com\/nl\/#website"},"primaryImageOfPage":{"@id":"https:\/\/www.bage-pontdevaux-tourisme.com\/nl\/wat-te-zien-en-te-doen\/spelen\/tentoonstellingen\/#primaryimage"},"image":{"@id":"https:\/\/www.bage-pontdevaux-tourisme.com\/nl\/wat-te-zien-en-te-doen\/spelen\/tentoonstellingen\/#primaryimage"},"thumbnailUrl":"https:\/\/www.bage-pontdevaux-tourisme.com\/wp-content\/uploads\/2025\/08\/20250718-185727-2-1920x530.jpg","datePublished":"2025-05-22T12:17:41+00:00","dateModified":"2026-03-19T14:39:48+00:00","breadcrumb":{"@id":"https:\/\/www.bage-pontdevaux-tourisme.com\/nl\/wat-te-zien-en-te-doen\/spelen\/tentoonstellingen\/#breadcrumb"},"inLanguage":"nl-NL","potentialAction":[{"@type":"ReadAction","target":["https:\/\/www.bage-pontdevaux-tourisme.com\/nl\/wat-te-zien-en-te-doen\/spelen\/tentoonstellingen\/"]}]},{"@type":"ImageObject","inLanguage":"nl-NL","@id":"https:\/\/www.bage-pontdevaux-tourisme.com\/nl\/wat-te-zien-en-te-doen\/spelen\/tentoonstellingen\/#primaryimage","url":"https:\/\/www.bage-pontdevaux-tourisme.com\/wp-content\/uploads\/2025\/08\/20250718-185727-2-1920x530.jpg","contentUrl":"https:\/\/www.bage-pontdevaux-tourisme.com\/wp-content\/uploads\/2025\/08\/20250718-185727-2-1920x530.jpg"},{"@type":"BreadcrumbList","@id":"https:\/\/www.bage-pontdevaux-tourisme.com\/nl\/wat-te-zien-en-te-doen\/spelen\/tentoonstellingen\/#breadcrumb","itemListElement":[{"@type":"ListItem","position":1,"name":"Accueil","item":"https:\/\/www.bage-pontdevaux-tourisme.com\/nl\/op-een-steenworp-afstand-van-de-bourgogne-een-gastvrij-platteland-tussen-bresse-en-saone\/"},{"@type":"ListItem","position":2,"name":"Wat te zien en te doen","item":"https:\/\/www.bage-pontdevaux-tourisme.com\/nl\/wat-te-zien-en-te-doen\/"},{"@type":"ListItem","position":3,"name":"Spelen","item":"https:\/\/www.bage-pontdevaux-tourisme.com\/nl\/wat-te-zien-en-te-doen\/spelen\/"},{"@type":"ListItem","position":4,"name":"Tentoonstellingen"}]},{"@type":"WebSite","@id":"https:\/\/www.bage-pontdevaux-tourisme.com\/nl\/#website","url":"https:\/\/www.bage-pontdevaux-tourisme.com\/nl\/","name":"Office de Tourisme du Pays de Bag\u00e9 et de Pont de Vaux","description":"","publisher":{"@id":"https:\/\/www.bage-pontdevaux-tourisme.com\/nl\/#organization"},"potentialAction":[{"@type":"SearchAction","target":{"@type":"EntryPoint","urlTemplate":"https:\/\/www.bage-pontdevaux-tourisme.com\/nl\/?s={search_term_string}"},"query-input":{"@type":"PropertyValueSpecification","valueRequired":true,"valueName":"search_term_string"}}],"inLanguage":"nl-NL"},{"@type":"Organization","@id":"https:\/\/www.bage-pontdevaux-tourisme.com\/nl\/#organization","name":"Office de Tourisme du Pays de Bag\u00e9 et de Pont de Vaux","url":"https:\/\/www.bage-pontdevaux-tourisme.com\/nl\/","logo":{"@type":"ImageObject","inLanguage":"nl-NL","@id":"https:\/\/www.bage-pontdevaux-tourisme.com\/nl\/#\/schema\/logo\/image\/","url":"https:\/\/www.bage-pontdevaux-tourisme.com\/wp-content\/uploads\/2025\/05\/logo-pays-de-bage-and-pont-de-vaux.svg","contentUrl":"https:\/\/www.bage-pontdevaux-tourisme.com\/wp-content\/uploads\/2025\/05\/logo-pays-de-bage-and-pont-de-vaux.svg","caption":"Office de Tourisme du Pays de Bag\u00e9 et de Pont de Vaux"},"image":{"@id":"https:\/\/www.bage-pontdevaux-tourisme.com\/nl\/#\/schema\/logo\/image\/"}}]}},"_links":{"self":[{"href":"https:\/\/www.bage-pontdevaux-tourisme.com\/nl\/wp-json\/wp\/v2\/pages\/8460","targetHints":{"allow":["GET"]}}],"collection":[{"href":"https:\/\/www.bage-pontdevaux-tourisme.com\/nl\/wp-json\/wp\/v2\/pages"}],"about":[{"href":"https:\/\/www.bage-pontdevaux-tourisme.com\/nl\/wp-json\/wp\/v2\/types\/page"}],"author":[{"embeddable":true,"href":"https:\/\/www.bage-pontdevaux-tourisme.com\/nl\/wp-json\/wp\/v2\/users\/1"}],"replies":[{"embeddable":true,"href":"https:\/\/www.bage-pontdevaux-tourisme.com\/nl\/wp-json\/wp\/v2\/comments?post=8460"}],"version-history":[{"count":1,"href":"https:\/\/www.bage-pontdevaux-tourisme.com\/nl\/wp-json\/wp\/v2\/pages\/8460\/revisions"}],"predecessor-version":[{"id":8463,"href":"https:\/\/www.bage-pontdevaux-tourisme.com\/nl\/wp-json\/wp\/v2\/pages\/8460\/revisions\/8463"}],"up":[{"embeddable":true,"href":"https:\/\/www.bage-pontdevaux-tourisme.com\/nl\/wp-json\/wp\/v2\/pages\/8472"}],"wp:attachment":[{"href":"https:\/\/www.bage-pontdevaux-tourisme.com\/nl\/wp-json\/wp\/v2\/media?parent=8460"}],"curies":[{"name":"wp","href":"https:\/\/api.w.org\/{rel}","templated":true}]}}