{"id":8434,"date":"2025-05-22T14:17:41","date_gmt":"2025-05-22T12:17:41","guid":{"rendered":"https:\/\/www.bage-pontdevaux-tourisme.com\/wandelen\/"},"modified":"2025-10-13T14:26:17","modified_gmt":"2025-10-13T12:26:17","slug":"wandelen","status":"publish","type":"page","link":"https:\/\/www.bage-pontdevaux-tourisme.com\/nl\/wat-te-zien-en-te-doen\/bewegen\/wandelen\/","title":{"rendered":"Wandelen"},"content":{"rendered":"\n<div class=\"wp-block-ws-library-ws-header-interne is-layout-constrained alignfull\"><div class=\"header-container\"><div class=\"group-media has-image\"><img decoding=\"async\" src=\"https:\/\/www.bage-pontdevaux-tourisme.com\/wp-content\/uploads\/2025\/05\/circuit-sermoyer-office-de-tourisme-1920x530.jpg\" alt=\"\" class=\"image_large_square wp-afbeelding-16  \"\/><\/div><div class=\"group-content\"><div class=\"title\"><h1>Wandelen<\/h1><\/div><\/div><\/div><div class=\"yoast-breadcrumbs\"><span><span><a href=\"https:\/\/www.bage-pontdevaux-tourisme.com\/nl\/op-een-steenworp-afstand-van-de-bourgogne-een-gastvrij-platteland-tussen-bresse-en-saone\/\">Accueil<\/a><\/span> \/ <span class=\"breadcrumb_last\" aria-current=\"page\">Wandelen<\/span><\/span><\/div><\/div>\n\n<div class=\"wp-block-ws-library-ws-title is-style-wave-blue\"><h2>Wandelingen op het platteland  <\/h2><\/div>\n\n<p class=\"has-text-align-left\">Talrijke wandelpaden lopen door de omgeving van B\u00e2g\u00e9-le-Ch\u00e2tel en Pont-de-Vaux, tegenover tuinbouw en beboste gebieden, een meer traditioneel landschap van coulisselandschap of graangewassen tegenover de grote open ruimtes van de weide van Val de Sa\u00f4ne. Ze nodigen u uit om beschermde natuurgebieden te ontdekken, te wandelen langs de oevers van meren en rivieren&#8230; <\/p>\n\n<p class=\"has-text-align-left\">Dus <strong>als u een beetje wilt sporten of gewoon de omringende natuur wilt verkennen, <\/strong>maak dan uw keuze uit de 30 wandelroutes van het grondgebied van Bresse et Sa\u00f4ne. Al onze paden zijn beschikbaar op de <a href=\"https:\/\/ain-outdoor.com\/fr\/p\/tout-l-outdoor-de-l-ain-dans-votre-poche-avec-l-application-mobile-ain\/64282595\/\">Ain outdoor-applicatie<\/a>. <\/p>\n<div id=\"listing_32ff5\" data-observer-wishlist class=\"ws-listing wp-block-ws-apidae-library-listing-avance alignfull\" data-map-id=\"map_32ff5\" data-locations-id=\"locations-data_32ff5\"><div class=\"panel-fixe panel-facets\"><div class=\"panel-overlay toggle-facets\"><\/div><div class=\"panel-inner\"><div class=\"panel-header\"><div class=\"panel-title\">Filters<\/div><a href=\"#\" class=\"panel-close toggle-facets\">Sluiten<\/a><\/div><div class=\"panel-content\"><div class=\"group-summary\"><div class=\"facetwp-selections\"><\/div><a href=\"#\" class=\"link-reset\">Verwijderen<\/a><\/div><div class=\"facetwp-facet facetwp-facet-communes facetwp-type-checkboxes\" data-name=\"communes\" data-type=\"checkboxes\"><\/div><\/div><div class=\"panel-footer\"><div class=\"facet-buttons\"><button type=\"submit\" class=\"btn btn-1 toggle-facets facetwp-count-btn\">Alles bekijken <span class=\"results-count\"><\/span> resultaten<\/button><\/div><\/div><\/div><\/div><div class=\"listing-header\"><div class=\"toggle-container\"><button class=\"btn toggle-btn toggle-list\" data-target=\"list\">Lijst<\/button><button class=\"btn toggle-btn toggle-map\" data-target=\"map\">Kaart<\/button><button class=\"btn toggle-btn toggle-facets\" data-target=\"facets\">Filters<\/button><button class=\"btn toggle-btn toggle-fulllist\" data-target=\"fulllist\" data-reverse=\"Kaart tonen\">Kaart verbergen<\/button><\/div><\/div><div class=\"facetwp-template\"><div class=\"list-container active\"><div class=\"list-items\"><div class=\"item\"><div class=\"card card-apidae card-avance\"><div class=\"group-media\"><div class=\"field-image\"><img decoding=\"async\" src=\"https:\/\/images.weserv.nl\/?url=https:\/\/static.apidae-tourisme.com\/filestore\/objets-touristiques\/images\/211\/205\/19582419-diaporama.jpg&#038;w=320&#038;h=220&#038;fit=cover&#038;output=webp&#038;q=45\" alt=\"Wandelroute: La Ripalonga\"\/><\/div><\/div><div class=\"group-content\"><div class=\"field-commune\">Replonges<\/div><div class=\"field-title\">Wandelroute: La Ripalonga<\/div><div class=\"field-description\">Vertrek vanaf Place Limorin. Onderweg kom je een aantal calvaires&#8230;<\/div><\/div><div class=\"field-link\"><a href=\"https:\/\/www.bage-pontdevaux-tourisme.com\/nl\/fiche\/wandelroute-la-ripalonga\/\" class=\"cardlink\">Wandelroute: La Ripalonga<\/a><\/div><\/div><\/div><div class=\"item\"><div class=\"card card-apidae card-avance\"><div class=\"group-media\"><div class=\"field-image\"><img decoding=\"async\" src=\"https:\/\/images.weserv.nl\/?url=https:\/\/static.apidae-tourisme.com\/filestore\/objets-touristiques\/images\/208\/190\/20365008-diaporama.png&#038;w=320&#038;h=220&#038;fit=cover&#038;output=webp&#038;q=45\" alt=\"Wandeltocht: De smaken van Bresse\"\/><\/div><\/div><div class=\"group-content\"><div class=\"field-commune\">Chevroux<\/div><div class=\"field-title\">Wandeltocht: De smaken van Bresse<\/div><div class=\"field-description\">Deze route voert langs het dorp Chevroux met zijn kerk,&#8230;<\/div><\/div><div class=\"field-link\"><a href=\"https:\/\/www.bage-pontdevaux-tourisme.com\/nl\/fiche\/wandeltocht-de-smaken-van-bresse\/\" class=\"cardlink\">Wandeltocht: De smaken van Bresse<\/a><\/div><\/div><\/div><div class=\"item\"><div class=\"card card-apidae card-avance\"><div class=\"group-media\"><div class=\"field-image\"><img decoding=\"async\" src=\"https:\/\/images.weserv.nl\/?url=https:\/\/static.apidae-tourisme.com\/filestore\/objets-touristiques\/images\/151\/33\/19603863-diaporama.jpg&#038;w=320&#038;h=220&#038;fit=cover&#038;output=webp&#038;q=45\" alt=\"Wandeltocht: Ontsnappingspad\"\/><\/div><\/div><div class=\"group-content\"><div class=\"field-commune\">Reyssouze<\/div><div class=\"field-title\">Wandeltocht: Ontsnappingspad<\/div><div class=\"field-description\">Vertrek vanaf het gemeentehuis van Reyssouze. Volg deze route om&#8230;<\/div><\/div><div class=\"field-link\"><a href=\"https:\/\/www.bage-pontdevaux-tourisme.com\/nl\/fiche\/wandelroute-de-ontsnappingsroute\/\" class=\"cardlink\">Wandeltocht: Ontsnappingspad<\/a><\/div><\/div><\/div><div class=\"item\"><div class=\"card card-apidae card-avance\"><div class=\"group-media\"><div class=\"field-image\"><img decoding=\"async\" src=\"https:\/\/images.weserv.nl\/?url=https:\/\/static.apidae-tourisme.com\/filestore\/objets-touristiques\/images\/45\/240\/9498669-diaporama.jpg&#038;w=320&#038;h=220&#038;fit=cover&#038;output=webp&#038;q=45\" alt=\"Wandeltocht: Des Charmes\"\/><\/div><\/div><div class=\"group-content\"><div class=\"field-commune\">Sermoyer<\/div><div class=\"field-title\">Wandeltocht: Des Charmes<\/div><div class=\"field-description\">Deze route door het platteland van Bresse voert langs het&#8230;<\/div><\/div><div class=\"field-link\"><a href=\"https:\/\/www.bage-pontdevaux-tourisme.com\/nl\/fiche\/wandelroute-des-charmes\/\" class=\"cardlink\">Wandeltocht: Des Charmes<\/a><\/div><\/div><\/div><div class=\"item\"><div class=\"card card-apidae card-avance\"><div class=\"group-media\"><div class=\"field-image\"><img decoding=\"async\" src=\"https:\/\/images.weserv.nl\/?url=https:\/\/static.apidae-tourisme.com\/filestore\/objets-touristiques\/images\/195\/29\/19602883-diaporama.jpg&#038;w=320&#038;h=220&#038;fit=cover&#038;output=webp&#038;q=45\" alt=\"Wandeltocht: Van molen naar molen.\"\/><\/div><\/div><div class=\"group-content\"><div class=\"field-commune\">Saint-\u00c9tienne-sur-Reyssouze<\/div><div class=\"field-title\">Wandeltocht: Van molen naar molen.<\/div><div class=\"field-description\">Een aangename wandeling die je over verschillende asfalt-, steen- en&#8230;<\/div><\/div><div class=\"field-link\"><a href=\"https:\/\/www.bage-pontdevaux-tourisme.com\/nl\/fiche\/wandelroute-van-molen-tot-molen\/\" class=\"cardlink\">Wandeltocht: Van molen naar molen.<\/a><\/div><\/div><\/div><div class=\"item\"><div class=\"card card-apidae card-avance\"><div class=\"group-media\"><div class=\"field-image\"><img decoding=\"async\" src=\"https:\/\/images.weserv.nl\/?url=https:\/\/static.apidae-tourisme.com\/filestore\/objets-touristiques\/images\/231\/230\/19654375-diaporama.jpg&#038;w=320&#038;h=220&#038;fit=cover&#038;output=webp&#038;q=45\" alt=\"Wandelronde: Corneillons-lus\"\/><\/div><\/div><div class=\"group-content\"><div class=\"field-commune\">Ozan<\/div><div class=\"field-title\">Wandelronde: Corneillons-lus<\/div><div class=\"field-description\">Deze tour voert langs het dorp Ozan, de omliggende bossen&#8230;<\/div><\/div><div class=\"field-link\"><a href=\"https:\/\/www.bage-pontdevaux-tourisme.com\/nl\/fiche\/wandelroute-boucle-des-corneillons\/\" class=\"cardlink\">Wandelronde: Corneillons-lus<\/a><\/div><\/div><\/div><div id=\"locations-data_32ff5\" style=\"display: none;\">{&quot;locations&quot;:[{&quot;lat&quot;:&quot;46.305154&quot;,&quot;lng&quot;:&quot;4.873538&quot;,&quot;title&quot;:&quot;Wandelroute: La Ripalonga&quot;,&quot;permalink&quot;:&quot;https:\\\/\\\/www.bage-pontdevaux-tourisme.com\\\/nl\\\/fiche\\\/wandelroute-la-ripalonga\\\/&quot;,&quot;type&quot;:&quot;equipement&quot;,&quot;commune&quot;:&quot;Replonges&quot;,&quot;type_commerce&quot;:&quot;&quot;,&quot;image&quot;:&quot;https:\\\/\\\/static.apidae-tourisme.com\\\/filestore\\\/objets-touristiques\\\/images\\\/211\\\/205\\\/19582419-diaporama.jpg&quot;,&quot;image_width&quot;:&quot;320&quot;,&quot;image_height&quot;:&quot;220&quot;,&quot;image_fit&quot;:&quot;cover&quot;},{&quot;lat&quot;:&quot;46.38075&quot;,&quot;lng&quot;:&quot;4.947777&quot;,&quot;title&quot;:&quot;Wandeltocht: De smaken van Bresse&quot;,&quot;permalink&quot;:&quot;https:\\\/\\\/www.bage-pontdevaux-tourisme.com\\\/nl\\\/fiche\\\/wandeltocht-de-smaken-van-bresse\\\/&quot;,&quot;type&quot;:&quot;equipement&quot;,&quot;commune&quot;:&quot;Chevroux&quot;,&quot;type_commerce&quot;:&quot;&quot;,&quot;image&quot;:&quot;https:\\\/\\\/static.apidae-tourisme.com\\\/filestore\\\/objets-touristiques\\\/images\\\/208\\\/190\\\/20365008-diaporama.png&quot;,&quot;image_width&quot;:&quot;320&quot;,&quot;image_height&quot;:&quot;220&quot;,&quot;image_fit&quot;:&quot;cover&quot;},{&quot;lat&quot;:&quot;46.432776&quot;,&quot;lng&quot;:&quot;4.920147&quot;,&quot;title&quot;:&quot;Wandeltocht: Ontsnappingspad&quot;,&quot;permalink&quot;:&quot;https:\\\/\\\/www.bage-pontdevaux-tourisme.com\\\/nl\\\/fiche\\\/wandelroute-de-ontsnappingsroute\\\/&quot;,&quot;type&quot;:&quot;equipement&quot;,&quot;commune&quot;:&quot;Reyssouze&quot;,&quot;type_commerce&quot;:&quot;&quot;,&quot;image&quot;:&quot;https:\\\/\\\/static.apidae-tourisme.com\\\/filestore\\\/objets-touristiques\\\/images\\\/151\\\/33\\\/19603863-diaporama.jpg&quot;,&quot;image_width&quot;:&quot;320&quot;,&quot;image_height&quot;:&quot;220&quot;,&quot;image_fit&quot;:&quot;cover&quot;},{&quot;lat&quot;:&quot;46.496991&quot;,&quot;lng&quot;:&quot;4.979673&quot;,&quot;title&quot;:&quot;Wandeltocht: Des Charmes&quot;,&quot;permalink&quot;:&quot;https:\\\/\\\/www.bage-pontdevaux-tourisme.com\\\/nl\\\/fiche\\\/wandelroute-des-charmes\\\/&quot;,&quot;type&quot;:&quot;equipement&quot;,&quot;commune&quot;:&quot;Sermoyer&quot;,&quot;type_commerce&quot;:&quot;&quot;,&quot;image&quot;:&quot;https:\\\/\\\/static.apidae-tourisme.com\\\/filestore\\\/objets-touristiques\\\/images\\\/45\\\/240\\\/9498669-diaporama.jpg&quot;,&quot;image_width&quot;:&quot;320&quot;,&quot;image_height&quot;:&quot;220&quot;,&quot;image_fit&quot;:&quot;cover&quot;},{&quot;lat&quot;:&quot;46.41196&quot;,&quot;lng&quot;:&quot;5.000992&quot;,&quot;title&quot;:&quot;Wandeltocht: Van molen naar molen.&quot;,&quot;permalink&quot;:&quot;https:\\\/\\\/www.bage-pontdevaux-tourisme.com\\\/nl\\\/fiche\\\/wandelroute-van-molen-tot-molen\\\/&quot;,&quot;type&quot;:&quot;equipement&quot;,&quot;commune&quot;:&quot;Saint-\\u00c9tienne-sur-Reyssouze&quot;,&quot;type_commerce&quot;:&quot;&quot;,&quot;image&quot;:&quot;https:\\\/\\\/static.apidae-tourisme.com\\\/filestore\\\/objets-touristiques\\\/images\\\/195\\\/29\\\/19602883-diaporama.jpg&quot;,&quot;image_width&quot;:&quot;320&quot;,&quot;image_height&quot;:&quot;220&quot;,&quot;image_fit&quot;:&quot;cover&quot;},{&quot;lat&quot;:&quot;46.391821&quot;,&quot;lng&quot;:&quot;4.915108&quot;,&quot;title&quot;:&quot;Wandelronde: Corneillons-lus&quot;,&quot;permalink&quot;:&quot;https:\\\/\\\/www.bage-pontdevaux-tourisme.com\\\/nl\\\/fiche\\\/wandelroute-boucle-des-corneillons\\\/&quot;,&quot;type&quot;:&quot;equipement&quot;,&quot;commune&quot;:&quot;Ozan&quot;,&quot;type_commerce&quot;:&quot;&quot;,&quot;image&quot;:&quot;https:\\\/\\\/static.apidae-tourisme.com\\\/filestore\\\/objets-touristiques\\\/images\\\/231\\\/230\\\/19654375-diaporama.jpg&quot;,&quot;image_width&quot;:&quot;320&quot;,&quot;image_height&quot;:&quot;220&quot;,&quot;image_fit&quot;:&quot;cover&quot;}],&quot;center_lat&quot;:&quot;46.305154&quot;,&quot;center_lng&quot;:&quot;4.873538&quot;}<\/div><\/div><div class=\"ws-apidae-pager\" data-type=\"pager\"><div class=\"custom-pager\"><a class=\"facetwp-page first active\" data-page=\"1\" href=\"\/nl\/wp-json\/wp\/v2\/pages\/8434?paged_32ff5=1#listing_32ff5\">1<\/a><a class=\"facetwp-page \" data-page=\"2\" href=\"\/nl\/wp-json\/wp\/v2\/pages\/8434?paged_32ff5=2#listing_32ff5\">2<\/a><span class=\"facetwp-separator\">\u2026<\/span><a class=\"facetwp-page \" data-page=\"5\" href=\"\/nl\/wp-json\/wp\/v2\/pages\/8434?paged_32ff5=5#listing_32ff5\">5<\/a><a class=\"facetwp-page next\" data-page=\"2\" href=\"\/nl\/wp-json\/wp\/v2\/pages\/8434?paged_32ff5=2#listing_32ff5\">\u203a<\/a><\/div><\/div><\/div><\/div><div class=\"map-marker\"><div id=\"map_32ff5\" class=\"map-container\" style=\"width: 100%; height: 450px;\"><\/div><\/div><\/div>\n<div class=\"wp-block-ws-library-ws-columns alignfull has-2-columns are-vertically-aligned-top layout-5050 is-style-background-rose\">\n<div class=\"wp-block-ws-library-ws-column\"><div class=\"wrapper\">\n<p><\/p>\n<\/div><\/div>\n\n\n\n<div class=\"wp-block-ws-library-ws-column\"><div class=\"wrapper\">\n<p><\/p>\n<\/div><\/div>\n<\/div>\n","protected":false},"excerpt":{"rendered":"<p>Talrijke wandelpaden lopen door de omgeving van B\u00e2g\u00e9-le-Ch\u00e2tel en Pont-de-Vaux, tegenover tuinbouw en beboste gebieden, een meer traditioneel landschap van [&hellip;]<\/p>\n","protected":false},"author":1,"featured_media":0,"parent":8441,"menu_order":1,"comment_status":"closed","ping_status":"closed","template":"","meta":{"footnotes":""},"class_list":["post-8434","page","type-page","status-publish","hentry"],"yoast_head":"<!-- This site is optimized with the Yoast SEO plugin v27.4 - https:\/\/yoast.com\/product\/yoast-seo-wordpress\/ -->\n<title>Wandelen - Office de Tourisme du Pays de Bag\u00e9 et de Pont de Vaux<\/title>\n<meta name=\"description\" content=\"Familiewandelingen in Pont-de-Vaux in de Ain\" \/>\n<meta name=\"robots\" content=\"index, follow, max-snippet:-1, max-image-preview:large, max-video-preview:-1\" \/>\n<link rel=\"canonical\" href=\"https:\/\/www.bage-pontdevaux-tourisme.com\/nl\/wat-te-zien-en-te-doen\/bewegen\/wandelen\/\" \/>\n<meta property=\"og:locale\" content=\"nl_NL\" \/>\n<meta property=\"og:type\" content=\"article\" \/>\n<meta property=\"og:title\" content=\"Wandelen - Office de Tourisme du Pays de Bag\u00e9 et de Pont de Vaux\" \/>\n<meta property=\"og:description\" content=\"Familiewandelingen in Pont-de-Vaux in de Ain\" \/>\n<meta property=\"og:url\" content=\"https:\/\/www.bage-pontdevaux-tourisme.com\/nl\/wat-te-zien-en-te-doen\/bewegen\/wandelen\/\" \/>\n<meta property=\"og:site_name\" content=\"Office de Tourisme du Pays de Bag\u00e9 et de Pont de Vaux\" \/>\n<meta property=\"article:modified_time\" content=\"2025-10-13T12:26:17+00:00\" \/>\n<meta property=\"og:image\" content=\"https:\/\/www.bage-pontdevaux-tourisme.com\/wp-content\/uploads\/2025\/05\/circuit-sermoyer-office-de-tourisme-1920x530.jpg\" \/>\n<meta name=\"twitter:card\" content=\"summary_large_image\" \/>\n<meta name=\"twitter:label1\" content=\"Geschatte leestijd\" \/>\n\t<meta name=\"twitter:data1\" content=\"1 minuut\" \/>\n<script type=\"application\/ld+json\" class=\"yoast-schema-graph\">{\"@context\":\"https:\\\/\\\/schema.org\",\"@graph\":[{\"@type\":\"WebPage\",\"@id\":\"https:\\\/\\\/www.bage-pontdevaux-tourisme.com\\\/nl\\\/wat-te-zien-en-te-doen\\\/bewegen\\\/wandelen\\\/\",\"url\":\"https:\\\/\\\/www.bage-pontdevaux-tourisme.com\\\/nl\\\/wat-te-zien-en-te-doen\\\/bewegen\\\/wandelen\\\/\",\"name\":\"Wandelen - Office de Tourisme du Pays de Bag\u00e9 et de Pont de Vaux\",\"isPartOf\":{\"@id\":\"https:\\\/\\\/www.bage-pontdevaux-tourisme.com\\\/nl\\\/#website\"},\"primaryImageOfPage\":{\"@id\":\"https:\\\/\\\/www.bage-pontdevaux-tourisme.com\\\/nl\\\/wat-te-zien-en-te-doen\\\/bewegen\\\/wandelen\\\/#primaryimage\"},\"image\":{\"@id\":\"https:\\\/\\\/www.bage-pontdevaux-tourisme.com\\\/nl\\\/wat-te-zien-en-te-doen\\\/bewegen\\\/wandelen\\\/#primaryimage\"},\"thumbnailUrl\":\"https:\\\/\\\/www.bage-pontdevaux-tourisme.com\\\/wp-content\\\/uploads\\\/2025\\\/05\\\/circuit-sermoyer-office-de-tourisme-1920x530.jpg\",\"datePublished\":\"2025-05-22T12:17:41+00:00\",\"dateModified\":\"2025-10-13T12:26:17+00:00\",\"description\":\"Familiewandelingen in Pont-de-Vaux in de Ain\",\"breadcrumb\":{\"@id\":\"https:\\\/\\\/www.bage-pontdevaux-tourisme.com\\\/nl\\\/wat-te-zien-en-te-doen\\\/bewegen\\\/wandelen\\\/#breadcrumb\"},\"inLanguage\":\"nl-NL\",\"potentialAction\":[{\"@type\":\"ReadAction\",\"target\":[\"https:\\\/\\\/www.bage-pontdevaux-tourisme.com\\\/nl\\\/wat-te-zien-en-te-doen\\\/bewegen\\\/wandelen\\\/\"]}]},{\"@type\":\"ImageObject\",\"inLanguage\":\"nl-NL\",\"@id\":\"https:\\\/\\\/www.bage-pontdevaux-tourisme.com\\\/nl\\\/wat-te-zien-en-te-doen\\\/bewegen\\\/wandelen\\\/#primaryimage\",\"url\":\"https:\\\/\\\/www.bage-pontdevaux-tourisme.com\\\/wp-content\\\/uploads\\\/2025\\\/05\\\/circuit-sermoyer-office-de-tourisme-1920x530.jpg\",\"contentUrl\":\"https:\\\/\\\/www.bage-pontdevaux-tourisme.com\\\/wp-content\\\/uploads\\\/2025\\\/05\\\/circuit-sermoyer-office-de-tourisme-1920x530.jpg\"},{\"@type\":\"BreadcrumbList\",\"@id\":\"https:\\\/\\\/www.bage-pontdevaux-tourisme.com\\\/nl\\\/wat-te-zien-en-te-doen\\\/bewegen\\\/wandelen\\\/#breadcrumb\",\"itemListElement\":[{\"@type\":\"ListItem\",\"position\":1,\"name\":\"Accueil\",\"item\":\"https:\\\/\\\/www.bage-pontdevaux-tourisme.com\\\/nl\\\/op-een-steenworp-afstand-van-de-bourgogne-een-gastvrij-platteland-tussen-bresse-en-saone\\\/\"},{\"@type\":\"ListItem\",\"position\":2,\"name\":\"Wandelen\"}]},{\"@type\":\"WebSite\",\"@id\":\"https:\\\/\\\/www.bage-pontdevaux-tourisme.com\\\/nl\\\/#website\",\"url\":\"https:\\\/\\\/www.bage-pontdevaux-tourisme.com\\\/nl\\\/\",\"name\":\"Office de Tourisme du Pays de Bag\u00e9 et de Pont de Vaux\",\"description\":\"\",\"publisher\":{\"@id\":\"https:\\\/\\\/www.bage-pontdevaux-tourisme.com\\\/nl\\\/#organization\"},\"potentialAction\":[{\"@type\":\"SearchAction\",\"target\":{\"@type\":\"EntryPoint\",\"urlTemplate\":\"https:\\\/\\\/www.bage-pontdevaux-tourisme.com\\\/nl\\\/?s={search_term_string}\"},\"query-input\":{\"@type\":\"PropertyValueSpecification\",\"valueRequired\":true,\"valueName\":\"search_term_string\"}}],\"inLanguage\":\"nl-NL\"},{\"@type\":\"Organization\",\"@id\":\"https:\\\/\\\/www.bage-pontdevaux-tourisme.com\\\/nl\\\/#organization\",\"name\":\"Office de Tourisme du Pays de Bag\u00e9 et de Pont de Vaux\",\"url\":\"https:\\\/\\\/www.bage-pontdevaux-tourisme.com\\\/nl\\\/\",\"logo\":{\"@type\":\"ImageObject\",\"inLanguage\":\"nl-NL\",\"@id\":\"https:\\\/\\\/www.bage-pontdevaux-tourisme.com\\\/nl\\\/#\\\/schema\\\/logo\\\/image\\\/\",\"url\":\"https:\\\/\\\/www.bage-pontdevaux-tourisme.com\\\/wp-content\\\/uploads\\\/2025\\\/05\\\/logo-pays-de-bage-and-pont-de-vaux.svg\",\"contentUrl\":\"https:\\\/\\\/www.bage-pontdevaux-tourisme.com\\\/wp-content\\\/uploads\\\/2025\\\/05\\\/logo-pays-de-bage-and-pont-de-vaux.svg\",\"caption\":\"Office de Tourisme du Pays de Bag\u00e9 et de Pont de Vaux\"},\"image\":{\"@id\":\"https:\\\/\\\/www.bage-pontdevaux-tourisme.com\\\/nl\\\/#\\\/schema\\\/logo\\\/image\\\/\"}}]}<\/script>\n<!-- \/ Yoast SEO plugin. -->","yoast_head_json":{"title":"Wandelen - Office de Tourisme du Pays de Bag\u00e9 et de Pont de Vaux","description":"Familiewandelingen in Pont-de-Vaux in de Ain","robots":{"index":"index","follow":"follow","max-snippet":"max-snippet:-1","max-image-preview":"max-image-preview:large","max-video-preview":"max-video-preview:-1"},"canonical":"https:\/\/www.bage-pontdevaux-tourisme.com\/nl\/wat-te-zien-en-te-doen\/bewegen\/wandelen\/","og_locale":"nl_NL","og_type":"article","og_title":"Wandelen - Office de Tourisme du Pays de Bag\u00e9 et de Pont de Vaux","og_description":"Familiewandelingen in Pont-de-Vaux in de Ain","og_url":"https:\/\/www.bage-pontdevaux-tourisme.com\/nl\/wat-te-zien-en-te-doen\/bewegen\/wandelen\/","og_site_name":"Office de Tourisme du Pays de Bag\u00e9 et de Pont de Vaux","article_modified_time":"2025-10-13T12:26:17+00:00","og_image":[{"url":"https:\/\/www.bage-pontdevaux-tourisme.com\/wp-content\/uploads\/2025\/05\/circuit-sermoyer-office-de-tourisme-1920x530.jpg","type":"","width":"","height":""}],"twitter_card":"summary_large_image","twitter_misc":{"Geschatte leestijd":"1 minuut"},"schema":{"@context":"https:\/\/schema.org","@graph":[{"@type":"WebPage","@id":"https:\/\/www.bage-pontdevaux-tourisme.com\/nl\/wat-te-zien-en-te-doen\/bewegen\/wandelen\/","url":"https:\/\/www.bage-pontdevaux-tourisme.com\/nl\/wat-te-zien-en-te-doen\/bewegen\/wandelen\/","name":"Wandelen - Office de Tourisme du Pays de Bag\u00e9 et de Pont de Vaux","isPartOf":{"@id":"https:\/\/www.bage-pontdevaux-tourisme.com\/nl\/#website"},"primaryImageOfPage":{"@id":"https:\/\/www.bage-pontdevaux-tourisme.com\/nl\/wat-te-zien-en-te-doen\/bewegen\/wandelen\/#primaryimage"},"image":{"@id":"https:\/\/www.bage-pontdevaux-tourisme.com\/nl\/wat-te-zien-en-te-doen\/bewegen\/wandelen\/#primaryimage"},"thumbnailUrl":"https:\/\/www.bage-pontdevaux-tourisme.com\/wp-content\/uploads\/2025\/05\/circuit-sermoyer-office-de-tourisme-1920x530.jpg","datePublished":"2025-05-22T12:17:41+00:00","dateModified":"2025-10-13T12:26:17+00:00","description":"Familiewandelingen in Pont-de-Vaux in de Ain","breadcrumb":{"@id":"https:\/\/www.bage-pontdevaux-tourisme.com\/nl\/wat-te-zien-en-te-doen\/bewegen\/wandelen\/#breadcrumb"},"inLanguage":"nl-NL","potentialAction":[{"@type":"ReadAction","target":["https:\/\/www.bage-pontdevaux-tourisme.com\/nl\/wat-te-zien-en-te-doen\/bewegen\/wandelen\/"]}]},{"@type":"ImageObject","inLanguage":"nl-NL","@id":"https:\/\/www.bage-pontdevaux-tourisme.com\/nl\/wat-te-zien-en-te-doen\/bewegen\/wandelen\/#primaryimage","url":"https:\/\/www.bage-pontdevaux-tourisme.com\/wp-content\/uploads\/2025\/05\/circuit-sermoyer-office-de-tourisme-1920x530.jpg","contentUrl":"https:\/\/www.bage-pontdevaux-tourisme.com\/wp-content\/uploads\/2025\/05\/circuit-sermoyer-office-de-tourisme-1920x530.jpg"},{"@type":"BreadcrumbList","@id":"https:\/\/www.bage-pontdevaux-tourisme.com\/nl\/wat-te-zien-en-te-doen\/bewegen\/wandelen\/#breadcrumb","itemListElement":[{"@type":"ListItem","position":1,"name":"Accueil","item":"https:\/\/www.bage-pontdevaux-tourisme.com\/nl\/op-een-steenworp-afstand-van-de-bourgogne-een-gastvrij-platteland-tussen-bresse-en-saone\/"},{"@type":"ListItem","position":2,"name":"Wandelen"}]},{"@type":"WebSite","@id":"https:\/\/www.bage-pontdevaux-tourisme.com\/nl\/#website","url":"https:\/\/www.bage-pontdevaux-tourisme.com\/nl\/","name":"Office de Tourisme du Pays de Bag\u00e9 et de Pont de Vaux","description":"","publisher":{"@id":"https:\/\/www.bage-pontdevaux-tourisme.com\/nl\/#organization"},"potentialAction":[{"@type":"SearchAction","target":{"@type":"EntryPoint","urlTemplate":"https:\/\/www.bage-pontdevaux-tourisme.com\/nl\/?s={search_term_string}"},"query-input":{"@type":"PropertyValueSpecification","valueRequired":true,"valueName":"search_term_string"}}],"inLanguage":"nl-NL"},{"@type":"Organization","@id":"https:\/\/www.bage-pontdevaux-tourisme.com\/nl\/#organization","name":"Office de Tourisme du Pays de Bag\u00e9 et de Pont de Vaux","url":"https:\/\/www.bage-pontdevaux-tourisme.com\/nl\/","logo":{"@type":"ImageObject","inLanguage":"nl-NL","@id":"https:\/\/www.bage-pontdevaux-tourisme.com\/nl\/#\/schema\/logo\/image\/","url":"https:\/\/www.bage-pontdevaux-tourisme.com\/wp-content\/uploads\/2025\/05\/logo-pays-de-bage-and-pont-de-vaux.svg","contentUrl":"https:\/\/www.bage-pontdevaux-tourisme.com\/wp-content\/uploads\/2025\/05\/logo-pays-de-bage-and-pont-de-vaux.svg","caption":"Office de Tourisme du Pays de Bag\u00e9 et de Pont de Vaux"},"image":{"@id":"https:\/\/www.bage-pontdevaux-tourisme.com\/nl\/#\/schema\/logo\/image\/"}}]}},"_links":{"self":[{"href":"https:\/\/www.bage-pontdevaux-tourisme.com\/nl\/wp-json\/wp\/v2\/pages\/8434","targetHints":{"allow":["GET"]}}],"collection":[{"href":"https:\/\/www.bage-pontdevaux-tourisme.com\/nl\/wp-json\/wp\/v2\/pages"}],"about":[{"href":"https:\/\/www.bage-pontdevaux-tourisme.com\/nl\/wp-json\/wp\/v2\/types\/page"}],"author":[{"embeddable":true,"href":"https:\/\/www.bage-pontdevaux-tourisme.com\/nl\/wp-json\/wp\/v2\/users\/1"}],"replies":[{"embeddable":true,"href":"https:\/\/www.bage-pontdevaux-tourisme.com\/nl\/wp-json\/wp\/v2\/comments?post=8434"}],"version-history":[{"count":1,"href":"https:\/\/www.bage-pontdevaux-tourisme.com\/nl\/wp-json\/wp\/v2\/pages\/8434\/revisions"}],"predecessor-version":[{"id":8435,"href":"https:\/\/www.bage-pontdevaux-tourisme.com\/nl\/wp-json\/wp\/v2\/pages\/8434\/revisions\/8435"}],"up":[{"embeddable":true,"href":"https:\/\/www.bage-pontdevaux-tourisme.com\/nl\/wp-json\/wp\/v2\/pages\/8441"}],"wp:attachment":[{"href":"https:\/\/www.bage-pontdevaux-tourisme.com\/nl\/wp-json\/wp\/v2\/media?parent=8434"}],"curies":[{"name":"wp","href":"https:\/\/api.w.org\/{rel}","templated":true}]}}