{"id":8361,"date":"2025-05-22T14:17:44","date_gmt":"2025-05-22T12:17:44","guid":{"rendered":"https:\/\/www.bage-pontdevaux-tourisme.com\/vvv-kantoor\/"},"modified":"2026-03-09T15:32:10","modified_gmt":"2026-03-09T14:32:10","slug":"vvv-kantoor","status":"publish","type":"page","link":"https:\/\/www.bage-pontdevaux-tourisme.com\/nl\/praktijk\/vvv-kantoor\/","title":{"rendered":"VVV-kantoor"},"content":{"rendered":"\n<div class=\"wp-block-ws-library-ws-header-interne is-layout-constrained alignfull\"><div class=\"header-container\"><div class=\"group-media has-image\"><img decoding=\"async\" src=\"https:\/\/www.bage-pontdevaux-tourisme.com\/wp-content\/uploads\/2025\/05\/maison-du-tourisme-de-leau-et-la-nature-1920x530.jpg\" alt=\"\" class=\"image_large_square wp-afbeelding-256  \"\/><\/div><div class=\"group-content\"><div class=\"title\"><h1>VVV-kantoor<\/h1><\/div><\/div><\/div><div class=\"yoast-breadcrumbs\"><span><span><a href=\"https:\/\/www.bage-pontdevaux-tourisme.com\/nl\/op-een-steenworp-afstand-van-de-bourgogne-een-gastvrij-platteland-tussen-bresse-en-saone\/\">Accueil<\/a><\/span> \/ <span><a href=\"https:\/\/www.bage-pontdevaux-tourisme.com\/nl\/praktijk\/\">Praktijk<\/a><\/span> \/ <span class=\"breadcrumb_last\" aria-current=\"page\">VVV-kantoor<\/span><\/span><\/div><\/div>\n\n<div class=\"wp-block-ws-library-ws-title is-style-wave-blue\"><h3><br>Receptie van Pont-de-Vaux<\/h3><\/div>\n\n<p><strong>Toeristenbureau van de Pays de Bag\u00e9 en Pont-de-Vaux<\/strong> 2, Place de Dornhan 01190 PONT DE VAUX <strong>TEL: +33 03 85 30 30 02<\/strong><\/p>\n\n<p><strong>Openingsuren:<\/strong><\/p>\n\n<ul class=\"wp-block-list\">\n<li><strong>Van oktober tot maart <\/strong>: dinsdag tot vrijdag van 10 tot 12 uur en van 14 tot 18 uur<\/li>\n\n\n\n<li><strong>Van april tot september<\/strong> : dinsdag tot vrijdag van 10 tot 12 uur en van 14 tot 18 uur, zaterdag van 14 tot 18 uur<\/li>\n\n\n\n<li><strong>Van 1 juli tot 31 augustus<\/strong> : maandag tot vrijdag van 10 tot 12 uur en van 14 tot 18 uur, zaterdag, zondag, feestdagen van 14 tot 18 uur<\/li>\n<\/ul>\n\n<div class=\"wp-block-ws-library-ws-title is-style-wave-blue\"><h3>Receptie in B\u00e2g\u00e9-le-Ch\u00e2tel<\/h3><\/div>\n\n<p><strong>VVV-kantoor<\/strong> 2 rue Marsale 01380 B\u00e2g\u00e9-le-Ch\u00e2tel TEL: 00 33 (0)3 85 30 56 66<\/p>\n\n<p><strong>Jaarlijkse openingsuren:<\/strong> dinsdag, woensdag, vrijdag en zaterdag van 10 tot 12 uur en van 14 tot 17.30 uur<\/p>\n\n<div class=\"wp-block-ws-library-ws-title is-style-wave-blue\"><h3>Onze diensten<\/h3><\/div>\n\n<ul class=\"wp-block-list\">\n<li>Reserveringen voor cruises aan boord van de restaurantboot &#8220;Ville de Pont-de-Vaux 2&#8221;  <\/li>\n\n\n\n<li>Lijst van accommodaties en restaurants<\/li>\n\n\n\n<li>Kaart van B\u00e2g\u00e9-le-Ch\u00e2tel, Pont-de-Vaux en het gebied<\/li>\n\n\n\n<li>Kaart van de wandelingen in de regio<\/li>\n\n\n\n<li>Winkels<\/li>\n\n\n\n<li>Verkoop van visvergunningen<\/li>\n\n\n\n<li>Vrijetijdsactiviteiten (zwembad, jachthaven, groene wegen, fietscircuits)<\/li>\n\n\n\n<li>De organisatie van rondleidingen voor groepen<\/li>\n\n\n\n<li>Toeristische trekpleisters in de regio om te ontdekken<\/li>\n<\/ul>\n","protected":false},"excerpt":{"rendered":"<p>Toeristenbureau van de Pays de Bag\u00e9 en Pont-de-Vaux 2, Place de Dornhan 01190 PONT DE VAUX TEL: +33 03 85 [&hellip;]<\/p>\n","protected":false},"author":1,"featured_media":0,"parent":8645,"menu_order":2,"comment_status":"closed","ping_status":"closed","template":"","meta":{"footnotes":""},"class_list":["post-8361","page","type-page","status-publish","hentry"],"yoast_head":"<!-- This site is optimized with the Yoast SEO plugin v27.4 - https:\/\/yoast.com\/product\/yoast-seo-wordpress\/ -->\n<title>VVV-kantoor - Office de Tourisme du Pays de Bag\u00e9 et de Pont de Vaux<\/title>\n<meta name=\"robots\" content=\"index, follow, max-snippet:-1, max-image-preview:large, max-video-preview:-1\" \/>\n<link rel=\"canonical\" href=\"https:\/\/www.bage-pontdevaux-tourisme.com\/nl\/praktijk\/vvv-kantoor\/\" \/>\n<meta property=\"og:locale\" content=\"nl_NL\" \/>\n<meta property=\"og:type\" content=\"article\" \/>\n<meta property=\"og:title\" content=\"VVV-kantoor - Office de Tourisme du Pays de Bag\u00e9 et de Pont de Vaux\" \/>\n<meta property=\"og:description\" content=\"Toeristenbureau van de Pays de Bag\u00e9 en Pont-de-Vaux 2, Place de Dornhan 01190 PONT DE VAUX TEL: +33 03 85 [&hellip;]\" \/>\n<meta property=\"og:url\" content=\"https:\/\/www.bage-pontdevaux-tourisme.com\/nl\/praktijk\/vvv-kantoor\/\" \/>\n<meta property=\"og:site_name\" content=\"Office de Tourisme du Pays de Bag\u00e9 et de Pont de Vaux\" \/>\n<meta property=\"article:modified_time\" content=\"2026-03-09T14:32:10+00:00\" \/>\n<meta property=\"og:image\" content=\"https:\/\/www.bage-pontdevaux-tourisme.com\/wp-content\/uploads\/2025\/05\/maison-du-tourisme-de-leau-et-la-nature-1920x530.jpg\" \/>\n<meta name=\"twitter:card\" content=\"summary_large_image\" \/>\n<meta name=\"twitter:label1\" content=\"Geschatte leestijd\" \/>\n\t<meta name=\"twitter:data1\" content=\"1 minuut\" \/>\n<script type=\"application\/ld+json\" class=\"yoast-schema-graph\">{\"@context\":\"https:\\\/\\\/schema.org\",\"@graph\":[{\"@type\":\"WebPage\",\"@id\":\"https:\\\/\\\/www.bage-pontdevaux-tourisme.com\\\/nl\\\/praktijk\\\/vvv-kantoor\\\/\",\"url\":\"https:\\\/\\\/www.bage-pontdevaux-tourisme.com\\\/nl\\\/praktijk\\\/vvv-kantoor\\\/\",\"name\":\"VVV-kantoor - Office de Tourisme du Pays de Bag\u00e9 et de Pont de Vaux\",\"isPartOf\":{\"@id\":\"https:\\\/\\\/www.bage-pontdevaux-tourisme.com\\\/nl\\\/#website\"},\"primaryImageOfPage\":{\"@id\":\"https:\\\/\\\/www.bage-pontdevaux-tourisme.com\\\/nl\\\/praktijk\\\/vvv-kantoor\\\/#primaryimage\"},\"image\":{\"@id\":\"https:\\\/\\\/www.bage-pontdevaux-tourisme.com\\\/nl\\\/praktijk\\\/vvv-kantoor\\\/#primaryimage\"},\"thumbnailUrl\":\"https:\\\/\\\/www.bage-pontdevaux-tourisme.com\\\/wp-content\\\/uploads\\\/2025\\\/05\\\/maison-du-tourisme-de-leau-et-la-nature-1920x530.jpg\",\"datePublished\":\"2025-05-22T12:17:44+00:00\",\"dateModified\":\"2026-03-09T14:32:10+00:00\",\"breadcrumb\":{\"@id\":\"https:\\\/\\\/www.bage-pontdevaux-tourisme.com\\\/nl\\\/praktijk\\\/vvv-kantoor\\\/#breadcrumb\"},\"inLanguage\":\"nl-NL\",\"potentialAction\":[{\"@type\":\"ReadAction\",\"target\":[\"https:\\\/\\\/www.bage-pontdevaux-tourisme.com\\\/nl\\\/praktijk\\\/vvv-kantoor\\\/\"]}]},{\"@type\":\"ImageObject\",\"inLanguage\":\"nl-NL\",\"@id\":\"https:\\\/\\\/www.bage-pontdevaux-tourisme.com\\\/nl\\\/praktijk\\\/vvv-kantoor\\\/#primaryimage\",\"url\":\"https:\\\/\\\/www.bage-pontdevaux-tourisme.com\\\/wp-content\\\/uploads\\\/2025\\\/05\\\/maison-du-tourisme-de-leau-et-la-nature-1920x530.jpg\",\"contentUrl\":\"https:\\\/\\\/www.bage-pontdevaux-tourisme.com\\\/wp-content\\\/uploads\\\/2025\\\/05\\\/maison-du-tourisme-de-leau-et-la-nature-1920x530.jpg\"},{\"@type\":\"BreadcrumbList\",\"@id\":\"https:\\\/\\\/www.bage-pontdevaux-tourisme.com\\\/nl\\\/praktijk\\\/vvv-kantoor\\\/#breadcrumb\",\"itemListElement\":[{\"@type\":\"ListItem\",\"position\":1,\"name\":\"Accueil\",\"item\":\"https:\\\/\\\/www.bage-pontdevaux-tourisme.com\\\/nl\\\/op-een-steenworp-afstand-van-de-bourgogne-een-gastvrij-platteland-tussen-bresse-en-saone\\\/\"},{\"@type\":\"ListItem\",\"position\":2,\"name\":\"Praktijk\",\"item\":\"https:\\\/\\\/www.bage-pontdevaux-tourisme.com\\\/nl\\\/praktijk\\\/\"},{\"@type\":\"ListItem\",\"position\":3,\"name\":\"VVV-kantoor\"}]},{\"@type\":\"WebSite\",\"@id\":\"https:\\\/\\\/www.bage-pontdevaux-tourisme.com\\\/nl\\\/#website\",\"url\":\"https:\\\/\\\/www.bage-pontdevaux-tourisme.com\\\/nl\\\/\",\"name\":\"Office de Tourisme du Pays de Bag\u00e9 et de Pont de Vaux\",\"description\":\"\",\"publisher\":{\"@id\":\"https:\\\/\\\/www.bage-pontdevaux-tourisme.com\\\/nl\\\/#organization\"},\"potentialAction\":[{\"@type\":\"SearchAction\",\"target\":{\"@type\":\"EntryPoint\",\"urlTemplate\":\"https:\\\/\\\/www.bage-pontdevaux-tourisme.com\\\/nl\\\/?s={search_term_string}\"},\"query-input\":{\"@type\":\"PropertyValueSpecification\",\"valueRequired\":true,\"valueName\":\"search_term_string\"}}],\"inLanguage\":\"nl-NL\"},{\"@type\":\"Organization\",\"@id\":\"https:\\\/\\\/www.bage-pontdevaux-tourisme.com\\\/nl\\\/#organization\",\"name\":\"Office de Tourisme du Pays de Bag\u00e9 et de Pont de Vaux\",\"url\":\"https:\\\/\\\/www.bage-pontdevaux-tourisme.com\\\/nl\\\/\",\"logo\":{\"@type\":\"ImageObject\",\"inLanguage\":\"nl-NL\",\"@id\":\"https:\\\/\\\/www.bage-pontdevaux-tourisme.com\\\/nl\\\/#\\\/schema\\\/logo\\\/image\\\/\",\"url\":\"https:\\\/\\\/www.bage-pontdevaux-tourisme.com\\\/wp-content\\\/uploads\\\/2025\\\/05\\\/logo-pays-de-bage-and-pont-de-vaux.svg\",\"contentUrl\":\"https:\\\/\\\/www.bage-pontdevaux-tourisme.com\\\/wp-content\\\/uploads\\\/2025\\\/05\\\/logo-pays-de-bage-and-pont-de-vaux.svg\",\"caption\":\"Office de Tourisme du Pays de Bag\u00e9 et de Pont de Vaux\"},\"image\":{\"@id\":\"https:\\\/\\\/www.bage-pontdevaux-tourisme.com\\\/nl\\\/#\\\/schema\\\/logo\\\/image\\\/\"}}]}<\/script>\n<!-- \/ Yoast SEO plugin. -->","yoast_head_json":{"title":"VVV-kantoor - Office de Tourisme du Pays de Bag\u00e9 et de Pont de Vaux","robots":{"index":"index","follow":"follow","max-snippet":"max-snippet:-1","max-image-preview":"max-image-preview:large","max-video-preview":"max-video-preview:-1"},"canonical":"https:\/\/www.bage-pontdevaux-tourisme.com\/nl\/praktijk\/vvv-kantoor\/","og_locale":"nl_NL","og_type":"article","og_title":"VVV-kantoor - Office de Tourisme du Pays de Bag\u00e9 et de Pont de Vaux","og_description":"Toeristenbureau van de Pays de Bag\u00e9 en Pont-de-Vaux 2, Place de Dornhan 01190 PONT DE VAUX TEL: +33 03 85 [&hellip;]","og_url":"https:\/\/www.bage-pontdevaux-tourisme.com\/nl\/praktijk\/vvv-kantoor\/","og_site_name":"Office de Tourisme du Pays de Bag\u00e9 et de Pont de Vaux","article_modified_time":"2026-03-09T14:32:10+00:00","og_image":[{"url":"https:\/\/www.bage-pontdevaux-tourisme.com\/wp-content\/uploads\/2025\/05\/maison-du-tourisme-de-leau-et-la-nature-1920x530.jpg","type":"","width":"","height":""}],"twitter_card":"summary_large_image","twitter_misc":{"Geschatte leestijd":"1 minuut"},"schema":{"@context":"https:\/\/schema.org","@graph":[{"@type":"WebPage","@id":"https:\/\/www.bage-pontdevaux-tourisme.com\/nl\/praktijk\/vvv-kantoor\/","url":"https:\/\/www.bage-pontdevaux-tourisme.com\/nl\/praktijk\/vvv-kantoor\/","name":"VVV-kantoor - Office de Tourisme du Pays de Bag\u00e9 et de Pont de Vaux","isPartOf":{"@id":"https:\/\/www.bage-pontdevaux-tourisme.com\/nl\/#website"},"primaryImageOfPage":{"@id":"https:\/\/www.bage-pontdevaux-tourisme.com\/nl\/praktijk\/vvv-kantoor\/#primaryimage"},"image":{"@id":"https:\/\/www.bage-pontdevaux-tourisme.com\/nl\/praktijk\/vvv-kantoor\/#primaryimage"},"thumbnailUrl":"https:\/\/www.bage-pontdevaux-tourisme.com\/wp-content\/uploads\/2025\/05\/maison-du-tourisme-de-leau-et-la-nature-1920x530.jpg","datePublished":"2025-05-22T12:17:44+00:00","dateModified":"2026-03-09T14:32:10+00:00","breadcrumb":{"@id":"https:\/\/www.bage-pontdevaux-tourisme.com\/nl\/praktijk\/vvv-kantoor\/#breadcrumb"},"inLanguage":"nl-NL","potentialAction":[{"@type":"ReadAction","target":["https:\/\/www.bage-pontdevaux-tourisme.com\/nl\/praktijk\/vvv-kantoor\/"]}]},{"@type":"ImageObject","inLanguage":"nl-NL","@id":"https:\/\/www.bage-pontdevaux-tourisme.com\/nl\/praktijk\/vvv-kantoor\/#primaryimage","url":"https:\/\/www.bage-pontdevaux-tourisme.com\/wp-content\/uploads\/2025\/05\/maison-du-tourisme-de-leau-et-la-nature-1920x530.jpg","contentUrl":"https:\/\/www.bage-pontdevaux-tourisme.com\/wp-content\/uploads\/2025\/05\/maison-du-tourisme-de-leau-et-la-nature-1920x530.jpg"},{"@type":"BreadcrumbList","@id":"https:\/\/www.bage-pontdevaux-tourisme.com\/nl\/praktijk\/vvv-kantoor\/#breadcrumb","itemListElement":[{"@type":"ListItem","position":1,"name":"Accueil","item":"https:\/\/www.bage-pontdevaux-tourisme.com\/nl\/op-een-steenworp-afstand-van-de-bourgogne-een-gastvrij-platteland-tussen-bresse-en-saone\/"},{"@type":"ListItem","position":2,"name":"Praktijk","item":"https:\/\/www.bage-pontdevaux-tourisme.com\/nl\/praktijk\/"},{"@type":"ListItem","position":3,"name":"VVV-kantoor"}]},{"@type":"WebSite","@id":"https:\/\/www.bage-pontdevaux-tourisme.com\/nl\/#website","url":"https:\/\/www.bage-pontdevaux-tourisme.com\/nl\/","name":"Office de Tourisme du Pays de Bag\u00e9 et de Pont de Vaux","description":"","publisher":{"@id":"https:\/\/www.bage-pontdevaux-tourisme.com\/nl\/#organization"},"potentialAction":[{"@type":"SearchAction","target":{"@type":"EntryPoint","urlTemplate":"https:\/\/www.bage-pontdevaux-tourisme.com\/nl\/?s={search_term_string}"},"query-input":{"@type":"PropertyValueSpecification","valueRequired":true,"valueName":"search_term_string"}}],"inLanguage":"nl-NL"},{"@type":"Organization","@id":"https:\/\/www.bage-pontdevaux-tourisme.com\/nl\/#organization","name":"Office de Tourisme du Pays de Bag\u00e9 et de Pont de Vaux","url":"https:\/\/www.bage-pontdevaux-tourisme.com\/nl\/","logo":{"@type":"ImageObject","inLanguage":"nl-NL","@id":"https:\/\/www.bage-pontdevaux-tourisme.com\/nl\/#\/schema\/logo\/image\/","url":"https:\/\/www.bage-pontdevaux-tourisme.com\/wp-content\/uploads\/2025\/05\/logo-pays-de-bage-and-pont-de-vaux.svg","contentUrl":"https:\/\/www.bage-pontdevaux-tourisme.com\/wp-content\/uploads\/2025\/05\/logo-pays-de-bage-and-pont-de-vaux.svg","caption":"Office de Tourisme du Pays de Bag\u00e9 et de Pont de Vaux"},"image":{"@id":"https:\/\/www.bage-pontdevaux-tourisme.com\/nl\/#\/schema\/logo\/image\/"}}]}},"_links":{"self":[{"href":"https:\/\/www.bage-pontdevaux-tourisme.com\/nl\/wp-json\/wp\/v2\/pages\/8361","targetHints":{"allow":["GET"]}}],"collection":[{"href":"https:\/\/www.bage-pontdevaux-tourisme.com\/nl\/wp-json\/wp\/v2\/pages"}],"about":[{"href":"https:\/\/www.bage-pontdevaux-tourisme.com\/nl\/wp-json\/wp\/v2\/types\/page"}],"author":[{"embeddable":true,"href":"https:\/\/www.bage-pontdevaux-tourisme.com\/nl\/wp-json\/wp\/v2\/users\/1"}],"replies":[{"embeddable":true,"href":"https:\/\/www.bage-pontdevaux-tourisme.com\/nl\/wp-json\/wp\/v2\/comments?post=8361"}],"version-history":[{"count":4,"href":"https:\/\/www.bage-pontdevaux-tourisme.com\/nl\/wp-json\/wp\/v2\/pages\/8361\/revisions"}],"predecessor-version":[{"id":15315,"href":"https:\/\/www.bage-pontdevaux-tourisme.com\/nl\/wp-json\/wp\/v2\/pages\/8361\/revisions\/15315"}],"up":[{"embeddable":true,"href":"https:\/\/www.bage-pontdevaux-tourisme.com\/nl\/wp-json\/wp\/v2\/pages\/8645"}],"wp:attachment":[{"href":"https:\/\/www.bage-pontdevaux-tourisme.com\/nl\/wp-json\/wp\/v2\/media?parent=8361"}],"curies":[{"name":"wp","href":"https:\/\/api.w.org\/{rel}","templated":true}]}}