{"id":8352,"date":"2025-05-22T14:17:45","date_gmt":"2025-05-22T12:17:45","guid":{"rendered":"https:\/\/www.bage-pontdevaux-tourisme.com\/familie\/"},"modified":"2025-10-13T14:25:37","modified_gmt":"2025-10-13T12:25:37","slug":"familie","status":"publish","type":"page","link":"https:\/\/www.bage-pontdevaux-tourisme.com\/nl\/familie\/","title":{"rendered":"Familie"},"content":{"rendered":"\n<div class=\"wp-block-ws-library-ws-header-interne is-layout-constrained alignfull\"><div class=\"header-container\"><div class=\"group-media has-image\"><img decoding=\"async\" src=\"https:\/\/www.bage-pontdevaux-tourisme.com\/wp-content\/uploads\/2025\/08\/2022-boz-recherche-de-traces-1920x530.jpg\" alt=\"\" class=\"image_large_square wp-afbeelding-4452  \"\/><\/div><div class=\"group-content\"><div class=\"title\"><h1>Familie<\/h1><\/div><\/div><\/div><div class=\"yoast-breadcrumbs\"><span><span><a href=\"https:\/\/www.bage-pontdevaux-tourisme.com\/nl\/op-een-steenworp-afstand-van-de-bourgogne-een-gastvrij-platteland-tussen-bresse-en-saone\/\">Accueil<\/a><\/span> \/ <span class=\"breadcrumb_last\" aria-current=\"page\">Familie<\/span><\/span><\/div><\/div>\n\n<div class=\"wp-block-ws-library-ws-title is-style-wave-blue\"><h2>Wat te doen met de kinderen&#8230;<\/h2><\/div>\n\n<p class=\"has-text-align-center\">We genieten van de zon en we gaan wandelen, fietsen of paardrijden&#8230; of u kunt kiezen voor een vistocht in een van de vijvers van het gebied van Bresse et Sa\u00f4ne!<\/p>\n<div id=\"listing_b8bec\" data-observer-wishlist class=\"ws-listing wp-block-ws-apidae-library-listing-avance alignwide\" data-map-id=\"map_b8bec\" data-locations-id=\"locations-data_b8bec\"><div class=\"listing-header\"><div class=\"toggle-container\"><button class=\"btn toggle-btn toggle-list\" data-target=\"list\">Lijst<\/button><button class=\"btn toggle-btn toggle-map\" data-target=\"map\">Kaart<\/button><button class=\"btn toggle-btn toggle-fulllist\" data-target=\"fulllist\" data-reverse=\"Kaart tonen\">Kaart verbergen<\/button><\/div><\/div><div class=\"facetwp-template\"><div class=\"list-container active\"><div class=\"list-items\"><div class=\"item\"><div class=\"card card-apidae card-avance\"><div class=\"group-media\"><div class=\"field-image\"><img decoding=\"async\" src=\"https:\/\/images.weserv.nl\/?url=https:\/\/static.apidae-tourisme.com\/filestore\/objets-touristiques\/images\/72\/168\/4237384-diaporama.jpg&#038;w=320&#038;h=220&#038;fit=cover&#038;output=webp&#038;q=45\" alt=\"Activiteiten in het Giraudi\u00e8re ruitercentrum\"\/><\/div><\/div><div class=\"group-content\"><div class=\"field-commune\">Saint-Andr\u00e9-de-B\u00e2g\u00e9<\/div><div class=\"field-title\">Activiteiten in het Giraudi\u00e8re ruitercentrum<\/div><div class=\"field-description\">Manege en recreatiecentrum voor volwassenen en kinderen, groeps- en priv\u00e9lessen,&#8230;<\/div><\/div><div class=\"field-link\"><a href=\"https:\/\/www.bage-pontdevaux-tourisme.com\/nl\/fiche\/activiteiten-in-de-manege-giraudiere\/\" class=\"cardlink\">Activiteiten in het Giraudi\u00e8re ruitercentrum<\/a><\/div><\/div><\/div><div class=\"item\"><div class=\"card card-apidae card-avance\"><div class=\"group-media\"><div class=\"field-image\"><img decoding=\"async\" src=\"https:\/\/images.weserv.nl\/?url=https:\/\/static.apidae-tourisme.com\/filestore\/objets-touristiques\/images\/186\/15\/921530-diaporama.jpg&#038;w=320&#038;h=220&#038;fit=cover&#038;output=webp&#038;q=45\" alt=\"Activiteiten in het ruitercentrum Les cavaliers de pr\u00e9 fleuri\"\/><\/div><\/div><div class=\"group-content\"><div class=\"field-commune\">Saint-B\u00e9nigne<\/div><div class=\"field-title\">Activiteiten in het ruitercentrum Les cavaliers de pr\u00e9 fleuri<\/div><div class=\"field-description\">Manege voor alle disciplines, pony&#8217;s en paarden. Door de staat&#8230;<\/div><\/div><div class=\"field-link\"><a href=\"https:\/\/www.bage-pontdevaux-tourisme.com\/nl\/fiche\/activiteiten-op-de-manege-les-cavaliers-de-pre-fleuri\/\" class=\"cardlink\">Activiteiten in het ruitercentrum Les cavaliers de pr\u00e9 fleuri<\/a><\/div><\/div><\/div><div class=\"item\"><div class=\"card card-apidae card-avance\"><div class=\"group-media\"><div class=\"field-image\"><img decoding=\"async\" src=\"https:\/\/images.weserv.nl\/?url=https:\/\/static.apidae-tourisme.com\/filestore\/objets-touristiques\/images\/123\/5\/16516475-diaporama.jpg&#038;w=320&#038;h=220&#038;fit=cover&#038;output=webp&#038;q=45\" alt=\"Antoine Chintreuil Museum\"\/><\/div><\/div><div class=\"group-content\"><div class=\"field-commune\">Pont-de-Vaux<\/div><div class=\"field-title\">Antoine Chintreuil Museum<\/div><div class=\"field-description\">In een prachtig 18e-eeuws herenhuis, een tentoonstelling van beeldende kunstcollecties&#8230;<\/div><\/div><div class=\"field-link\"><a href=\"https:\/\/www.bage-pontdevaux-tourisme.com\/nl\/fiche\/antoine-chintreuil-museum-2\/\" class=\"cardlink\">Antoine Chintreuil Museum<\/a><\/div><\/div><\/div><div class=\"item\"><div class=\"card card-apidae card-avance\"><div class=\"group-media\"><div class=\"field-image\"><img decoding=\"async\" src=\"https:\/\/images.weserv.nl\/?url=https:\/\/static.apidae-tourisme.com\/filestore\/objets-touristiques\/images\/82\/12\/1444946-diaporama.jpg&#038;w=320&#038;h=220&#038;fit=cover&#038;output=webp&#038;q=45\" alt=\"Archipel Zwembad\"\/><\/div><\/div><div class=\"group-content\"><div class=\"field-commune\">Pont-de-Vaux<\/div><div class=\"field-title\">Archipel Zwembad<\/div><div class=\"field-description\">Zomer-winterpretbad, glijbaan, waterpaddenstoelen, bubbelbank, pentagliss en splashpad (interactieve waterspeelplaats). Sport-&#8230;<\/div><\/div><div class=\"field-link\"><a href=\"https:\/\/www.bage-pontdevaux-tourisme.com\/nl\/fiche\/archipel-zwembad\/\" class=\"cardlink\">Archipel Zwembad<\/a><\/div><\/div><\/div><div class=\"item\"><div class=\"card card-apidae card-avance\"><div class=\"group-media\"><div class=\"field-image\"><img decoding=\"async\" src=\"https:\/\/images.weserv.nl\/?url=https:\/\/static.apidae-tourisme.com\/filestore\/objets-touristiques\/images\/83\/96\/8740947-diaporama.jpg&#038;w=320&#038;h=220&#038;fit=cover&#038;output=webp&#038;q=45\" alt=\"Chassagne-visvijver\"\/><\/div><\/div><div class=\"group-content\"><div class=\"field-commune\">Manziat<\/div><div class=\"field-title\">Chassagne-visvijver<\/div><div class=\"field-description\">Deze vijver wordt omringd door tuinderijen en heeft een paar&#8230;<\/div><\/div><div class=\"field-link\"><a href=\"https:\/\/www.bage-pontdevaux-tourisme.com\/nl\/fiche\/visvijver-van-chassagne\/\" class=\"cardlink\">Chassagne-visvijver<\/a><\/div><\/div><\/div><div class=\"item\"><div class=\"card card-apidae card-avance\"><div class=\"group-media\"><div class=\"field-image\"><img decoding=\"async\" src=\"https:\/\/images.weserv.nl\/?url=https:\/\/static.apidae-tourisme.com\/filestore\/objets-touristiques\/images\/120\/250\/19462776-diaporama.jpg&#038;w=320&#038;h=220&#038;fit=cover&#038;output=webp&#038;q=45\" alt=\"Cruisewandeling Pont-de-Vaux Jean-de-Sa\u00f4ne\"\/><\/div><\/div><div class=\"group-content\"><div class=\"field-commune\">Pont-de-Vaux<\/div><div class=\"field-title\">Cruisewandeling Pont-de-Vaux Jean-de-Sa\u00f4ne<\/div><div class=\"field-description\">Vertrek uit de jachthaven van Pont-de-Vaux. 2 uur durende tocht&#8230;<\/div><\/div><div class=\"field-link\"><a href=\"https:\/\/www.bage-pontdevaux-tourisme.com\/nl\/fiche\/pont-de-vaux-jean-de-saone-cruise-2\/\" class=\"cardlink\">Cruisewandeling Pont-de-Vaux Jean-de-Sa\u00f4ne<\/a><\/div><\/div><\/div><div id=\"locations-data_b8bec\" style=\"display: none;\">{&quot;locations&quot;:[{&quot;lat&quot;:&quot;46.29687&quot;,&quot;lng&quot;:&quot;4.916596&quot;,&quot;title&quot;:&quot;Activiteiten in het Giraudi\\u00e8re ruitercentrum&quot;,&quot;permalink&quot;:&quot;https:\\\/\\\/www.bage-pontdevaux-tourisme.com\\\/nl\\\/fiche\\\/activiteiten-in-de-manege-giraudiere\\\/&quot;,&quot;type&quot;:&quot;activite&quot;,&quot;commune&quot;:&quot;Saint-Andr\\u00e9-de-B\\u00e2g\\u00e9&quot;,&quot;type_commerce&quot;:&quot;&quot;,&quot;image&quot;:&quot;https:\\\/\\\/static.apidae-tourisme.com\\\/filestore\\\/objets-touristiques\\\/images\\\/72\\\/168\\\/4237384-diaporama.jpg&quot;,&quot;image_width&quot;:&quot;320&quot;,&quot;image_height&quot;:&quot;220&quot;,&quot;image_fit&quot;:&quot;cover&quot;},{&quot;lat&quot;:&quot;46.45483&quot;,&quot;lng&quot;:&quot;4.952517&quot;,&quot;title&quot;:&quot;Activiteiten in het ruitercentrum Les cavaliers de pr\\u00e9 fleuri&quot;,&quot;permalink&quot;:&quot;https:\\\/\\\/www.bage-pontdevaux-tourisme.com\\\/nl\\\/fiche\\\/activiteiten-op-de-manege-les-cavaliers-de-pre-fleuri\\\/&quot;,&quot;type&quot;:&quot;activite&quot;,&quot;commune&quot;:&quot;Saint-B\\u00e9nigne&quot;,&quot;type_commerce&quot;:&quot;&quot;,&quot;image&quot;:&quot;https:\\\/\\\/static.apidae-tourisme.com\\\/filestore\\\/objets-touristiques\\\/images\\\/186\\\/15\\\/921530-diaporama.jpg&quot;,&quot;image_width&quot;:&quot;320&quot;,&quot;image_height&quot;:&quot;220&quot;,&quot;image_fit&quot;:&quot;cover&quot;},{&quot;lat&quot;:&quot;46.430261&quot;,&quot;lng&quot;:&quot;4.937911&quot;,&quot;title&quot;:&quot;Antoine Chintreuil Museum&quot;,&quot;permalink&quot;:&quot;https:\\\/\\\/www.bage-pontdevaux-tourisme.com\\\/nl\\\/fiche\\\/antoine-chintreuil-museum-2\\\/&quot;,&quot;type&quot;:&quot;patrimoine_culturel&quot;,&quot;commune&quot;:&quot;Pont-de-Vaux&quot;,&quot;type_commerce&quot;:&quot;&quot;,&quot;image&quot;:&quot;https:\\\/\\\/static.apidae-tourisme.com\\\/filestore\\\/objets-touristiques\\\/images\\\/123\\\/5\\\/16516475-diaporama.jpg&quot;,&quot;image_width&quot;:&quot;320&quot;,&quot;image_height&quot;:&quot;220&quot;,&quot;image_fit&quot;:&quot;cover&quot;},{&quot;lat&quot;:&quot;46.429036&quot;,&quot;lng&quot;:&quot;4.933237&quot;,&quot;title&quot;:&quot;Archipel Zwembad&quot;,&quot;permalink&quot;:&quot;https:\\\/\\\/www.bage-pontdevaux-tourisme.com\\\/nl\\\/fiche\\\/archipel-zwembad\\\/&quot;,&quot;type&quot;:&quot;equipement&quot;,&quot;commune&quot;:&quot;Pont-de-Vaux&quot;,&quot;type_commerce&quot;:&quot;&quot;,&quot;image&quot;:&quot;https:\\\/\\\/static.apidae-tourisme.com\\\/filestore\\\/objets-touristiques\\\/images\\\/82\\\/12\\\/1444946-diaporama.jpg&quot;,&quot;image_width&quot;:&quot;320&quot;,&quot;image_height&quot;:&quot;220&quot;,&quot;image_fit&quot;:&quot;cover&quot;},{&quot;lat&quot;:&quot;46.361857&quot;,&quot;lng&quot;:&quot;4.889732&quot;,&quot;title&quot;:&quot;Chassagne-visvijver&quot;,&quot;permalink&quot;:&quot;https:\\\/\\\/www.bage-pontdevaux-tourisme.com\\\/nl\\\/fiche\\\/visvijver-van-chassagne\\\/&quot;,&quot;type&quot;:&quot;equipement&quot;,&quot;commune&quot;:&quot;Manziat&quot;,&quot;type_commerce&quot;:&quot;&quot;,&quot;image&quot;:&quot;https:\\\/\\\/static.apidae-tourisme.com\\\/filestore\\\/objets-touristiques\\\/images\\\/83\\\/96\\\/8740947-diaporama.jpg&quot;,&quot;image_width&quot;:&quot;320&quot;,&quot;image_height&quot;:&quot;220&quot;,&quot;image_fit&quot;:&quot;cover&quot;},{&quot;lat&quot;:&quot;46.434101&quot;,&quot;lng&quot;:&quot;4.934793&quot;,&quot;title&quot;:&quot;Cruisewandeling Pont-de-Vaux Jean-de-Sa\\u00f4ne&quot;,&quot;permalink&quot;:&quot;https:\\\/\\\/www.bage-pontdevaux-tourisme.com\\\/nl\\\/fiche\\\/pont-de-vaux-jean-de-saone-cruise-2\\\/&quot;,&quot;type&quot;:&quot;equipement&quot;,&quot;commune&quot;:&quot;Pont-de-Vaux&quot;,&quot;type_commerce&quot;:&quot;&quot;,&quot;image&quot;:&quot;https:\\\/\\\/static.apidae-tourisme.com\\\/filestore\\\/objets-touristiques\\\/images\\\/120\\\/250\\\/19462776-diaporama.jpg&quot;,&quot;image_width&quot;:&quot;320&quot;,&quot;image_height&quot;:&quot;220&quot;,&quot;image_fit&quot;:&quot;cover&quot;}],&quot;center_lat&quot;:&quot;46.29687&quot;,&quot;center_lng&quot;:&quot;4.916596&quot;}<\/div><\/div><div class=\"ws-apidae-pager\" data-type=\"pager\"><div class=\"custom-pager\"><a class=\"facetwp-page first active\" data-page=\"1\" href=\"\/nl\/wp-json\/wp\/v2\/pages\/8352?paged_b8bec=1#listing_b8bec\">1<\/a><a class=\"facetwp-page \" data-page=\"2\" href=\"\/nl\/wp-json\/wp\/v2\/pages\/8352?paged_b8bec=2#listing_b8bec\">2<\/a><a class=\"facetwp-page \" data-page=\"3\" href=\"\/nl\/wp-json\/wp\/v2\/pages\/8352?paged_b8bec=3#listing_b8bec\">3<\/a><a class=\"facetwp-page next\" data-page=\"2\" href=\"\/nl\/wp-json\/wp\/v2\/pages\/8352?paged_b8bec=2#listing_b8bec\">\u203a<\/a><\/div><\/div><\/div><\/div><div class=\"map-marker\"><div id=\"map_b8bec\" class=\"map-container\" style=\"width: 100%; height: 450px;\"><\/div><\/div><\/div>\n<p class=\"has-text-align-center\"><\/p>\n","protected":false},"excerpt":{"rendered":"<p>We genieten van de zon en we gaan wandelen, fietsen of paardrijden&#8230; of u kunt kiezen voor een vistocht in [&hellip;]<\/p>\n","protected":false},"author":1,"featured_media":0,"parent":0,"menu_order":17,"comment_status":"closed","ping_status":"closed","template":"","meta":{"footnotes":""},"class_list":["post-8352","page","type-page","status-publish","hentry"],"yoast_head":"<!-- This site is optimized with the Yoast SEO plugin v27.4 - https:\/\/yoast.com\/product\/yoast-seo-wordpress\/ -->\n<title>Familie - Office de Tourisme du Pays de Bag\u00e9 et de Pont de Vaux<\/title>\n<meta name=\"robots\" content=\"index, follow, max-snippet:-1, max-image-preview:large, max-video-preview:-1\" \/>\n<link rel=\"canonical\" href=\"https:\/\/www.bage-pontdevaux-tourisme.com\/nl\/familie\/\" \/>\n<meta property=\"og:locale\" content=\"nl_NL\" \/>\n<meta property=\"og:type\" content=\"article\" \/>\n<meta property=\"og:title\" content=\"Familie - Office de Tourisme du Pays de Bag\u00e9 et de Pont de Vaux\" \/>\n<meta property=\"og:description\" content=\"We genieten van de zon en we gaan wandelen, fietsen of paardrijden&#8230; of u kunt kiezen voor een vistocht in [&hellip;]\" \/>\n<meta property=\"og:url\" content=\"https:\/\/www.bage-pontdevaux-tourisme.com\/nl\/familie\/\" \/>\n<meta property=\"og:site_name\" content=\"Office de Tourisme du Pays de Bag\u00e9 et de Pont de Vaux\" \/>\n<meta property=\"article:modified_time\" content=\"2025-10-13T12:25:37+00:00\" \/>\n<meta property=\"og:image\" content=\"https:\/\/www.bage-pontdevaux-tourisme.com\/wp-content\/uploads\/2025\/08\/2022-boz-recherche-de-traces-1920x530.jpg\" \/>\n<meta name=\"twitter:card\" content=\"summary_large_image\" \/>\n<script type=\"application\/ld+json\" class=\"yoast-schema-graph\">{\"@context\":\"https:\\\/\\\/schema.org\",\"@graph\":[{\"@type\":\"WebPage\",\"@id\":\"https:\\\/\\\/www.bage-pontdevaux-tourisme.com\\\/nl\\\/familie\\\/\",\"url\":\"https:\\\/\\\/www.bage-pontdevaux-tourisme.com\\\/nl\\\/familie\\\/\",\"name\":\"Familie - Office de Tourisme du Pays de Bag\u00e9 et de Pont de Vaux\",\"isPartOf\":{\"@id\":\"https:\\\/\\\/www.bage-pontdevaux-tourisme.com\\\/nl\\\/#website\"},\"primaryImageOfPage\":{\"@id\":\"https:\\\/\\\/www.bage-pontdevaux-tourisme.com\\\/nl\\\/familie\\\/#primaryimage\"},\"image\":{\"@id\":\"https:\\\/\\\/www.bage-pontdevaux-tourisme.com\\\/nl\\\/familie\\\/#primaryimage\"},\"thumbnailUrl\":\"https:\\\/\\\/www.bage-pontdevaux-tourisme.com\\\/wp-content\\\/uploads\\\/2025\\\/08\\\/2022-boz-recherche-de-traces-1920x530.jpg\",\"datePublished\":\"2025-05-22T12:17:45+00:00\",\"dateModified\":\"2025-10-13T12:25:37+00:00\",\"breadcrumb\":{\"@id\":\"https:\\\/\\\/www.bage-pontdevaux-tourisme.com\\\/nl\\\/familie\\\/#breadcrumb\"},\"inLanguage\":\"nl-NL\",\"potentialAction\":[{\"@type\":\"ReadAction\",\"target\":[\"https:\\\/\\\/www.bage-pontdevaux-tourisme.com\\\/nl\\\/familie\\\/\"]}]},{\"@type\":\"ImageObject\",\"inLanguage\":\"nl-NL\",\"@id\":\"https:\\\/\\\/www.bage-pontdevaux-tourisme.com\\\/nl\\\/familie\\\/#primaryimage\",\"url\":\"https:\\\/\\\/www.bage-pontdevaux-tourisme.com\\\/wp-content\\\/uploads\\\/2025\\\/08\\\/2022-boz-recherche-de-traces-1920x530.jpg\",\"contentUrl\":\"https:\\\/\\\/www.bage-pontdevaux-tourisme.com\\\/wp-content\\\/uploads\\\/2025\\\/08\\\/2022-boz-recherche-de-traces-1920x530.jpg\"},{\"@type\":\"BreadcrumbList\",\"@id\":\"https:\\\/\\\/www.bage-pontdevaux-tourisme.com\\\/nl\\\/familie\\\/#breadcrumb\",\"itemListElement\":[{\"@type\":\"ListItem\",\"position\":1,\"name\":\"Accueil\",\"item\":\"https:\\\/\\\/www.bage-pontdevaux-tourisme.com\\\/nl\\\/op-een-steenworp-afstand-van-de-bourgogne-een-gastvrij-platteland-tussen-bresse-en-saone\\\/\"},{\"@type\":\"ListItem\",\"position\":2,\"name\":\"Familie\"}]},{\"@type\":\"WebSite\",\"@id\":\"https:\\\/\\\/www.bage-pontdevaux-tourisme.com\\\/nl\\\/#website\",\"url\":\"https:\\\/\\\/www.bage-pontdevaux-tourisme.com\\\/nl\\\/\",\"name\":\"Office de Tourisme du Pays de Bag\u00e9 et de Pont de Vaux\",\"description\":\"\",\"publisher\":{\"@id\":\"https:\\\/\\\/www.bage-pontdevaux-tourisme.com\\\/nl\\\/#organization\"},\"potentialAction\":[{\"@type\":\"SearchAction\",\"target\":{\"@type\":\"EntryPoint\",\"urlTemplate\":\"https:\\\/\\\/www.bage-pontdevaux-tourisme.com\\\/nl\\\/?s={search_term_string}\"},\"query-input\":{\"@type\":\"PropertyValueSpecification\",\"valueRequired\":true,\"valueName\":\"search_term_string\"}}],\"inLanguage\":\"nl-NL\"},{\"@type\":\"Organization\",\"@id\":\"https:\\\/\\\/www.bage-pontdevaux-tourisme.com\\\/nl\\\/#organization\",\"name\":\"Office de Tourisme du Pays de Bag\u00e9 et de Pont de Vaux\",\"url\":\"https:\\\/\\\/www.bage-pontdevaux-tourisme.com\\\/nl\\\/\",\"logo\":{\"@type\":\"ImageObject\",\"inLanguage\":\"nl-NL\",\"@id\":\"https:\\\/\\\/www.bage-pontdevaux-tourisme.com\\\/nl\\\/#\\\/schema\\\/logo\\\/image\\\/\",\"url\":\"https:\\\/\\\/www.bage-pontdevaux-tourisme.com\\\/wp-content\\\/uploads\\\/2025\\\/05\\\/logo-pays-de-bage-and-pont-de-vaux.svg\",\"contentUrl\":\"https:\\\/\\\/www.bage-pontdevaux-tourisme.com\\\/wp-content\\\/uploads\\\/2025\\\/05\\\/logo-pays-de-bage-and-pont-de-vaux.svg\",\"caption\":\"Office de Tourisme du Pays de Bag\u00e9 et de Pont de Vaux\"},\"image\":{\"@id\":\"https:\\\/\\\/www.bage-pontdevaux-tourisme.com\\\/nl\\\/#\\\/schema\\\/logo\\\/image\\\/\"}}]}<\/script>\n<!-- \/ Yoast SEO plugin. -->","yoast_head_json":{"title":"Familie - Office de Tourisme du Pays de Bag\u00e9 et de Pont de Vaux","robots":{"index":"index","follow":"follow","max-snippet":"max-snippet:-1","max-image-preview":"max-image-preview:large","max-video-preview":"max-video-preview:-1"},"canonical":"https:\/\/www.bage-pontdevaux-tourisme.com\/nl\/familie\/","og_locale":"nl_NL","og_type":"article","og_title":"Familie - Office de Tourisme du Pays de Bag\u00e9 et de Pont de Vaux","og_description":"We genieten van de zon en we gaan wandelen, fietsen of paardrijden&#8230; of u kunt kiezen voor een vistocht in [&hellip;]","og_url":"https:\/\/www.bage-pontdevaux-tourisme.com\/nl\/familie\/","og_site_name":"Office de Tourisme du Pays de Bag\u00e9 et de Pont de Vaux","article_modified_time":"2025-10-13T12:25:37+00:00","og_image":[{"url":"https:\/\/www.bage-pontdevaux-tourisme.com\/wp-content\/uploads\/2025\/08\/2022-boz-recherche-de-traces-1920x530.jpg","type":"","width":"","height":""}],"twitter_card":"summary_large_image","schema":{"@context":"https:\/\/schema.org","@graph":[{"@type":"WebPage","@id":"https:\/\/www.bage-pontdevaux-tourisme.com\/nl\/familie\/","url":"https:\/\/www.bage-pontdevaux-tourisme.com\/nl\/familie\/","name":"Familie - Office de Tourisme du Pays de Bag\u00e9 et de Pont de Vaux","isPartOf":{"@id":"https:\/\/www.bage-pontdevaux-tourisme.com\/nl\/#website"},"primaryImageOfPage":{"@id":"https:\/\/www.bage-pontdevaux-tourisme.com\/nl\/familie\/#primaryimage"},"image":{"@id":"https:\/\/www.bage-pontdevaux-tourisme.com\/nl\/familie\/#primaryimage"},"thumbnailUrl":"https:\/\/www.bage-pontdevaux-tourisme.com\/wp-content\/uploads\/2025\/08\/2022-boz-recherche-de-traces-1920x530.jpg","datePublished":"2025-05-22T12:17:45+00:00","dateModified":"2025-10-13T12:25:37+00:00","breadcrumb":{"@id":"https:\/\/www.bage-pontdevaux-tourisme.com\/nl\/familie\/#breadcrumb"},"inLanguage":"nl-NL","potentialAction":[{"@type":"ReadAction","target":["https:\/\/www.bage-pontdevaux-tourisme.com\/nl\/familie\/"]}]},{"@type":"ImageObject","inLanguage":"nl-NL","@id":"https:\/\/www.bage-pontdevaux-tourisme.com\/nl\/familie\/#primaryimage","url":"https:\/\/www.bage-pontdevaux-tourisme.com\/wp-content\/uploads\/2025\/08\/2022-boz-recherche-de-traces-1920x530.jpg","contentUrl":"https:\/\/www.bage-pontdevaux-tourisme.com\/wp-content\/uploads\/2025\/08\/2022-boz-recherche-de-traces-1920x530.jpg"},{"@type":"BreadcrumbList","@id":"https:\/\/www.bage-pontdevaux-tourisme.com\/nl\/familie\/#breadcrumb","itemListElement":[{"@type":"ListItem","position":1,"name":"Accueil","item":"https:\/\/www.bage-pontdevaux-tourisme.com\/nl\/op-een-steenworp-afstand-van-de-bourgogne-een-gastvrij-platteland-tussen-bresse-en-saone\/"},{"@type":"ListItem","position":2,"name":"Familie"}]},{"@type":"WebSite","@id":"https:\/\/www.bage-pontdevaux-tourisme.com\/nl\/#website","url":"https:\/\/www.bage-pontdevaux-tourisme.com\/nl\/","name":"Office de Tourisme du Pays de Bag\u00e9 et de Pont de Vaux","description":"","publisher":{"@id":"https:\/\/www.bage-pontdevaux-tourisme.com\/nl\/#organization"},"potentialAction":[{"@type":"SearchAction","target":{"@type":"EntryPoint","urlTemplate":"https:\/\/www.bage-pontdevaux-tourisme.com\/nl\/?s={search_term_string}"},"query-input":{"@type":"PropertyValueSpecification","valueRequired":true,"valueName":"search_term_string"}}],"inLanguage":"nl-NL"},{"@type":"Organization","@id":"https:\/\/www.bage-pontdevaux-tourisme.com\/nl\/#organization","name":"Office de Tourisme du Pays de Bag\u00e9 et de Pont de Vaux","url":"https:\/\/www.bage-pontdevaux-tourisme.com\/nl\/","logo":{"@type":"ImageObject","inLanguage":"nl-NL","@id":"https:\/\/www.bage-pontdevaux-tourisme.com\/nl\/#\/schema\/logo\/image\/","url":"https:\/\/www.bage-pontdevaux-tourisme.com\/wp-content\/uploads\/2025\/05\/logo-pays-de-bage-and-pont-de-vaux.svg","contentUrl":"https:\/\/www.bage-pontdevaux-tourisme.com\/wp-content\/uploads\/2025\/05\/logo-pays-de-bage-and-pont-de-vaux.svg","caption":"Office de Tourisme du Pays de Bag\u00e9 et de Pont de Vaux"},"image":{"@id":"https:\/\/www.bage-pontdevaux-tourisme.com\/nl\/#\/schema\/logo\/image\/"}}]}},"_links":{"self":[{"href":"https:\/\/www.bage-pontdevaux-tourisme.com\/nl\/wp-json\/wp\/v2\/pages\/8352","targetHints":{"allow":["GET"]}}],"collection":[{"href":"https:\/\/www.bage-pontdevaux-tourisme.com\/nl\/wp-json\/wp\/v2\/pages"}],"about":[{"href":"https:\/\/www.bage-pontdevaux-tourisme.com\/nl\/wp-json\/wp\/v2\/types\/page"}],"author":[{"embeddable":true,"href":"https:\/\/www.bage-pontdevaux-tourisme.com\/nl\/wp-json\/wp\/v2\/users\/1"}],"replies":[{"embeddable":true,"href":"https:\/\/www.bage-pontdevaux-tourisme.com\/nl\/wp-json\/wp\/v2\/comments?post=8352"}],"version-history":[{"count":1,"href":"https:\/\/www.bage-pontdevaux-tourisme.com\/nl\/wp-json\/wp\/v2\/pages\/8352\/revisions"}],"predecessor-version":[{"id":8355,"href":"https:\/\/www.bage-pontdevaux-tourisme.com\/nl\/wp-json\/wp\/v2\/pages\/8352\/revisions\/8355"}],"wp:attachment":[{"href":"https:\/\/www.bage-pontdevaux-tourisme.com\/nl\/wp-json\/wp\/v2\/media?parent=8352"}],"curies":[{"name":"wp","href":"https:\/\/api.w.org\/{rel}","templated":true}]}}