{"id":8330,"date":"2025-05-22T14:17:38","date_gmt":"2025-05-22T12:17:38","guid":{"rendered":"https:\/\/www.bage-pontdevaux-tourisme.com\/water\/de-saone-de-rivieren-en-het-kanaal\/"},"modified":"2025-10-30T16:09:33","modified_gmt":"2025-10-30T15:09:33","slug":"de-saone-de-rivieren-en-het-kanaal","status":"publish","type":"page","link":"https:\/\/www.bage-pontdevaux-tourisme.com\/nl\/essentieel\/water\/de-saone-de-rivieren-en-het-kanaal\/","title":{"rendered":"De Sa\u00f4ne, de rivieren en het kanaal"},"content":{"rendered":"\n<div class=\"wp-block-ws-library-ws-header-interne is-layout-constrained alignfull\"><div class=\"header-container\"><div class=\"group-media has-image\"><img decoding=\"async\" src=\"https:\/\/www.bage-pontdevaux-tourisme.com\/wp-content\/uploads\/2025\/05\/bateau-canal-de-pont-de-vaux-1920x530.jpg\" alt=\"\" class=\"image_large_square wp-afbeelding-31  \"\/><\/div><div class=\"group-content\"><div class=\"title\"><h1>De Sa\u00f4ne, de rivieren en het kanaal<\/h1><\/div><\/div><\/div><div class=\"yoast-breadcrumbs\"><span><span><a href=\"https:\/\/www.bage-pontdevaux-tourisme.com\/nl\/op-een-steenworp-afstand-van-de-bourgogne-een-gastvrij-platteland-tussen-bresse-en-saone\/\">Accueil<\/a><\/span> \/ <span><a href=\"https:\/\/www.bage-pontdevaux-tourisme.com\/nl\/essentieel\/\">Essentieel<\/a><\/span> \/ <span><a href=\"https:\/\/www.bage-pontdevaux-tourisme.com\/nl\/essentieel\/water\/\">Water<\/a><\/span> \/ <span class=\"breadcrumb_last\" aria-current=\"page\">De Sa\u00f4ne, de rivieren en het kanaal<\/span><\/span><\/div><\/div>\n\n<div class=\"wp-block-ws-library-ws-title is-style-wave-blue\"><h2>Ongerepte flora en fauna en populaire visstekken<\/h2><\/div>\n\n<p><strong>De Sa\u00f4ne<\/strong> ontspringt in Viom\u00e9nil in de Vogezen en mondt na 480 km uit in de Rh\u00f4ne bij Lyon. Het volgt de westelijke grens van het <strong>departement Ain<\/strong>. De rivier is ondiep en wordt gekenmerkt door de zachte regelmaat van de stroom. Al 300 jaar varen er boten op de Sa\u00f4ne. Keizer Julius Caesar was een van de eersten die de rivier &#8220;Arar&#8221; noemde, waarvan &#8220;de loop zo wonderbaarlijk traag is dat het oog niet kan zien welke kant het water op gaat&#8221;, kort daarna nam het de term Sauconna aan, wat &#8220;een godheid van de wateren&#8221; aanduidt, voordat het &#8220;Sa\u00f4ne&#8221; werd.      <\/p>\n\n<p><strong>Van Pont-de-Vaux tot Replonges<\/strong> wordt het landschap gevormd door de winteroverstromingen van deze rivier die zich op de linkeroever uitstrekken over de <strong>grote uiterwaardenweide van de Val de Sa\u00f4ne <\/strong>, geklasseerd als kwetsbaar natuurgebied van het departement Ain. Dit fenomeen leidt tot een <strong>uitzonderlijke natuurlijke omgeving<\/strong> waar bijna honderd nestelende vogels en bijna <strong>400 soorten bloemen,<\/strong> waarvan er 40 beschermd zijn, hun intrek hebben genomen. Onder de beschermde soorten vinden we de losbloemige orchis, de parelmoervlinder, enz. Het is belangrijk om te weten dat <strong>20% van de Franse populatie wulpen, grutto&#8217;s en kwartelkoning<\/strong> hier ook voorkomt.   <\/p>\n\n<p>De Sa\u00f4ne is een genot <strong>voor meervalvissers<\/strong> of <strong>liefhebbers van nachtkarpervissen<\/strong> , wat het hele jaar door is toegestaan op de linkeroever SA28 (Pont-de-Vaux), stroomopwaarts PK 98.800 en PK 97.600 stroomafwaarts over een lengte van 1400 meter, en op de linkeroever SA34 (Feillens, Rplonges, Gri\u00e8ges),  stroomopwaartse limiet PK 85.000 en stroomafwaartse limiet 76.500 over een lengte van 8,5 km.<\/p>\n\n<div class=\"wp-block-ws-library-ws-slider alignwide\"><div class=\"splide\" data-splide=\"{\"type\":\"slide\",\"heightRatio\":\"auto\",\"perMove\":1,\"fixedWidth\":445,\"drag\":true,\"pagination\":0,\"autoplay\":false,\"gap\":\"25px\"}\"><div class=\"splide__track\"><div class=\"splide__list\"><div class=\"splide__slide\"><a href=\"https:\/\/www.bage-pontdevaux-tourisme.com\/wp-content\/uploads\/2025\/05\/a-descottes-bords-de-saone-scaled.jpg\" data-glightbox=\"true\" class=\"lightbox-trigger\"><img decoding=\"async\" src=\"https:\/\/www.bage-pontdevaux-tourisme.com\/wp-content\/uploads\/2025\/05\/a-descottes-bords-de-saone-445x250.jpg\" alt=\"\"><\/a><\/div><div class=\"splide__slide\"><a href=\"https:\/\/www.bage-pontdevaux-tourisme.com\/wp-content\/uploads\/2025\/05\/replonges-dscn3015-445x250.jpg\" data-glightbox=\"true\" class=\"lightbox-trigger\"><img decoding=\"async\" src=\"https:\/\/www.bage-pontdevaux-tourisme.com\/wp-content\/uploads\/2025\/05\/replonges-dscn3015-445x250.jpg\" alt=\"\"><\/a><\/div><div class=\"splide__slide\"><a href=\"https:\/\/www.bage-pontdevaux-tourisme.com\/wp-content\/uploads\/2025\/05\/pont-de-vaux-prairie-fritilaire-a-joubert-laurencin-scaled.jpg\" data-glightbox=\"true\" class=\"lightbox-trigger\"><img decoding=\"async\" src=\"https:\/\/www.bage-pontdevaux-tourisme.com\/wp-content\/uploads\/2025\/05\/pont-de-vaux-prairie-fritilaire-a-joubert-laurencin-445x250.jpg\" alt=\"\"><\/a><\/div><div class=\"splide__slide\"><a href=\"https:\/\/www.bage-pontdevaux-tourisme.com\/wp-content\/uploads\/2025\/08\/vielle-seille-2-445x250.jpg\" data-glightbox=\"true\" class=\"lightbox-trigger\"><img decoding=\"async\" src=\"https:\/\/www.bage-pontdevaux-tourisme.com\/wp-content\/uploads\/2025\/08\/vielle-seille-2-445x250.jpg\" alt=\"\"><\/a><\/div><div class=\"splide__slide\"><a href=\"https:\/\/www.bage-pontdevaux-tourisme.com\/wp-content\/uploads\/2025\/05\/p1070397-scaled.jpg\" data-glightbox=\"true\" class=\"lightbox-trigger\"><img decoding=\"async\" src=\"https:\/\/www.bage-pontdevaux-tourisme.com\/wp-content\/uploads\/2025\/05\/p1070397-445x250.jpg\" alt=\"\"><\/a><\/div><div class=\"splide__slide\"><a href=\"https:\/\/www.bage-pontdevaux-tourisme.com\/wp-content\/uploads\/2025\/05\/x-2022-cardamine-anim-prairie-445x250.jpg\" data-glightbox=\"true\" class=\"lightbox-trigger\"><img decoding=\"async\" src=\"https:\/\/www.bage-pontdevaux-tourisme.com\/wp-content\/uploads\/2025\/05\/x-2022-cardamine-anim-prairie-445x250.jpg\" alt=\"\"><\/a><\/div><div class=\"splide__slide\"><a href=\"https:\/\/www.bage-pontdevaux-tourisme.com\/wp-content\/uploads\/2025\/05\/c-beraud-la-saone-scaled.jpg\" data-glightbox=\"true\" class=\"lightbox-trigger\"><img decoding=\"async\" src=\"https:\/\/www.bage-pontdevaux-tourisme.com\/wp-content\/uploads\/2025\/05\/c-beraud-la-saone-445x250.jpg\" alt=\"\"><\/a><\/div><div class=\"splide__slide\"><a href=\"https:\/\/www.bage-pontdevaux-tourisme.com\/wp-content\/uploads\/2025\/06\/voie-bleue-v50-ain-31-guillaume-robert-famy-2-445x250.jpg\" data-glightbox=\"true\" class=\"lightbox-trigger\"><img decoding=\"async\" src=\"https:\/\/www.bage-pontdevaux-tourisme.com\/wp-content\/uploads\/2025\/06\/voie-bleue-v50-ain-31-guillaume-robert-famy-2-445x250.jpg\" alt=\"\"><\/a><\/div><div class=\"splide__slide\"><a href=\"https:\/\/www.bage-pontdevaux-tourisme.com\/wp-content\/uploads\/2025\/05\/orchis-a-fleurs-laches-445x250.jpg\" data-glightbox=\"true\" class=\"lightbox-trigger\"><img decoding=\"async\" src=\"https:\/\/www.bage-pontdevaux-tourisme.com\/wp-content\/uploads\/2025\/05\/orchis-a-fleurs-laches-445x250.jpg\" alt=\"\"><\/a><\/div><div class=\"splide__slide\"><a href=\"https:\/\/www.bage-pontdevaux-tourisme.com\/wp-content\/uploads\/2025\/05\/maison-de-leau-et-la-nature-anim-prairie-inondable-pont-de-vaux-445x250.jpg\" data-glightbox=\"true\" class=\"lightbox-trigger\"><img decoding=\"async\" src=\"https:\/\/www.bage-pontdevaux-tourisme.com\/wp-content\/uploads\/2025\/05\/maison-de-leau-et-la-nature-anim-prairie-inondable-pont-de-vaux-445x250.jpg\" alt=\"\"><\/a><\/div><\/div><\/div><\/div><\/div>\n\n<p><strong>De Seille of de oude Seille<\/strong> <strong>in Sermoyer<\/strong> die grenst aan het noordelijke deel van ons grondgebied in de gemeente Sermoyer. is een van de mooiste bevaarbare rivieren van Frankrijk. Het ontspringt in de eerste uitlopers van de Jura (Grotte de Baume les Messieurs). De lengte is 114 km vanaf de bron tot La Truch\u00e8re, waar het uitmondt in de Sa\u00f4ne. De diepte is 3,50 m, maar kan op sommige plaatsen oplopen tot 7 m. Het was een bevoorrechte route voor de handel in zout uit Lons le Saunier en Salins. Het is een rivier die populair is bij <strong>vissers die vissen op witte vis of meerval.<\/strong>      <\/p>\n\n<p><strong>De Reyssouze is een zijrivier van de Sa\u00f4ne<\/strong> die ontspringt in Journans in de Bugey (Ain) en na een loop van 75 km door de Bresse uitmondt in de Sa\u00f4ne op de grens van de gemeenten Pont-de-Vaux en Reyssouze. Deze rivier, waarvan de loop langzaam, gelijkmatig en vredig is, wordt al sinds de middeleeuwen onderbroken door molens en staat bekend om het vissen <strong>op witte vis (snoekbaars, snoek, bleak of grondel&#8230;<\/strong>).   <\/p>\n\n<div class=\"wp-block-ws-library-ws-slider alignwide\"><div class=\"splide\" data-splide=\"{\"type\":\"slide\",\"heightRatio\":\"auto\",\"perMove\":1,\"fixedWidth\":445,\"drag\":true,\"pagination\":0,\"autoplay\":false,\"gap\":\"25px\"}\"><div class=\"splide__track\"><div class=\"splide__list\"><div class=\"splide__slide\"><a href=\"https:\/\/www.bage-pontdevaux-tourisme.com\/wp-content\/uploads\/2025\/09\/dsc-0848-scaled.jpg\" data-glightbox=\"true\" class=\"lightbox-trigger\"><img decoding=\"async\" src=\"https:\/\/www.bage-pontdevaux-tourisme.com\/wp-content\/uploads\/2025\/09\/dsc-0848-445x250.jpg\" alt=\"\"><\/a><\/div><div class=\"splide__slide\"><a href=\"https:\/\/www.bage-pontdevaux-tourisme.com\/wp-content\/uploads\/2025\/05\/20240827-183705-scaled.jpg\" data-glightbox=\"true\" class=\"lightbox-trigger\"><img decoding=\"async\" src=\"https:\/\/www.bage-pontdevaux-tourisme.com\/wp-content\/uploads\/2025\/05\/20240827-183705-445x250.jpg\" alt=\"Haven van Pont-de-Vaux\"><\/a><\/div><div class=\"splide__slide\"><a href=\"https:\/\/www.bage-pontdevaux-tourisme.com\/wp-content\/uploads\/2025\/09\/dsc-0840-scaled.jpg\" data-glightbox=\"true\" class=\"lightbox-trigger\"><img decoding=\"async\" src=\"https:\/\/www.bage-pontdevaux-tourisme.com\/wp-content\/uploads\/2025\/09\/dsc-0840-445x250.jpg\" alt=\"\"><\/a><\/div><div class=\"splide__slide\"><a href=\"https:\/\/www.bage-pontdevaux-tourisme.com\/wp-content\/uploads\/2025\/05\/p1110103-scaled.jpg\" data-glightbox=\"true\" class=\"lightbox-trigger\"><img decoding=\"async\" src=\"https:\/\/www.bage-pontdevaux-tourisme.com\/wp-content\/uploads\/2025\/05\/p1110103-445x250.jpg\" alt=\"\"><\/a><\/div><div class=\"splide__slide\"><a href=\"https:\/\/www.bage-pontdevaux-tourisme.com\/wp-content\/uploads\/2025\/06\/voie-bleue-v50-ain-30-guillaume-robert-famy-2-445x250.jpg\" data-glightbox=\"true\" class=\"lightbox-trigger\"><img decoding=\"async\" src=\"https:\/\/www.bage-pontdevaux-tourisme.com\/wp-content\/uploads\/2025\/06\/voie-bleue-v50-ain-30-guillaume-robert-famy-2-445x250.jpg\" alt=\"Fietsers op het pad langs het kanaal van Pont-de-Vaux om toegang te krijgen tot de Voie Bleue\"><\/a><\/div><div class=\"splide__slide\"><a href=\"https:\/\/www.bage-pontdevaux-tourisme.com\/wp-content\/uploads\/2025\/05\/ecluse-fbereziat-aintourisme-scaled.jpg\" data-glightbox=\"true\" class=\"lightbox-trigger\"><img decoding=\"async\" src=\"https:\/\/www.bage-pontdevaux-tourisme.com\/wp-content\/uploads\/2025\/05\/ecluse-fbereziat-aintourisme-445x250.jpg\" alt=\"\"><\/a><\/div><div class=\"splide__slide\"><a href=\"https:\/\/www.bage-pontdevaux-tourisme.com\/wp-content\/uploads\/2025\/05\/canal-fbereziat-aintourisme-scaled.jpg\" data-glightbox=\"true\" class=\"lightbox-trigger\"><img decoding=\"async\" src=\"https:\/\/www.bage-pontdevaux-tourisme.com\/wp-content\/uploads\/2025\/05\/canal-fbereziat-aintourisme-445x250.jpg\" alt=\"\"><\/a><\/div><div class=\"splide__slide\"><a href=\"https:\/\/www.bage-pontdevaux-tourisme.com\/wp-content\/uploads\/2025\/05\/bateau-canal-de-pont-de-vaux-scaled.jpg\" data-glightbox=\"true\" class=\"lightbox-trigger\"><img decoding=\"async\" src=\"https:\/\/www.bage-pontdevaux-tourisme.com\/wp-content\/uploads\/2025\/05\/bateau-canal-de-pont-de-vaux-scaled.jpg\" alt=\"\"><\/a><\/div><div class=\"splide__slide\"><a href=\"https:\/\/www.bage-pontdevaux-tourisme.com\/wp-content\/uploads\/2025\/05\/bateau-ville-de-pont-de-vaux-2-ecluse-de-la-truchere-g-drevet-scaled.jpg\" data-glightbox=\"true\" class=\"lightbox-trigger\"><img decoding=\"async\" src=\"https:\/\/www.bage-pontdevaux-tourisme.com\/wp-content\/uploads\/2025\/05\/bateau-ville-de-pont-de-vaux-2-ecluse-de-la-truchere-g-drevet-445x250.jpg\" alt=\"\"><\/a><\/div><div class=\"splide__slide\"><a href=\"https:\/\/www.bage-pontdevaux-tourisme.com\/wp-content\/uploads\/2025\/08\/a-descottes-sermoyer-vielle-seille-445x250.jpg\" data-glightbox=\"true\" class=\"lightbox-trigger\"><img decoding=\"async\" src=\"https:\/\/www.bage-pontdevaux-tourisme.com\/wp-content\/uploads\/2025\/08\/a-descottes-sermoyer-vielle-seille-445x250.jpg\" alt=\"\"><\/a><\/div><div class=\"splide__slide\"><a href=\"https:\/\/www.bage-pontdevaux-tourisme.com\/wp-content\/uploads\/2025\/05\/feillens-lac-de-feillens-445x250.jpg\" data-glightbox=\"true\" class=\"lightbox-trigger\"><img decoding=\"async\" src=\"https:\/\/www.bage-pontdevaux-tourisme.com\/wp-content\/uploads\/2025\/05\/feillens-lac-de-feillens-445x250.jpg\" alt=\"\"><\/a><\/div><\/div><\/div><\/div><\/div>\n\n<p><strong>Het kanaal van Pont-de-Vaux<\/strong> Bedacht door Louis Auguste Bertin en de mensen van Pontevalle in de achttiende eeuw om de meanders van de Reyssouze te vermijden en de handel te vergemakkelijken die toen in volle expansie was in het kleine stadje Bress. Het kanaal van Pont-de-Vaux, ontworpen door L\u00e9onard Racle, de architect van Voltaire in Ferney, werd <g id=\"gid_1\">in 1994 heropend door de gemeente Pont-de-Vaux<\/g> om de pleziervaart mogelijk te maken <g id=\"gid_2\">dankzij een jachthaven, uitgerust met 225 ligplaatsen<\/g>. Dit kanaal verbindt Pont-de-Vaux dus met de 8000 km Franse waterwegen.  <\/p>\n\n<p><strong>De Lo\u00ebze<\/strong> is een klein riviertje dat <strong>van B\u00e2g\u00e9-Dommartin naar Feillens<\/strong> slingert waar het uitmondt in de Sa\u00f4ne. Vissen met vistuig en netten stroomafwaarts van de Chintres-brug is daar toegestaan. <strong>AAPPMA Le Goujon de la Lo\u00ebze in Feillens<\/strong> <a href=\"https:\/\/www.aappmalaloeze.fr\/\" target=\"_blank\" rel=\"noreferrer noopener\">www.aappma.laloeze.fr<\/a> <\/p>\n\n<p>Federale visvergunningen (dagelijks, wekelijks of jaarlijks) zijn te koop in onze receptiekantoren of op <a href=\"http:\/\/www.cartedepeche.fr\" target=\"_blank\" rel=\"noreferrer noopener\">www.cartedepeche.fr<\/a> (<strong>lokale AAPPMA Le Goujon de la Lo\u00ebze<\/strong> <a href=\"https:\/\/www.aappmalaloeze.fr\/\" target=\"_blank\" rel=\"noreferrer noopener\">https:\/\/www.aappmalaloeze.fr\/<\/a>)<\/p>\n","protected":false},"excerpt":{"rendered":"<p>De Sa\u00f4ne ontspringt in Viom\u00e9nil in de Vogezen en mondt na 480 km uit in de Rh\u00f4ne bij Lyon. Het [&hellip;]<\/p>\n","protected":false},"author":1,"featured_media":0,"parent":8297,"menu_order":0,"comment_status":"closed","ping_status":"closed","template":"","meta":{"footnotes":""},"class_list":["post-8330","page","type-page","status-publish","hentry"],"yoast_head":"<!-- This site is optimized with the Yoast SEO plugin v27.4 - https:\/\/yoast.com\/product\/yoast-seo-wordpress\/ -->\n<title>De Sa\u00f4ne, de rivieren en het kanaal - Office de Tourisme du Pays de Bag\u00e9 et de Pont de Vaux<\/title>\n<meta name=\"robots\" content=\"index, follow, max-snippet:-1, max-image-preview:large, max-video-preview:-1\" \/>\n<link rel=\"canonical\" href=\"https:\/\/www.bage-pontdevaux-tourisme.com\/nl\/essentieel\/water\/de-saone-de-rivieren-en-het-kanaal\/\" \/>\n<meta property=\"og:locale\" content=\"nl_NL\" \/>\n<meta property=\"og:type\" content=\"article\" \/>\n<meta property=\"og:title\" content=\"De Sa\u00f4ne, de rivieren en het kanaal - Office de Tourisme du Pays de Bag\u00e9 et de Pont de Vaux\" \/>\n<meta property=\"og:description\" content=\"De Sa\u00f4ne ontspringt in Viom\u00e9nil in de Vogezen en mondt na 480 km uit in de Rh\u00f4ne bij Lyon. Het [&hellip;]\" \/>\n<meta property=\"og:url\" content=\"https:\/\/www.bage-pontdevaux-tourisme.com\/nl\/essentieel\/water\/de-saone-de-rivieren-en-het-kanaal\/\" \/>\n<meta property=\"og:site_name\" content=\"Office de Tourisme du Pays de Bag\u00e9 et de Pont de Vaux\" \/>\n<meta property=\"article:modified_time\" content=\"2025-10-30T15:09:33+00:00\" \/>\n<meta property=\"og:image\" content=\"https:\/\/www.bage-pontdevaux-tourisme.com\/wp-content\/uploads\/2025\/05\/bateau-canal-de-pont-de-vaux-scaled-1920x530.jpg\" \/>\n<meta name=\"twitter:card\" content=\"summary_large_image\" \/>\n<meta name=\"twitter:label1\" content=\"Geschatte leestijd\" \/>\n\t<meta name=\"twitter:data1\" content=\"3 minuut\" \/>\n<script type=\"application\/ld+json\" class=\"yoast-schema-graph\">{\"@context\":\"https:\\\/\\\/schema.org\",\"@graph\":[{\"@type\":\"WebPage\",\"@id\":\"https:\\\/\\\/www.bage-pontdevaux-tourisme.com\\\/nl\\\/essentieel\\\/water\\\/de-saone-de-rivieren-en-het-kanaal\\\/\",\"url\":\"https:\\\/\\\/www.bage-pontdevaux-tourisme.com\\\/nl\\\/essentieel\\\/water\\\/de-saone-de-rivieren-en-het-kanaal\\\/\",\"name\":\"De Sa\u00f4ne, de rivieren en het kanaal - Office de Tourisme du Pays de Bag\u00e9 et de Pont de Vaux\",\"isPartOf\":{\"@id\":\"https:\\\/\\\/www.bage-pontdevaux-tourisme.com\\\/nl\\\/#website\"},\"primaryImageOfPage\":{\"@id\":\"https:\\\/\\\/www.bage-pontdevaux-tourisme.com\\\/nl\\\/essentieel\\\/water\\\/de-saone-de-rivieren-en-het-kanaal\\\/#primaryimage\"},\"image\":{\"@id\":\"https:\\\/\\\/www.bage-pontdevaux-tourisme.com\\\/nl\\\/essentieel\\\/water\\\/de-saone-de-rivieren-en-het-kanaal\\\/#primaryimage\"},\"thumbnailUrl\":\"https:\\\/\\\/www.bage-pontdevaux-tourisme.com\\\/wp-content\\\/uploads\\\/2025\\\/05\\\/bateau-canal-de-pont-de-vaux-1920x530.jpg\",\"datePublished\":\"2025-05-22T12:17:38+00:00\",\"dateModified\":\"2025-10-30T15:09:33+00:00\",\"breadcrumb\":{\"@id\":\"https:\\\/\\\/www.bage-pontdevaux-tourisme.com\\\/nl\\\/essentieel\\\/water\\\/de-saone-de-rivieren-en-het-kanaal\\\/#breadcrumb\"},\"inLanguage\":\"nl-NL\",\"potentialAction\":[{\"@type\":\"ReadAction\",\"target\":[\"https:\\\/\\\/www.bage-pontdevaux-tourisme.com\\\/nl\\\/essentieel\\\/water\\\/de-saone-de-rivieren-en-het-kanaal\\\/\"]}]},{\"@type\":\"ImageObject\",\"inLanguage\":\"nl-NL\",\"@id\":\"https:\\\/\\\/www.bage-pontdevaux-tourisme.com\\\/nl\\\/essentieel\\\/water\\\/de-saone-de-rivieren-en-het-kanaal\\\/#primaryimage\",\"url\":\"https:\\\/\\\/www.bage-pontdevaux-tourisme.com\\\/wp-content\\\/uploads\\\/2025\\\/05\\\/bateau-canal-de-pont-de-vaux-1920x530.jpg\",\"contentUrl\":\"https:\\\/\\\/www.bage-pontdevaux-tourisme.com\\\/wp-content\\\/uploads\\\/2025\\\/05\\\/bateau-canal-de-pont-de-vaux-1920x530.jpg\"},{\"@type\":\"BreadcrumbList\",\"@id\":\"https:\\\/\\\/www.bage-pontdevaux-tourisme.com\\\/nl\\\/essentieel\\\/water\\\/de-saone-de-rivieren-en-het-kanaal\\\/#breadcrumb\",\"itemListElement\":[{\"@type\":\"ListItem\",\"position\":1,\"name\":\"Accueil\",\"item\":\"https:\\\/\\\/www.bage-pontdevaux-tourisme.com\\\/nl\\\/op-een-steenworp-afstand-van-de-bourgogne-een-gastvrij-platteland-tussen-bresse-en-saone\\\/\"},{\"@type\":\"ListItem\",\"position\":2,\"name\":\"Essentieel\",\"item\":\"https:\\\/\\\/www.bage-pontdevaux-tourisme.com\\\/nl\\\/essentieel\\\/\"},{\"@type\":\"ListItem\",\"position\":3,\"name\":\"Water\",\"item\":\"https:\\\/\\\/www.bage-pontdevaux-tourisme.com\\\/nl\\\/essentieel\\\/water\\\/\"},{\"@type\":\"ListItem\",\"position\":4,\"name\":\"De Sa\u00f4ne, de rivieren en het kanaal\"}]},{\"@type\":\"WebSite\",\"@id\":\"https:\\\/\\\/www.bage-pontdevaux-tourisme.com\\\/nl\\\/#website\",\"url\":\"https:\\\/\\\/www.bage-pontdevaux-tourisme.com\\\/nl\\\/\",\"name\":\"Office de Tourisme du Pays de Bag\u00e9 et de Pont de Vaux\",\"description\":\"\",\"publisher\":{\"@id\":\"https:\\\/\\\/www.bage-pontdevaux-tourisme.com\\\/nl\\\/#organization\"},\"potentialAction\":[{\"@type\":\"SearchAction\",\"target\":{\"@type\":\"EntryPoint\",\"urlTemplate\":\"https:\\\/\\\/www.bage-pontdevaux-tourisme.com\\\/nl\\\/?s={search_term_string}\"},\"query-input\":{\"@type\":\"PropertyValueSpecification\",\"valueRequired\":true,\"valueName\":\"search_term_string\"}}],\"inLanguage\":\"nl-NL\"},{\"@type\":\"Organization\",\"@id\":\"https:\\\/\\\/www.bage-pontdevaux-tourisme.com\\\/nl\\\/#organization\",\"name\":\"Office de Tourisme du Pays de Bag\u00e9 et de Pont de Vaux\",\"url\":\"https:\\\/\\\/www.bage-pontdevaux-tourisme.com\\\/nl\\\/\",\"logo\":{\"@type\":\"ImageObject\",\"inLanguage\":\"nl-NL\",\"@id\":\"https:\\\/\\\/www.bage-pontdevaux-tourisme.com\\\/nl\\\/#\\\/schema\\\/logo\\\/image\\\/\",\"url\":\"https:\\\/\\\/www.bage-pontdevaux-tourisme.com\\\/wp-content\\\/uploads\\\/2025\\\/05\\\/logo-pays-de-bage-and-pont-de-vaux.svg\",\"contentUrl\":\"https:\\\/\\\/www.bage-pontdevaux-tourisme.com\\\/wp-content\\\/uploads\\\/2025\\\/05\\\/logo-pays-de-bage-and-pont-de-vaux.svg\",\"caption\":\"Office de Tourisme du Pays de Bag\u00e9 et de Pont de Vaux\"},\"image\":{\"@id\":\"https:\\\/\\\/www.bage-pontdevaux-tourisme.com\\\/nl\\\/#\\\/schema\\\/logo\\\/image\\\/\"}}]}<\/script>\n<!-- \/ Yoast SEO plugin. -->","yoast_head_json":{"title":"De Sa\u00f4ne, de rivieren en het kanaal - Office de Tourisme du Pays de Bag\u00e9 et de Pont de Vaux","robots":{"index":"index","follow":"follow","max-snippet":"max-snippet:-1","max-image-preview":"max-image-preview:large","max-video-preview":"max-video-preview:-1"},"canonical":"https:\/\/www.bage-pontdevaux-tourisme.com\/nl\/essentieel\/water\/de-saone-de-rivieren-en-het-kanaal\/","og_locale":"nl_NL","og_type":"article","og_title":"De Sa\u00f4ne, de rivieren en het kanaal - Office de Tourisme du Pays de Bag\u00e9 et de Pont de Vaux","og_description":"De Sa\u00f4ne ontspringt in Viom\u00e9nil in de Vogezen en mondt na 480 km uit in de Rh\u00f4ne bij Lyon. Het [&hellip;]","og_url":"https:\/\/www.bage-pontdevaux-tourisme.com\/nl\/essentieel\/water\/de-saone-de-rivieren-en-het-kanaal\/","og_site_name":"Office de Tourisme du Pays de Bag\u00e9 et de Pont de Vaux","article_modified_time":"2025-10-30T15:09:33+00:00","og_image":[{"url":"https:\/\/www.bage-pontdevaux-tourisme.com\/wp-content\/uploads\/2025\/05\/bateau-canal-de-pont-de-vaux-scaled-1920x530.jpg","type":"","width":"","height":""}],"twitter_card":"summary_large_image","twitter_misc":{"Geschatte leestijd":"3 minuut"},"schema":{"@context":"https:\/\/schema.org","@graph":[{"@type":"WebPage","@id":"https:\/\/www.bage-pontdevaux-tourisme.com\/nl\/essentieel\/water\/de-saone-de-rivieren-en-het-kanaal\/","url":"https:\/\/www.bage-pontdevaux-tourisme.com\/nl\/essentieel\/water\/de-saone-de-rivieren-en-het-kanaal\/","name":"De Sa\u00f4ne, de rivieren en het kanaal - Office de Tourisme du Pays de Bag\u00e9 et de Pont de Vaux","isPartOf":{"@id":"https:\/\/www.bage-pontdevaux-tourisme.com\/nl\/#website"},"primaryImageOfPage":{"@id":"https:\/\/www.bage-pontdevaux-tourisme.com\/nl\/essentieel\/water\/de-saone-de-rivieren-en-het-kanaal\/#primaryimage"},"image":{"@id":"https:\/\/www.bage-pontdevaux-tourisme.com\/nl\/essentieel\/water\/de-saone-de-rivieren-en-het-kanaal\/#primaryimage"},"thumbnailUrl":"https:\/\/www.bage-pontdevaux-tourisme.com\/wp-content\/uploads\/2025\/05\/bateau-canal-de-pont-de-vaux-1920x530.jpg","datePublished":"2025-05-22T12:17:38+00:00","dateModified":"2025-10-30T15:09:33+00:00","breadcrumb":{"@id":"https:\/\/www.bage-pontdevaux-tourisme.com\/nl\/essentieel\/water\/de-saone-de-rivieren-en-het-kanaal\/#breadcrumb"},"inLanguage":"nl-NL","potentialAction":[{"@type":"ReadAction","target":["https:\/\/www.bage-pontdevaux-tourisme.com\/nl\/essentieel\/water\/de-saone-de-rivieren-en-het-kanaal\/"]}]},{"@type":"ImageObject","inLanguage":"nl-NL","@id":"https:\/\/www.bage-pontdevaux-tourisme.com\/nl\/essentieel\/water\/de-saone-de-rivieren-en-het-kanaal\/#primaryimage","url":"https:\/\/www.bage-pontdevaux-tourisme.com\/wp-content\/uploads\/2025\/05\/bateau-canal-de-pont-de-vaux-1920x530.jpg","contentUrl":"https:\/\/www.bage-pontdevaux-tourisme.com\/wp-content\/uploads\/2025\/05\/bateau-canal-de-pont-de-vaux-1920x530.jpg"},{"@type":"BreadcrumbList","@id":"https:\/\/www.bage-pontdevaux-tourisme.com\/nl\/essentieel\/water\/de-saone-de-rivieren-en-het-kanaal\/#breadcrumb","itemListElement":[{"@type":"ListItem","position":1,"name":"Accueil","item":"https:\/\/www.bage-pontdevaux-tourisme.com\/nl\/op-een-steenworp-afstand-van-de-bourgogne-een-gastvrij-platteland-tussen-bresse-en-saone\/"},{"@type":"ListItem","position":2,"name":"Essentieel","item":"https:\/\/www.bage-pontdevaux-tourisme.com\/nl\/essentieel\/"},{"@type":"ListItem","position":3,"name":"Water","item":"https:\/\/www.bage-pontdevaux-tourisme.com\/nl\/essentieel\/water\/"},{"@type":"ListItem","position":4,"name":"De Sa\u00f4ne, de rivieren en het kanaal"}]},{"@type":"WebSite","@id":"https:\/\/www.bage-pontdevaux-tourisme.com\/nl\/#website","url":"https:\/\/www.bage-pontdevaux-tourisme.com\/nl\/","name":"Office de Tourisme du Pays de Bag\u00e9 et de Pont de Vaux","description":"","publisher":{"@id":"https:\/\/www.bage-pontdevaux-tourisme.com\/nl\/#organization"},"potentialAction":[{"@type":"SearchAction","target":{"@type":"EntryPoint","urlTemplate":"https:\/\/www.bage-pontdevaux-tourisme.com\/nl\/?s={search_term_string}"},"query-input":{"@type":"PropertyValueSpecification","valueRequired":true,"valueName":"search_term_string"}}],"inLanguage":"nl-NL"},{"@type":"Organization","@id":"https:\/\/www.bage-pontdevaux-tourisme.com\/nl\/#organization","name":"Office de Tourisme du Pays de Bag\u00e9 et de Pont de Vaux","url":"https:\/\/www.bage-pontdevaux-tourisme.com\/nl\/","logo":{"@type":"ImageObject","inLanguage":"nl-NL","@id":"https:\/\/www.bage-pontdevaux-tourisme.com\/nl\/#\/schema\/logo\/image\/","url":"https:\/\/www.bage-pontdevaux-tourisme.com\/wp-content\/uploads\/2025\/05\/logo-pays-de-bage-and-pont-de-vaux.svg","contentUrl":"https:\/\/www.bage-pontdevaux-tourisme.com\/wp-content\/uploads\/2025\/05\/logo-pays-de-bage-and-pont-de-vaux.svg","caption":"Office de Tourisme du Pays de Bag\u00e9 et de Pont de Vaux"},"image":{"@id":"https:\/\/www.bage-pontdevaux-tourisme.com\/nl\/#\/schema\/logo\/image\/"}}]}},"_links":{"self":[{"href":"https:\/\/www.bage-pontdevaux-tourisme.com\/nl\/wp-json\/wp\/v2\/pages\/8330","targetHints":{"allow":["GET"]}}],"collection":[{"href":"https:\/\/www.bage-pontdevaux-tourisme.com\/nl\/wp-json\/wp\/v2\/pages"}],"about":[{"href":"https:\/\/www.bage-pontdevaux-tourisme.com\/nl\/wp-json\/wp\/v2\/types\/page"}],"author":[{"embeddable":true,"href":"https:\/\/www.bage-pontdevaux-tourisme.com\/nl\/wp-json\/wp\/v2\/users\/1"}],"replies":[{"embeddable":true,"href":"https:\/\/www.bage-pontdevaux-tourisme.com\/nl\/wp-json\/wp\/v2\/comments?post=8330"}],"version-history":[{"count":13,"href":"https:\/\/www.bage-pontdevaux-tourisme.com\/nl\/wp-json\/wp\/v2\/pages\/8330\/revisions"}],"predecessor-version":[{"id":9536,"href":"https:\/\/www.bage-pontdevaux-tourisme.com\/nl\/wp-json\/wp\/v2\/pages\/8330\/revisions\/9536"}],"up":[{"embeddable":true,"href":"https:\/\/www.bage-pontdevaux-tourisme.com\/nl\/wp-json\/wp\/v2\/pages\/8297"}],"wp:attachment":[{"href":"https:\/\/www.bage-pontdevaux-tourisme.com\/nl\/wp-json\/wp\/v2\/media?parent=8330"}],"curies":[{"name":"wp","href":"https:\/\/api.w.org\/{rel}","templated":true}]}}