{"id":8310,"date":"2025-09-25T14:08:23","date_gmt":"2025-09-25T12:08:23","guid":{"rendered":"https:\/\/www.bage-pontdevaux-tourisme.com\/hoe-kom-je-er\/"},"modified":"2025-10-13T14:24:11","modified_gmt":"2025-10-13T12:24:11","slug":"hoe-kom-je-er","status":"publish","type":"page","link":"https:\/\/www.bage-pontdevaux-tourisme.com\/nl\/hoe-kom-je-er\/","title":{"rendered":"Hoe kom je er?"},"content":{"rendered":"\n<div class=\"wp-block-ws-library-ws-header-interne is-layout-constrained alignfull\"><div class=\"header-container\"><div class=\"group-media has-image\"><img decoding=\"async\" src=\"https:\/\/www.bage-pontdevaux-tourisme.com\/wp-content\/uploads\/2025\/09\/arquebuse-et-pronemade-maryse-dufaux-chollet-scaled.jpg\" alt=\"\" class=\"image_large_square wp-afbeelding-7086  \"\/><\/div><div class=\"group-content\"><div class=\"title\"><h1>Hoe kom je er?<\/h1><\/div><\/div><\/div><div class=\"yoast-breadcrumbs\"><span><span><a href=\"https:\/\/www.bage-pontdevaux-tourisme.com\/nl\/op-een-steenworp-afstand-van-de-bourgogne-een-gastvrij-platteland-tussen-bresse-en-saone\/\">Accueil<\/a><\/span> \/ <span class=\"breadcrumb_last\" aria-current=\"page\">Hoe kom je er?<\/span><\/span><\/div><\/div>\n\n<div class=\"wp-block-ws-library-ws-title is-style-wave-blue\"><h2>Een zeer toegankelijk gebied<\/h2><\/div>\n\n<p><strong>Het gebied van Bresse et Sa\u00f4ne<\/strong>, die allemaal op minder dan 15 minuten van een oprit van de snelweg liggen, <strong>is gemakkelijk bereikbaar<\/strong>. In het westen begrensd door de <strong>autosnelweg A6<\/strong> (afrit nr. 27 M\u00e2con Sud of nr. 28 M\u00e2con Nord \u2013 Pont-de-Vaux) en in het zuiden door de <strong>autosnelweg A40 <\/strong>(afrit nr. 2 feillens \u2013 Pont-de-Vaux). <\/p>\n\n<div class=\"wp-block-ws-library-ws-title is-style-wave-blue\"><h2>Vervoermiddel<\/h2><\/div>\n\n<div class=\"wp-block-ws-library-ws-title is-style-wave-rose\"><h4>Iedereen aan boord<\/h4><\/div>\n\n<p class=\"has-text-align-left\"><strong>Taxi Pro<\/strong> 301, Chemin des carrons 01570 Manziat +33 03 85 30 15 94<\/p>\n\n<p><strong>Taxi Mickael Saive<\/strong> 1007 Grande route 01190 Ozan + 33 06 25 19 52 10<\/p>\n\n<p><strong>Taxi ambulances Pont-de-Vau<\/strong>x 358 Route de Montrevel 01190 Pont-de-Vaux + 33 03 85 23 86 10<\/p>\n\n<div class=\"wp-block-ws-library-ws-title is-style-wave-rose\"><h4>Met de bus<\/h4><\/div>\n\n<p><strong>Busvervoer<\/strong> R\u00e9gie des transports de l&#8217;Ain <a href=\"http:\/\/www.car.ain.fr\">www.car.ain.fr<\/a>, lijn 155 Pont-de-Vaux M\u00e2con en lijn 118 Bourg-en-Bresse M\u00e2con. Enkeltje te koop in de bus \u20ac2. <\/p>\n\n<div class=\"wp-block-ws-library-ws-title is-style-wave-rose\"><h4>Met de trein<\/h4><\/div>\n\n<p><strong>Trein<\/strong> SNCF <a href=\"http:\/\/www.voyagessncf.com\">www.voyagessncf.com<\/a> voor de hoofdlijnen of <a href=\"http:\/\/www.ter.sncf.com\">www.ter.sncf.com<\/a> voor het regionale netwerk. <strong>Dichtstbijzijnde treinstations <\/strong>: M\u00e2con ville, M\u00e2con Loch\u00e9 of Bourg-en-Bresse voor de TGV  <\/p>\n\n<div class=\"wp-block-ws-library-ws-title is-style-wave-rose\"><h4>Met het vliegtuig<\/h4><\/div>\n\n<p><strong> <strong>De luchthaven Saint-Exup\u00e9ry in Lyon<\/strong> (1 uur) <a href=\"http:\/\/www.lyonaerports.com\">www.lyonaerports.com<\/a>, Rh\u00f4ne Express-shuttles om de luchthaven Saint-Exup\u00e9ry in 30 minuten te bereiken vanaf het station van Part Dieu <a href=\"http:\/\/www.rhonexpress.fr\">www.rhonexpress.fr<\/a> (elke 15 minuten)<\/strong><\/p>\n\n<p><strong>Luchthaven Gen\u00e8ve-Cointrain<\/strong> (2 uur)<a href=\"http:\/\/www.gva.ch\">www.gva.ch<\/a> <\/p>\n","protected":false},"excerpt":{"rendered":"<p>Het gebied van Bresse et Sa\u00f4ne, die allemaal op minder dan 15 minuten van een oprit van de snelweg liggen, [&hellip;]<\/p>\n","protected":false},"author":1,"featured_media":0,"parent":0,"menu_order":0,"comment_status":"closed","ping_status":"closed","template":"","meta":{"footnotes":""},"class_list":["post-8310","page","type-page","status-publish","hentry"],"yoast_head":"<!-- This site is optimized with the Yoast SEO plugin v27.4 - https:\/\/yoast.com\/product\/yoast-seo-wordpress\/ -->\n<title>Hoe kom je er? - Office de Tourisme du Pays de Bag\u00e9 et de Pont de Vaux<\/title>\n<meta name=\"robots\" content=\"index, follow, max-snippet:-1, max-image-preview:large, max-video-preview:-1\" \/>\n<link rel=\"canonical\" href=\"https:\/\/www.bage-pontdevaux-tourisme.com\/nl\/hoe-kom-je-er\/\" \/>\n<meta property=\"og:locale\" content=\"nl_NL\" \/>\n<meta property=\"og:type\" content=\"article\" \/>\n<meta property=\"og:title\" content=\"Hoe kom je er? - Office de Tourisme du Pays de Bag\u00e9 et de Pont de Vaux\" \/>\n<meta property=\"og:description\" content=\"Het gebied van Bresse et Sa\u00f4ne, die allemaal op minder dan 15 minuten van een oprit van de snelweg liggen, [&hellip;]\" \/>\n<meta property=\"og:url\" content=\"https:\/\/www.bage-pontdevaux-tourisme.com\/nl\/hoe-kom-je-er\/\" \/>\n<meta property=\"og:site_name\" content=\"Office de Tourisme du Pays de Bag\u00e9 et de Pont de Vaux\" \/>\n<meta property=\"article:modified_time\" content=\"2025-10-13T12:24:11+00:00\" \/>\n<meta property=\"og:image\" content=\"https:\/\/www.bage-pontdevaux-tourisme.com\/wp-content\/uploads\/2025\/09\/arquebuse-et-pronemade-maryse-dufaux-chollet-1920x530.jpg\" \/>\n<meta name=\"twitter:card\" content=\"summary_large_image\" \/>\n<meta name=\"twitter:label1\" content=\"Geschatte leestijd\" \/>\n\t<meta name=\"twitter:data1\" content=\"1 minuut\" \/>\n<script type=\"application\/ld+json\" class=\"yoast-schema-graph\">{\"@context\":\"https:\\\/\\\/schema.org\",\"@graph\":[{\"@type\":\"WebPage\",\"@id\":\"https:\\\/\\\/www.bage-pontdevaux-tourisme.com\\\/nl\\\/hoe-kom-je-er\\\/\",\"url\":\"https:\\\/\\\/www.bage-pontdevaux-tourisme.com\\\/nl\\\/hoe-kom-je-er\\\/\",\"name\":\"Hoe kom je er? - Office de Tourisme du Pays de Bag\u00e9 et de Pont de Vaux\",\"isPartOf\":{\"@id\":\"https:\\\/\\\/www.bage-pontdevaux-tourisme.com\\\/nl\\\/#website\"},\"primaryImageOfPage\":{\"@id\":\"https:\\\/\\\/www.bage-pontdevaux-tourisme.com\\\/nl\\\/hoe-kom-je-er\\\/#primaryimage\"},\"image\":{\"@id\":\"https:\\\/\\\/www.bage-pontdevaux-tourisme.com\\\/nl\\\/hoe-kom-je-er\\\/#primaryimage\"},\"thumbnailUrl\":\"https:\\\/\\\/www.bage-pontdevaux-tourisme.com\\\/wp-content\\\/uploads\\\/2025\\\/09\\\/arquebuse-et-pronemade-maryse-dufaux-chollet-scaled.jpg\",\"datePublished\":\"2025-09-25T12:08:23+00:00\",\"dateModified\":\"2025-10-13T12:24:11+00:00\",\"breadcrumb\":{\"@id\":\"https:\\\/\\\/www.bage-pontdevaux-tourisme.com\\\/nl\\\/hoe-kom-je-er\\\/#breadcrumb\"},\"inLanguage\":\"nl-NL\",\"potentialAction\":[{\"@type\":\"ReadAction\",\"target\":[\"https:\\\/\\\/www.bage-pontdevaux-tourisme.com\\\/nl\\\/hoe-kom-je-er\\\/\"]}]},{\"@type\":\"ImageObject\",\"inLanguage\":\"nl-NL\",\"@id\":\"https:\\\/\\\/www.bage-pontdevaux-tourisme.com\\\/nl\\\/hoe-kom-je-er\\\/#primaryimage\",\"url\":\"https:\\\/\\\/www.bage-pontdevaux-tourisme.com\\\/wp-content\\\/uploads\\\/2025\\\/09\\\/arquebuse-et-pronemade-maryse-dufaux-chollet-scaled.jpg\",\"contentUrl\":\"https:\\\/\\\/www.bage-pontdevaux-tourisme.com\\\/wp-content\\\/uploads\\\/2025\\\/09\\\/arquebuse-et-pronemade-maryse-dufaux-chollet-scaled.jpg\"},{\"@type\":\"BreadcrumbList\",\"@id\":\"https:\\\/\\\/www.bage-pontdevaux-tourisme.com\\\/nl\\\/hoe-kom-je-er\\\/#breadcrumb\",\"itemListElement\":[{\"@type\":\"ListItem\",\"position\":1,\"name\":\"Accueil\",\"item\":\"https:\\\/\\\/www.bage-pontdevaux-tourisme.com\\\/nl\\\/op-een-steenworp-afstand-van-de-bourgogne-een-gastvrij-platteland-tussen-bresse-en-saone\\\/\"},{\"@type\":\"ListItem\",\"position\":2,\"name\":\"Hoe kom je er?\"}]},{\"@type\":\"WebSite\",\"@id\":\"https:\\\/\\\/www.bage-pontdevaux-tourisme.com\\\/nl\\\/#website\",\"url\":\"https:\\\/\\\/www.bage-pontdevaux-tourisme.com\\\/nl\\\/\",\"name\":\"Office de Tourisme du Pays de Bag\u00e9 et de Pont de Vaux\",\"description\":\"\",\"publisher\":{\"@id\":\"https:\\\/\\\/www.bage-pontdevaux-tourisme.com\\\/nl\\\/#organization\"},\"potentialAction\":[{\"@type\":\"SearchAction\",\"target\":{\"@type\":\"EntryPoint\",\"urlTemplate\":\"https:\\\/\\\/www.bage-pontdevaux-tourisme.com\\\/nl\\\/?s={search_term_string}\"},\"query-input\":{\"@type\":\"PropertyValueSpecification\",\"valueRequired\":true,\"valueName\":\"search_term_string\"}}],\"inLanguage\":\"nl-NL\"},{\"@type\":\"Organization\",\"@id\":\"https:\\\/\\\/www.bage-pontdevaux-tourisme.com\\\/nl\\\/#organization\",\"name\":\"Office de Tourisme du Pays de Bag\u00e9 et de Pont de Vaux\",\"url\":\"https:\\\/\\\/www.bage-pontdevaux-tourisme.com\\\/nl\\\/\",\"logo\":{\"@type\":\"ImageObject\",\"inLanguage\":\"nl-NL\",\"@id\":\"https:\\\/\\\/www.bage-pontdevaux-tourisme.com\\\/nl\\\/#\\\/schema\\\/logo\\\/image\\\/\",\"url\":\"https:\\\/\\\/www.bage-pontdevaux-tourisme.com\\\/wp-content\\\/uploads\\\/2025\\\/05\\\/logo-pays-de-bage-and-pont-de-vaux.svg\",\"contentUrl\":\"https:\\\/\\\/www.bage-pontdevaux-tourisme.com\\\/wp-content\\\/uploads\\\/2025\\\/05\\\/logo-pays-de-bage-and-pont-de-vaux.svg\",\"caption\":\"Office de Tourisme du Pays de Bag\u00e9 et de Pont de Vaux\"},\"image\":{\"@id\":\"https:\\\/\\\/www.bage-pontdevaux-tourisme.com\\\/nl\\\/#\\\/schema\\\/logo\\\/image\\\/\"}}]}<\/script>\n<!-- \/ Yoast SEO plugin. -->","yoast_head_json":{"title":"Hoe kom je er? - Office de Tourisme du Pays de Bag\u00e9 et de Pont de Vaux","robots":{"index":"index","follow":"follow","max-snippet":"max-snippet:-1","max-image-preview":"max-image-preview:large","max-video-preview":"max-video-preview:-1"},"canonical":"https:\/\/www.bage-pontdevaux-tourisme.com\/nl\/hoe-kom-je-er\/","og_locale":"nl_NL","og_type":"article","og_title":"Hoe kom je er? - Office de Tourisme du Pays de Bag\u00e9 et de Pont de Vaux","og_description":"Het gebied van Bresse et Sa\u00f4ne, die allemaal op minder dan 15 minuten van een oprit van de snelweg liggen, [&hellip;]","og_url":"https:\/\/www.bage-pontdevaux-tourisme.com\/nl\/hoe-kom-je-er\/","og_site_name":"Office de Tourisme du Pays de Bag\u00e9 et de Pont de Vaux","article_modified_time":"2025-10-13T12:24:11+00:00","og_image":[{"url":"https:\/\/www.bage-pontdevaux-tourisme.com\/wp-content\/uploads\/2025\/09\/arquebuse-et-pronemade-maryse-dufaux-chollet-1920x530.jpg","type":"","width":"","height":""}],"twitter_card":"summary_large_image","twitter_misc":{"Geschatte leestijd":"1 minuut"},"schema":{"@context":"https:\/\/schema.org","@graph":[{"@type":"WebPage","@id":"https:\/\/www.bage-pontdevaux-tourisme.com\/nl\/hoe-kom-je-er\/","url":"https:\/\/www.bage-pontdevaux-tourisme.com\/nl\/hoe-kom-je-er\/","name":"Hoe kom je er? - Office de Tourisme du Pays de Bag\u00e9 et de Pont de Vaux","isPartOf":{"@id":"https:\/\/www.bage-pontdevaux-tourisme.com\/nl\/#website"},"primaryImageOfPage":{"@id":"https:\/\/www.bage-pontdevaux-tourisme.com\/nl\/hoe-kom-je-er\/#primaryimage"},"image":{"@id":"https:\/\/www.bage-pontdevaux-tourisme.com\/nl\/hoe-kom-je-er\/#primaryimage"},"thumbnailUrl":"https:\/\/www.bage-pontdevaux-tourisme.com\/wp-content\/uploads\/2025\/09\/arquebuse-et-pronemade-maryse-dufaux-chollet-scaled.jpg","datePublished":"2025-09-25T12:08:23+00:00","dateModified":"2025-10-13T12:24:11+00:00","breadcrumb":{"@id":"https:\/\/www.bage-pontdevaux-tourisme.com\/nl\/hoe-kom-je-er\/#breadcrumb"},"inLanguage":"nl-NL","potentialAction":[{"@type":"ReadAction","target":["https:\/\/www.bage-pontdevaux-tourisme.com\/nl\/hoe-kom-je-er\/"]}]},{"@type":"ImageObject","inLanguage":"nl-NL","@id":"https:\/\/www.bage-pontdevaux-tourisme.com\/nl\/hoe-kom-je-er\/#primaryimage","url":"https:\/\/www.bage-pontdevaux-tourisme.com\/wp-content\/uploads\/2025\/09\/arquebuse-et-pronemade-maryse-dufaux-chollet-scaled.jpg","contentUrl":"https:\/\/www.bage-pontdevaux-tourisme.com\/wp-content\/uploads\/2025\/09\/arquebuse-et-pronemade-maryse-dufaux-chollet-scaled.jpg"},{"@type":"BreadcrumbList","@id":"https:\/\/www.bage-pontdevaux-tourisme.com\/nl\/hoe-kom-je-er\/#breadcrumb","itemListElement":[{"@type":"ListItem","position":1,"name":"Accueil","item":"https:\/\/www.bage-pontdevaux-tourisme.com\/nl\/op-een-steenworp-afstand-van-de-bourgogne-een-gastvrij-platteland-tussen-bresse-en-saone\/"},{"@type":"ListItem","position":2,"name":"Hoe kom je er?"}]},{"@type":"WebSite","@id":"https:\/\/www.bage-pontdevaux-tourisme.com\/nl\/#website","url":"https:\/\/www.bage-pontdevaux-tourisme.com\/nl\/","name":"Office de Tourisme du Pays de Bag\u00e9 et de Pont de Vaux","description":"","publisher":{"@id":"https:\/\/www.bage-pontdevaux-tourisme.com\/nl\/#organization"},"potentialAction":[{"@type":"SearchAction","target":{"@type":"EntryPoint","urlTemplate":"https:\/\/www.bage-pontdevaux-tourisme.com\/nl\/?s={search_term_string}"},"query-input":{"@type":"PropertyValueSpecification","valueRequired":true,"valueName":"search_term_string"}}],"inLanguage":"nl-NL"},{"@type":"Organization","@id":"https:\/\/www.bage-pontdevaux-tourisme.com\/nl\/#organization","name":"Office de Tourisme du Pays de Bag\u00e9 et de Pont de Vaux","url":"https:\/\/www.bage-pontdevaux-tourisme.com\/nl\/","logo":{"@type":"ImageObject","inLanguage":"nl-NL","@id":"https:\/\/www.bage-pontdevaux-tourisme.com\/nl\/#\/schema\/logo\/image\/","url":"https:\/\/www.bage-pontdevaux-tourisme.com\/wp-content\/uploads\/2025\/05\/logo-pays-de-bage-and-pont-de-vaux.svg","contentUrl":"https:\/\/www.bage-pontdevaux-tourisme.com\/wp-content\/uploads\/2025\/05\/logo-pays-de-bage-and-pont-de-vaux.svg","caption":"Office de Tourisme du Pays de Bag\u00e9 et de Pont de Vaux"},"image":{"@id":"https:\/\/www.bage-pontdevaux-tourisme.com\/nl\/#\/schema\/logo\/image\/"}}]}},"_links":{"self":[{"href":"https:\/\/www.bage-pontdevaux-tourisme.com\/nl\/wp-json\/wp\/v2\/pages\/8310","targetHints":{"allow":["GET"]}}],"collection":[{"href":"https:\/\/www.bage-pontdevaux-tourisme.com\/nl\/wp-json\/wp\/v2\/pages"}],"about":[{"href":"https:\/\/www.bage-pontdevaux-tourisme.com\/nl\/wp-json\/wp\/v2\/types\/page"}],"author":[{"embeddable":true,"href":"https:\/\/www.bage-pontdevaux-tourisme.com\/nl\/wp-json\/wp\/v2\/users\/1"}],"replies":[{"embeddable":true,"href":"https:\/\/www.bage-pontdevaux-tourisme.com\/nl\/wp-json\/wp\/v2\/comments?post=8310"}],"version-history":[{"count":1,"href":"https:\/\/www.bage-pontdevaux-tourisme.com\/nl\/wp-json\/wp\/v2\/pages\/8310\/revisions"}],"predecessor-version":[{"id":8311,"href":"https:\/\/www.bage-pontdevaux-tourisme.com\/nl\/wp-json\/wp\/v2\/pages\/8310\/revisions\/8311"}],"wp:attachment":[{"href":"https:\/\/www.bage-pontdevaux-tourisme.com\/nl\/wp-json\/wp\/v2\/media?parent=8310"}],"curies":[{"name":"wp","href":"https:\/\/api.w.org\/{rel}","templated":true}]}}