{"id":4248,"date":"2025-05-22T14:17:45","date_gmt":"2025-05-22T12:17:45","guid":{"rendered":"https:\/\/www.bage-pontdevaux-tourisme.com\/te-voet\/"},"modified":"2025-09-15T12:09:51","modified_gmt":"2025-09-15T10:09:51","slug":"te-voet","status":"publish","type":"page","link":"https:\/\/www.bage-pontdevaux-tourisme.com\/nl\/te-voet\/","title":{"rendered":"Te voet"},"content":{"rendered":"\n<div class=\"wp-block-ws-library-ws-header-interne is-layout-constrained alignfull\"><div class=\"header-container\"><div class=\"group-media has-image\"><img loading=\"lazy\" decoding=\"async\" width=\"1920\" height=\"2560\" src=\"https:\/\/www.bage-pontdevaux-tourisme.com\/wp-content\/uploads\/2025\/05\/chavannes-sur-reyssouze-rando2-scaled.jpg\" alt=\"une belle randonn\u00e9e en campagne en Bresse dans l'Ain\" class=\"image_large_square wp-image-10 \" srcset=\"https:\/\/www.bage-pontdevaux-tourisme.com\/wp-content\/uploads\/2025\/05\/chavannes-sur-reyssouze-rando2-scaled.jpg 1920w, https:\/\/www.bage-pontdevaux-tourisme.com\/wp-content\/uploads\/2025\/05\/chavannes-sur-reyssouze-rando2-scaled-225x300.jpg 225w, https:\/\/www.bage-pontdevaux-tourisme.com\/wp-content\/uploads\/2025\/05\/chavannes-sur-reyssouze-rando2-scaled-768x1024.jpg 768w, https:\/\/www.bage-pontdevaux-tourisme.com\/wp-content\/uploads\/2025\/05\/chavannes-sur-reyssouze-rando2-scaled-1152x1536.jpg 1152w, https:\/\/www.bage-pontdevaux-tourisme.com\/wp-content\/uploads\/2025\/05\/chavannes-sur-reyssouze-rando2-scaled-1536x2048.jpg 1536w, https:\/\/www.bage-pontdevaux-tourisme.com\/wp-content\/uploads\/2025\/05\/chavannes-sur-reyssouze-rando2-scaled-345x460.jpg 345w, https:\/\/www.bage-pontdevaux-tourisme.com\/wp-content\/uploads\/2025\/05\/chavannes-sur-reyssouze-rando2-scaled-480x640.jpg 480w\" sizes=\"auto, (max-width: 1920px) 100vw, 1920px\" \/><\/div><div class=\"group-content\"><div class=\"title\"><h1>Te voet<\/h1><\/div><\/div><\/div><div class=\"yoast-breadcrumbs\"><span><span><a href=\"https:\/\/www.bage-pontdevaux-tourisme.com\/nl\/op-een-steenworp-afstand-van-de-bourgogne-een-gastvrij-platteland-tussen-bresse-en-saone\/\">Accueil<\/a><\/span> \/ <span class=\"breadcrumb_last\" aria-current=\"page\">Te voet<\/span><\/span><\/div><\/div>\n\n<div class=\"wp-block-ws-library-ws-title alignfull is-style-wave-rose\"><h2>Kom en ontdek onze prachtige regio te voet!<\/h2><\/div>\n\n<div class=\"wp-block-ws-library-ws-columns has-2-columns are-vertically-aligned-center layout-5050\">\n<div class=\"wp-block-ws-library-ws-column\"><div class=\"wrapper\">\n<p>Een trailhead in het hart van elk dorp voor 30 wandelingen op het platteland.  <\/p>\n\n\n\n<p>Vind al onze circussen op de applicaties:<\/p>\n\n\n\n<ul class=\"wp-block-list\">\n<li>AinOutdoor<\/li>\n\n\n\n<li>OpenRunner<\/li>\n\n\n\n<li>Visorando<\/li>\n\n\n\n<li>Cirkwi<\/li>\n<\/ul>\n\n\n\n<p>Georganiseerde wandelingen<\/p>\n<\/div><\/div>\n\n\n\n<div class=\"wp-block-ws-library-ws-column\"><div class=\"wrapper\">\n<div class=\"wp-block-ws-library-ws-image\"><div class=\"wrapper\"><div class=\"group-media\"><img decoding=\"async\" src=\"https:\/\/www.bage-pontdevaux-tourisme.com\/wp-content\/uploads\/2025\/05\/circuit-sermoyer-office-de-tourisme-960x640.jpg\" alt=\"\" class=\"single_image ws-image-16\"><div class=\"credits\"><\/div><\/div><p class=\"caption\"><\/p><\/div><\/div>\n<\/div><\/div>\n<\/div>\n\n<h2 class=\"wp-block-heading\">Enkele idee\u00ebn voor wandelingen<\/h2>\n<div id=\"listing_4b1bd\" data-observer-wishlist class=\"ws-listing wp-block-ws-apidae-library-listing-avance\" data-map-id=\"map_4b1bd\" data-locations-id=\"locations-data_4b1bd\"><div class=\"listing-header\"><div class=\"toggle-container\"><button class=\"btn toggle-btn toggle-list\" data-target=\"list\">Lijst<\/button><button class=\"btn toggle-btn toggle-map\" data-target=\"map\">Kaart<\/button><button class=\"btn toggle-btn toggle-fulllist\" data-target=\"fulllist\" data-reverse=\"Kaart tonen\">Kaart verbergen<\/button><\/div><\/div><div class=\"facetwp-template\"><div class=\"list-container active\"><div class=\"list-items\"><div class=\"item\"><div class=\"card card-apidae card-avance\"><div class=\"group-media\"><div class=\"field-image\"><img decoding=\"async\" src=\"https:\/\/images.weserv.nl\/?url=https:\/\/static.apidae-tourisme.com\/filestore\/objets-touristiques\/images\/77\/80\/20664397-diaporama.jpg&#038;w=320&#038;h=220&#038;fit=cover&#038;output=webp&#038;q=45\" alt=\"Wandelpad: vanaf het Mont\u00e9pin-wascentrum\"\/><\/div><\/div><div class=\"group-content\"><div class=\"field-commune\">B\u00e2g\u00e9-Dommartin<\/div><div class=\"field-title\">Wandelpad: vanaf het Mont\u00e9pin-wascentrum<\/div><div class=\"field-description\">Vertrek vanaf het stadhuis van B\u00e2g\u00e9-la-Ville. Nadat je de D28&#8230;<\/div><\/div><div class=\"field-link\"><a href=\"https:\/\/www.bage-pontdevaux-tourisme.com\/nl\/fiche\/wandelroute-vanaf-het-washuis-van-montepin\/\" class=\"cardlink\">Wandelpad: vanaf het Mont\u00e9pin-wascentrum<\/a><\/div><\/div><\/div><div class=\"item\"><div class=\"card card-apidae card-avance\"><div class=\"group-media\"><div class=\"field-image\"><img decoding=\"async\" src=\"https:\/\/images.weserv.nl\/?url=https:\/\/static.apidae-tourisme.com\/filestore\/objets-touristiques\/images\/241\/242\/19657457-diaporama.jpg&#038;w=320&#038;h=220&#038;fit=cover&#038;output=webp&#038;q=45\" alt=\"Wandeltocht: Het eiland La Motte\"\/><\/div><\/div><div class=\"group-content\"><div class=\"field-commune\">Saint-B\u00e9nigne<\/div><div class=\"field-title\">Wandeltocht: Het eiland La Motte<\/div><div class=\"field-description\">Op deze route ontdek je de uitgestrekte uiterwaarden van de&#8230;<\/div><\/div><div class=\"field-link\"><a href=\"https:\/\/www.bage-pontdevaux-tourisme.com\/nl\/fiche\/wandelroute-het-eiland-la-motte\/\" class=\"cardlink\">Wandeltocht: Het eiland La Motte<\/a><\/div><\/div><\/div><div class=\"item\"><div class=\"card card-apidae card-avance\"><div class=\"group-media\"><div class=\"field-image\"><img decoding=\"async\" src=\"https:\/\/images.weserv.nl\/?url=https:\/\/static.apidae-tourisme.com\/filestore\/objets-touristiques\/images\/68\/85\/19682628-diaporama.jpg&#038;w=320&#038;h=220&#038;fit=cover&#038;output=webp&#038;q=45\" alt=\"Wandeltocht: Op zoek naar de Saraceense schoorstenen\"\/><\/div><\/div><div class=\"group-content\"><div class=\"field-commune\">Boissey<\/div><div class=\"field-title\">Wandeltocht: Op zoek naar de Saraceense schoorstenen<\/div><div class=\"field-description\">Verken vanaf het dorpsplein in Boissey de bocage van Bresse&#8230;<\/div><\/div><div class=\"field-link\"><a href=\"https:\/\/www.bage-pontdevaux-tourisme.com\/nl\/fiche\/wandelroute-op-zoek-naar-saraceense-schoorstenen\/\" class=\"cardlink\">Wandeltocht: Op zoek naar de Saraceense schoorstenen<\/a><\/div><\/div><\/div><div id=\"locations-data_4b1bd\" style=\"display: none;\">{&quot;locations&quot;:[{&quot;lat&quot;:&quot;46.316544&quot;,&quot;lng&quot;:&quot;4.94683&quot;,&quot;title&quot;:&quot;Wandelpad: vanaf het Mont\\u00e9pin-wascentrum&quot;,&quot;permalink&quot;:&quot;https:\\\/\\\/www.bage-pontdevaux-tourisme.com\\\/nl\\\/fiche\\\/wandelroute-vanaf-het-washuis-van-montepin\\\/&quot;,&quot;type&quot;:&quot;equipement&quot;,&quot;commune&quot;:&quot;B\\u00e2g\\u00e9-Dommartin&quot;,&quot;type_commerce&quot;:&quot;&quot;,&quot;image&quot;:&quot;https:\\\/\\\/static.apidae-tourisme.com\\\/filestore\\\/objets-touristiques\\\/images\\\/77\\\/80\\\/20664397-diaporama.jpg&quot;,&quot;image_width&quot;:&quot;320&quot;,&quot;image_height&quot;:&quot;220&quot;,&quot;image_fit&quot;:&quot;cover&quot;},{&quot;lat&quot;:&quot;46.444961&quot;,&quot;lng&quot;:&quot;4.960616&quot;,&quot;title&quot;:&quot;Wandeltocht: Het eiland La Motte&quot;,&quot;permalink&quot;:&quot;https:\\\/\\\/www.bage-pontdevaux-tourisme.com\\\/nl\\\/fiche\\\/wandelroute-het-eiland-la-motte\\\/&quot;,&quot;type&quot;:&quot;equipement&quot;,&quot;commune&quot;:&quot;Saint-B\\u00e9nigne&quot;,&quot;type_commerce&quot;:&quot;&quot;,&quot;image&quot;:&quot;https:\\\/\\\/static.apidae-tourisme.com\\\/filestore\\\/objets-touristiques\\\/images\\\/241\\\/242\\\/19657457-diaporama.jpg&quot;,&quot;image_width&quot;:&quot;320&quot;,&quot;image_height&quot;:&quot;220&quot;,&quot;image_fit&quot;:&quot;cover&quot;},{&quot;lat&quot;:&quot;46.381142&quot;,&quot;lng&quot;:&quot;4.996357&quot;,&quot;title&quot;:&quot;Wandeltocht: Op zoek naar de Saraceense schoorstenen&quot;,&quot;permalink&quot;:&quot;https:\\\/\\\/www.bage-pontdevaux-tourisme.com\\\/nl\\\/fiche\\\/wandelroute-op-zoek-naar-saraceense-schoorstenen\\\/&quot;,&quot;type&quot;:&quot;equipement&quot;,&quot;commune&quot;:&quot;Boissey&quot;,&quot;type_commerce&quot;:&quot;&quot;,&quot;image&quot;:&quot;https:\\\/\\\/static.apidae-tourisme.com\\\/filestore\\\/objets-touristiques\\\/images\\\/68\\\/85\\\/19682628-diaporama.jpg&quot;,&quot;image_width&quot;:&quot;320&quot;,&quot;image_height&quot;:&quot;220&quot;,&quot;image_fit&quot;:&quot;cover&quot;}],&quot;center_lat&quot;:&quot;46.316544&quot;,&quot;center_lng&quot;:&quot;4.94683&quot;}<\/div><\/div><div class=\"ws-apidae-pager\" data-type=\"pager\"><div class=\"custom-pager\"><a class=\"facetwp-page first active\" data-page=\"1\" href=\"\/nl\/wp-json\/wp\/v2\/pages\/4248?paged_4b1bd=1#listing_4b1bd\">1<\/a><a class=\"facetwp-page \" data-page=\"2\" href=\"\/nl\/wp-json\/wp\/v2\/pages\/4248?paged_4b1bd=2#listing_4b1bd\">2<\/a><span class=\"facetwp-separator\">\u2026<\/span><a class=\"facetwp-page \" data-page=\"10\" href=\"\/nl\/wp-json\/wp\/v2\/pages\/4248?paged_4b1bd=10#listing_4b1bd\">10<\/a><a class=\"facetwp-page next\" data-page=\"2\" href=\"\/nl\/wp-json\/wp\/v2\/pages\/4248?paged_4b1bd=2#listing_4b1bd\">\u203a<\/a><\/div><\/div><\/div><\/div><div class=\"map-marker\"><div id=\"map_4b1bd\" class=\"map-container\" style=\"width: 100%; height: 450px;\"><\/div><\/div><\/div>\n<p><\/p>\n","protected":false},"excerpt":{"rendered":"<p>Enkele idee\u00ebn voor wandelingen<\/p>\n","protected":false},"author":1,"featured_media":0,"parent":0,"menu_order":15,"comment_status":"closed","ping_status":"closed","template":"","meta":{"footnotes":""},"class_list":["post-4248","page","type-page","status-publish","hentry"],"yoast_head":"<!-- This site is optimized with the Yoast SEO plugin v27.4 - https:\/\/yoast.com\/product\/yoast-seo-wordpress\/ -->\n<title>Te voet - Office de Tourisme du Pays de Bag\u00e9 et de Pont de Vaux<\/title>\n<meta name=\"description\" content=\"onze mooiste wandelingen in Bresse en Sa\u00f4ne in de Ain, tussen Pont-de-Vaux en B\u00e2g\u00e9-le-Ch\u00e2tel, De duinen van Charmes, De veenlande van de uien\" \/>\n<meta name=\"robots\" content=\"index, follow, max-snippet:-1, max-image-preview:large, max-video-preview:-1\" \/>\n<link rel=\"canonical\" href=\"https:\/\/www.bage-pontdevaux-tourisme.com\/nl\/te-voet\/\" \/>\n<meta property=\"og:locale\" content=\"nl_NL\" \/>\n<meta property=\"og:type\" content=\"article\" \/>\n<meta property=\"og:title\" content=\"Te voet - Office de Tourisme du Pays de Bag\u00e9 et de Pont de Vaux\" \/>\n<meta property=\"og:description\" content=\"onze mooiste wandelingen in Bresse en Sa\u00f4ne in de Ain, tussen Pont-de-Vaux en B\u00e2g\u00e9-le-Ch\u00e2tel, De duinen van Charmes, De veenlande van de uien\" \/>\n<meta property=\"og:url\" content=\"https:\/\/www.bage-pontdevaux-tourisme.com\/nl\/te-voet\/\" \/>\n<meta property=\"og:site_name\" content=\"Office de Tourisme du Pays de Bag\u00e9 et de Pont de Vaux\" \/>\n<meta property=\"article:modified_time\" content=\"2025-09-15T10:09:51+00:00\" \/>\n<meta property=\"og:image\" content=\"https:\/\/www.bage-pontdevaux-tourisme.com\/wp-content\/uploads\/2025\/05\/chavannes-sur-reyssouze-rando2-scaled.jpg\" \/>\n<meta name=\"twitter:card\" content=\"summary_large_image\" \/>\n<script type=\"application\/ld+json\" class=\"yoast-schema-graph\">{\"@context\":\"https:\\\/\\\/schema.org\",\"@graph\":[{\"@type\":\"WebPage\",\"@id\":\"https:\\\/\\\/www.bage-pontdevaux-tourisme.com\\\/nl\\\/te-voet\\\/\",\"url\":\"https:\\\/\\\/www.bage-pontdevaux-tourisme.com\\\/nl\\\/te-voet\\\/\",\"name\":\"Te voet - Office de Tourisme du Pays de Bag\u00e9 et de Pont de Vaux\",\"isPartOf\":{\"@id\":\"https:\\\/\\\/www.bage-pontdevaux-tourisme.com\\\/nl\\\/#website\"},\"primaryImageOfPage\":{\"@id\":\"https:\\\/\\\/www.bage-pontdevaux-tourisme.com\\\/nl\\\/te-voet\\\/#primaryimage\"},\"image\":{\"@id\":\"https:\\\/\\\/www.bage-pontdevaux-tourisme.com\\\/nl\\\/te-voet\\\/#primaryimage\"},\"thumbnailUrl\":\"https:\\\/\\\/www.bage-pontdevaux-tourisme.com\\\/wp-content\\\/uploads\\\/2025\\\/05\\\/chavannes-sur-reyssouze-rando2-scaled.jpg\",\"datePublished\":\"2025-05-22T12:17:45+00:00\",\"dateModified\":\"2025-09-15T10:09:51+00:00\",\"description\":\"onze mooiste wandelingen in Bresse en Sa\u00f4ne in de Ain, tussen Pont-de-Vaux en B\u00e2g\u00e9-le-Ch\u00e2tel, De duinen van Charmes, De veenlande van de uien\",\"breadcrumb\":{\"@id\":\"https:\\\/\\\/www.bage-pontdevaux-tourisme.com\\\/nl\\\/te-voet\\\/#breadcrumb\"},\"inLanguage\":\"nl-NL\",\"potentialAction\":[{\"@type\":\"ReadAction\",\"target\":[\"https:\\\/\\\/www.bage-pontdevaux-tourisme.com\\\/nl\\\/te-voet\\\/\"]}]},{\"@type\":\"ImageObject\",\"inLanguage\":\"nl-NL\",\"@id\":\"https:\\\/\\\/www.bage-pontdevaux-tourisme.com\\\/nl\\\/te-voet\\\/#primaryimage\",\"url\":\"https:\\\/\\\/www.bage-pontdevaux-tourisme.com\\\/wp-content\\\/uploads\\\/2025\\\/05\\\/chavannes-sur-reyssouze-rando2-scaled.jpg\",\"contentUrl\":\"https:\\\/\\\/www.bage-pontdevaux-tourisme.com\\\/wp-content\\\/uploads\\\/2025\\\/05\\\/chavannes-sur-reyssouze-rando2-scaled.jpg\"},{\"@type\":\"BreadcrumbList\",\"@id\":\"https:\\\/\\\/www.bage-pontdevaux-tourisme.com\\\/nl\\\/te-voet\\\/#breadcrumb\",\"itemListElement\":[{\"@type\":\"ListItem\",\"position\":1,\"name\":\"Accueil\",\"item\":\"https:\\\/\\\/www.bage-pontdevaux-tourisme.com\\\/nl\\\/op-een-steenworp-afstand-van-de-bourgogne-een-gastvrij-platteland-tussen-bresse-en-saone\\\/\"},{\"@type\":\"ListItem\",\"position\":2,\"name\":\"Te voet\"}]},{\"@type\":\"WebSite\",\"@id\":\"https:\\\/\\\/www.bage-pontdevaux-tourisme.com\\\/nl\\\/#website\",\"url\":\"https:\\\/\\\/www.bage-pontdevaux-tourisme.com\\\/nl\\\/\",\"name\":\"Office de Tourisme du Pays de Bag\u00e9 et de Pont de Vaux\",\"description\":\"\",\"publisher\":{\"@id\":\"https:\\\/\\\/www.bage-pontdevaux-tourisme.com\\\/nl\\\/#organization\"},\"potentialAction\":[{\"@type\":\"SearchAction\",\"target\":{\"@type\":\"EntryPoint\",\"urlTemplate\":\"https:\\\/\\\/www.bage-pontdevaux-tourisme.com\\\/nl\\\/?s={search_term_string}\"},\"query-input\":{\"@type\":\"PropertyValueSpecification\",\"valueRequired\":true,\"valueName\":\"search_term_string\"}}],\"inLanguage\":\"nl-NL\"},{\"@type\":\"Organization\",\"@id\":\"https:\\\/\\\/www.bage-pontdevaux-tourisme.com\\\/nl\\\/#organization\",\"name\":\"Office de Tourisme du Pays de Bag\u00e9 et de Pont de Vaux\",\"url\":\"https:\\\/\\\/www.bage-pontdevaux-tourisme.com\\\/nl\\\/\",\"logo\":{\"@type\":\"ImageObject\",\"inLanguage\":\"nl-NL\",\"@id\":\"https:\\\/\\\/www.bage-pontdevaux-tourisme.com\\\/nl\\\/#\\\/schema\\\/logo\\\/image\\\/\",\"url\":\"https:\\\/\\\/www.bage-pontdevaux-tourisme.com\\\/wp-content\\\/uploads\\\/2025\\\/05\\\/logo-pays-de-bage-and-pont-de-vaux.svg\",\"contentUrl\":\"https:\\\/\\\/www.bage-pontdevaux-tourisme.com\\\/wp-content\\\/uploads\\\/2025\\\/05\\\/logo-pays-de-bage-and-pont-de-vaux.svg\",\"caption\":\"Office de Tourisme du Pays de Bag\u00e9 et de Pont de Vaux\"},\"image\":{\"@id\":\"https:\\\/\\\/www.bage-pontdevaux-tourisme.com\\\/nl\\\/#\\\/schema\\\/logo\\\/image\\\/\"}}]}<\/script>\n<!-- \/ Yoast SEO plugin. -->","yoast_head_json":{"title":"Te voet - Office de Tourisme du Pays de Bag\u00e9 et de Pont de Vaux","description":"onze mooiste wandelingen in Bresse en Sa\u00f4ne in de Ain, tussen Pont-de-Vaux en B\u00e2g\u00e9-le-Ch\u00e2tel, De duinen van Charmes, De veenlande van de uien","robots":{"index":"index","follow":"follow","max-snippet":"max-snippet:-1","max-image-preview":"max-image-preview:large","max-video-preview":"max-video-preview:-1"},"canonical":"https:\/\/www.bage-pontdevaux-tourisme.com\/nl\/te-voet\/","og_locale":"nl_NL","og_type":"article","og_title":"Te voet - Office de Tourisme du Pays de Bag\u00e9 et de Pont de Vaux","og_description":"onze mooiste wandelingen in Bresse en Sa\u00f4ne in de Ain, tussen Pont-de-Vaux en B\u00e2g\u00e9-le-Ch\u00e2tel, De duinen van Charmes, De veenlande van de uien","og_url":"https:\/\/www.bage-pontdevaux-tourisme.com\/nl\/te-voet\/","og_site_name":"Office de Tourisme du Pays de Bag\u00e9 et de Pont de Vaux","article_modified_time":"2025-09-15T10:09:51+00:00","og_image":[{"url":"https:\/\/www.bage-pontdevaux-tourisme.com\/wp-content\/uploads\/2025\/05\/chavannes-sur-reyssouze-rando2-scaled.jpg","type":"","width":"","height":""}],"twitter_card":"summary_large_image","schema":{"@context":"https:\/\/schema.org","@graph":[{"@type":"WebPage","@id":"https:\/\/www.bage-pontdevaux-tourisme.com\/nl\/te-voet\/","url":"https:\/\/www.bage-pontdevaux-tourisme.com\/nl\/te-voet\/","name":"Te voet - Office de Tourisme du Pays de Bag\u00e9 et de Pont de Vaux","isPartOf":{"@id":"https:\/\/www.bage-pontdevaux-tourisme.com\/nl\/#website"},"primaryImageOfPage":{"@id":"https:\/\/www.bage-pontdevaux-tourisme.com\/nl\/te-voet\/#primaryimage"},"image":{"@id":"https:\/\/www.bage-pontdevaux-tourisme.com\/nl\/te-voet\/#primaryimage"},"thumbnailUrl":"https:\/\/www.bage-pontdevaux-tourisme.com\/wp-content\/uploads\/2025\/05\/chavannes-sur-reyssouze-rando2-scaled.jpg","datePublished":"2025-05-22T12:17:45+00:00","dateModified":"2025-09-15T10:09:51+00:00","description":"onze mooiste wandelingen in Bresse en Sa\u00f4ne in de Ain, tussen Pont-de-Vaux en B\u00e2g\u00e9-le-Ch\u00e2tel, De duinen van Charmes, De veenlande van de uien","breadcrumb":{"@id":"https:\/\/www.bage-pontdevaux-tourisme.com\/nl\/te-voet\/#breadcrumb"},"inLanguage":"nl-NL","potentialAction":[{"@type":"ReadAction","target":["https:\/\/www.bage-pontdevaux-tourisme.com\/nl\/te-voet\/"]}]},{"@type":"ImageObject","inLanguage":"nl-NL","@id":"https:\/\/www.bage-pontdevaux-tourisme.com\/nl\/te-voet\/#primaryimage","url":"https:\/\/www.bage-pontdevaux-tourisme.com\/wp-content\/uploads\/2025\/05\/chavannes-sur-reyssouze-rando2-scaled.jpg","contentUrl":"https:\/\/www.bage-pontdevaux-tourisme.com\/wp-content\/uploads\/2025\/05\/chavannes-sur-reyssouze-rando2-scaled.jpg"},{"@type":"BreadcrumbList","@id":"https:\/\/www.bage-pontdevaux-tourisme.com\/nl\/te-voet\/#breadcrumb","itemListElement":[{"@type":"ListItem","position":1,"name":"Accueil","item":"https:\/\/www.bage-pontdevaux-tourisme.com\/nl\/op-een-steenworp-afstand-van-de-bourgogne-een-gastvrij-platteland-tussen-bresse-en-saone\/"},{"@type":"ListItem","position":2,"name":"Te voet"}]},{"@type":"WebSite","@id":"https:\/\/www.bage-pontdevaux-tourisme.com\/nl\/#website","url":"https:\/\/www.bage-pontdevaux-tourisme.com\/nl\/","name":"Office de Tourisme du Pays de Bag\u00e9 et de Pont de Vaux","description":"","publisher":{"@id":"https:\/\/www.bage-pontdevaux-tourisme.com\/nl\/#organization"},"potentialAction":[{"@type":"SearchAction","target":{"@type":"EntryPoint","urlTemplate":"https:\/\/www.bage-pontdevaux-tourisme.com\/nl\/?s={search_term_string}"},"query-input":{"@type":"PropertyValueSpecification","valueRequired":true,"valueName":"search_term_string"}}],"inLanguage":"nl-NL"},{"@type":"Organization","@id":"https:\/\/www.bage-pontdevaux-tourisme.com\/nl\/#organization","name":"Office de Tourisme du Pays de Bag\u00e9 et de Pont de Vaux","url":"https:\/\/www.bage-pontdevaux-tourisme.com\/nl\/","logo":{"@type":"ImageObject","inLanguage":"nl-NL","@id":"https:\/\/www.bage-pontdevaux-tourisme.com\/nl\/#\/schema\/logo\/image\/","url":"https:\/\/www.bage-pontdevaux-tourisme.com\/wp-content\/uploads\/2025\/05\/logo-pays-de-bage-and-pont-de-vaux.svg","contentUrl":"https:\/\/www.bage-pontdevaux-tourisme.com\/wp-content\/uploads\/2025\/05\/logo-pays-de-bage-and-pont-de-vaux.svg","caption":"Office de Tourisme du Pays de Bag\u00e9 et de Pont de Vaux"},"image":{"@id":"https:\/\/www.bage-pontdevaux-tourisme.com\/nl\/#\/schema\/logo\/image\/"}}]}},"_links":{"self":[{"href":"https:\/\/www.bage-pontdevaux-tourisme.com\/nl\/wp-json\/wp\/v2\/pages\/4248","targetHints":{"allow":["GET"]}}],"collection":[{"href":"https:\/\/www.bage-pontdevaux-tourisme.com\/nl\/wp-json\/wp\/v2\/pages"}],"about":[{"href":"https:\/\/www.bage-pontdevaux-tourisme.com\/nl\/wp-json\/wp\/v2\/types\/page"}],"author":[{"embeddable":true,"href":"https:\/\/www.bage-pontdevaux-tourisme.com\/nl\/wp-json\/wp\/v2\/users\/1"}],"replies":[{"embeddable":true,"href":"https:\/\/www.bage-pontdevaux-tourisme.com\/nl\/wp-json\/wp\/v2\/comments?post=4248"}],"version-history":[{"count":0,"href":"https:\/\/www.bage-pontdevaux-tourisme.com\/nl\/wp-json\/wp\/v2\/pages\/4248\/revisions"}],"wp:attachment":[{"href":"https:\/\/www.bage-pontdevaux-tourisme.com\/nl\/wp-json\/wp\/v2\/media?parent=4248"}],"curies":[{"name":"wp","href":"https:\/\/api.w.org\/{rel}","templated":true}]}}