{"id":8619,"date":"2025-05-22T14:17:42","date_gmt":"2025-05-22T12:17:42","guid":{"rendered":"https:\/\/www.bage-pontdevaux-tourisme.com\/what-to-see-and-do\/move\/other-hobbies\/"},"modified":"2025-10-13T14:50:19","modified_gmt":"2025-10-13T12:50:19","slug":"other-hobbies","status":"publish","type":"page","link":"https:\/\/www.bage-pontdevaux-tourisme.com\/en\/what-to-see-and-do\/move\/other-hobbies\/","title":{"rendered":"Other hobbies"},"content":{"rendered":"\n<div class=\"wp-block-ws-library-ws-header-interne is-layout-constrained alignfull\"><div class=\"header-container\"><div class=\"group-media has-image\"><img loading=\"lazy\" decoding=\"async\" width=\"1920\" height=\"530\" src=\"https:\/\/www.bage-pontdevaux-tourisme.com\/wp-content\/uploads\/2025\/08\/p8130022-1920x530.jpg\" alt=\"\" class=\"image_large_square wp-image-4359  \"\/><\/div><div class=\"group-content\"><div class=\"title\"><h1>Other hobbies<\/h1><\/div><\/div><\/div><div class=\"yoast-breadcrumbs\"><span><span><a href=\"https:\/\/www.bage-pontdevaux-tourisme.com\/en\/a-stones-throw-from-burgundy-a-welcoming-countryside-between-bresse-and-saone\/\">Home<\/a><\/span> \/ <span><a href=\"https:\/\/www.bage-pontdevaux-tourisme.com\/en\/what-to-see-and-do\/\">What to see and do<\/a><\/span> \/ <span><a href=\"https:\/\/www.bage-pontdevaux-tourisme.com\/en\/what-to-see-and-do\/move\/\">Move<\/a><\/span> \/ <span class=\"breadcrumb_last\" aria-current=\"page\">Other hobbies<\/span><\/span><\/div><\/div>\n\n<div class=\"wp-block-ws-library-ws-title is-style-wave-blue\"><h2>A multitude of activities<\/h2><\/div>\n<div id=\"listing_be4db\" data-observer-wishlist class=\"ws-listing wp-block-ws-apidae-library-listing-avance\" data-map-id=\"map_be4db\" data-locations-id=\"locations-data_be4db\"><div class=\"listing-header\"><div class=\"toggle-container\"><button class=\"btn toggle-btn toggle-list\" data-target=\"list\">List<\/button><button class=\"btn toggle-btn toggle-map\" data-target=\"map\">Map<\/button><button class=\"btn toggle-btn toggle-fulllist\" data-target=\"fulllist\" data-reverse=\"Show map\">Hide the map<\/button><\/div><\/div><div class=\"facetwp-template\"><div class=\"list-container active\"><div class=\"list-items\"><div class=\"item\"><div class=\"card card-apidae card-avance\"><div class=\"group-media\"><div class=\"field-image\"><img decoding=\"async\" src=\"https:\/\/images.weserv.nl\/?url=https:\/\/static.apidae-tourisme.com\/filestore\/objets-touristiques\/images\/83\/96\/8740947-diaporama.jpg&#038;w=320&#038;h=220&#038;fit=cover&#038;output=webp&#038;q=45\" alt=\"Chassagne fishing pond\"\/><\/div><\/div><div class=\"group-content\"><div class=\"field-commune\">Manziat<\/div><div class=\"field-title\">Chassagne fishing pond<\/div><div class=\"field-description\">Sports fishing and category 2 leisure fishing are available at&#8230;<\/div><\/div><div class=\"field-link\"><a href=\"https:\/\/www.bage-pontdevaux-tourisme.com\/en\/fiche\/chassagne-fishing-lake\/\" class=\"cardlink\">Chassagne fishing pond<\/a><\/div><\/div><\/div><div class=\"item\"><div class=\"card card-apidae card-avance\"><div class=\"group-media\"><div class=\"field-image\"><img decoding=\"async\" src=\"https:\/\/images.weserv.nl\/?url=https:\/\/static.apidae-tourisme.com\/filestore\/objets-touristiques\/images\/242\/231\/8710130-diaporama.jpg&#038;w=320&#038;h=220&#038;fit=cover&#038;output=webp&#038;q=45\" alt=\"Equestrian centre Les cavaliers de Pr\u00e9 Fleuri\"\/><\/div><\/div><div class=\"group-content\"><div class=\"field-commune\">Saint-B\u00e9nigne<\/div><div class=\"field-title\">Equestrian centre Les cavaliers de Pr\u00e9 Fleuri<\/div><div class=\"field-description\">Group and private lessons from beginner to advanced, pony lessons&#8230;<\/div><\/div><div class=\"field-link\"><a href=\"https:\/\/www.bage-pontdevaux-tourisme.com\/en\/fiche\/les-cavaliers-de-pre-fleuri-equestrian-center\/\" class=\"cardlink\">Equestrian centre Les cavaliers de Pr\u00e9 Fleuri<\/a><\/div><\/div><\/div><div class=\"item\"><div class=\"card card-apidae card-avance\"><div class=\"group-media\"><div class=\"field-image\"><img decoding=\"async\" src=\"https:\/\/images.weserv.nl\/?url=https:\/\/static.apidae-tourisme.com\/filestore\/objets-touristiques\/images\/233\/95\/8740841-diaporama.jpg&#038;w=320&#038;h=220&#038;fit=cover&#038;output=webp&#038;q=45\" alt=\"Feillens fishing pond\"\/><\/div><\/div><div class=\"group-content\"><div class=\"field-commune\">Feillens<\/div><div class=\"field-title\">Feillens fishing pond<\/div><div class=\"field-description\">Sports fishing and category 2 leisure fishing are available at&#8230;<\/div><\/div><div class=\"field-link\"><a href=\"https:\/\/www.bage-pontdevaux-tourisme.com\/en\/fiche\/lake-to-fish\/\" class=\"cardlink\">Feillens fishing pond<\/a><\/div><\/div><\/div><div class=\"item\"><div class=\"card card-apidae card-avance\"><div class=\"group-media\"><div class=\"field-image\"><img decoding=\"async\" src=\"https:\/\/images.weserv.nl\/?url=https:\/\/static.apidae-tourisme.com\/filestore\/objets-touristiques\/images\/149\/233\/4450709-diaporama.jpg&#038;w=320&#038;h=220&#038;fit=cover&#038;output=webp&#038;q=45\" alt=\"Giraudi\u00e8re Equestrian Centre\"\/><\/div><\/div><div class=\"group-content\"><div class=\"field-commune\">Saint-Andr\u00e9-de-B\u00e2g\u00e9<\/div><div class=\"field-title\">Giraudi\u00e8re Equestrian Centre<\/div><div class=\"field-description\">Pony and horse introductions, group or private lessons, vacation courses,&#8230;<\/div><\/div><div class=\"field-link\"><a href=\"https:\/\/www.bage-pontdevaux-tourisme.com\/en\/fiche\/center-equestre-de-la-giraudiere\/\" class=\"cardlink\">Giraudi\u00e8re Equestrian Centre<\/a><\/div><\/div><\/div><div id=\"locations-data_be4db\" style=\"display: none;\">{&quot;locations&quot;:[{&quot;lat&quot;:&quot;46.361857&quot;,&quot;lng&quot;:&quot;4.889732&quot;,&quot;title&quot;:&quot;Chassagne fishing pond&quot;,&quot;permalink&quot;:&quot;https:\\\/\\\/www.bage-pontdevaux-tourisme.com\\\/en\\\/fiche\\\/chassagne-fishing-lake\\\/&quot;,&quot;type&quot;:&quot;equipement&quot;,&quot;commune&quot;:&quot;Manziat&quot;,&quot;type_commerce&quot;:&quot;&quot;,&quot;image&quot;:&quot;https:\\\/\\\/static.apidae-tourisme.com\\\/filestore\\\/objets-touristiques\\\/images\\\/83\\\/96\\\/8740947-diaporama.jpg&quot;,&quot;image_width&quot;:&quot;320&quot;,&quot;image_height&quot;:&quot;220&quot;,&quot;image_fit&quot;:&quot;cover&quot;},{&quot;lat&quot;:&quot;46.445349&quot;,&quot;lng&quot;:&quot;4.950117&quot;,&quot;title&quot;:&quot;Equestrian centre Les cavaliers de Pr\\u00e9 Fleuri&quot;,&quot;permalink&quot;:&quot;https:\\\/\\\/www.bage-pontdevaux-tourisme.com\\\/en\\\/fiche\\\/les-cavaliers-de-pre-fleuri-equestrian-center\\\/&quot;,&quot;type&quot;:&quot;equipement&quot;,&quot;commune&quot;:&quot;Saint-B\\u00e9nigne&quot;,&quot;type_commerce&quot;:&quot;&quot;,&quot;image&quot;:&quot;https:\\\/\\\/static.apidae-tourisme.com\\\/filestore\\\/objets-touristiques\\\/images\\\/242\\\/231\\\/8710130-diaporama.jpg&quot;,&quot;image_width&quot;:&quot;320&quot;,&quot;image_height&quot;:&quot;220&quot;,&quot;image_fit&quot;:&quot;cover&quot;},{&quot;lat&quot;:&quot;46.34444&quot;,&quot;lng&quot;:&quot;4.874068&quot;,&quot;title&quot;:&quot;Feillens fishing pond&quot;,&quot;permalink&quot;:&quot;https:\\\/\\\/www.bage-pontdevaux-tourisme.com\\\/en\\\/fiche\\\/lake-to-fish\\\/&quot;,&quot;type&quot;:&quot;equipement&quot;,&quot;commune&quot;:&quot;Feillens&quot;,&quot;type_commerce&quot;:&quot;&quot;,&quot;image&quot;:&quot;https:\\\/\\\/static.apidae-tourisme.com\\\/filestore\\\/objets-touristiques\\\/images\\\/233\\\/95\\\/8740841-diaporama.jpg&quot;,&quot;image_width&quot;:&quot;320&quot;,&quot;image_height&quot;:&quot;220&quot;,&quot;image_fit&quot;:&quot;cover&quot;},{&quot;lat&quot;:&quot;46.299415&quot;,&quot;lng&quot;:&quot;4.911278&quot;,&quot;title&quot;:&quot;Giraudi\\u00e8re Equestrian Centre&quot;,&quot;permalink&quot;:&quot;https:\\\/\\\/www.bage-pontdevaux-tourisme.com\\\/en\\\/fiche\\\/center-equestre-de-la-giraudiere\\\/&quot;,&quot;type&quot;:&quot;equipement&quot;,&quot;commune&quot;:&quot;Saint-Andr\\u00e9-de-B\\u00e2g\\u00e9&quot;,&quot;type_commerce&quot;:&quot;&quot;,&quot;image&quot;:&quot;https:\\\/\\\/static.apidae-tourisme.com\\\/filestore\\\/objets-touristiques\\\/images\\\/149\\\/233\\\/4450709-diaporama.jpg&quot;,&quot;image_width&quot;:&quot;320&quot;,&quot;image_height&quot;:&quot;220&quot;,&quot;image_fit&quot;:&quot;cover&quot;}],&quot;center_lat&quot;:&quot;46.361857&quot;,&quot;center_lng&quot;:&quot;4.889732&quot;}<\/div><\/div><div class=\"ws-apidae-pager\" data-type=\"pager\"><div class=\"custom-pager\"><a class=\"facetwp-page first active\" data-page=\"1\" href=\"\/en\/wp-json\/wp\/v2\/pages\/8619?paged_be4db=1#listing_be4db\">1<\/a><a class=\"facetwp-page \" data-page=\"2\" href=\"\/en\/wp-json\/wp\/v2\/pages\/8619?paged_be4db=2#listing_be4db\">2<\/a><a class=\"facetwp-page next\" data-page=\"2\" href=\"\/en\/wp-json\/wp\/v2\/pages\/8619?paged_be4db=2#listing_be4db\">\u203a<\/a><\/div><\/div><\/div><\/div><div class=\"map-marker\"><div id=\"map_be4db\" class=\"map-container\" style=\"width: 100%; height: 450px;\"><\/div><\/div><\/div>","protected":false},"excerpt":{"rendered":"","protected":false},"author":1,"featured_media":0,"parent":8445,"menu_order":3,"comment_status":"closed","ping_status":"closed","template":"","meta":{"footnotes":""},"class_list":["post-8619","page","type-page","status-publish","hentry"],"yoast_head":"<!-- This site is optimized with the Yoast SEO plugin v27.4 - https:\/\/yoast.com\/product\/yoast-seo-wordpress\/ -->\n<title>Other hobbies - Office de Tourisme du Pays de Bag\u00e9 et de Pont de Vaux<\/title>\n<meta name=\"robots\" content=\"index, follow, max-snippet:-1, max-image-preview:large, max-video-preview:-1\" \/>\n<link rel=\"canonical\" href=\"https:\/\/www.bage-pontdevaux-tourisme.com\/en\/what-to-see-and-do\/move\/other-hobbies\/\" \/>\n<meta property=\"og:locale\" content=\"en_US\" \/>\n<meta property=\"og:type\" content=\"article\" \/>\n<meta property=\"og:title\" content=\"Other hobbies - Office de Tourisme du Pays de Bag\u00e9 et de Pont de Vaux\" \/>\n<meta property=\"og:url\" content=\"https:\/\/www.bage-pontdevaux-tourisme.com\/en\/what-to-see-and-do\/move\/other-hobbies\/\" \/>\n<meta property=\"og:site_name\" content=\"Office de Tourisme du Pays de Bag\u00e9 et de Pont de Vaux\" \/>\n<meta property=\"article:modified_time\" content=\"2025-10-13T12:50:19+00:00\" \/>\n<meta property=\"og:image\" content=\"https:\/\/www.bage-pontdevaux-tourisme.com\/wp-content\/uploads\/2025\/08\/p8130022-1920x530.jpg\" \/>\n<meta name=\"twitter:card\" content=\"summary_large_image\" \/>\n<script type=\"application\/ld+json\" class=\"yoast-schema-graph\">{\"@context\":\"https:\\\/\\\/schema.org\",\"@graph\":[{\"@type\":\"WebPage\",\"@id\":\"https:\\\/\\\/www.bage-pontdevaux-tourisme.com\\\/en\\\/what-to-see-and-do\\\/move\\\/other-hobbies\\\/\",\"url\":\"https:\\\/\\\/www.bage-pontdevaux-tourisme.com\\\/en\\\/what-to-see-and-do\\\/move\\\/other-hobbies\\\/\",\"name\":\"Other hobbies - Office de Tourisme du Pays de Bag\u00e9 et de Pont de Vaux\",\"isPartOf\":{\"@id\":\"https:\\\/\\\/www.bage-pontdevaux-tourisme.com\\\/en\\\/#website\"},\"primaryImageOfPage\":{\"@id\":\"https:\\\/\\\/www.bage-pontdevaux-tourisme.com\\\/en\\\/what-to-see-and-do\\\/move\\\/other-hobbies\\\/#primaryimage\"},\"image\":{\"@id\":\"https:\\\/\\\/www.bage-pontdevaux-tourisme.com\\\/en\\\/what-to-see-and-do\\\/move\\\/other-hobbies\\\/#primaryimage\"},\"thumbnailUrl\":\"https:\\\/\\\/www.bage-pontdevaux-tourisme.com\\\/wp-content\\\/uploads\\\/2025\\\/08\\\/p8130022-1920x530.jpg\",\"datePublished\":\"2025-05-22T12:17:42+00:00\",\"dateModified\":\"2025-10-13T12:50:19+00:00\",\"breadcrumb\":{\"@id\":\"https:\\\/\\\/www.bage-pontdevaux-tourisme.com\\\/en\\\/what-to-see-and-do\\\/move\\\/other-hobbies\\\/#breadcrumb\"},\"inLanguage\":\"en-US\",\"potentialAction\":[{\"@type\":\"ReadAction\",\"target\":[\"https:\\\/\\\/www.bage-pontdevaux-tourisme.com\\\/en\\\/what-to-see-and-do\\\/move\\\/other-hobbies\\\/\"]}]},{\"@type\":\"ImageObject\",\"inLanguage\":\"en-US\",\"@id\":\"https:\\\/\\\/www.bage-pontdevaux-tourisme.com\\\/en\\\/what-to-see-and-do\\\/move\\\/other-hobbies\\\/#primaryimage\",\"url\":\"https:\\\/\\\/www.bage-pontdevaux-tourisme.com\\\/wp-content\\\/uploads\\\/2025\\\/08\\\/p8130022-1920x530.jpg\",\"contentUrl\":\"https:\\\/\\\/www.bage-pontdevaux-tourisme.com\\\/wp-content\\\/uploads\\\/2025\\\/08\\\/p8130022-1920x530.jpg\"},{\"@type\":\"BreadcrumbList\",\"@id\":\"https:\\\/\\\/www.bage-pontdevaux-tourisme.com\\\/en\\\/what-to-see-and-do\\\/move\\\/other-hobbies\\\/#breadcrumb\",\"itemListElement\":[{\"@type\":\"ListItem\",\"position\":1,\"name\":\"Home\",\"item\":\"https:\\\/\\\/www.bage-pontdevaux-tourisme.com\\\/en\\\/a-stones-throw-from-burgundy-a-welcoming-countryside-between-bresse-and-saone\\\/\"},{\"@type\":\"ListItem\",\"position\":2,\"name\":\"What to see and do\",\"item\":\"https:\\\/\\\/www.bage-pontdevaux-tourisme.com\\\/en\\\/what-to-see-and-do\\\/\"},{\"@type\":\"ListItem\",\"position\":3,\"name\":\"Move\",\"item\":\"https:\\\/\\\/www.bage-pontdevaux-tourisme.com\\\/en\\\/what-to-see-and-do\\\/move\\\/\"},{\"@type\":\"ListItem\",\"position\":4,\"name\":\"Other hobbies\"}]},{\"@type\":\"WebSite\",\"@id\":\"https:\\\/\\\/www.bage-pontdevaux-tourisme.com\\\/en\\\/#website\",\"url\":\"https:\\\/\\\/www.bage-pontdevaux-tourisme.com\\\/en\\\/\",\"name\":\"Office de Tourisme du Pays de Bag\u00e9 et de Pont de Vaux\",\"description\":\"\",\"publisher\":{\"@id\":\"https:\\\/\\\/www.bage-pontdevaux-tourisme.com\\\/en\\\/#organization\"},\"potentialAction\":[{\"@type\":\"SearchAction\",\"target\":{\"@type\":\"EntryPoint\",\"urlTemplate\":\"https:\\\/\\\/www.bage-pontdevaux-tourisme.com\\\/en\\\/?s={search_term_string}\"},\"query-input\":{\"@type\":\"PropertyValueSpecification\",\"valueRequired\":true,\"valueName\":\"search_term_string\"}}],\"inLanguage\":\"en-US\"},{\"@type\":\"Organization\",\"@id\":\"https:\\\/\\\/www.bage-pontdevaux-tourisme.com\\\/en\\\/#organization\",\"name\":\"Office de Tourisme du Pays de Bag\u00e9 et de Pont de Vaux\",\"url\":\"https:\\\/\\\/www.bage-pontdevaux-tourisme.com\\\/en\\\/\",\"logo\":{\"@type\":\"ImageObject\",\"inLanguage\":\"en-US\",\"@id\":\"https:\\\/\\\/www.bage-pontdevaux-tourisme.com\\\/en\\\/#\\\/schema\\\/logo\\\/image\\\/\",\"url\":\"https:\\\/\\\/www.bage-pontdevaux-tourisme.com\\\/wp-content\\\/uploads\\\/2025\\\/05\\\/logo-pays-de-bage-and-pont-de-vaux.svg\",\"contentUrl\":\"https:\\\/\\\/www.bage-pontdevaux-tourisme.com\\\/wp-content\\\/uploads\\\/2025\\\/05\\\/logo-pays-de-bage-and-pont-de-vaux.svg\",\"caption\":\"Office de Tourisme du Pays de Bag\u00e9 et de Pont de Vaux\"},\"image\":{\"@id\":\"https:\\\/\\\/www.bage-pontdevaux-tourisme.com\\\/en\\\/#\\\/schema\\\/logo\\\/image\\\/\"}}]}<\/script>\n<!-- \/ Yoast SEO plugin. -->","yoast_head_json":{"title":"Other hobbies - Office de Tourisme du Pays de Bag\u00e9 et de Pont de Vaux","robots":{"index":"index","follow":"follow","max-snippet":"max-snippet:-1","max-image-preview":"max-image-preview:large","max-video-preview":"max-video-preview:-1"},"canonical":"https:\/\/www.bage-pontdevaux-tourisme.com\/en\/what-to-see-and-do\/move\/other-hobbies\/","og_locale":"en_US","og_type":"article","og_title":"Other hobbies - Office de Tourisme du Pays de Bag\u00e9 et de Pont de Vaux","og_url":"https:\/\/www.bage-pontdevaux-tourisme.com\/en\/what-to-see-and-do\/move\/other-hobbies\/","og_site_name":"Office de Tourisme du Pays de Bag\u00e9 et de Pont de Vaux","article_modified_time":"2025-10-13T12:50:19+00:00","og_image":[{"url":"https:\/\/www.bage-pontdevaux-tourisme.com\/wp-content\/uploads\/2025\/08\/p8130022-1920x530.jpg","type":"","width":"","height":""}],"twitter_card":"summary_large_image","schema":{"@context":"https:\/\/schema.org","@graph":[{"@type":"WebPage","@id":"https:\/\/www.bage-pontdevaux-tourisme.com\/en\/what-to-see-and-do\/move\/other-hobbies\/","url":"https:\/\/www.bage-pontdevaux-tourisme.com\/en\/what-to-see-and-do\/move\/other-hobbies\/","name":"Other hobbies - Office de Tourisme du Pays de Bag\u00e9 et de Pont de Vaux","isPartOf":{"@id":"https:\/\/www.bage-pontdevaux-tourisme.com\/en\/#website"},"primaryImageOfPage":{"@id":"https:\/\/www.bage-pontdevaux-tourisme.com\/en\/what-to-see-and-do\/move\/other-hobbies\/#primaryimage"},"image":{"@id":"https:\/\/www.bage-pontdevaux-tourisme.com\/en\/what-to-see-and-do\/move\/other-hobbies\/#primaryimage"},"thumbnailUrl":"https:\/\/www.bage-pontdevaux-tourisme.com\/wp-content\/uploads\/2025\/08\/p8130022-1920x530.jpg","datePublished":"2025-05-22T12:17:42+00:00","dateModified":"2025-10-13T12:50:19+00:00","breadcrumb":{"@id":"https:\/\/www.bage-pontdevaux-tourisme.com\/en\/what-to-see-and-do\/move\/other-hobbies\/#breadcrumb"},"inLanguage":"en-US","potentialAction":[{"@type":"ReadAction","target":["https:\/\/www.bage-pontdevaux-tourisme.com\/en\/what-to-see-and-do\/move\/other-hobbies\/"]}]},{"@type":"ImageObject","inLanguage":"en-US","@id":"https:\/\/www.bage-pontdevaux-tourisme.com\/en\/what-to-see-and-do\/move\/other-hobbies\/#primaryimage","url":"https:\/\/www.bage-pontdevaux-tourisme.com\/wp-content\/uploads\/2025\/08\/p8130022-1920x530.jpg","contentUrl":"https:\/\/www.bage-pontdevaux-tourisme.com\/wp-content\/uploads\/2025\/08\/p8130022-1920x530.jpg"},{"@type":"BreadcrumbList","@id":"https:\/\/www.bage-pontdevaux-tourisme.com\/en\/what-to-see-and-do\/move\/other-hobbies\/#breadcrumb","itemListElement":[{"@type":"ListItem","position":1,"name":"Home","item":"https:\/\/www.bage-pontdevaux-tourisme.com\/en\/a-stones-throw-from-burgundy-a-welcoming-countryside-between-bresse-and-saone\/"},{"@type":"ListItem","position":2,"name":"What to see and do","item":"https:\/\/www.bage-pontdevaux-tourisme.com\/en\/what-to-see-and-do\/"},{"@type":"ListItem","position":3,"name":"Move","item":"https:\/\/www.bage-pontdevaux-tourisme.com\/en\/what-to-see-and-do\/move\/"},{"@type":"ListItem","position":4,"name":"Other hobbies"}]},{"@type":"WebSite","@id":"https:\/\/www.bage-pontdevaux-tourisme.com\/en\/#website","url":"https:\/\/www.bage-pontdevaux-tourisme.com\/en\/","name":"Office de Tourisme du Pays de Bag\u00e9 et de Pont de Vaux","description":"","publisher":{"@id":"https:\/\/www.bage-pontdevaux-tourisme.com\/en\/#organization"},"potentialAction":[{"@type":"SearchAction","target":{"@type":"EntryPoint","urlTemplate":"https:\/\/www.bage-pontdevaux-tourisme.com\/en\/?s={search_term_string}"},"query-input":{"@type":"PropertyValueSpecification","valueRequired":true,"valueName":"search_term_string"}}],"inLanguage":"en-US"},{"@type":"Organization","@id":"https:\/\/www.bage-pontdevaux-tourisme.com\/en\/#organization","name":"Office de Tourisme du Pays de Bag\u00e9 et de Pont de Vaux","url":"https:\/\/www.bage-pontdevaux-tourisme.com\/en\/","logo":{"@type":"ImageObject","inLanguage":"en-US","@id":"https:\/\/www.bage-pontdevaux-tourisme.com\/en\/#\/schema\/logo\/image\/","url":"https:\/\/www.bage-pontdevaux-tourisme.com\/wp-content\/uploads\/2025\/05\/logo-pays-de-bage-and-pont-de-vaux.svg","contentUrl":"https:\/\/www.bage-pontdevaux-tourisme.com\/wp-content\/uploads\/2025\/05\/logo-pays-de-bage-and-pont-de-vaux.svg","caption":"Office de Tourisme du Pays de Bag\u00e9 et de Pont de Vaux"},"image":{"@id":"https:\/\/www.bage-pontdevaux-tourisme.com\/en\/#\/schema\/logo\/image\/"}}]}},"_links":{"self":[{"href":"https:\/\/www.bage-pontdevaux-tourisme.com\/en\/wp-json\/wp\/v2\/pages\/8619","targetHints":{"allow":["GET"]}}],"collection":[{"href":"https:\/\/www.bage-pontdevaux-tourisme.com\/en\/wp-json\/wp\/v2\/pages"}],"about":[{"href":"https:\/\/www.bage-pontdevaux-tourisme.com\/en\/wp-json\/wp\/v2\/types\/page"}],"author":[{"embeddable":true,"href":"https:\/\/www.bage-pontdevaux-tourisme.com\/en\/wp-json\/wp\/v2\/users\/1"}],"replies":[{"embeddable":true,"href":"https:\/\/www.bage-pontdevaux-tourisme.com\/en\/wp-json\/wp\/v2\/comments?post=8619"}],"version-history":[{"count":1,"href":"https:\/\/www.bage-pontdevaux-tourisme.com\/en\/wp-json\/wp\/v2\/pages\/8619\/revisions"}],"predecessor-version":[{"id":8621,"href":"https:\/\/www.bage-pontdevaux-tourisme.com\/en\/wp-json\/wp\/v2\/pages\/8619\/revisions\/8621"}],"up":[{"embeddable":true,"href":"https:\/\/www.bage-pontdevaux-tourisme.com\/en\/wp-json\/wp\/v2\/pages\/8445"}],"wp:attachment":[{"href":"https:\/\/www.bage-pontdevaux-tourisme.com\/en\/wp-json\/wp\/v2\/media?parent=8619"}],"curies":[{"name":"wp","href":"https:\/\/api.w.org\/{rel}","templated":true}]}}