{"id":8547,"date":"2025-05-22T14:17:44","date_gmt":"2025-05-22T12:17:44","guid":{"rendered":"https:\/\/www.bage-pontdevaux-tourisme.com\/gourmet-restaurants\/"},"modified":"2025-10-15T15:26:10","modified_gmt":"2025-10-15T13:26:10","slug":"gourmet-restaurants","status":"publish","type":"page","link":"https:\/\/www.bage-pontdevaux-tourisme.com\/en\/practice\/where-to-eat\/gourmet-restaurants\/","title":{"rendered":"Gourmet restaurants"},"content":{"rendered":"\n<div class=\"wp-block-ws-library-ws-header-interne is-layout-constrained alignfull\"><div class=\"header-container\"><div class=\"group-media has-image\"><img loading=\"lazy\" decoding=\"async\" width=\"1920\" height=\"530\" src=\"https:\/\/www.bage-pontdevaux-tourisme.com\/wp-content\/uploads\/2025\/08\/le-raisin-2023-6-1920x530.jpg\" alt=\"Room of the Michelin-starred restaurant Le Raisin in Pont-de-Vaux\" class=\"image_large_square wp-image-4265  \"\/><\/div><div class=\"group-content\"><div class=\"title\"><h1>Gourmet restaurants<\/h1><\/div><\/div><\/div><div class=\"yoast-breadcrumbs\"><span><span><a href=\"https:\/\/www.bage-pontdevaux-tourisme.com\/en\/a-stones-throw-from-burgundy-a-welcoming-countryside-between-bresse-and-saone\/\">Home<\/a><\/span> \/ <span><a href=\"https:\/\/www.bage-pontdevaux-tourisme.com\/en\/practice\/\">Practice<\/a><\/span> \/ <span><a href=\"https:\/\/www.bage-pontdevaux-tourisme.com\/en\/practice\/where-to-eat\/\">Where to eat<\/a><\/span> \/ <span class=\"breadcrumb_last\" aria-current=\"page\">Gourmet restaurants<\/span><\/span><\/div><\/div>\n\n<div class=\"wp-block-ws-library-ws-title is-style-wave-blue\"><h2>The cream of the crop!<\/h2><\/div>\n\n<p>These distinguished restaurants are to be frequented without moderation, they practice gastronomic cuisine with products from the know-how and the local terroir (Bresse poultry, freshwater fish, seasonal vegetables&#8230;) and make dishes, sometimes revisited, always tasty and emblematic of the region, but not only!<\/p>\n<div id=\"listing_eb321\" data-observer-wishlist class=\"ws-listing wp-block-ws-apidae-library-listing-avance\" data-map-id=\"map_eb321\" data-locations-id=\"locations-data_eb321\"><div class=\"listing-header\"><div class=\"toggle-container\"><button class=\"btn toggle-btn toggle-list\" data-target=\"list\">List<\/button><button class=\"btn toggle-btn toggle-map\" data-target=\"map\">Map<\/button><button class=\"btn toggle-btn toggle-fulllist\" data-target=\"fulllist\" data-reverse=\"Show map\">Hide the map<\/button><\/div><\/div><div class=\"facetwp-template\"><div class=\"list-container active\"><div class=\"list-items\"><div class=\"item\"><div class=\"card card-apidae card-avance\"><div class=\"group-media\"><div class=\"field-image\"><img decoding=\"async\" src=\"https:\/\/images.weserv.nl\/?url=https:\/\/static.apidae-tourisme.com\/filestore\/objets-touristiques\/images\/193\/113\/9466305-diaporama.png&#038;w=320&#038;h=220&#038;fit=cover&#038;output=webp&#038;q=45\" alt=\"The B\u00e2gesian Table\"\/><\/div><\/div><div class=\"group-content\"><div class=\"field-commune\">B\u00e2g\u00e9-le-Ch\u00e2tel<\/div><div class=\"field-title\">The B\u00e2gesian Table<\/div><div class=\"field-description\">Fr\u00e9d\u00e9ric Martin has been welcoming diners to the former capital&#8230;<\/div><\/div><div class=\"field-link\"><a href=\"https:\/\/www.bage-pontdevaux-tourisme.com\/en\/fiche\/la-table-bagesienne-2\/\" class=\"cardlink\">The B\u00e2gesian Table<\/a><\/div><\/div><\/div><div class=\"item\"><div class=\"card card-apidae card-avance\"><div class=\"group-media\"><div class=\"field-image\"><img decoding=\"async\" src=\"https:\/\/images.weserv.nl\/?url=https:\/\/static.apidae-tourisme.com\/filestore\/objets-touristiques\/images\/62\/58\/20724286-diaporama.jpg&#038;w=320&#038;h=220&#038;fit=cover&#038;output=webp&#038;q=45\" alt=\"Trade\"\/><\/div><\/div><div class=\"group-content\"><div class=\"field-commune\">Pont-de-Vaux<\/div><div class=\"field-title\">Trade<\/div><div class=\"field-description\">In the heart of the town and a stone&#8217;s throw&#8230;<\/div><\/div><div class=\"field-link\"><a href=\"https:\/\/www.bage-pontdevaux-tourisme.com\/en\/fiche\/le-commerce-2\/\" class=\"cardlink\">Trade<\/a><\/div><\/div><\/div><div class=\"item\"><div class=\"card card-apidae card-avance\"><div class=\"group-media\"><div class=\"field-image\"><img decoding=\"async\" src=\"https:\/\/images.weserv.nl\/?url=https:\/\/static.apidae-tourisme.com\/filestore\/objets-touristiques\/images\/58\/157\/31497530-diaporama.jpg&#038;w=320&#038;h=220&#038;fit=cover&#038;output=webp&#038;q=45\" alt=\"Gastronomic restaurant La Huchette\"\/><\/div><\/div><div class=\"group-content\"><div class=\"field-commune\">Replonges<\/div><div class=\"field-title\">Gastronomic restaurant La Huchette<\/div><div class=\"field-description\">In 2019, Sandra and Didier Goiffon are renovating this Michelin-starred&#8230;<\/div><\/div><div class=\"field-link\"><a href=\"https:\/\/www.bage-pontdevaux-tourisme.com\/en\/fiche\/la-huchette-gourmet-restaurant\/\" class=\"cardlink\">Gastronomic restaurant La Huchette<\/a><\/div><\/div><\/div><div class=\"item\"><div class=\"card card-apidae card-avance\"><div class=\"group-media\"><div class=\"field-image\"><img decoding=\"async\" src=\"https:\/\/images.weserv.nl\/?url=https:\/\/static.apidae-tourisme.com\/filestore\/objets-touristiques\/images\/38\/239\/29552422-diaporama.jpg&#038;w=320&#038;h=220&#038;fit=cover&#038;output=webp&#038;q=45\" alt=\"The Grape\"\/><\/div><\/div><div class=\"group-content\"><div class=\"field-commune\">Pont-de-Vaux<\/div><div class=\"field-title\">The Grape<\/div><div class=\"field-description\">A warm welcome, a meal based on fresh local produce&#8230;<\/div><\/div><div class=\"field-link\"><a href=\"https:\/\/www.bage-pontdevaux-tourisme.com\/en\/fiche\/le-raisin-2\/\" class=\"cardlink\">The Grape<\/a><\/div><\/div><\/div><div id=\"locations-data_eb321\" style=\"display: none;\">{&quot;locations&quot;:[{&quot;lat&quot;:&quot;46.307769&quot;,&quot;lng&quot;:&quot;4.928736&quot;,&quot;title&quot;:&quot;The B\\u00e2gesian Table&quot;,&quot;permalink&quot;:&quot;https:\\\/\\\/www.bage-pontdevaux-tourisme.com\\\/en\\\/fiche\\\/la-table-bagesienne-2\\\/&quot;,&quot;type&quot;:&quot;restauration&quot;,&quot;commune&quot;:&quot;B\\u00e2g\\u00e9-le-Ch\\u00e2tel&quot;,&quot;type_commerce&quot;:&quot;&quot;,&quot;image&quot;:&quot;https:\\\/\\\/static.apidae-tourisme.com\\\/filestore\\\/objets-touristiques\\\/images\\\/193\\\/113\\\/9466305-diaporama.png&quot;,&quot;image_width&quot;:&quot;320&quot;,&quot;image_height&quot;:&quot;220&quot;,&quot;image_fit&quot;:&quot;cover&quot;},{&quot;lat&quot;:&quot;46.433441&quot;,&quot;lng&quot;:&quot;4.937799&quot;,&quot;title&quot;:&quot;Trade&quot;,&quot;permalink&quot;:&quot;https:\\\/\\\/www.bage-pontdevaux-tourisme.com\\\/en\\\/fiche\\\/le-commerce-2\\\/&quot;,&quot;type&quot;:&quot;restauration&quot;,&quot;commune&quot;:&quot;Pont-de-Vaux&quot;,&quot;type_commerce&quot;:&quot;&quot;,&quot;image&quot;:&quot;https:\\\/\\\/static.apidae-tourisme.com\\\/filestore\\\/objets-touristiques\\\/images\\\/62\\\/58\\\/20724286-diaporama.jpg&quot;,&quot;image_width&quot;:&quot;320&quot;,&quot;image_height&quot;:&quot;220&quot;,&quot;image_fit&quot;:&quot;cover&quot;},{&quot;lat&quot;:&quot;46.297275&quot;,&quot;lng&quot;:&quot;4.888585&quot;,&quot;title&quot;:&quot;Gastronomic restaurant La Huchette&quot;,&quot;permalink&quot;:&quot;https:\\\/\\\/www.bage-pontdevaux-tourisme.com\\\/en\\\/fiche\\\/la-huchette-gourmet-restaurant\\\/&quot;,&quot;type&quot;:&quot;restauration&quot;,&quot;commune&quot;:&quot;Replonges&quot;,&quot;type_commerce&quot;:&quot;&quot;,&quot;image&quot;:&quot;https:\\\/\\\/static.apidae-tourisme.com\\\/filestore\\\/objets-touristiques\\\/images\\\/58\\\/157\\\/31497530-diaporama.jpg&quot;,&quot;image_width&quot;:&quot;320&quot;,&quot;image_height&quot;:&quot;220&quot;,&quot;image_fit&quot;:&quot;cover&quot;},{&quot;lat&quot;:&quot;46.433923&quot;,&quot;lng&quot;:&quot;4.939213&quot;,&quot;title&quot;:&quot;The Grape&quot;,&quot;permalink&quot;:&quot;https:\\\/\\\/www.bage-pontdevaux-tourisme.com\\\/en\\\/fiche\\\/le-raisin-2\\\/&quot;,&quot;type&quot;:&quot;restauration&quot;,&quot;commune&quot;:&quot;Pont-de-Vaux&quot;,&quot;type_commerce&quot;:&quot;&quot;,&quot;image&quot;:&quot;https:\\\/\\\/static.apidae-tourisme.com\\\/filestore\\\/objets-touristiques\\\/images\\\/38\\\/239\\\/29552422-diaporama.jpg&quot;,&quot;image_width&quot;:&quot;320&quot;,&quot;image_height&quot;:&quot;220&quot;,&quot;image_fit&quot;:&quot;cover&quot;}],&quot;center_lat&quot;:&quot;46.307769&quot;,&quot;center_lng&quot;:&quot;4.928736&quot;}<\/div><\/div><\/div><\/div><div class=\"map-marker\"><div id=\"map_eb321\" class=\"map-container\" style=\"width: 100%; height: 450px;\"><\/div><\/div><\/div>","protected":false},"excerpt":{"rendered":"<p>These distinguished restaurants are to be frequented without moderation, they practice gastronomic cuisine with products from the know-how and the [&hellip;]<\/p>\n","protected":false},"author":1,"featured_media":0,"parent":8561,"menu_order":0,"comment_status":"closed","ping_status":"closed","template":"","meta":{"footnotes":""},"class_list":["post-8547","page","type-page","status-publish","hentry"],"yoast_head":"<!-- This site is optimized with the Yoast SEO plugin v27.4 - https:\/\/yoast.com\/product\/yoast-seo-wordpress\/ -->\n<title>Gourmet restaurants - Office de Tourisme du Pays de Bag\u00e9 et de Pont de Vaux<\/title>\n<meta name=\"robots\" content=\"index, follow, max-snippet:-1, max-image-preview:large, max-video-preview:-1\" \/>\n<link rel=\"canonical\" href=\"https:\/\/www.bage-pontdevaux-tourisme.com\/en\/practice\/where-to-eat\/gourmet-restaurants\/\" \/>\n<meta property=\"og:locale\" content=\"en_US\" \/>\n<meta property=\"og:type\" content=\"article\" \/>\n<meta property=\"og:title\" content=\"Gourmet restaurants - Office de Tourisme du Pays de Bag\u00e9 et de Pont de Vaux\" \/>\n<meta property=\"og:description\" content=\"These distinguished restaurants are to be frequented without moderation, they practice gastronomic cuisine with products from the know-how and the [&hellip;]\" \/>\n<meta property=\"og:url\" content=\"https:\/\/www.bage-pontdevaux-tourisme.com\/en\/practice\/where-to-eat\/gourmet-restaurants\/\" \/>\n<meta property=\"og:site_name\" content=\"Office de Tourisme du Pays de Bag\u00e9 et de Pont de Vaux\" \/>\n<meta property=\"article:modified_time\" content=\"2025-10-15T13:26:10+00:00\" \/>\n<meta property=\"og:image\" content=\"https:\/\/www.bage-pontdevaux-tourisme.com\/wp-content\/uploads\/2025\/08\/le-raisin-2023-6-1920x530.jpg\" \/>\n<meta name=\"twitter:card\" content=\"summary_large_image\" \/>\n<script type=\"application\/ld+json\" class=\"yoast-schema-graph\">{\"@context\":\"https:\\\/\\\/schema.org\",\"@graph\":[{\"@type\":\"WebPage\",\"@id\":\"https:\\\/\\\/www.bage-pontdevaux-tourisme.com\\\/en\\\/practice\\\/where-to-eat\\\/gourmet-restaurants\\\/\",\"url\":\"https:\\\/\\\/www.bage-pontdevaux-tourisme.com\\\/en\\\/practice\\\/where-to-eat\\\/gourmet-restaurants\\\/\",\"name\":\"Gourmet restaurants - Office de Tourisme du Pays de Bag\u00e9 et de Pont de Vaux\",\"isPartOf\":{\"@id\":\"https:\\\/\\\/www.bage-pontdevaux-tourisme.com\\\/en\\\/#website\"},\"primaryImageOfPage\":{\"@id\":\"https:\\\/\\\/www.bage-pontdevaux-tourisme.com\\\/en\\\/practice\\\/where-to-eat\\\/gourmet-restaurants\\\/#primaryimage\"},\"image\":{\"@id\":\"https:\\\/\\\/www.bage-pontdevaux-tourisme.com\\\/en\\\/practice\\\/where-to-eat\\\/gourmet-restaurants\\\/#primaryimage\"},\"thumbnailUrl\":\"https:\\\/\\\/www.bage-pontdevaux-tourisme.com\\\/wp-content\\\/uploads\\\/2025\\\/08\\\/le-raisin-2023-6-1920x530.jpg\",\"datePublished\":\"2025-05-22T12:17:44+00:00\",\"dateModified\":\"2025-10-15T13:26:10+00:00\",\"breadcrumb\":{\"@id\":\"https:\\\/\\\/www.bage-pontdevaux-tourisme.com\\\/en\\\/practice\\\/where-to-eat\\\/gourmet-restaurants\\\/#breadcrumb\"},\"inLanguage\":\"en-US\",\"potentialAction\":[{\"@type\":\"ReadAction\",\"target\":[\"https:\\\/\\\/www.bage-pontdevaux-tourisme.com\\\/en\\\/practice\\\/where-to-eat\\\/gourmet-restaurants\\\/\"]}]},{\"@type\":\"ImageObject\",\"inLanguage\":\"en-US\",\"@id\":\"https:\\\/\\\/www.bage-pontdevaux-tourisme.com\\\/en\\\/practice\\\/where-to-eat\\\/gourmet-restaurants\\\/#primaryimage\",\"url\":\"https:\\\/\\\/www.bage-pontdevaux-tourisme.com\\\/wp-content\\\/uploads\\\/2025\\\/08\\\/le-raisin-2023-6-1920x530.jpg\",\"contentUrl\":\"https:\\\/\\\/www.bage-pontdevaux-tourisme.com\\\/wp-content\\\/uploads\\\/2025\\\/08\\\/le-raisin-2023-6-1920x530.jpg\"},{\"@type\":\"BreadcrumbList\",\"@id\":\"https:\\\/\\\/www.bage-pontdevaux-tourisme.com\\\/en\\\/practice\\\/where-to-eat\\\/gourmet-restaurants\\\/#breadcrumb\",\"itemListElement\":[{\"@type\":\"ListItem\",\"position\":1,\"name\":\"Home\",\"item\":\"https:\\\/\\\/www.bage-pontdevaux-tourisme.com\\\/en\\\/a-stones-throw-from-burgundy-a-welcoming-countryside-between-bresse-and-saone\\\/\"},{\"@type\":\"ListItem\",\"position\":2,\"name\":\"Practice\",\"item\":\"https:\\\/\\\/www.bage-pontdevaux-tourisme.com\\\/en\\\/practice\\\/\"},{\"@type\":\"ListItem\",\"position\":3,\"name\":\"Where to eat\",\"item\":\"https:\\\/\\\/www.bage-pontdevaux-tourisme.com\\\/en\\\/practice\\\/where-to-eat\\\/\"},{\"@type\":\"ListItem\",\"position\":4,\"name\":\"Gourmet restaurants\"}]},{\"@type\":\"WebSite\",\"@id\":\"https:\\\/\\\/www.bage-pontdevaux-tourisme.com\\\/en\\\/#website\",\"url\":\"https:\\\/\\\/www.bage-pontdevaux-tourisme.com\\\/en\\\/\",\"name\":\"Office de Tourisme du Pays de Bag\u00e9 et de Pont de Vaux\",\"description\":\"\",\"publisher\":{\"@id\":\"https:\\\/\\\/www.bage-pontdevaux-tourisme.com\\\/en\\\/#organization\"},\"potentialAction\":[{\"@type\":\"SearchAction\",\"target\":{\"@type\":\"EntryPoint\",\"urlTemplate\":\"https:\\\/\\\/www.bage-pontdevaux-tourisme.com\\\/en\\\/?s={search_term_string}\"},\"query-input\":{\"@type\":\"PropertyValueSpecification\",\"valueRequired\":true,\"valueName\":\"search_term_string\"}}],\"inLanguage\":\"en-US\"},{\"@type\":\"Organization\",\"@id\":\"https:\\\/\\\/www.bage-pontdevaux-tourisme.com\\\/en\\\/#organization\",\"name\":\"Office de Tourisme du Pays de Bag\u00e9 et de Pont de Vaux\",\"url\":\"https:\\\/\\\/www.bage-pontdevaux-tourisme.com\\\/en\\\/\",\"logo\":{\"@type\":\"ImageObject\",\"inLanguage\":\"en-US\",\"@id\":\"https:\\\/\\\/www.bage-pontdevaux-tourisme.com\\\/en\\\/#\\\/schema\\\/logo\\\/image\\\/\",\"url\":\"https:\\\/\\\/www.bage-pontdevaux-tourisme.com\\\/wp-content\\\/uploads\\\/2025\\\/05\\\/logo-pays-de-bage-and-pont-de-vaux.svg\",\"contentUrl\":\"https:\\\/\\\/www.bage-pontdevaux-tourisme.com\\\/wp-content\\\/uploads\\\/2025\\\/05\\\/logo-pays-de-bage-and-pont-de-vaux.svg\",\"caption\":\"Office de Tourisme du Pays de Bag\u00e9 et de Pont de Vaux\"},\"image\":{\"@id\":\"https:\\\/\\\/www.bage-pontdevaux-tourisme.com\\\/en\\\/#\\\/schema\\\/logo\\\/image\\\/\"}}]}<\/script>\n<!-- \/ Yoast SEO plugin. -->","yoast_head_json":{"title":"Gourmet restaurants - Office de Tourisme du Pays de Bag\u00e9 et de Pont de Vaux","robots":{"index":"index","follow":"follow","max-snippet":"max-snippet:-1","max-image-preview":"max-image-preview:large","max-video-preview":"max-video-preview:-1"},"canonical":"https:\/\/www.bage-pontdevaux-tourisme.com\/en\/practice\/where-to-eat\/gourmet-restaurants\/","og_locale":"en_US","og_type":"article","og_title":"Gourmet restaurants - Office de Tourisme du Pays de Bag\u00e9 et de Pont de Vaux","og_description":"These distinguished restaurants are to be frequented without moderation, they practice gastronomic cuisine with products from the know-how and the [&hellip;]","og_url":"https:\/\/www.bage-pontdevaux-tourisme.com\/en\/practice\/where-to-eat\/gourmet-restaurants\/","og_site_name":"Office de Tourisme du Pays de Bag\u00e9 et de Pont de Vaux","article_modified_time":"2025-10-15T13:26:10+00:00","og_image":[{"url":"https:\/\/www.bage-pontdevaux-tourisme.com\/wp-content\/uploads\/2025\/08\/le-raisin-2023-6-1920x530.jpg","type":"","width":"","height":""}],"twitter_card":"summary_large_image","schema":{"@context":"https:\/\/schema.org","@graph":[{"@type":"WebPage","@id":"https:\/\/www.bage-pontdevaux-tourisme.com\/en\/practice\/where-to-eat\/gourmet-restaurants\/","url":"https:\/\/www.bage-pontdevaux-tourisme.com\/en\/practice\/where-to-eat\/gourmet-restaurants\/","name":"Gourmet restaurants - Office de Tourisme du Pays de Bag\u00e9 et de Pont de Vaux","isPartOf":{"@id":"https:\/\/www.bage-pontdevaux-tourisme.com\/en\/#website"},"primaryImageOfPage":{"@id":"https:\/\/www.bage-pontdevaux-tourisme.com\/en\/practice\/where-to-eat\/gourmet-restaurants\/#primaryimage"},"image":{"@id":"https:\/\/www.bage-pontdevaux-tourisme.com\/en\/practice\/where-to-eat\/gourmet-restaurants\/#primaryimage"},"thumbnailUrl":"https:\/\/www.bage-pontdevaux-tourisme.com\/wp-content\/uploads\/2025\/08\/le-raisin-2023-6-1920x530.jpg","datePublished":"2025-05-22T12:17:44+00:00","dateModified":"2025-10-15T13:26:10+00:00","breadcrumb":{"@id":"https:\/\/www.bage-pontdevaux-tourisme.com\/en\/practice\/where-to-eat\/gourmet-restaurants\/#breadcrumb"},"inLanguage":"en-US","potentialAction":[{"@type":"ReadAction","target":["https:\/\/www.bage-pontdevaux-tourisme.com\/en\/practice\/where-to-eat\/gourmet-restaurants\/"]}]},{"@type":"ImageObject","inLanguage":"en-US","@id":"https:\/\/www.bage-pontdevaux-tourisme.com\/en\/practice\/where-to-eat\/gourmet-restaurants\/#primaryimage","url":"https:\/\/www.bage-pontdevaux-tourisme.com\/wp-content\/uploads\/2025\/08\/le-raisin-2023-6-1920x530.jpg","contentUrl":"https:\/\/www.bage-pontdevaux-tourisme.com\/wp-content\/uploads\/2025\/08\/le-raisin-2023-6-1920x530.jpg"},{"@type":"BreadcrumbList","@id":"https:\/\/www.bage-pontdevaux-tourisme.com\/en\/practice\/where-to-eat\/gourmet-restaurants\/#breadcrumb","itemListElement":[{"@type":"ListItem","position":1,"name":"Home","item":"https:\/\/www.bage-pontdevaux-tourisme.com\/en\/a-stones-throw-from-burgundy-a-welcoming-countryside-between-bresse-and-saone\/"},{"@type":"ListItem","position":2,"name":"Practice","item":"https:\/\/www.bage-pontdevaux-tourisme.com\/en\/practice\/"},{"@type":"ListItem","position":3,"name":"Where to eat","item":"https:\/\/www.bage-pontdevaux-tourisme.com\/en\/practice\/where-to-eat\/"},{"@type":"ListItem","position":4,"name":"Gourmet restaurants"}]},{"@type":"WebSite","@id":"https:\/\/www.bage-pontdevaux-tourisme.com\/en\/#website","url":"https:\/\/www.bage-pontdevaux-tourisme.com\/en\/","name":"Office de Tourisme du Pays de Bag\u00e9 et de Pont de Vaux","description":"","publisher":{"@id":"https:\/\/www.bage-pontdevaux-tourisme.com\/en\/#organization"},"potentialAction":[{"@type":"SearchAction","target":{"@type":"EntryPoint","urlTemplate":"https:\/\/www.bage-pontdevaux-tourisme.com\/en\/?s={search_term_string}"},"query-input":{"@type":"PropertyValueSpecification","valueRequired":true,"valueName":"search_term_string"}}],"inLanguage":"en-US"},{"@type":"Organization","@id":"https:\/\/www.bage-pontdevaux-tourisme.com\/en\/#organization","name":"Office de Tourisme du Pays de Bag\u00e9 et de Pont de Vaux","url":"https:\/\/www.bage-pontdevaux-tourisme.com\/en\/","logo":{"@type":"ImageObject","inLanguage":"en-US","@id":"https:\/\/www.bage-pontdevaux-tourisme.com\/en\/#\/schema\/logo\/image\/","url":"https:\/\/www.bage-pontdevaux-tourisme.com\/wp-content\/uploads\/2025\/05\/logo-pays-de-bage-and-pont-de-vaux.svg","contentUrl":"https:\/\/www.bage-pontdevaux-tourisme.com\/wp-content\/uploads\/2025\/05\/logo-pays-de-bage-and-pont-de-vaux.svg","caption":"Office de Tourisme du Pays de Bag\u00e9 et de Pont de Vaux"},"image":{"@id":"https:\/\/www.bage-pontdevaux-tourisme.com\/en\/#\/schema\/logo\/image\/"}}]}},"_links":{"self":[{"href":"https:\/\/www.bage-pontdevaux-tourisme.com\/en\/wp-json\/wp\/v2\/pages\/8547","targetHints":{"allow":["GET"]}}],"collection":[{"href":"https:\/\/www.bage-pontdevaux-tourisme.com\/en\/wp-json\/wp\/v2\/pages"}],"about":[{"href":"https:\/\/www.bage-pontdevaux-tourisme.com\/en\/wp-json\/wp\/v2\/types\/page"}],"author":[{"embeddable":true,"href":"https:\/\/www.bage-pontdevaux-tourisme.com\/en\/wp-json\/wp\/v2\/users\/1"}],"replies":[{"embeddable":true,"href":"https:\/\/www.bage-pontdevaux-tourisme.com\/en\/wp-json\/wp\/v2\/comments?post=8547"}],"version-history":[{"count":3,"href":"https:\/\/www.bage-pontdevaux-tourisme.com\/en\/wp-json\/wp\/v2\/pages\/8547\/revisions"}],"predecessor-version":[{"id":8772,"href":"https:\/\/www.bage-pontdevaux-tourisme.com\/en\/wp-json\/wp\/v2\/pages\/8547\/revisions\/8772"}],"up":[{"embeddable":true,"href":"https:\/\/www.bage-pontdevaux-tourisme.com\/en\/wp-json\/wp\/v2\/pages\/8561"}],"wp:attachment":[{"href":"https:\/\/www.bage-pontdevaux-tourisme.com\/en\/wp-json\/wp\/v2\/media?parent=8547"}],"curies":[{"name":"wp","href":"https:\/\/api.w.org\/{rel}","templated":true}]}}