{"id":8524,"date":"2025-05-22T16:01:56","date_gmt":"2025-05-22T14:01:56","guid":{"rendered":"https:\/\/www.bage-pontdevaux-tourisme.com\/professional-space\/"},"modified":"2025-10-15T15:00:40","modified_gmt":"2025-10-15T13:00:40","slug":"professional-space","status":"publish","type":"page","link":"https:\/\/www.bage-pontdevaux-tourisme.com\/en\/professional-space\/","title":{"rendered":"Professional space"},"content":{"rendered":"\n<div class=\"wp-block-ws-library-ws-header-interne is-layout-constrained alignfull\"><div class=\"header-container\"><div class=\"group-media has-image\"><img loading=\"lazy\" decoding=\"async\" width=\"1920\" height=\"530\" src=\"https:\/\/www.bage-pontdevaux-tourisme.com\/wp-content\/uploads\/2025\/10\/restaurant-la-table-bagesienne-terrasse-sud-1920x530.jpg\" alt=\"\" class=\"image_large_square wp-image-8760  \"\/><\/div><div class=\"group-content\"><div class=\"title\"><h1>Professional space<\/h1><\/div><\/div><\/div><div class=\"yoast-breadcrumbs\"><span><span><a href=\"https:\/\/www.bage-pontdevaux-tourisme.com\/en\/a-stones-throw-from-burgundy-a-welcoming-countryside-between-bresse-and-saone\/\">Home<\/a><\/span> \/ <span class=\"breadcrumb_last\" aria-current=\"page\">Professional space<\/span><\/span><\/div><\/div>\n\n<div class=\"wp-block-ws-library-ws-title\"><h2>Do not hesitate to contact our team!<\/h2><\/div>\n\n<p><strong>Karin Maassen<\/strong> in charge of <strong>group bookings<\/strong>, monitoring of <strong>service providers<\/strong> in the area, putting your offer online, via our Apidae database, information about <strong>hiking and cycling routes<\/strong>.  <\/p>\n\n<p><strong>Justine Ferrand <\/strong>in charge<strong> <\/strong><strong>promotion, communication, animation of social networks<\/strong>, follow-up of animations and temporary exhibitions. <strong>Apidae referent<\/strong>, she is also in charge of updating the events. Do not hesitate to let him know your event dates. <\/p>\n\n<p>Both work in collaboration with the director <strong>Fr\u00e9d\u00e9rique Couturier<\/strong>, <strong>referent for bicycle reception and reference bed and breakfast.<\/strong> <\/p>\n\n<p>If you wish to meet them, the three of them are present in turn in the reception offices of B\u00e2g\u00e9-le-Ch\u00e2tel and Pont-de-Vaux.<\/p>\n\n<div class=\"wp-block-ws-library-ws-title is-style-wave-blue\"><h2>Our editions<\/h2><\/div>\n\n<p><strong>Tourist guide, tourist map and guide to restaurants<\/strong> in the Bresse et Sa\u00f4ne area in French and English,  <\/p>\n\n<p><strong>Cruise brochures, Maison de l&#8217;eau et la nature, Antoine Chintreuil Museum, Church of Saint-Andr\u00e9-de-Bag\u00e9 <\/strong>and the <strong>village of B\u00e2g\u00e9-le-Ch\u00e2tel<\/strong><\/p>\n\n<p>Brochure <strong>of the Bresse and Sa\u00f4ne hiking routes<\/strong><\/p>\n\n<p><strong>Bike maps Voie bleue, Ain by bike and greenways in Southern Burgundy<\/strong><\/p>\n\n<div class=\"wp-block-ws-library-ws-title is-style-wave-blue\"><h2>Membership of the Tourist Office<\/h2><\/div>\n\n<p>Annual professional rate: 25\u20ac<\/p>\n","protected":false},"excerpt":{"rendered":"<p>Karin Maassen in charge of group bookings, monitoring of service providers in the area, putting your offer online, via our [&hellip;]<\/p>\n","protected":false},"author":1,"featured_media":0,"parent":0,"menu_order":10,"comment_status":"closed","ping_status":"closed","template":"","meta":{"footnotes":""},"class_list":["post-8524","page","type-page","status-publish","hentry"],"yoast_head":"<!-- This site is optimized with the Yoast SEO plugin v27.4 - https:\/\/yoast.com\/product\/yoast-seo-wordpress\/ -->\n<title>Professional space - Office de Tourisme du Pays de Bag\u00e9 et de Pont de Vaux<\/title>\n<meta name=\"robots\" content=\"index, follow, max-snippet:-1, max-image-preview:large, max-video-preview:-1\" \/>\n<link rel=\"canonical\" href=\"https:\/\/www.bage-pontdevaux-tourisme.com\/en\/professional-space\/\" \/>\n<meta property=\"og:locale\" content=\"en_US\" \/>\n<meta property=\"og:type\" content=\"article\" \/>\n<meta property=\"og:title\" content=\"Professional space - Office de Tourisme du Pays de Bag\u00e9 et de Pont de Vaux\" \/>\n<meta property=\"og:description\" content=\"Karin Maassen in charge of group bookings, monitoring of service providers in the area, putting your offer online, via our [&hellip;]\" \/>\n<meta property=\"og:url\" content=\"https:\/\/www.bage-pontdevaux-tourisme.com\/en\/professional-space\/\" \/>\n<meta property=\"og:site_name\" content=\"Office de Tourisme du Pays de Bag\u00e9 et de Pont de Vaux\" \/>\n<meta property=\"article:modified_time\" content=\"2025-10-15T13:00:40+00:00\" \/>\n<meta property=\"og:image\" content=\"https:\/\/www.bage-pontdevaux-tourisme.com\/wp-content\/uploads\/2025\/10\/restaurant-la-table-bagesienne-terrasse-sud.jpg\" \/>\n\t<meta property=\"og:image:width\" content=\"1920\" \/>\n\t<meta property=\"og:image:height\" content=\"823\" \/>\n\t<meta property=\"og:image:type\" content=\"image\/jpeg\" \/>\n<meta name=\"twitter:card\" content=\"summary_large_image\" \/>\n<meta name=\"twitter:label1\" content=\"Est. reading time\" \/>\n\t<meta name=\"twitter:data1\" content=\"1 minute\" \/>\n<script type=\"application\/ld+json\" class=\"yoast-schema-graph\">{\"@context\":\"https:\\\/\\\/schema.org\",\"@graph\":[{\"@type\":\"WebPage\",\"@id\":\"https:\\\/\\\/www.bage-pontdevaux-tourisme.com\\\/en\\\/professional-space\\\/\",\"url\":\"https:\\\/\\\/www.bage-pontdevaux-tourisme.com\\\/en\\\/professional-space\\\/\",\"name\":\"Professional space - Office de Tourisme du Pays de Bag\u00e9 et de Pont de Vaux\",\"isPartOf\":{\"@id\":\"https:\\\/\\\/www.bage-pontdevaux-tourisme.com\\\/en\\\/#website\"},\"primaryImageOfPage\":{\"@id\":\"https:\\\/\\\/www.bage-pontdevaux-tourisme.com\\\/en\\\/professional-space\\\/#primaryimage\"},\"image\":{\"@id\":\"https:\\\/\\\/www.bage-pontdevaux-tourisme.com\\\/en\\\/professional-space\\\/#primaryimage\"},\"thumbnailUrl\":\"https:\\\/\\\/www.bage-pontdevaux-tourisme.com\\\/wp-content\\\/uploads\\\/2025\\\/10\\\/restaurant-la-table-bagesienne-terrasse-sud-1920x530.jpg\",\"datePublished\":\"2025-05-22T14:01:56+00:00\",\"dateModified\":\"2025-10-15T13:00:40+00:00\",\"breadcrumb\":{\"@id\":\"https:\\\/\\\/www.bage-pontdevaux-tourisme.com\\\/en\\\/professional-space\\\/#breadcrumb\"},\"inLanguage\":\"en-US\",\"potentialAction\":[{\"@type\":\"ReadAction\",\"target\":[\"https:\\\/\\\/www.bage-pontdevaux-tourisme.com\\\/en\\\/professional-space\\\/\"]}]},{\"@type\":\"ImageObject\",\"inLanguage\":\"en-US\",\"@id\":\"https:\\\/\\\/www.bage-pontdevaux-tourisme.com\\\/en\\\/professional-space\\\/#primaryimage\",\"url\":\"https:\\\/\\\/www.bage-pontdevaux-tourisme.com\\\/wp-content\\\/uploads\\\/2025\\\/10\\\/restaurant-la-table-bagesienne-terrasse-sud-1920x530.jpg\",\"contentUrl\":\"https:\\\/\\\/www.bage-pontdevaux-tourisme.com\\\/wp-content\\\/uploads\\\/2025\\\/10\\\/restaurant-la-table-bagesienne-terrasse-sud-1920x530.jpg\"},{\"@type\":\"BreadcrumbList\",\"@id\":\"https:\\\/\\\/www.bage-pontdevaux-tourisme.com\\\/en\\\/professional-space\\\/#breadcrumb\",\"itemListElement\":[{\"@type\":\"ListItem\",\"position\":1,\"name\":\"Home\",\"item\":\"https:\\\/\\\/www.bage-pontdevaux-tourisme.com\\\/en\\\/a-stones-throw-from-burgundy-a-welcoming-countryside-between-bresse-and-saone\\\/\"},{\"@type\":\"ListItem\",\"position\":2,\"name\":\"Professional space\"}]},{\"@type\":\"WebSite\",\"@id\":\"https:\\\/\\\/www.bage-pontdevaux-tourisme.com\\\/en\\\/#website\",\"url\":\"https:\\\/\\\/www.bage-pontdevaux-tourisme.com\\\/en\\\/\",\"name\":\"Office de Tourisme du Pays de Bag\u00e9 et de Pont de Vaux\",\"description\":\"\",\"publisher\":{\"@id\":\"https:\\\/\\\/www.bage-pontdevaux-tourisme.com\\\/en\\\/#organization\"},\"potentialAction\":[{\"@type\":\"SearchAction\",\"target\":{\"@type\":\"EntryPoint\",\"urlTemplate\":\"https:\\\/\\\/www.bage-pontdevaux-tourisme.com\\\/en\\\/?s={search_term_string}\"},\"query-input\":{\"@type\":\"PropertyValueSpecification\",\"valueRequired\":true,\"valueName\":\"search_term_string\"}}],\"inLanguage\":\"en-US\"},{\"@type\":\"Organization\",\"@id\":\"https:\\\/\\\/www.bage-pontdevaux-tourisme.com\\\/en\\\/#organization\",\"name\":\"Office de Tourisme du Pays de Bag\u00e9 et de Pont de Vaux\",\"url\":\"https:\\\/\\\/www.bage-pontdevaux-tourisme.com\\\/en\\\/\",\"logo\":{\"@type\":\"ImageObject\",\"inLanguage\":\"en-US\",\"@id\":\"https:\\\/\\\/www.bage-pontdevaux-tourisme.com\\\/en\\\/#\\\/schema\\\/logo\\\/image\\\/\",\"url\":\"https:\\\/\\\/www.bage-pontdevaux-tourisme.com\\\/wp-content\\\/uploads\\\/2025\\\/05\\\/logo-pays-de-bage-and-pont-de-vaux.svg\",\"contentUrl\":\"https:\\\/\\\/www.bage-pontdevaux-tourisme.com\\\/wp-content\\\/uploads\\\/2025\\\/05\\\/logo-pays-de-bage-and-pont-de-vaux.svg\",\"caption\":\"Office de Tourisme du Pays de Bag\u00e9 et de Pont de Vaux\"},\"image\":{\"@id\":\"https:\\\/\\\/www.bage-pontdevaux-tourisme.com\\\/en\\\/#\\\/schema\\\/logo\\\/image\\\/\"}}]}<\/script>\n<!-- \/ Yoast SEO plugin. -->","yoast_head_json":{"title":"Professional space - Office de Tourisme du Pays de Bag\u00e9 et de Pont de Vaux","robots":{"index":"index","follow":"follow","max-snippet":"max-snippet:-1","max-image-preview":"max-image-preview:large","max-video-preview":"max-video-preview:-1"},"canonical":"https:\/\/www.bage-pontdevaux-tourisme.com\/en\/professional-space\/","og_locale":"en_US","og_type":"article","og_title":"Professional space - Office de Tourisme du Pays de Bag\u00e9 et de Pont de Vaux","og_description":"Karin Maassen in charge of group bookings, monitoring of service providers in the area, putting your offer online, via our [&hellip;]","og_url":"https:\/\/www.bage-pontdevaux-tourisme.com\/en\/professional-space\/","og_site_name":"Office de Tourisme du Pays de Bag\u00e9 et de Pont de Vaux","article_modified_time":"2025-10-15T13:00:40+00:00","og_image":[{"width":1920,"height":823,"url":"https:\/\/www.bage-pontdevaux-tourisme.com\/wp-content\/uploads\/2025\/10\/restaurant-la-table-bagesienne-terrasse-sud.jpg","type":"image\/jpeg"}],"twitter_card":"summary_large_image","twitter_misc":{"Est. reading time":"1 minute"},"schema":{"@context":"https:\/\/schema.org","@graph":[{"@type":"WebPage","@id":"https:\/\/www.bage-pontdevaux-tourisme.com\/en\/professional-space\/","url":"https:\/\/www.bage-pontdevaux-tourisme.com\/en\/professional-space\/","name":"Professional space - Office de Tourisme du Pays de Bag\u00e9 et de Pont de Vaux","isPartOf":{"@id":"https:\/\/www.bage-pontdevaux-tourisme.com\/en\/#website"},"primaryImageOfPage":{"@id":"https:\/\/www.bage-pontdevaux-tourisme.com\/en\/professional-space\/#primaryimage"},"image":{"@id":"https:\/\/www.bage-pontdevaux-tourisme.com\/en\/professional-space\/#primaryimage"},"thumbnailUrl":"https:\/\/www.bage-pontdevaux-tourisme.com\/wp-content\/uploads\/2025\/10\/restaurant-la-table-bagesienne-terrasse-sud-1920x530.jpg","datePublished":"2025-05-22T14:01:56+00:00","dateModified":"2025-10-15T13:00:40+00:00","breadcrumb":{"@id":"https:\/\/www.bage-pontdevaux-tourisme.com\/en\/professional-space\/#breadcrumb"},"inLanguage":"en-US","potentialAction":[{"@type":"ReadAction","target":["https:\/\/www.bage-pontdevaux-tourisme.com\/en\/professional-space\/"]}]},{"@type":"ImageObject","inLanguage":"en-US","@id":"https:\/\/www.bage-pontdevaux-tourisme.com\/en\/professional-space\/#primaryimage","url":"https:\/\/www.bage-pontdevaux-tourisme.com\/wp-content\/uploads\/2025\/10\/restaurant-la-table-bagesienne-terrasse-sud-1920x530.jpg","contentUrl":"https:\/\/www.bage-pontdevaux-tourisme.com\/wp-content\/uploads\/2025\/10\/restaurant-la-table-bagesienne-terrasse-sud-1920x530.jpg"},{"@type":"BreadcrumbList","@id":"https:\/\/www.bage-pontdevaux-tourisme.com\/en\/professional-space\/#breadcrumb","itemListElement":[{"@type":"ListItem","position":1,"name":"Home","item":"https:\/\/www.bage-pontdevaux-tourisme.com\/en\/a-stones-throw-from-burgundy-a-welcoming-countryside-between-bresse-and-saone\/"},{"@type":"ListItem","position":2,"name":"Professional space"}]},{"@type":"WebSite","@id":"https:\/\/www.bage-pontdevaux-tourisme.com\/en\/#website","url":"https:\/\/www.bage-pontdevaux-tourisme.com\/en\/","name":"Office de Tourisme du Pays de Bag\u00e9 et de Pont de Vaux","description":"","publisher":{"@id":"https:\/\/www.bage-pontdevaux-tourisme.com\/en\/#organization"},"potentialAction":[{"@type":"SearchAction","target":{"@type":"EntryPoint","urlTemplate":"https:\/\/www.bage-pontdevaux-tourisme.com\/en\/?s={search_term_string}"},"query-input":{"@type":"PropertyValueSpecification","valueRequired":true,"valueName":"search_term_string"}}],"inLanguage":"en-US"},{"@type":"Organization","@id":"https:\/\/www.bage-pontdevaux-tourisme.com\/en\/#organization","name":"Office de Tourisme du Pays de Bag\u00e9 et de Pont de Vaux","url":"https:\/\/www.bage-pontdevaux-tourisme.com\/en\/","logo":{"@type":"ImageObject","inLanguage":"en-US","@id":"https:\/\/www.bage-pontdevaux-tourisme.com\/en\/#\/schema\/logo\/image\/","url":"https:\/\/www.bage-pontdevaux-tourisme.com\/wp-content\/uploads\/2025\/05\/logo-pays-de-bage-and-pont-de-vaux.svg","contentUrl":"https:\/\/www.bage-pontdevaux-tourisme.com\/wp-content\/uploads\/2025\/05\/logo-pays-de-bage-and-pont-de-vaux.svg","caption":"Office de Tourisme du Pays de Bag\u00e9 et de Pont de Vaux"},"image":{"@id":"https:\/\/www.bage-pontdevaux-tourisme.com\/en\/#\/schema\/logo\/image\/"}}]}},"_links":{"self":[{"href":"https:\/\/www.bage-pontdevaux-tourisme.com\/en\/wp-json\/wp\/v2\/pages\/8524","targetHints":{"allow":["GET"]}}],"collection":[{"href":"https:\/\/www.bage-pontdevaux-tourisme.com\/en\/wp-json\/wp\/v2\/pages"}],"about":[{"href":"https:\/\/www.bage-pontdevaux-tourisme.com\/en\/wp-json\/wp\/v2\/types\/page"}],"author":[{"embeddable":true,"href":"https:\/\/www.bage-pontdevaux-tourisme.com\/en\/wp-json\/wp\/v2\/users\/1"}],"replies":[{"embeddable":true,"href":"https:\/\/www.bage-pontdevaux-tourisme.com\/en\/wp-json\/wp\/v2\/comments?post=8524"}],"version-history":[{"count":3,"href":"https:\/\/www.bage-pontdevaux-tourisme.com\/en\/wp-json\/wp\/v2\/pages\/8524\/revisions"}],"predecessor-version":[{"id":8764,"href":"https:\/\/www.bage-pontdevaux-tourisme.com\/en\/wp-json\/wp\/v2\/pages\/8524\/revisions\/8764"}],"wp:attachment":[{"href":"https:\/\/www.bage-pontdevaux-tourisme.com\/en\/wp-json\/wp\/v2\/media?parent=8524"}],"curies":[{"name":"wp","href":"https:\/\/api.w.org\/{rel}","templated":true}]}}