{"id":8490,"date":"2025-05-22T14:17:41","date_gmt":"2025-05-22T12:17:41","guid":{"rendered":"https:\/\/www.bage-pontdevaux-tourisme.com\/exhibitions\/"},"modified":"2026-03-19T15:39:48","modified_gmt":"2026-03-19T14:39:48","slug":"exhibitions","status":"publish","type":"page","link":"https:\/\/www.bage-pontdevaux-tourisme.com\/en\/what-to-see-and-do\/play\/exhibitions\/","title":{"rendered":"Exhibitions"},"content":{"rendered":"\n<div class=\"wp-block-ws-library-ws-header-interne is-layout-constrained alignfull\"><div class=\"header-container\"><div class=\"group-media has-image\"><img loading=\"lazy\" decoding=\"async\" width=\"1920\" height=\"530\" src=\"https:\/\/www.bage-pontdevaux-tourisme.com\/wp-content\/uploads\/2025\/08\/20250718-185727-2-1920x530.jpg\" alt=\"\" class=\"image_large_square wp-image-4446  \"\/><\/div><div class=\"group-content\"><div class=\"title\"><h1>Exhibitions<\/h1><\/div><\/div><\/div><div class=\"yoast-breadcrumbs\"><span><span><a href=\"https:\/\/www.bage-pontdevaux-tourisme.com\/en\/a-stones-throw-from-burgundy-a-welcoming-countryside-between-bresse-and-saone\/\">Home<\/a><\/span> \/ <span><a href=\"https:\/\/www.bage-pontdevaux-tourisme.com\/en\/what-to-see-and-do\/\">What to see and do<\/a><\/span> \/ <span><a href=\"https:\/\/www.bage-pontdevaux-tourisme.com\/en\/what-to-see-and-do\/play\/\">Play<\/a><\/span> \/ <span class=\"breadcrumb_last\" aria-current=\"page\">Exhibitions<\/span><\/span><\/div><\/div>\n<div id=\"listing_b3c20\" data-observer-wishlist class=\"ws-listing wp-block-ws-apidae-library-listing-agenda alignwide\"><div class=\"facetwp-template\"><div class=\"list-container active\"><div class=\"list-items\"><div class=\"item\"><div class=\"card card-apidae card-agenda\"><div class=\"group-top\"><div class=\"group-dates\" role=\"group\" aria-label=\"Event dates\"><div class=\"field-dates  ws-apidae-date-coming\" role=\"group\" aria-label=\"Opening date\"><time datetime=\"2026-04-15\"><span class=\"date-day-name\" aria-label=\"Day\">Wednesday<\/span> <span class=\"date-day\" aria-label=\"Day\">15<\/span> <span class=\"date-month\" aria-label=\"Month\">april<\/span> <span class=\"date-year\" aria-label=\"Year\">2026<\/span><span class=\"date-delimiter\" aria-hidden=\"true\"> at <\/span><time class=\"date-hours\" datetime=\"14:00\" aria-label=\"Opening hours\">14 h<\/time><\/time><\/div><\/div><\/div><div class=\"group-media\"><div class=\"field-image\"><img decoding=\"async\" src=\"https:\/\/images.weserv.nl\/?url=https:\/\/static.apidae-tourisme.com\/filestore\/objets-touristiques\/images\/227\/100\/20473059-diaporama.jpg&#038;w=320&#038;h=420&#038;fit=cover&#038;output=webp&#038;q=45\" alt=\"&#8220;from Tony to Chintreuil&#8221; A painter at the dawn of Impressionism\"\/><\/div><\/div><div class=\"group-content\"><div class=\"field-commune\">Pont-de-Vaux<\/div><div class=\"field-title\">&#8220;from Tony to Chintreuil&#8221; A painter at the dawn of Impressionism<\/div><div class=\"field-description\">In 2024, Impressionism celebrated its 150th anniversary. The museum decided&#8230;<\/div><\/div><div class=\"field-link\"><a href=\"https:\/\/www.bage-pontdevaux-tourisme.com\/en\/fiche\/exhibition-de-tony-a-chintreuil-a-painter-at-the-dawn-of-impressionism-2\/\" class=\"cardlink\">&#8220;from Tony to Chintreuil&#8221; A painter at the dawn of Impressionism<\/a><\/div><\/div><\/div><div class=\"item\"><div class=\"card card-apidae card-agenda\"><div class=\"group-top\"><div class=\"group-dates\" role=\"group\" aria-label=\"Event dates\"><div class=\"field-dates  ws-apidae-date-coming\" role=\"group\" aria-label=\"Opening date\"><time datetime=\"2026-04-15\"><span class=\"date-day-name\" aria-label=\"Day\">Wednesday<\/span> <span class=\"date-day\" aria-label=\"Day\">15<\/span> <span class=\"date-month\" aria-label=\"Month\">april<\/span> <span class=\"date-year\" aria-label=\"Year\">2026<\/span><span class=\"date-delimiter\" aria-hidden=\"true\"> at <\/span><time class=\"date-hours\" datetime=\"14:00\" aria-label=\"Opening hours\">14 h<\/time><\/time><\/div><\/div><\/div><div class=\"group-media\"><div class=\"field-image\"><img decoding=\"async\" src=\"https:\/\/images.weserv.nl\/?url=https:\/\/static.apidae-tourisme.com\/filestore\/objets-touristiques\/images\/192\/50\/39072448-diaporama.jpg&#038;w=320&#038;h=420&#038;fit=cover&#038;output=webp&#038;q=45\" alt=\"Art Trop Podes Exhibition\"\/><\/div><\/div><div class=\"group-content\"><div class=\"field-commune\">Pont-de-Vaux<\/div><div class=\"field-title\">Art Trop Podes Exhibition<\/div><div class=\"field-description\">Paintings, drawings, photographs and sculptures of insects and other small&#8230;<\/div><\/div><div class=\"field-link\"><a href=\"https:\/\/www.bage-pontdevaux-tourisme.com\/en\/fiche\/art-trop-podes-exhibition\/\" class=\"cardlink\">Art Trop Podes Exhibition<\/a><\/div><\/div><\/div><div class=\"item\"><div class=\"card card-apidae card-agenda\"><div class=\"group-top\"><div class=\"group-dates\" role=\"group\" aria-label=\"Event dates\"><div class=\"field-dates  ws-apidae-date-coming\" role=\"group\" aria-label=\"Opening date\"><time datetime=\"2026-04-18\"><span class=\"date-day-name\" aria-label=\"Day\">Saturday<\/span> <span class=\"date-day\" aria-label=\"Day\">18<\/span> <span class=\"date-month\" aria-label=\"Month\">april<\/span> <span class=\"date-year\" aria-label=\"Year\">2026<\/span><\/time><\/div><\/div><\/div><div class=\"group-media\"><div class=\"field-image\"><img decoding=\"async\" src=\"https:\/\/images.weserv.nl\/?url=https:\/\/static.apidae-tourisme.com\/filestore\/objets-touristiques\/images\/151\/48\/38482071-diaporama.jpg&#038;w=320&#038;h=420&#038;fit=cover&#038;output=webp&#038;q=45\" alt=\"Exhibition of paintings\"\/><\/div><\/div><div class=\"group-content\"><div class=\"field-commune\">B\u00e2g\u00e9-le-Ch\u00e2tel<\/div><div class=\"field-title\">Exhibition of paintings<\/div><div class=\"field-description\">Members of the &#8220;Arts \u00e9closion&#8221; collective exhibit their work!<\/div><\/div><div class=\"field-link\"><a href=\"https:\/\/www.bage-pontdevaux-tourisme.com\/en\/fiche\/painting-exhibition\/\" class=\"cardlink\">Exhibition of paintings<\/a><\/div><\/div><\/div><div class=\"item\"><div class=\"card card-apidae card-agenda\"><div class=\"group-top\"><div class=\"group-dates\" role=\"group\" aria-label=\"Event dates\"><div class=\"field-dates  ws-apidae-date-coming\" role=\"group\" aria-label=\"Opening date\"><time datetime=\"2026-05-23\"><span class=\"date-day-name\" aria-label=\"Day\">Saturday<\/span> <span class=\"date-day\" aria-label=\"Day\">23<\/span> <span class=\"date-month\" aria-label=\"Month\">may<\/span> <span class=\"date-year\" aria-label=\"Year\">2026<\/span><\/time><\/div><\/div><\/div><div class=\"group-media\"><div class=\"field-image\"><img decoding=\"async\" src=\"https:\/\/images.weserv.nl\/?url=https:\/\/static.apidae-tourisme.com\/filestore\/objets-touristiques\/images\/208\/98\/38101712-diaporama.jpg&#038;w=320&#038;h=420&#038;fit=cover&#038;output=webp&#038;q=45\" alt=\"Exhibition of paintings\"\/><\/div><\/div><div class=\"group-content\"><div class=\"field-commune\">B\u00e2g\u00e9-le-Ch\u00e2tel<\/div><div class=\"field-title\">Exhibition of paintings<\/div><\/div><div class=\"field-link\"><a href=\"https:\/\/www.bage-pontdevaux-tourisme.com\/en\/fiche\/exposition-de-peintures-3\/\" class=\"cardlink\">Exhibition of paintings<\/a><\/div><\/div><\/div><div class=\"item\"><div class=\"card card-apidae card-agenda\"><div class=\"group-top\"><div class=\"group-dates\" role=\"group\" aria-label=\"Event dates\"><div class=\"field-dates  ws-apidae-date-coming\" role=\"group\" aria-label=\"Opening date\"><time datetime=\"2026-06-05\"><span class=\"date-day-name\" aria-label=\"Day\">Friday<\/span> <span class=\"date-day\" aria-label=\"Day\">5<\/span> <span class=\"date-month\" aria-label=\"Month\">june<\/span> <span class=\"date-year\" aria-label=\"Year\">2026<\/span><\/time><\/div><\/div><\/div><div class=\"group-media\"><div class=\"field-image\"><img decoding=\"async\" src=\"https:\/\/images.weserv.nl\/?url=https:\/\/static.apidae-tourisme.com\/filestore\/objets-touristiques\/images\/179\/17\/36442547-diaporama.jpg&#038;w=320&#038;h=420&#038;fit=cover&#038;output=webp&#038;q=45\" alt=\"Drawing and painting exhibition\"\/><\/div><\/div><div class=\"group-content\"><div class=\"field-commune\">Pont-de-Vaux<\/div><div class=\"field-title\">Drawing and painting exhibition<\/div><\/div><div class=\"field-link\"><a href=\"https:\/\/www.bage-pontdevaux-tourisme.com\/en\/fiche\/painting-exposition-2\/\" class=\"cardlink\">Drawing and painting exhibition<\/a><\/div><\/div><\/div><div class=\"item\"><div class=\"card card-apidae card-agenda\"><div class=\"group-top\"><div class=\"group-dates\" role=\"group\" aria-label=\"Event dates\"><div class=\"field-dates  ws-apidae-date-coming\" role=\"group\" aria-label=\"Opening date\"><time datetime=\"2026-06-27\"><span class=\"date-day-name\" aria-label=\"Day\">Saturday<\/span> <span class=\"date-day\" aria-label=\"Day\">27<\/span> <span class=\"date-month\" aria-label=\"Month\">june<\/span> <span class=\"date-year\" aria-label=\"Year\">2026<\/span><\/time><\/div><\/div><\/div><div class=\"group-media\"><div class=\"field-image\"><img decoding=\"async\" src=\"https:\/\/images.weserv.nl\/?url=https:\/\/static.apidae-tourisme.com\/filestore\/objets-touristiques\/images\/148\/104\/38103188-diaporama.png&#038;w=320&#038;h=420&#038;fit=cover&#038;output=webp&#038;q=45\" alt=\"Exhibition of paintings\"\/><\/div><\/div><div class=\"group-content\"><div class=\"field-commune\">B\u00e2g\u00e9-le-Ch\u00e2tel<\/div><div class=\"field-title\">Exhibition of paintings<\/div><\/div><div class=\"field-link\"><a href=\"https:\/\/www.bage-pontdevaux-tourisme.com\/en\/fiche\/exposition-de-peintures-3-2\/\" class=\"cardlink\">Exhibition of paintings<\/a><\/div><\/div><\/div><div class=\"item\"><div class=\"card card-apidae card-agenda\"><div class=\"group-top\"><div class=\"group-dates\" role=\"group\" aria-label=\"Event dates\"><div class=\"field-dates  ws-apidae-date-coming\" role=\"group\" aria-label=\"Opening date\"><time datetime=\"2026-07-18\"><span class=\"date-day-name\" aria-label=\"Day\">Saturday<\/span> <span class=\"date-day\" aria-label=\"Day\">18<\/span> <span class=\"date-month\" aria-label=\"Month\">july<\/span> <span class=\"date-year\" aria-label=\"Year\">2026<\/span><\/time><\/div><\/div><\/div><div class=\"group-media\"><div class=\"field-image\"><img decoding=\"async\" src=\"https:\/\/images.weserv.nl\/?url=https:\/\/static.apidae-tourisme.com\/filestore\/objets-touristiques\/images\/57\/232\/27584569-diaporama.jpg&#038;w=320&#038;h=420&#038;fit=cover&#038;output=webp&#038;q=45\" alt=\"Summer exhibition of Art, paintings and sculptures\"\/><\/div><\/div><div class=\"group-content\"><div class=\"field-commune\">Saint-Andr\u00e9-de-B\u00e2g\u00e9<\/div><div class=\"field-title\">Summer exhibition of Art, paintings and sculptures<\/div><div class=\"field-description\">Paintings ond sculptures of 8 artists.<\/div><\/div><div class=\"field-link\"><a href=\"https:\/\/www.bage-pontdevaux-tourisme.com\/en\/fiche\/summer-art-exhibition-2\/\" class=\"cardlink\">Summer exhibition of Art, paintings and sculptures<\/a><\/div><\/div><\/div><div class=\"item\"><div class=\"card card-apidae card-agenda\"><div class=\"group-top\"><div class=\"group-dates\" role=\"group\" aria-label=\"Event dates\"><div class=\"field-dates  ws-apidae-date-coming\" role=\"group\" aria-label=\"Opening date\"><time datetime=\"2026-07-19\"><span class=\"date-day-name\" aria-label=\"Day\">Sunday<\/span> <span class=\"date-day\" aria-label=\"Day\">19<\/span> <span class=\"date-month\" aria-label=\"Month\">july<\/span> <span class=\"date-year\" aria-label=\"Year\">2026<\/span><span class=\"date-delimiter\" aria-hidden=\"true\"> at <\/span><time class=\"date-hours\" datetime=\"15:00\" aria-label=\"Opening hours\">15 h<\/time><\/time><\/div><\/div><\/div><div class=\"group-media\"><div class=\"field-image\"><img decoding=\"async\" src=\"https:\/\/images.weserv.nl\/?url=https:\/\/static.apidae-tourisme.com\/filestore\/objets-touristiques\/images\/27\/43\/1452827-diaporama.jpg&#038;w=320&#038;h=420&#038;fit=cover&#038;output=webp&#038;q=45\" alt=\"Pontevallois Summer Arts Fair\"\/><\/div><\/div><div class=\"group-content\"><div class=\"field-commune\">Pont-de-Vaux<\/div><div class=\"field-title\">Pontevallois Summer Arts Fair<\/div><\/div><div class=\"field-link\"><a href=\"https:\/\/www.bage-pontdevaux-tourisme.com\/en\/fiche\/arts-pontevallois-sommer-exhibition-2\/\" class=\"cardlink\">Pontevallois Summer Arts Fair<\/a><\/div><\/div><\/div><div class=\"item\"><div class=\"card card-apidae card-agenda\"><div class=\"group-top\"><div class=\"group-dates\" role=\"group\" aria-label=\"Event dates\"><div class=\"field-dates  ws-apidae-date-coming\" role=\"group\" aria-label=\"Opening date\"><time datetime=\"2026-10-03\"><span class=\"date-day-name\" aria-label=\"Day\">Saturday<\/span> <span class=\"date-day\" aria-label=\"Day\">3<\/span> <span class=\"date-month\" aria-label=\"Month\">october<\/span> <span class=\"date-year\" aria-label=\"Year\">2026<\/span><span class=\"date-delimiter\" aria-hidden=\"true\"> at <\/span><time class=\"date-hours\" datetime=\"10:00\" aria-label=\"Opening hours\">10 h<\/time><\/time><\/div><\/div><\/div><div class=\"group-media\"><div class=\"field-image\"><img decoding=\"async\" src=\"https:\/\/images.weserv.nl\/?url=https:\/\/static.apidae-tourisme.com\/filestore\/objets-touristiques\/images\/28\/233\/27584796-diaporama.jpg&#038;w=320&#038;h=420&#038;fit=cover&#038;output=webp&#038;q=45\" alt=\"Interactive Exhibition\"\/><\/div><\/div><div class=\"group-content\"><div class=\"field-commune\">Sermoyer<\/div><div class=\"field-title\">Interactive Exhibition<\/div><\/div><div class=\"field-link\"><a href=\"https:\/\/www.bage-pontdevaux-tourisme.com\/en\/fiche\/exposition-interactive-2\/\" class=\"cardlink\">Interactive Exhibition<\/a><\/div><\/div><\/div><\/div><\/div><\/div><\/div>","protected":false},"excerpt":{"rendered":"","protected":false},"author":1,"featured_media":0,"parent":8499,"menu_order":2,"comment_status":"closed","ping_status":"closed","template":"","meta":{"footnotes":""},"class_list":["post-8490","page","type-page","status-publish","hentry"],"yoast_head":"<!-- This site is optimized with the Yoast SEO plugin v27.4 - https:\/\/yoast.com\/product\/yoast-seo-wordpress\/ -->\n<title>Exhibitions - Office de Tourisme du Pays de Bag\u00e9 et de Pont de Vaux<\/title>\n<meta name=\"robots\" content=\"index, follow, max-snippet:-1, max-image-preview:large, max-video-preview:-1\" \/>\n<link rel=\"canonical\" href=\"https:\/\/www.bage-pontdevaux-tourisme.com\/en\/what-to-see-and-do\/play\/exhibitions\/\" \/>\n<meta property=\"og:locale\" content=\"en_US\" \/>\n<meta property=\"og:type\" content=\"article\" \/>\n<meta property=\"og:title\" content=\"Exhibitions - Office de Tourisme du Pays de Bag\u00e9 et de Pont de Vaux\" \/>\n<meta property=\"og:url\" content=\"https:\/\/www.bage-pontdevaux-tourisme.com\/en\/what-to-see-and-do\/play\/exhibitions\/\" \/>\n<meta property=\"og:site_name\" content=\"Office de Tourisme du Pays de Bag\u00e9 et de Pont de Vaux\" \/>\n<meta property=\"article:modified_time\" content=\"2026-03-19T14:39:48+00:00\" \/>\n<meta property=\"og:image\" content=\"https:\/\/www.bage-pontdevaux-tourisme.com\/wp-content\/uploads\/2025\/08\/20250718-185727-2-scaled.jpg\" \/>\n\t<meta property=\"og:image:width\" content=\"2560\" \/>\n\t<meta property=\"og:image:height\" content=\"1801\" \/>\n\t<meta property=\"og:image:type\" content=\"image\/jpeg\" \/>\n<meta name=\"twitter:card\" content=\"summary_large_image\" \/>\n<script type=\"application\/ld+json\" class=\"yoast-schema-graph\">{\"@context\":\"https:\\\/\\\/schema.org\",\"@graph\":[{\"@type\":\"WebPage\",\"@id\":\"https:\\\/\\\/www.bage-pontdevaux-tourisme.com\\\/en\\\/what-to-see-and-do\\\/play\\\/exhibitions\\\/\",\"url\":\"https:\\\/\\\/www.bage-pontdevaux-tourisme.com\\\/en\\\/what-to-see-and-do\\\/play\\\/exhibitions\\\/\",\"name\":\"Exhibitions - Office de Tourisme du Pays de Bag\u00e9 et de Pont de Vaux\",\"isPartOf\":{\"@id\":\"https:\\\/\\\/www.bage-pontdevaux-tourisme.com\\\/en\\\/#website\"},\"primaryImageOfPage\":{\"@id\":\"https:\\\/\\\/www.bage-pontdevaux-tourisme.com\\\/en\\\/what-to-see-and-do\\\/play\\\/exhibitions\\\/#primaryimage\"},\"image\":{\"@id\":\"https:\\\/\\\/www.bage-pontdevaux-tourisme.com\\\/en\\\/what-to-see-and-do\\\/play\\\/exhibitions\\\/#primaryimage\"},\"thumbnailUrl\":\"https:\\\/\\\/www.bage-pontdevaux-tourisme.com\\\/wp-content\\\/uploads\\\/2025\\\/08\\\/20250718-185727-2-1920x530.jpg\",\"datePublished\":\"2025-05-22T12:17:41+00:00\",\"dateModified\":\"2026-03-19T14:39:48+00:00\",\"breadcrumb\":{\"@id\":\"https:\\\/\\\/www.bage-pontdevaux-tourisme.com\\\/en\\\/what-to-see-and-do\\\/play\\\/exhibitions\\\/#breadcrumb\"},\"inLanguage\":\"en-US\",\"potentialAction\":[{\"@type\":\"ReadAction\",\"target\":[\"https:\\\/\\\/www.bage-pontdevaux-tourisme.com\\\/en\\\/what-to-see-and-do\\\/play\\\/exhibitions\\\/\"]}]},{\"@type\":\"ImageObject\",\"inLanguage\":\"en-US\",\"@id\":\"https:\\\/\\\/www.bage-pontdevaux-tourisme.com\\\/en\\\/what-to-see-and-do\\\/play\\\/exhibitions\\\/#primaryimage\",\"url\":\"https:\\\/\\\/www.bage-pontdevaux-tourisme.com\\\/wp-content\\\/uploads\\\/2025\\\/08\\\/20250718-185727-2-1920x530.jpg\",\"contentUrl\":\"https:\\\/\\\/www.bage-pontdevaux-tourisme.com\\\/wp-content\\\/uploads\\\/2025\\\/08\\\/20250718-185727-2-1920x530.jpg\"},{\"@type\":\"BreadcrumbList\",\"@id\":\"https:\\\/\\\/www.bage-pontdevaux-tourisme.com\\\/en\\\/what-to-see-and-do\\\/play\\\/exhibitions\\\/#breadcrumb\",\"itemListElement\":[{\"@type\":\"ListItem\",\"position\":1,\"name\":\"Home\",\"item\":\"https:\\\/\\\/www.bage-pontdevaux-tourisme.com\\\/en\\\/a-stones-throw-from-burgundy-a-welcoming-countryside-between-bresse-and-saone\\\/\"},{\"@type\":\"ListItem\",\"position\":2,\"name\":\"What to see and do\",\"item\":\"https:\\\/\\\/www.bage-pontdevaux-tourisme.com\\\/en\\\/what-to-see-and-do\\\/\"},{\"@type\":\"ListItem\",\"position\":3,\"name\":\"Play\",\"item\":\"https:\\\/\\\/www.bage-pontdevaux-tourisme.com\\\/en\\\/what-to-see-and-do\\\/play\\\/\"},{\"@type\":\"ListItem\",\"position\":4,\"name\":\"Exhibitions\"}]},{\"@type\":\"WebSite\",\"@id\":\"https:\\\/\\\/www.bage-pontdevaux-tourisme.com\\\/en\\\/#website\",\"url\":\"https:\\\/\\\/www.bage-pontdevaux-tourisme.com\\\/en\\\/\",\"name\":\"Office de Tourisme du Pays de Bag\u00e9 et de Pont de Vaux\",\"description\":\"\",\"publisher\":{\"@id\":\"https:\\\/\\\/www.bage-pontdevaux-tourisme.com\\\/en\\\/#organization\"},\"potentialAction\":[{\"@type\":\"SearchAction\",\"target\":{\"@type\":\"EntryPoint\",\"urlTemplate\":\"https:\\\/\\\/www.bage-pontdevaux-tourisme.com\\\/en\\\/?s={search_term_string}\"},\"query-input\":{\"@type\":\"PropertyValueSpecification\",\"valueRequired\":true,\"valueName\":\"search_term_string\"}}],\"inLanguage\":\"en-US\"},{\"@type\":\"Organization\",\"@id\":\"https:\\\/\\\/www.bage-pontdevaux-tourisme.com\\\/en\\\/#organization\",\"name\":\"Office de Tourisme du Pays de Bag\u00e9 et de Pont de Vaux\",\"url\":\"https:\\\/\\\/www.bage-pontdevaux-tourisme.com\\\/en\\\/\",\"logo\":{\"@type\":\"ImageObject\",\"inLanguage\":\"en-US\",\"@id\":\"https:\\\/\\\/www.bage-pontdevaux-tourisme.com\\\/en\\\/#\\\/schema\\\/logo\\\/image\\\/\",\"url\":\"https:\\\/\\\/www.bage-pontdevaux-tourisme.com\\\/wp-content\\\/uploads\\\/2025\\\/05\\\/logo-pays-de-bage-and-pont-de-vaux.svg\",\"contentUrl\":\"https:\\\/\\\/www.bage-pontdevaux-tourisme.com\\\/wp-content\\\/uploads\\\/2025\\\/05\\\/logo-pays-de-bage-and-pont-de-vaux.svg\",\"caption\":\"Office de Tourisme du Pays de Bag\u00e9 et de Pont de Vaux\"},\"image\":{\"@id\":\"https:\\\/\\\/www.bage-pontdevaux-tourisme.com\\\/en\\\/#\\\/schema\\\/logo\\\/image\\\/\"}}]}<\/script>\n<!-- \/ Yoast SEO plugin. -->","yoast_head_json":{"title":"Exhibitions - Office de Tourisme du Pays de Bag\u00e9 et de Pont de Vaux","robots":{"index":"index","follow":"follow","max-snippet":"max-snippet:-1","max-image-preview":"max-image-preview:large","max-video-preview":"max-video-preview:-1"},"canonical":"https:\/\/www.bage-pontdevaux-tourisme.com\/en\/what-to-see-and-do\/play\/exhibitions\/","og_locale":"en_US","og_type":"article","og_title":"Exhibitions - Office de Tourisme du Pays de Bag\u00e9 et de Pont de Vaux","og_url":"https:\/\/www.bage-pontdevaux-tourisme.com\/en\/what-to-see-and-do\/play\/exhibitions\/","og_site_name":"Office de Tourisme du Pays de Bag\u00e9 et de Pont de Vaux","article_modified_time":"2026-03-19T14:39:48+00:00","og_image":[{"width":2560,"height":1801,"url":"https:\/\/www.bage-pontdevaux-tourisme.com\/wp-content\/uploads\/2025\/08\/20250718-185727-2-scaled.jpg","type":"image\/jpeg"}],"twitter_card":"summary_large_image","schema":{"@context":"https:\/\/schema.org","@graph":[{"@type":"WebPage","@id":"https:\/\/www.bage-pontdevaux-tourisme.com\/en\/what-to-see-and-do\/play\/exhibitions\/","url":"https:\/\/www.bage-pontdevaux-tourisme.com\/en\/what-to-see-and-do\/play\/exhibitions\/","name":"Exhibitions - Office de Tourisme du Pays de Bag\u00e9 et de Pont de Vaux","isPartOf":{"@id":"https:\/\/www.bage-pontdevaux-tourisme.com\/en\/#website"},"primaryImageOfPage":{"@id":"https:\/\/www.bage-pontdevaux-tourisme.com\/en\/what-to-see-and-do\/play\/exhibitions\/#primaryimage"},"image":{"@id":"https:\/\/www.bage-pontdevaux-tourisme.com\/en\/what-to-see-and-do\/play\/exhibitions\/#primaryimage"},"thumbnailUrl":"https:\/\/www.bage-pontdevaux-tourisme.com\/wp-content\/uploads\/2025\/08\/20250718-185727-2-1920x530.jpg","datePublished":"2025-05-22T12:17:41+00:00","dateModified":"2026-03-19T14:39:48+00:00","breadcrumb":{"@id":"https:\/\/www.bage-pontdevaux-tourisme.com\/en\/what-to-see-and-do\/play\/exhibitions\/#breadcrumb"},"inLanguage":"en-US","potentialAction":[{"@type":"ReadAction","target":["https:\/\/www.bage-pontdevaux-tourisme.com\/en\/what-to-see-and-do\/play\/exhibitions\/"]}]},{"@type":"ImageObject","inLanguage":"en-US","@id":"https:\/\/www.bage-pontdevaux-tourisme.com\/en\/what-to-see-and-do\/play\/exhibitions\/#primaryimage","url":"https:\/\/www.bage-pontdevaux-tourisme.com\/wp-content\/uploads\/2025\/08\/20250718-185727-2-1920x530.jpg","contentUrl":"https:\/\/www.bage-pontdevaux-tourisme.com\/wp-content\/uploads\/2025\/08\/20250718-185727-2-1920x530.jpg"},{"@type":"BreadcrumbList","@id":"https:\/\/www.bage-pontdevaux-tourisme.com\/en\/what-to-see-and-do\/play\/exhibitions\/#breadcrumb","itemListElement":[{"@type":"ListItem","position":1,"name":"Home","item":"https:\/\/www.bage-pontdevaux-tourisme.com\/en\/a-stones-throw-from-burgundy-a-welcoming-countryside-between-bresse-and-saone\/"},{"@type":"ListItem","position":2,"name":"What to see and do","item":"https:\/\/www.bage-pontdevaux-tourisme.com\/en\/what-to-see-and-do\/"},{"@type":"ListItem","position":3,"name":"Play","item":"https:\/\/www.bage-pontdevaux-tourisme.com\/en\/what-to-see-and-do\/play\/"},{"@type":"ListItem","position":4,"name":"Exhibitions"}]},{"@type":"WebSite","@id":"https:\/\/www.bage-pontdevaux-tourisme.com\/en\/#website","url":"https:\/\/www.bage-pontdevaux-tourisme.com\/en\/","name":"Office de Tourisme du Pays de Bag\u00e9 et de Pont de Vaux","description":"","publisher":{"@id":"https:\/\/www.bage-pontdevaux-tourisme.com\/en\/#organization"},"potentialAction":[{"@type":"SearchAction","target":{"@type":"EntryPoint","urlTemplate":"https:\/\/www.bage-pontdevaux-tourisme.com\/en\/?s={search_term_string}"},"query-input":{"@type":"PropertyValueSpecification","valueRequired":true,"valueName":"search_term_string"}}],"inLanguage":"en-US"},{"@type":"Organization","@id":"https:\/\/www.bage-pontdevaux-tourisme.com\/en\/#organization","name":"Office de Tourisme du Pays de Bag\u00e9 et de Pont de Vaux","url":"https:\/\/www.bage-pontdevaux-tourisme.com\/en\/","logo":{"@type":"ImageObject","inLanguage":"en-US","@id":"https:\/\/www.bage-pontdevaux-tourisme.com\/en\/#\/schema\/logo\/image\/","url":"https:\/\/www.bage-pontdevaux-tourisme.com\/wp-content\/uploads\/2025\/05\/logo-pays-de-bage-and-pont-de-vaux.svg","contentUrl":"https:\/\/www.bage-pontdevaux-tourisme.com\/wp-content\/uploads\/2025\/05\/logo-pays-de-bage-and-pont-de-vaux.svg","caption":"Office de Tourisme du Pays de Bag\u00e9 et de Pont de Vaux"},"image":{"@id":"https:\/\/www.bage-pontdevaux-tourisme.com\/en\/#\/schema\/logo\/image\/"}}]}},"_links":{"self":[{"href":"https:\/\/www.bage-pontdevaux-tourisme.com\/en\/wp-json\/wp\/v2\/pages\/8490","targetHints":{"allow":["GET"]}}],"collection":[{"href":"https:\/\/www.bage-pontdevaux-tourisme.com\/en\/wp-json\/wp\/v2\/pages"}],"about":[{"href":"https:\/\/www.bage-pontdevaux-tourisme.com\/en\/wp-json\/wp\/v2\/types\/page"}],"author":[{"embeddable":true,"href":"https:\/\/www.bage-pontdevaux-tourisme.com\/en\/wp-json\/wp\/v2\/users\/1"}],"replies":[{"embeddable":true,"href":"https:\/\/www.bage-pontdevaux-tourisme.com\/en\/wp-json\/wp\/v2\/comments?post=8490"}],"version-history":[{"count":1,"href":"https:\/\/www.bage-pontdevaux-tourisme.com\/en\/wp-json\/wp\/v2\/pages\/8490\/revisions"}],"predecessor-version":[{"id":8492,"href":"https:\/\/www.bage-pontdevaux-tourisme.com\/en\/wp-json\/wp\/v2\/pages\/8490\/revisions\/8492"}],"up":[{"embeddable":true,"href":"https:\/\/www.bage-pontdevaux-tourisme.com\/en\/wp-json\/wp\/v2\/pages\/8499"}],"wp:attachment":[{"href":"https:\/\/www.bage-pontdevaux-tourisme.com\/en\/wp-json\/wp\/v2\/media?parent=8490"}],"curies":[{"name":"wp","href":"https:\/\/api.w.org\/{rel}","templated":true}]}}