{"id":8482,"date":"2025-05-22T14:17:42","date_gmt":"2025-05-22T12:17:42","guid":{"rendered":"https:\/\/www.bage-pontdevaux-tourisme.com\/markets\/"},"modified":"2025-10-16T10:39:02","modified_gmt":"2025-10-16T08:39:02","slug":"markets","status":"publish","type":"page","link":"https:\/\/www.bage-pontdevaux-tourisme.com\/en\/what-to-see-and-do\/taste\/markets\/","title":{"rendered":"Markets"},"content":{"rendered":"\n<div class=\"wp-block-ws-library-ws-header-interne is-layout-constrained alignfull\"><div class=\"header-container\"><div class=\"group-media has-image\"><img decoding=\"async\" src=\"https:\/\/www.bage-pontdevaux-tourisme.com\/wp-content\/uploads\/2025\/05\/pont-de-vaux-marche-mercredi-g-drevet-1920x530.jpg\" alt=\"\" class=\"image_large_square wp-image-148  \"\/><\/div><div class=\"group-content\"><div class=\"title\"><h1>Markets<\/h1><\/div><\/div><\/div><div class=\"yoast-breadcrumbs\"><span><span><a href=\"https:\/\/www.bage-pontdevaux-tourisme.com\/en\/a-stones-throw-from-burgundy-a-welcoming-countryside-between-bresse-and-saone\/\">Home<\/a><\/span> \/ <span><a href=\"https:\/\/www.bage-pontdevaux-tourisme.com\/en\/what-to-see-and-do\/\">What to see and do<\/a><\/span> \/ <span><a href=\"https:\/\/www.bage-pontdevaux-tourisme.com\/en\/what-to-see-and-do\/taste\/\">Taste<\/a><\/span> \/ <span class=\"breadcrumb_last\" aria-current=\"page\">Markets<\/span><\/span><\/div><\/div>\n<div id=\"listing_754cd\" data-observer-wishlist class=\"ws-listing wp-block-ws-apidae-library-listing-agenda alignfull\"><div class=\"facetwp-template\"><div class=\"list-container active\"><div class=\"list-items\"><div class=\"item\"><div class=\"card card-apidae card-agenda\"><div class=\"group-top\"><div class=\"group-dates\" role=\"group\" aria-label=\"Event dates\"><div class=\"field-dates  ws-apidae-date-coming\" role=\"group\" aria-label=\"Opening date\"><time datetime=\"2026-04-16\"><span class=\"date-day-name\" aria-label=\"Day\">Thursday<\/span> <span class=\"date-day\" aria-label=\"Day\">16<\/span> <span class=\"date-month\" aria-label=\"Month\">april<\/span> <span class=\"date-year\" aria-label=\"Year\">2026<\/span><span class=\"date-delimiter\" aria-hidden=\"true\"> at <\/span><time class=\"date-hours\" datetime=\"07:00\" aria-label=\"Opening hours\">07 h<\/time><\/time><\/div><\/div><\/div><div class=\"group-media\"><div class=\"field-image\"><img decoding=\"async\" src=\"https:\/\/images.weserv.nl\/?url=https:\/\/static.apidae-tourisme.com\/filestore\/objets-touristiques\/images\/189\/146\/8491709-diaporama.jpg&#038;w=320&#038;h=420&#038;fit=cover&#038;output=webp&#038;q=45\" alt=\"Weekly market\"\/><\/div><\/div><div class=\"group-content\"><div class=\"field-commune\">Manziat<\/div><div class=\"field-title\">Weekly market<\/div><div class=\"field-description\">Lively and colorful, discover our traditional markets where you&#8217;ll find&#8230;<\/div><\/div><div class=\"field-link\"><a href=\"https:\/\/www.bage-pontdevaux-tourisme.com\/en\/fiche\/weekly-market-2\/\" class=\"cardlink\">Weekly market<\/a><\/div><\/div><\/div><div class=\"item\"><div class=\"card card-apidae card-agenda\"><div class=\"group-top\"><div class=\"group-dates\" role=\"group\" aria-label=\"Event dates\"><div class=\"field-dates  ws-apidae-date-coming\" role=\"group\" aria-label=\"Opening date\"><time datetime=\"2026-04-17\"><span class=\"date-day-name\" aria-label=\"Day\">Friday<\/span> <span class=\"date-day\" aria-label=\"Day\">17<\/span> <span class=\"date-month\" aria-label=\"Month\">april<\/span> <span class=\"date-year\" aria-label=\"Year\">2026<\/span><span class=\"date-delimiter\" aria-hidden=\"true\"> at <\/span><time class=\"date-hours\" datetime=\"14:30\" aria-label=\"Opening hours\">14 h 30<\/time><\/time><\/div><\/div><\/div><div class=\"group-media\"><div class=\"field-image\"><img decoding=\"async\" src=\"https:\/\/images.weserv.nl\/?url=https:\/\/static.apidae-tourisme.com\/filestore\/objets-touristiques\/images\/8\/143\/13930248-diaporama.jpg&#038;w=320&#038;h=420&#038;fit=cover&#038;output=webp&#038;q=45\" alt=\"Direct sales at the Niermont farm\"\/><\/div><\/div><div class=\"group-content\"><div class=\"field-commune\">B\u00e2g\u00e9-Dommartin<\/div><div class=\"field-title\">Direct sales at the Niermont farm<\/div><\/div><div class=\"field-link\"><a href=\"https:\/\/www.bage-pontdevaux-tourisme.com\/en\/fiche\/sale-of-local-products-at-the-niermont-farm-2\/\" class=\"cardlink\">Direct sales at the Niermont farm<\/a><\/div><\/div><\/div><div class=\"item\"><div class=\"card card-apidae card-agenda\"><div class=\"group-top\"><div class=\"group-dates\" role=\"group\" aria-label=\"Event dates\"><div class=\"field-dates  ws-apidae-date-coming\" role=\"group\" aria-label=\"Opening date\"><time datetime=\"2026-04-17\"><span class=\"date-day-name\" aria-label=\"Day\">Friday<\/span> <span class=\"date-day\" aria-label=\"Day\">17<\/span> <span class=\"date-month\" aria-label=\"Month\">april<\/span> <span class=\"date-year\" aria-label=\"Year\">2026<\/span><span class=\"date-delimiter\" aria-hidden=\"true\"> at <\/span><time class=\"date-hours\" datetime=\"16:00\" aria-label=\"Opening hours\">16 h<\/time><\/time><\/div><\/div><\/div><div class=\"group-media\"><div class=\"field-image\"><img decoding=\"async\" src=\"https:\/\/images.weserv.nl\/?url=https:\/\/static.apidae-tourisme.com\/filestore\/objets-touristiques\/images\/63\/106\/14576191-diaporama.jpg&#038;w=320&#038;h=420&#038;fit=cover&#038;output=webp&#038;q=45\" alt=\"Farmers&#8217; Market\"\/><\/div><\/div><div class=\"group-content\"><div class=\"field-commune\">B\u00e2g\u00e9-le-Ch\u00e2tel<\/div><div class=\"field-title\">Farmers&#8217; Market<\/div><div class=\"field-description\">Seasonal produce from the region and beyond!<\/div><\/div><div class=\"field-link\"><a href=\"https:\/\/www.bage-pontdevaux-tourisme.com\/en\/fiche\/farmers-market\/\" class=\"cardlink\">Farmers&#8217; Market<\/a><\/div><\/div><\/div><div class=\"item\"><div class=\"card card-apidae card-agenda\"><div class=\"group-top\"><div class=\"group-dates\" role=\"group\" aria-label=\"Event dates\"><div class=\"field-dates  ws-apidae-date-coming\" role=\"group\" aria-label=\"Opening date\"><time datetime=\"2026-04-17\"><span class=\"date-day-name\" aria-label=\"Day\">Friday<\/span> <span class=\"date-day\" aria-label=\"Day\">17<\/span> <span class=\"date-month\" aria-label=\"Month\">april<\/span> <span class=\"date-year\" aria-label=\"Year\">2026<\/span><span class=\"date-delimiter\" aria-hidden=\"true\"> at <\/span><time class=\"date-hours\" datetime=\"16:00\" aria-label=\"Opening hours\">16 h<\/time><\/time><\/div><\/div><\/div><div class=\"group-media\"><div class=\"field-image\"><img decoding=\"async\" src=\"https:\/\/images.weserv.nl\/?url=https:\/\/static.apidae-tourisme.com\/filestore\/objets-touristiques\/images\/57\/181\/17085753-diaporama.jpg&#038;w=320&#038;h=420&#038;fit=cover&#038;output=webp&#038;q=45\" alt=\"Direct sale at the farm Les jardins d&#8217;Aestiv\"\/><\/div><\/div><div class=\"group-content\"><div class=\"field-commune\">B\u00e2g\u00e9-Dommartin<\/div><div class=\"field-title\">Direct sale at the farm Les jardins d&#8217;Aestiv<\/div><\/div><div class=\"field-link\"><a href=\"https:\/\/www.bage-pontdevaux-tourisme.com\/en\/fiche\/vente-directe-a-la-ferme-les-jardins-daestiv-2\/\" class=\"cardlink\">Direct sale at the farm Les jardins d&#8217;Aestiv<\/a><\/div><\/div><\/div><div class=\"item\"><div class=\"card card-apidae card-agenda\"><div class=\"group-top\"><div class=\"group-dates\" role=\"group\" aria-label=\"Event dates\"><div class=\"field-dates  ws-apidae-date-coming\" role=\"group\" aria-label=\"Opening date\"><time datetime=\"2026-04-18\"><span class=\"date-day-name\" aria-label=\"Day\">Saturday<\/span> <span class=\"date-day\" aria-label=\"Day\">18<\/span> <span class=\"date-month\" aria-label=\"Month\">april<\/span> <span class=\"date-year\" aria-label=\"Year\">2026<\/span><span class=\"date-delimiter\" aria-hidden=\"true\"> at <\/span><time class=\"date-hours\" datetime=\"07:00\" aria-label=\"Opening hours\">07 h<\/time><\/time><\/div><\/div><\/div><div class=\"group-media\"><div class=\"field-image\"><img decoding=\"async\" src=\"https:\/\/images.weserv.nl\/?url=https:\/\/static.apidae-tourisme.com\/filestore\/objets-touristiques\/images\/185\/146\/8491705-diaporama.jpg&#038;w=320&#038;h=420&#038;fit=cover&#038;output=webp&#038;q=45\" alt=\"Weekly market\"\/><\/div><\/div><div class=\"group-content\"><div class=\"field-commune\">Feillens<\/div><div class=\"field-title\">Weekly market<\/div><div class=\"field-description\">Come and discover our lively, colourful markets which are full&#8230;<\/div><\/div><div class=\"field-link\"><a href=\"https:\/\/www.bage-pontdevaux-tourisme.com\/en\/fiche\/market-2\/\" class=\"cardlink\">Weekly market<\/a><\/div><\/div><\/div><div class=\"item\"><div class=\"card card-apidae card-agenda\"><div class=\"group-top\"><div class=\"group-dates\" role=\"group\" aria-label=\"Event dates\"><div class=\"field-dates  ws-apidae-date-coming\" role=\"group\" aria-label=\"Opening date\"><time datetime=\"2026-04-18\"><span class=\"date-day-name\" aria-label=\"Day\">Saturday<\/span> <span class=\"date-day\" aria-label=\"Day\">18<\/span> <span class=\"date-month\" aria-label=\"Month\">april<\/span> <span class=\"date-year\" aria-label=\"Year\">2026<\/span><span class=\"date-delimiter\" aria-hidden=\"true\"> at <\/span><time class=\"date-hours\" datetime=\"08:30\" aria-label=\"Opening hours\">08 h 30<\/time><\/time><\/div><\/div><\/div><div class=\"group-media\"><div class=\"field-image\"><img decoding=\"async\" src=\"https:\/\/images.weserv.nl\/?url=https:\/\/static.apidae-tourisme.com\/filestore\/objets-touristiques\/images\/2\/47\/8793858-diaporama.jpg&#038;w=320&#038;h=420&#038;fit=cover&#038;output=webp&#038;q=45\" alt=\"Farmers&#8217; Market\"\/><\/div><\/div><div class=\"group-content\"><div class=\"field-commune\">B\u00e2g\u00e9-Dommartin<\/div><div class=\"field-title\">Farmers&#8217; Market<\/div><div class=\"field-description\">Fruits and vegetables from many pesticide-free retailers.<\/div><\/div><div class=\"field-link\"><a href=\"https:\/\/www.bage-pontdevaux-tourisme.com\/en\/fiche\/farmers-market-2\/\" class=\"cardlink\">Farmers&#8217; Market<\/a><\/div><\/div><\/div><div class=\"item\"><div class=\"card card-apidae card-agenda\"><div class=\"group-top\"><div class=\"group-dates\" role=\"group\" aria-label=\"Event dates\"><div class=\"field-dates  ws-apidae-date-coming\" role=\"group\" aria-label=\"Opening date\"><time datetime=\"2026-04-22\"><span class=\"date-day-name\" aria-label=\"Day\">Wednesday<\/span> <span class=\"date-day\" aria-label=\"Day\">22<\/span> <span class=\"date-month\" aria-label=\"Month\">april<\/span> <span class=\"date-year\" aria-label=\"Year\">2026<\/span><span class=\"date-delimiter\" aria-hidden=\"true\"> at <\/span><time class=\"date-hours\" datetime=\"08:00\" aria-label=\"Opening hours\">08 h<\/time><\/time><\/div><\/div><\/div><div class=\"group-media\"><div class=\"field-image\"><img decoding=\"async\" src=\"https:\/\/images.weserv.nl\/?url=https:\/\/static.apidae-tourisme.com\/filestore\/objets-touristiques\/images\/203\/119\/19953611-diaporama.jpg&#038;w=320&#038;h=420&#038;fit=cover&#038;output=webp&#038;q=45\" alt=\"Weekly market\"\/><\/div><\/div><div class=\"group-content\"><div class=\"field-commune\">Pont-de-Vaux<\/div><div class=\"field-title\">Weekly market<\/div><div class=\"field-description\">Lively and colorful, you&#8217;ll find Bresse poultry, fruit and vegetables&#8230;<\/div><\/div><div class=\"field-link\"><a href=\"https:\/\/www.bage-pontdevaux-tourisme.com\/en\/fiche\/weekly-market-3\/\" class=\"cardlink\">Weekly market<\/a><\/div><\/div><\/div><\/div><\/div><\/div><\/div>","protected":false},"excerpt":{"rendered":"","protected":false},"author":1,"featured_media":0,"parent":8609,"menu_order":1,"comment_status":"closed","ping_status":"closed","template":"","meta":{"footnotes":""},"class_list":["post-8482","page","type-page","status-publish","hentry"],"yoast_head":"<!-- This site is optimized with the Yoast SEO plugin v27.4 - https:\/\/yoast.com\/product\/yoast-seo-wordpress\/ -->\n<title>Markets - Office de Tourisme du Pays de Bag\u00e9 et de Pont de Vaux<\/title>\n<meta name=\"robots\" content=\"index, follow, max-snippet:-1, max-image-preview:large, max-video-preview:-1\" \/>\n<link rel=\"canonical\" href=\"https:\/\/www.bage-pontdevaux-tourisme.com\/en\/what-to-see-and-do\/taste\/markets\/\" \/>\n<meta property=\"og:locale\" content=\"en_US\" \/>\n<meta property=\"og:type\" content=\"article\" \/>\n<meta property=\"og:title\" content=\"Markets - Office de Tourisme du Pays de Bag\u00e9 et de Pont de Vaux\" \/>\n<meta property=\"og:url\" content=\"https:\/\/www.bage-pontdevaux-tourisme.com\/en\/what-to-see-and-do\/taste\/markets\/\" \/>\n<meta property=\"og:site_name\" content=\"Office de Tourisme du Pays de Bag\u00e9 et de Pont de Vaux\" \/>\n<meta property=\"article:modified_time\" content=\"2025-10-16T08:39:02+00:00\" \/>\n<meta property=\"og:image\" content=\"https:\/\/www.bage-pontdevaux-tourisme.com\/wp-content\/uploads\/2025\/05\/pont-de-vaux-marche-mercredi-g-drevet-scaled.jpg\" \/>\n\t<meta property=\"og:image:width\" content=\"2560\" \/>\n\t<meta property=\"og:image:height\" content=\"1773\" \/>\n\t<meta property=\"og:image:type\" content=\"image\/jpeg\" \/>\n<meta name=\"twitter:card\" content=\"summary_large_image\" \/>\n<script type=\"application\/ld+json\" class=\"yoast-schema-graph\">{\"@context\":\"https:\\\/\\\/schema.org\",\"@graph\":[{\"@type\":\"WebPage\",\"@id\":\"https:\\\/\\\/www.bage-pontdevaux-tourisme.com\\\/en\\\/what-to-see-and-do\\\/taste\\\/markets\\\/\",\"url\":\"https:\\\/\\\/www.bage-pontdevaux-tourisme.com\\\/en\\\/what-to-see-and-do\\\/taste\\\/markets\\\/\",\"name\":\"Markets - Office de Tourisme du Pays de Bag\u00e9 et de Pont de Vaux\",\"isPartOf\":{\"@id\":\"https:\\\/\\\/www.bage-pontdevaux-tourisme.com\\\/en\\\/#website\"},\"primaryImageOfPage\":{\"@id\":\"https:\\\/\\\/www.bage-pontdevaux-tourisme.com\\\/en\\\/what-to-see-and-do\\\/taste\\\/markets\\\/#primaryimage\"},\"image\":{\"@id\":\"https:\\\/\\\/www.bage-pontdevaux-tourisme.com\\\/en\\\/what-to-see-and-do\\\/taste\\\/markets\\\/#primaryimage\"},\"thumbnailUrl\":\"https:\\\/\\\/www.bage-pontdevaux-tourisme.com\\\/wp-content\\\/uploads\\\/2025\\\/05\\\/pont-de-vaux-marche-mercredi-g-drevet-1920x530.jpg\",\"datePublished\":\"2025-05-22T12:17:42+00:00\",\"dateModified\":\"2025-10-16T08:39:02+00:00\",\"breadcrumb\":{\"@id\":\"https:\\\/\\\/www.bage-pontdevaux-tourisme.com\\\/en\\\/what-to-see-and-do\\\/taste\\\/markets\\\/#breadcrumb\"},\"inLanguage\":\"en-US\",\"potentialAction\":[{\"@type\":\"ReadAction\",\"target\":[\"https:\\\/\\\/www.bage-pontdevaux-tourisme.com\\\/en\\\/what-to-see-and-do\\\/taste\\\/markets\\\/\"]}]},{\"@type\":\"ImageObject\",\"inLanguage\":\"en-US\",\"@id\":\"https:\\\/\\\/www.bage-pontdevaux-tourisme.com\\\/en\\\/what-to-see-and-do\\\/taste\\\/markets\\\/#primaryimage\",\"url\":\"https:\\\/\\\/www.bage-pontdevaux-tourisme.com\\\/wp-content\\\/uploads\\\/2025\\\/05\\\/pont-de-vaux-marche-mercredi-g-drevet-1920x530.jpg\",\"contentUrl\":\"https:\\\/\\\/www.bage-pontdevaux-tourisme.com\\\/wp-content\\\/uploads\\\/2025\\\/05\\\/pont-de-vaux-marche-mercredi-g-drevet-1920x530.jpg\"},{\"@type\":\"BreadcrumbList\",\"@id\":\"https:\\\/\\\/www.bage-pontdevaux-tourisme.com\\\/en\\\/what-to-see-and-do\\\/taste\\\/markets\\\/#breadcrumb\",\"itemListElement\":[{\"@type\":\"ListItem\",\"position\":1,\"name\":\"Home\",\"item\":\"https:\\\/\\\/www.bage-pontdevaux-tourisme.com\\\/en\\\/a-stones-throw-from-burgundy-a-welcoming-countryside-between-bresse-and-saone\\\/\"},{\"@type\":\"ListItem\",\"position\":2,\"name\":\"What to see and do\",\"item\":\"https:\\\/\\\/www.bage-pontdevaux-tourisme.com\\\/en\\\/what-to-see-and-do\\\/\"},{\"@type\":\"ListItem\",\"position\":3,\"name\":\"Taste\",\"item\":\"https:\\\/\\\/www.bage-pontdevaux-tourisme.com\\\/en\\\/what-to-see-and-do\\\/taste\\\/\"},{\"@type\":\"ListItem\",\"position\":4,\"name\":\"Markets\"}]},{\"@type\":\"WebSite\",\"@id\":\"https:\\\/\\\/www.bage-pontdevaux-tourisme.com\\\/en\\\/#website\",\"url\":\"https:\\\/\\\/www.bage-pontdevaux-tourisme.com\\\/en\\\/\",\"name\":\"Office de Tourisme du Pays de Bag\u00e9 et de Pont de Vaux\",\"description\":\"\",\"publisher\":{\"@id\":\"https:\\\/\\\/www.bage-pontdevaux-tourisme.com\\\/en\\\/#organization\"},\"potentialAction\":[{\"@type\":\"SearchAction\",\"target\":{\"@type\":\"EntryPoint\",\"urlTemplate\":\"https:\\\/\\\/www.bage-pontdevaux-tourisme.com\\\/en\\\/?s={search_term_string}\"},\"query-input\":{\"@type\":\"PropertyValueSpecification\",\"valueRequired\":true,\"valueName\":\"search_term_string\"}}],\"inLanguage\":\"en-US\"},{\"@type\":\"Organization\",\"@id\":\"https:\\\/\\\/www.bage-pontdevaux-tourisme.com\\\/en\\\/#organization\",\"name\":\"Office de Tourisme du Pays de Bag\u00e9 et de Pont de Vaux\",\"url\":\"https:\\\/\\\/www.bage-pontdevaux-tourisme.com\\\/en\\\/\",\"logo\":{\"@type\":\"ImageObject\",\"inLanguage\":\"en-US\",\"@id\":\"https:\\\/\\\/www.bage-pontdevaux-tourisme.com\\\/en\\\/#\\\/schema\\\/logo\\\/image\\\/\",\"url\":\"https:\\\/\\\/www.bage-pontdevaux-tourisme.com\\\/wp-content\\\/uploads\\\/2025\\\/05\\\/logo-pays-de-bage-and-pont-de-vaux.svg\",\"contentUrl\":\"https:\\\/\\\/www.bage-pontdevaux-tourisme.com\\\/wp-content\\\/uploads\\\/2025\\\/05\\\/logo-pays-de-bage-and-pont-de-vaux.svg\",\"caption\":\"Office de Tourisme du Pays de Bag\u00e9 et de Pont de Vaux\"},\"image\":{\"@id\":\"https:\\\/\\\/www.bage-pontdevaux-tourisme.com\\\/en\\\/#\\\/schema\\\/logo\\\/image\\\/\"}}]}<\/script>\n<!-- \/ Yoast SEO plugin. -->","yoast_head_json":{"title":"Markets - Office de Tourisme du Pays de Bag\u00e9 et de Pont de Vaux","robots":{"index":"index","follow":"follow","max-snippet":"max-snippet:-1","max-image-preview":"max-image-preview:large","max-video-preview":"max-video-preview:-1"},"canonical":"https:\/\/www.bage-pontdevaux-tourisme.com\/en\/what-to-see-and-do\/taste\/markets\/","og_locale":"en_US","og_type":"article","og_title":"Markets - Office de Tourisme du Pays de Bag\u00e9 et de Pont de Vaux","og_url":"https:\/\/www.bage-pontdevaux-tourisme.com\/en\/what-to-see-and-do\/taste\/markets\/","og_site_name":"Office de Tourisme du Pays de Bag\u00e9 et de Pont de Vaux","article_modified_time":"2025-10-16T08:39:02+00:00","og_image":[{"width":2560,"height":1773,"url":"https:\/\/www.bage-pontdevaux-tourisme.com\/wp-content\/uploads\/2025\/05\/pont-de-vaux-marche-mercredi-g-drevet-scaled.jpg","type":"image\/jpeg"}],"twitter_card":"summary_large_image","schema":{"@context":"https:\/\/schema.org","@graph":[{"@type":"WebPage","@id":"https:\/\/www.bage-pontdevaux-tourisme.com\/en\/what-to-see-and-do\/taste\/markets\/","url":"https:\/\/www.bage-pontdevaux-tourisme.com\/en\/what-to-see-and-do\/taste\/markets\/","name":"Markets - Office de Tourisme du Pays de Bag\u00e9 et de Pont de Vaux","isPartOf":{"@id":"https:\/\/www.bage-pontdevaux-tourisme.com\/en\/#website"},"primaryImageOfPage":{"@id":"https:\/\/www.bage-pontdevaux-tourisme.com\/en\/what-to-see-and-do\/taste\/markets\/#primaryimage"},"image":{"@id":"https:\/\/www.bage-pontdevaux-tourisme.com\/en\/what-to-see-and-do\/taste\/markets\/#primaryimage"},"thumbnailUrl":"https:\/\/www.bage-pontdevaux-tourisme.com\/wp-content\/uploads\/2025\/05\/pont-de-vaux-marche-mercredi-g-drevet-1920x530.jpg","datePublished":"2025-05-22T12:17:42+00:00","dateModified":"2025-10-16T08:39:02+00:00","breadcrumb":{"@id":"https:\/\/www.bage-pontdevaux-tourisme.com\/en\/what-to-see-and-do\/taste\/markets\/#breadcrumb"},"inLanguage":"en-US","potentialAction":[{"@type":"ReadAction","target":["https:\/\/www.bage-pontdevaux-tourisme.com\/en\/what-to-see-and-do\/taste\/markets\/"]}]},{"@type":"ImageObject","inLanguage":"en-US","@id":"https:\/\/www.bage-pontdevaux-tourisme.com\/en\/what-to-see-and-do\/taste\/markets\/#primaryimage","url":"https:\/\/www.bage-pontdevaux-tourisme.com\/wp-content\/uploads\/2025\/05\/pont-de-vaux-marche-mercredi-g-drevet-1920x530.jpg","contentUrl":"https:\/\/www.bage-pontdevaux-tourisme.com\/wp-content\/uploads\/2025\/05\/pont-de-vaux-marche-mercredi-g-drevet-1920x530.jpg"},{"@type":"BreadcrumbList","@id":"https:\/\/www.bage-pontdevaux-tourisme.com\/en\/what-to-see-and-do\/taste\/markets\/#breadcrumb","itemListElement":[{"@type":"ListItem","position":1,"name":"Home","item":"https:\/\/www.bage-pontdevaux-tourisme.com\/en\/a-stones-throw-from-burgundy-a-welcoming-countryside-between-bresse-and-saone\/"},{"@type":"ListItem","position":2,"name":"What to see and do","item":"https:\/\/www.bage-pontdevaux-tourisme.com\/en\/what-to-see-and-do\/"},{"@type":"ListItem","position":3,"name":"Taste","item":"https:\/\/www.bage-pontdevaux-tourisme.com\/en\/what-to-see-and-do\/taste\/"},{"@type":"ListItem","position":4,"name":"Markets"}]},{"@type":"WebSite","@id":"https:\/\/www.bage-pontdevaux-tourisme.com\/en\/#website","url":"https:\/\/www.bage-pontdevaux-tourisme.com\/en\/","name":"Office de Tourisme du Pays de Bag\u00e9 et de Pont de Vaux","description":"","publisher":{"@id":"https:\/\/www.bage-pontdevaux-tourisme.com\/en\/#organization"},"potentialAction":[{"@type":"SearchAction","target":{"@type":"EntryPoint","urlTemplate":"https:\/\/www.bage-pontdevaux-tourisme.com\/en\/?s={search_term_string}"},"query-input":{"@type":"PropertyValueSpecification","valueRequired":true,"valueName":"search_term_string"}}],"inLanguage":"en-US"},{"@type":"Organization","@id":"https:\/\/www.bage-pontdevaux-tourisme.com\/en\/#organization","name":"Office de Tourisme du Pays de Bag\u00e9 et de Pont de Vaux","url":"https:\/\/www.bage-pontdevaux-tourisme.com\/en\/","logo":{"@type":"ImageObject","inLanguage":"en-US","@id":"https:\/\/www.bage-pontdevaux-tourisme.com\/en\/#\/schema\/logo\/image\/","url":"https:\/\/www.bage-pontdevaux-tourisme.com\/wp-content\/uploads\/2025\/05\/logo-pays-de-bage-and-pont-de-vaux.svg","contentUrl":"https:\/\/www.bage-pontdevaux-tourisme.com\/wp-content\/uploads\/2025\/05\/logo-pays-de-bage-and-pont-de-vaux.svg","caption":"Office de Tourisme du Pays de Bag\u00e9 et de Pont de Vaux"},"image":{"@id":"https:\/\/www.bage-pontdevaux-tourisme.com\/en\/#\/schema\/logo\/image\/"}}]}},"_links":{"self":[{"href":"https:\/\/www.bage-pontdevaux-tourisme.com\/en\/wp-json\/wp\/v2\/pages\/8482","targetHints":{"allow":["GET"]}}],"collection":[{"href":"https:\/\/www.bage-pontdevaux-tourisme.com\/en\/wp-json\/wp\/v2\/pages"}],"about":[{"href":"https:\/\/www.bage-pontdevaux-tourisme.com\/en\/wp-json\/wp\/v2\/types\/page"}],"author":[{"embeddable":true,"href":"https:\/\/www.bage-pontdevaux-tourisme.com\/en\/wp-json\/wp\/v2\/users\/1"}],"replies":[{"embeddable":true,"href":"https:\/\/www.bage-pontdevaux-tourisme.com\/en\/wp-json\/wp\/v2\/comments?post=8482"}],"version-history":[{"count":3,"href":"https:\/\/www.bage-pontdevaux-tourisme.com\/en\/wp-json\/wp\/v2\/pages\/8482\/revisions"}],"predecessor-version":[{"id":8923,"href":"https:\/\/www.bage-pontdevaux-tourisme.com\/en\/wp-json\/wp\/v2\/pages\/8482\/revisions\/8923"}],"up":[{"embeddable":true,"href":"https:\/\/www.bage-pontdevaux-tourisme.com\/en\/wp-json\/wp\/v2\/pages\/8609"}],"wp:attachment":[{"href":"https:\/\/www.bage-pontdevaux-tourisme.com\/en\/wp-json\/wp\/v2\/media?parent=8482"}],"curies":[{"name":"wp","href":"https:\/\/api.w.org\/{rel}","templated":true}]}}