{"id":8415,"date":"2025-09-25T14:08:23","date_gmt":"2025-09-25T12:08:23","guid":{"rendered":"https:\/\/www.bage-pontdevaux-tourisme.com\/how-to-get-there\/"},"modified":"2025-10-13T14:26:03","modified_gmt":"2025-10-13T12:26:03","slug":"how-to-get-there","status":"publish","type":"page","link":"https:\/\/www.bage-pontdevaux-tourisme.com\/en\/how-to-get-there\/","title":{"rendered":"How to get there?"},"content":{"rendered":"\n<div class=\"wp-block-ws-library-ws-header-interne is-layout-constrained alignfull\"><div class=\"header-container\"><div class=\"group-media has-image\"><img loading=\"lazy\" decoding=\"async\" width=\"2560\" height=\"1702\" src=\"https:\/\/www.bage-pontdevaux-tourisme.com\/wp-content\/uploads\/2025\/09\/arquebuse-et-pronemade-maryse-dufaux-chollet-scaled.jpg\" alt=\"\" class=\"image_large_square wp-image-7086  \" srcset=\"https:\/\/www.bage-pontdevaux-tourisme.com\/wp-content\/uploads\/2025\/09\/arquebuse-et-pronemade-maryse-dufaux-chollet-scaled.jpg 2560w, https:\/\/www.bage-pontdevaux-tourisme.com\/wp-content\/uploads\/2025\/09\/arquebuse-et-pronemade-maryse-dufaux-chollet-scaled-300x199.jpg 300w, https:\/\/www.bage-pontdevaux-tourisme.com\/wp-content\/uploads\/2025\/09\/arquebuse-et-pronemade-maryse-dufaux-chollet-scaled-768x511.jpg 768w, https:\/\/www.bage-pontdevaux-tourisme.com\/wp-content\/uploads\/2025\/09\/arquebuse-et-pronemade-maryse-dufaux-chollet-scaled-1024x681.jpg 1024w, https:\/\/www.bage-pontdevaux-tourisme.com\/wp-content\/uploads\/2025\/09\/arquebuse-et-pronemade-maryse-dufaux-chollet-scaled-1536x1021.jpg 1536w, https:\/\/www.bage-pontdevaux-tourisme.com\/wp-content\/uploads\/2025\/09\/arquebuse-et-pronemade-maryse-dufaux-chollet-scaled-2048x1362.jpg 2048w, https:\/\/www.bage-pontdevaux-tourisme.com\/wp-content\/uploads\/2025\/09\/arquebuse-et-pronemade-maryse-dufaux-chollet-scaled-690x460.jpg 690w, https:\/\/www.bage-pontdevaux-tourisme.com\/wp-content\/uploads\/2025\/09\/arquebuse-et-pronemade-maryse-dufaux-chollet-scaled-960x638.jpg 960w\" sizes=\"auto, (max-width: 2560px) 100vw, 2560px\" \/><\/div><div class=\"group-content\"><div class=\"title\"><h1>How to get there?<\/h1><\/div><\/div><\/div><div class=\"yoast-breadcrumbs\"><span><span><a href=\"https:\/\/www.bage-pontdevaux-tourisme.com\/en\/a-stones-throw-from-burgundy-a-welcoming-countryside-between-bresse-and-saone\/\">Home<\/a><\/span> \/ <span class=\"breadcrumb_last\" aria-current=\"page\">How to get there?<\/span><\/span><\/div><\/div>\n\n<div class=\"wp-block-ws-library-ws-title is-style-wave-blue\"><h2>A very accessible territory<\/h2><\/div>\n\n<p><strong>The Bresse et Sa\u00f4ne area<\/strong>, all of which are located less than 15 minutes from a motorway entrance, <strong>is easily accessible<\/strong>. Bordered to the west by the <strong>A6 motorway<\/strong> (Exit n\u00b027 Macon Sud or n\u00b028 Macon Nord &#8211; Pont-de-Vaux) and to the south by the <strong>A40 motorway <\/strong>(Exit n\u00b02 feillens &#8211; Pont-de-Vaux). <\/p>\n\n<div class=\"wp-block-ws-library-ws-title is-style-wave-blue\"><h2>Means of transport<\/h2><\/div>\n\n<div class=\"wp-block-ws-library-ws-title is-style-wave-rose\"><h4>All aboard<\/h4><\/div>\n\n<p class=\"has-text-align-left\"><strong>Taxi Pro<\/strong> 301, Chemin des carrons 01570 Manziat +33 03 85 30 15 94<\/p>\n\n<p><strong>Taxi Mickael Saive<\/strong> 1007 Grande route 01190 Ozan + 33 06 25 19 52 10<\/p>\n\n<p><strong>Taxi ambulances Pont-de-Vau<\/strong>x 358 Route de Montrevel 01190 Pont-de-Vaux + 33 03 85 23 86 10<\/p>\n\n<div class=\"wp-block-ws-library-ws-title is-style-wave-rose\"><h4>By bus<\/h4><\/div>\n\n<p><strong>Bus transport<\/strong> R\u00e9gie des transports de l&#8217;Ain <a href=\"http:\/\/www.car.ain.fr\">www.car.ain.fr<\/a>, line 155 Pont-de-Vaux M\u00e2con and line 118 Bourg-en-Bresse M\u00e2con. Single ticket on sale on the bus \u20ac2. <\/p>\n\n<div class=\"wp-block-ws-library-ws-title is-style-wave-rose\"><h4>By train<\/h4><\/div>\n\n<p><strong>Train<\/strong> SNCF <a href=\"http:\/\/www.voyagessncf.com\">www.voyagessncf.com<\/a> for the main lines or <a href=\"http:\/\/www.ter.sncf.com\">www.ter.sncf.com<\/a> for the regional network. <strong>Nearest train stations <\/strong>: M\u00e2con ville, M\u00e2con Loch\u00e9 or Bourg-en-Bresse for the TGV  <\/p>\n\n<div class=\"wp-block-ws-library-ws-title is-style-wave-rose\"><h4>By plane<\/h4><\/div>\n\n<p><strong> <strong>Saint-Exup\u00e9ry airport in Lyon<\/strong> (1 hour) <a href=\"http:\/\/www.lyonaerports.com\">www.lyonaerports.com<\/a>, Rh\u00f4ne express shuttles to reach Saint-Exup\u00e9ry airport in 30 minutes from Part Dieu <a href=\"http:\/\/www.rhonexpress.fr\">www.rhonexpress.fr<\/a> station (every 15 minutes)<\/strong><\/p>\n\n<p><strong>Geneva-Cointrain Airport<\/strong> (2 hours)<a href=\"http:\/\/www.gva.ch\">www.gva.ch<\/a> <\/p>\n","protected":false},"excerpt":{"rendered":"<p>The Bresse et Sa\u00f4ne area, all of which are located less than 15 minutes from a motorway entrance, is easily [&hellip;]<\/p>\n","protected":false},"author":1,"featured_media":0,"parent":0,"menu_order":0,"comment_status":"closed","ping_status":"closed","template":"","meta":{"footnotes":""},"class_list":["post-8415","page","type-page","status-publish","hentry"],"yoast_head":"<!-- This site is optimized with the Yoast SEO plugin v27.4 - https:\/\/yoast.com\/product\/yoast-seo-wordpress\/ -->\n<title>How to get there? - Office de Tourisme du Pays de Bag\u00e9 et de Pont de Vaux<\/title>\n<meta name=\"robots\" content=\"index, follow, max-snippet:-1, max-image-preview:large, max-video-preview:-1\" \/>\n<link rel=\"canonical\" href=\"https:\/\/www.bage-pontdevaux-tourisme.com\/en\/how-to-get-there\/\" \/>\n<meta property=\"og:locale\" content=\"en_US\" \/>\n<meta property=\"og:type\" content=\"article\" \/>\n<meta property=\"og:title\" content=\"How to get there? - Office de Tourisme du Pays de Bag\u00e9 et de Pont de Vaux\" \/>\n<meta property=\"og:description\" content=\"The Bresse et Sa\u00f4ne area, all of which are located less than 15 minutes from a motorway entrance, is easily [&hellip;]\" \/>\n<meta property=\"og:url\" content=\"https:\/\/www.bage-pontdevaux-tourisme.com\/en\/how-to-get-there\/\" \/>\n<meta property=\"og:site_name\" content=\"Office de Tourisme du Pays de Bag\u00e9 et de Pont de Vaux\" \/>\n<meta property=\"article:modified_time\" content=\"2025-10-13T12:26:03+00:00\" \/>\n<meta property=\"og:image\" content=\"https:\/\/www.bage-pontdevaux-tourisme.com\/wp-content\/uploads\/2025\/09\/arquebuse-et-pronemade-maryse-dufaux-chollet-1920x530.jpg\" \/>\n<meta name=\"twitter:card\" content=\"summary_large_image\" \/>\n<meta name=\"twitter:label1\" content=\"Est. reading time\" \/>\n\t<meta name=\"twitter:data1\" content=\"1 minute\" \/>\n<script type=\"application\/ld+json\" class=\"yoast-schema-graph\">{\"@context\":\"https:\\\/\\\/schema.org\",\"@graph\":[{\"@type\":\"WebPage\",\"@id\":\"https:\\\/\\\/www.bage-pontdevaux-tourisme.com\\\/en\\\/how-to-get-there\\\/\",\"url\":\"https:\\\/\\\/www.bage-pontdevaux-tourisme.com\\\/en\\\/how-to-get-there\\\/\",\"name\":\"How to get there? - Office de Tourisme du Pays de Bag\u00e9 et de Pont de Vaux\",\"isPartOf\":{\"@id\":\"https:\\\/\\\/www.bage-pontdevaux-tourisme.com\\\/en\\\/#website\"},\"primaryImageOfPage\":{\"@id\":\"https:\\\/\\\/www.bage-pontdevaux-tourisme.com\\\/en\\\/how-to-get-there\\\/#primaryimage\"},\"image\":{\"@id\":\"https:\\\/\\\/www.bage-pontdevaux-tourisme.com\\\/en\\\/how-to-get-there\\\/#primaryimage\"},\"thumbnailUrl\":\"https:\\\/\\\/www.bage-pontdevaux-tourisme.com\\\/wp-content\\\/uploads\\\/2025\\\/09\\\/arquebuse-et-pronemade-maryse-dufaux-chollet-scaled.jpg\",\"datePublished\":\"2025-09-25T12:08:23+00:00\",\"dateModified\":\"2025-10-13T12:26:03+00:00\",\"breadcrumb\":{\"@id\":\"https:\\\/\\\/www.bage-pontdevaux-tourisme.com\\\/en\\\/how-to-get-there\\\/#breadcrumb\"},\"inLanguage\":\"en-US\",\"potentialAction\":[{\"@type\":\"ReadAction\",\"target\":[\"https:\\\/\\\/www.bage-pontdevaux-tourisme.com\\\/en\\\/how-to-get-there\\\/\"]}]},{\"@type\":\"ImageObject\",\"inLanguage\":\"en-US\",\"@id\":\"https:\\\/\\\/www.bage-pontdevaux-tourisme.com\\\/en\\\/how-to-get-there\\\/#primaryimage\",\"url\":\"https:\\\/\\\/www.bage-pontdevaux-tourisme.com\\\/wp-content\\\/uploads\\\/2025\\\/09\\\/arquebuse-et-pronemade-maryse-dufaux-chollet-scaled.jpg\",\"contentUrl\":\"https:\\\/\\\/www.bage-pontdevaux-tourisme.com\\\/wp-content\\\/uploads\\\/2025\\\/09\\\/arquebuse-et-pronemade-maryse-dufaux-chollet-scaled.jpg\"},{\"@type\":\"BreadcrumbList\",\"@id\":\"https:\\\/\\\/www.bage-pontdevaux-tourisme.com\\\/en\\\/how-to-get-there\\\/#breadcrumb\",\"itemListElement\":[{\"@type\":\"ListItem\",\"position\":1,\"name\":\"Home\",\"item\":\"https:\\\/\\\/www.bage-pontdevaux-tourisme.com\\\/en\\\/a-stones-throw-from-burgundy-a-welcoming-countryside-between-bresse-and-saone\\\/\"},{\"@type\":\"ListItem\",\"position\":2,\"name\":\"How to get there?\"}]},{\"@type\":\"WebSite\",\"@id\":\"https:\\\/\\\/www.bage-pontdevaux-tourisme.com\\\/en\\\/#website\",\"url\":\"https:\\\/\\\/www.bage-pontdevaux-tourisme.com\\\/en\\\/\",\"name\":\"Office de Tourisme du Pays de Bag\u00e9 et de Pont de Vaux\",\"description\":\"\",\"publisher\":{\"@id\":\"https:\\\/\\\/www.bage-pontdevaux-tourisme.com\\\/en\\\/#organization\"},\"potentialAction\":[{\"@type\":\"SearchAction\",\"target\":{\"@type\":\"EntryPoint\",\"urlTemplate\":\"https:\\\/\\\/www.bage-pontdevaux-tourisme.com\\\/en\\\/?s={search_term_string}\"},\"query-input\":{\"@type\":\"PropertyValueSpecification\",\"valueRequired\":true,\"valueName\":\"search_term_string\"}}],\"inLanguage\":\"en-US\"},{\"@type\":\"Organization\",\"@id\":\"https:\\\/\\\/www.bage-pontdevaux-tourisme.com\\\/en\\\/#organization\",\"name\":\"Office de Tourisme du Pays de Bag\u00e9 et de Pont de Vaux\",\"url\":\"https:\\\/\\\/www.bage-pontdevaux-tourisme.com\\\/en\\\/\",\"logo\":{\"@type\":\"ImageObject\",\"inLanguage\":\"en-US\",\"@id\":\"https:\\\/\\\/www.bage-pontdevaux-tourisme.com\\\/en\\\/#\\\/schema\\\/logo\\\/image\\\/\",\"url\":\"https:\\\/\\\/www.bage-pontdevaux-tourisme.com\\\/wp-content\\\/uploads\\\/2025\\\/05\\\/logo-pays-de-bage-and-pont-de-vaux.svg\",\"contentUrl\":\"https:\\\/\\\/www.bage-pontdevaux-tourisme.com\\\/wp-content\\\/uploads\\\/2025\\\/05\\\/logo-pays-de-bage-and-pont-de-vaux.svg\",\"caption\":\"Office de Tourisme du Pays de Bag\u00e9 et de Pont de Vaux\"},\"image\":{\"@id\":\"https:\\\/\\\/www.bage-pontdevaux-tourisme.com\\\/en\\\/#\\\/schema\\\/logo\\\/image\\\/\"}}]}<\/script>\n<!-- \/ Yoast SEO plugin. -->","yoast_head_json":{"title":"How to get there? - Office de Tourisme du Pays de Bag\u00e9 et de Pont de Vaux","robots":{"index":"index","follow":"follow","max-snippet":"max-snippet:-1","max-image-preview":"max-image-preview:large","max-video-preview":"max-video-preview:-1"},"canonical":"https:\/\/www.bage-pontdevaux-tourisme.com\/en\/how-to-get-there\/","og_locale":"en_US","og_type":"article","og_title":"How to get there? - Office de Tourisme du Pays de Bag\u00e9 et de Pont de Vaux","og_description":"The Bresse et Sa\u00f4ne area, all of which are located less than 15 minutes from a motorway entrance, is easily [&hellip;]","og_url":"https:\/\/www.bage-pontdevaux-tourisme.com\/en\/how-to-get-there\/","og_site_name":"Office de Tourisme du Pays de Bag\u00e9 et de Pont de Vaux","article_modified_time":"2025-10-13T12:26:03+00:00","og_image":[{"url":"https:\/\/www.bage-pontdevaux-tourisme.com\/wp-content\/uploads\/2025\/09\/arquebuse-et-pronemade-maryse-dufaux-chollet-1920x530.jpg","type":"","width":"","height":""}],"twitter_card":"summary_large_image","twitter_misc":{"Est. reading time":"1 minute"},"schema":{"@context":"https:\/\/schema.org","@graph":[{"@type":"WebPage","@id":"https:\/\/www.bage-pontdevaux-tourisme.com\/en\/how-to-get-there\/","url":"https:\/\/www.bage-pontdevaux-tourisme.com\/en\/how-to-get-there\/","name":"How to get there? - Office de Tourisme du Pays de Bag\u00e9 et de Pont de Vaux","isPartOf":{"@id":"https:\/\/www.bage-pontdevaux-tourisme.com\/en\/#website"},"primaryImageOfPage":{"@id":"https:\/\/www.bage-pontdevaux-tourisme.com\/en\/how-to-get-there\/#primaryimage"},"image":{"@id":"https:\/\/www.bage-pontdevaux-tourisme.com\/en\/how-to-get-there\/#primaryimage"},"thumbnailUrl":"https:\/\/www.bage-pontdevaux-tourisme.com\/wp-content\/uploads\/2025\/09\/arquebuse-et-pronemade-maryse-dufaux-chollet-scaled.jpg","datePublished":"2025-09-25T12:08:23+00:00","dateModified":"2025-10-13T12:26:03+00:00","breadcrumb":{"@id":"https:\/\/www.bage-pontdevaux-tourisme.com\/en\/how-to-get-there\/#breadcrumb"},"inLanguage":"en-US","potentialAction":[{"@type":"ReadAction","target":["https:\/\/www.bage-pontdevaux-tourisme.com\/en\/how-to-get-there\/"]}]},{"@type":"ImageObject","inLanguage":"en-US","@id":"https:\/\/www.bage-pontdevaux-tourisme.com\/en\/how-to-get-there\/#primaryimage","url":"https:\/\/www.bage-pontdevaux-tourisme.com\/wp-content\/uploads\/2025\/09\/arquebuse-et-pronemade-maryse-dufaux-chollet-scaled.jpg","contentUrl":"https:\/\/www.bage-pontdevaux-tourisme.com\/wp-content\/uploads\/2025\/09\/arquebuse-et-pronemade-maryse-dufaux-chollet-scaled.jpg"},{"@type":"BreadcrumbList","@id":"https:\/\/www.bage-pontdevaux-tourisme.com\/en\/how-to-get-there\/#breadcrumb","itemListElement":[{"@type":"ListItem","position":1,"name":"Home","item":"https:\/\/www.bage-pontdevaux-tourisme.com\/en\/a-stones-throw-from-burgundy-a-welcoming-countryside-between-bresse-and-saone\/"},{"@type":"ListItem","position":2,"name":"How to get there?"}]},{"@type":"WebSite","@id":"https:\/\/www.bage-pontdevaux-tourisme.com\/en\/#website","url":"https:\/\/www.bage-pontdevaux-tourisme.com\/en\/","name":"Office de Tourisme du Pays de Bag\u00e9 et de Pont de Vaux","description":"","publisher":{"@id":"https:\/\/www.bage-pontdevaux-tourisme.com\/en\/#organization"},"potentialAction":[{"@type":"SearchAction","target":{"@type":"EntryPoint","urlTemplate":"https:\/\/www.bage-pontdevaux-tourisme.com\/en\/?s={search_term_string}"},"query-input":{"@type":"PropertyValueSpecification","valueRequired":true,"valueName":"search_term_string"}}],"inLanguage":"en-US"},{"@type":"Organization","@id":"https:\/\/www.bage-pontdevaux-tourisme.com\/en\/#organization","name":"Office de Tourisme du Pays de Bag\u00e9 et de Pont de Vaux","url":"https:\/\/www.bage-pontdevaux-tourisme.com\/en\/","logo":{"@type":"ImageObject","inLanguage":"en-US","@id":"https:\/\/www.bage-pontdevaux-tourisme.com\/en\/#\/schema\/logo\/image\/","url":"https:\/\/www.bage-pontdevaux-tourisme.com\/wp-content\/uploads\/2025\/05\/logo-pays-de-bage-and-pont-de-vaux.svg","contentUrl":"https:\/\/www.bage-pontdevaux-tourisme.com\/wp-content\/uploads\/2025\/05\/logo-pays-de-bage-and-pont-de-vaux.svg","caption":"Office de Tourisme du Pays de Bag\u00e9 et de Pont de Vaux"},"image":{"@id":"https:\/\/www.bage-pontdevaux-tourisme.com\/en\/#\/schema\/logo\/image\/"}}]}},"_links":{"self":[{"href":"https:\/\/www.bage-pontdevaux-tourisme.com\/en\/wp-json\/wp\/v2\/pages\/8415","targetHints":{"allow":["GET"]}}],"collection":[{"href":"https:\/\/www.bage-pontdevaux-tourisme.com\/en\/wp-json\/wp\/v2\/pages"}],"about":[{"href":"https:\/\/www.bage-pontdevaux-tourisme.com\/en\/wp-json\/wp\/v2\/types\/page"}],"author":[{"embeddable":true,"href":"https:\/\/www.bage-pontdevaux-tourisme.com\/en\/wp-json\/wp\/v2\/users\/1"}],"replies":[{"embeddable":true,"href":"https:\/\/www.bage-pontdevaux-tourisme.com\/en\/wp-json\/wp\/v2\/comments?post=8415"}],"version-history":[{"count":1,"href":"https:\/\/www.bage-pontdevaux-tourisme.com\/en\/wp-json\/wp\/v2\/pages\/8415\/revisions"}],"predecessor-version":[{"id":8416,"href":"https:\/\/www.bage-pontdevaux-tourisme.com\/en\/wp-json\/wp\/v2\/pages\/8415\/revisions\/8416"}],"wp:attachment":[{"href":"https:\/\/www.bage-pontdevaux-tourisme.com\/en\/wp-json\/wp\/v2\/media?parent=8415"}],"curies":[{"name":"wp","href":"https:\/\/api.w.org\/{rel}","templated":true}]}}