{"id":8332,"date":"2025-05-22T14:17:38","date_gmt":"2025-05-22T12:17:38","guid":{"rendered":"https:\/\/www.bage-pontdevaux-tourisme.com\/the-saone-the-rivers-and-the-canal\/"},"modified":"2025-10-30T16:10:17","modified_gmt":"2025-10-30T15:10:17","slug":"the-saone-the-rivers-and-the-canal","status":"publish","type":"page","link":"https:\/\/www.bage-pontdevaux-tourisme.com\/en\/essential\/water\/the-saone-the-rivers-and-the-canal\/","title":{"rendered":"The Sa\u00f4ne, the rivers and the canal"},"content":{"rendered":"\n<div class=\"wp-block-ws-library-ws-header-interne is-layout-constrained alignfull\"><div class=\"header-container\"><div class=\"group-media has-image\"><img decoding=\"async\" src=\"https:\/\/www.bage-pontdevaux-tourisme.com\/wp-content\/uploads\/2025\/05\/bateau-canal-de-pont-de-vaux-1920x530.jpg\" alt=\"\" class=\"image_large_square wp-image-31  \"\/><\/div><div class=\"group-content\"><div class=\"title\"><h1>The Sa\u00f4ne, the rivers and the canal<\/h1><\/div><\/div><\/div><div class=\"yoast-breadcrumbs\"><span><span><a href=\"https:\/\/www.bage-pontdevaux-tourisme.com\/en\/a-stones-throw-from-burgundy-a-welcoming-countryside-between-bresse-and-saone\/\">Home<\/a><\/span> \/ <span><a href=\"https:\/\/www.bage-pontdevaux-tourisme.com\/en\/essential\/\">Essential<\/a><\/span> \/ <span><a href=\"https:\/\/www.bage-pontdevaux-tourisme.com\/en\/essential\/water\/\">Water<\/a><\/span> \/ <span class=\"breadcrumb_last\" aria-current=\"page\">The Sa\u00f4ne, the rivers and the canal<\/span><\/span><\/div><\/div>\n\n<div class=\"wp-block-ws-library-ws-title is-style-wave-blue\"><h2>Preserved wildlife and popular fishing sites<\/h2><\/div>\n\n<p><strong>The Sa\u00f4ne<\/strong> rises in Viom\u00e9nil in the Vosges and after 480km flows into the Rh\u00f4ne at Lyon. It traces the western border of the <strong>department of Ain<\/strong>. The river is shallow and is characterized by the gentle regularity of its flow. For 300 years, boats have been sailing on the Sa\u00f4ne. Emperor Julius Caesar was one of the first to name the river &#8220;Arar&#8221;, whose &#8220;course is so prodigiously slow that the eye cannot see which way its waters are headed&#8221;, shortly afterwards it took the term Sauconna designating &#8220;a deity of the waters&#8221; before becoming &#8220;Sa\u00f4ne&#8221;.      <\/p>\n\n<p><strong>From Pont-de-Vaux to Replonges<\/strong>, the landscape is shaped by the winter floods of this river which extend on the left bank on the <strong>large floodplain meadow of the Val de Sa\u00f4ne <\/strong>, classified as a Sensitive Natural Area of the Ain department. This phenomenon gives rise to an <strong>exceptional natural environment<\/strong> where nearly a hundred nesting birds and nearly <strong>400 species of flowers,<\/strong> 40 of which are protected, have taken up residence. Among the protected species we can find the loose-flowered orchid, the fritillary, etc. It is important to know that <strong>20% of the French population of curlews, black-tailed godwits and corncrake<\/strong> are also found here.   <\/p>\n\n<p>The Sa\u00f4ne is a delight <strong>for catfish fishermen<\/strong> or <strong>night carp fishing enthusiasts<\/strong> , which is allowed all year round on the SA28 left bank (Pont-de-Vaux), upstream PK 98.800 and PK 97.600 downstream over a length of 1400 metres, and on the SA34 left bank (Feillens, Rplonges, Gri\u00e8ges),  upstream limit PK 85.000 and downstream limit 76.500 over a length of 8.5 km.<\/p>\n\n<div class=\"wp-block-ws-library-ws-slider alignwide\"><div class=\"splide\" data-splide=\"{\"type\":\"slide\",\"heightRatio\":\"auto\",\"perMove\":1,\"fixedWidth\":445,\"drag\":true,\"pagination\":0,\"autoplay\":false,\"gap\":\"25px\"}\"><div class=\"splide__track\"><div class=\"splide__list\"><div class=\"splide__slide\"><a href=\"https:\/\/www.bage-pontdevaux-tourisme.com\/wp-content\/uploads\/2025\/05\/a-descottes-bords-de-saone-scaled.jpg\" data-glightbox=\"true\" class=\"lightbox-trigger\"><img decoding=\"async\" src=\"https:\/\/www.bage-pontdevaux-tourisme.com\/wp-content\/uploads\/2025\/05\/a-descottes-bords-de-saone-445x250.jpg\" alt=\"\"><\/a><\/div><div class=\"splide__slide\"><a href=\"https:\/\/www.bage-pontdevaux-tourisme.com\/wp-content\/uploads\/2025\/05\/replonges-dscn3015-445x250.jpg\" data-glightbox=\"true\" class=\"lightbox-trigger\"><img decoding=\"async\" src=\"https:\/\/www.bage-pontdevaux-tourisme.com\/wp-content\/uploads\/2025\/05\/replonges-dscn3015-445x250.jpg\" alt=\"\"><\/a><\/div><div class=\"splide__slide\"><a href=\"https:\/\/www.bage-pontdevaux-tourisme.com\/wp-content\/uploads\/2025\/05\/pont-de-vaux-prairie-fritilaire-a-joubert-laurencin-scaled.jpg\" data-glightbox=\"true\" class=\"lightbox-trigger\"><img decoding=\"async\" src=\"https:\/\/www.bage-pontdevaux-tourisme.com\/wp-content\/uploads\/2025\/05\/pont-de-vaux-prairie-fritilaire-a-joubert-laurencin-445x250.jpg\" alt=\"\"><\/a><\/div><div class=\"splide__slide\"><a href=\"https:\/\/www.bage-pontdevaux-tourisme.com\/wp-content\/uploads\/2025\/08\/vielle-seille-2-445x250.jpg\" data-glightbox=\"true\" class=\"lightbox-trigger\"><img decoding=\"async\" src=\"https:\/\/www.bage-pontdevaux-tourisme.com\/wp-content\/uploads\/2025\/08\/vielle-seille-2-445x250.jpg\" alt=\"\"><\/a><\/div><div class=\"splide__slide\"><a href=\"https:\/\/www.bage-pontdevaux-tourisme.com\/wp-content\/uploads\/2025\/05\/p1070397-scaled.jpg\" data-glightbox=\"true\" class=\"lightbox-trigger\"><img decoding=\"async\" src=\"https:\/\/www.bage-pontdevaux-tourisme.com\/wp-content\/uploads\/2025\/05\/p1070397-445x250.jpg\" alt=\"\"><\/a><\/div><div class=\"splide__slide\"><a href=\"https:\/\/www.bage-pontdevaux-tourisme.com\/wp-content\/uploads\/2025\/05\/x-2022-cardamine-anim-prairie-445x250.jpg\" data-glightbox=\"true\" class=\"lightbox-trigger\"><img decoding=\"async\" src=\"https:\/\/www.bage-pontdevaux-tourisme.com\/wp-content\/uploads\/2025\/05\/x-2022-cardamine-anim-prairie-445x250.jpg\" alt=\"\"><\/a><\/div><div class=\"splide__slide\"><a href=\"https:\/\/www.bage-pontdevaux-tourisme.com\/wp-content\/uploads\/2025\/05\/c-beraud-la-saone-scaled.jpg\" data-glightbox=\"true\" class=\"lightbox-trigger\"><img decoding=\"async\" src=\"https:\/\/www.bage-pontdevaux-tourisme.com\/wp-content\/uploads\/2025\/05\/c-beraud-la-saone-445x250.jpg\" alt=\"\"><\/a><\/div><div class=\"splide__slide\"><a href=\"https:\/\/www.bage-pontdevaux-tourisme.com\/wp-content\/uploads\/2025\/06\/voie-bleue-v50-ain-31-guillaume-robert-famy-2-445x250.jpg\" data-glightbox=\"true\" class=\"lightbox-trigger\"><img decoding=\"async\" src=\"https:\/\/www.bage-pontdevaux-tourisme.com\/wp-content\/uploads\/2025\/06\/voie-bleue-v50-ain-31-guillaume-robert-famy-2-445x250.jpg\" alt=\"\"><\/a><\/div><div class=\"splide__slide\"><a href=\"https:\/\/www.bage-pontdevaux-tourisme.com\/wp-content\/uploads\/2025\/05\/orchis-a-fleurs-laches-445x250.jpg\" data-glightbox=\"true\" class=\"lightbox-trigger\"><img decoding=\"async\" src=\"https:\/\/www.bage-pontdevaux-tourisme.com\/wp-content\/uploads\/2025\/05\/orchis-a-fleurs-laches-445x250.jpg\" alt=\"\"><\/a><\/div><div class=\"splide__slide\"><a href=\"https:\/\/www.bage-pontdevaux-tourisme.com\/wp-content\/uploads\/2025\/05\/maison-de-leau-et-la-nature-anim-prairie-inondable-pont-de-vaux-445x250.jpg\" data-glightbox=\"true\" class=\"lightbox-trigger\"><img decoding=\"async\" src=\"https:\/\/www.bage-pontdevaux-tourisme.com\/wp-content\/uploads\/2025\/05\/maison-de-leau-et-la-nature-anim-prairie-inondable-pont-de-vaux-445x250.jpg\" alt=\"\"><\/a><\/div><\/div><\/div><\/div><\/div>\n\n<p><strong>The Seille or the old Seille<\/strong> <strong>in Sermoyer<\/strong> which borders the northern part of our territory in the commune of Sermoyer. is one of the most beautiful navigable rivers in France. It has its source in the first foothills of the Jura (Grotte de Baume les Messieurs). Its length is 114 km from its source to La Truch\u00e8re where it flows into the Sa\u00f4ne. Its depth is 3.50 m but can reach up to 7 m in some places. It was a privileged route for the trade of salt from Lons le Saunier and Salins. It is a river popular with <strong>fishermen who fish for white fish or catfish.<\/strong>      <\/p>\n\n<p><strong>The Reyssouze is a tributary of the Sa\u00f4ne<\/strong> which rises in Journans in the Bugey (Ain) and flows after a 75 km course through the Bresse into the Sa\u00f4ne on the border of the communes of Pont-de-Vaux and Reyssouze. This river, whose course is slow, even and peaceful, has been punctuated by mills since the Middle Ages and renowned for fishing <strong>for white fish (zander, pike, bleak or gudgeon&#8230;<\/strong>).   <\/p>\n\n<div class=\"wp-block-ws-library-ws-slider alignwide\"><div class=\"splide\" data-splide=\"{\"type\":\"slide\",\"heightRatio\":\"auto\",\"perMove\":1,\"fixedWidth\":445,\"drag\":true,\"pagination\":0,\"autoplay\":false,\"gap\":\"25px\"}\"><div class=\"splide__track\"><div class=\"splide__list\"><div class=\"splide__slide\"><a href=\"https:\/\/www.bage-pontdevaux-tourisme.com\/wp-content\/uploads\/2025\/09\/dsc-0848-scaled.jpg\" data-glightbox=\"true\" class=\"lightbox-trigger\"><img decoding=\"async\" src=\"https:\/\/www.bage-pontdevaux-tourisme.com\/wp-content\/uploads\/2025\/09\/dsc-0848-445x250.jpg\" alt=\"\"><\/a><\/div><div class=\"splide__slide\"><a href=\"https:\/\/www.bage-pontdevaux-tourisme.com\/wp-content\/uploads\/2025\/05\/20240827-183705-scaled.jpg\" data-glightbox=\"true\" class=\"lightbox-trigger\"><img decoding=\"async\" src=\"https:\/\/www.bage-pontdevaux-tourisme.com\/wp-content\/uploads\/2025\/05\/20240827-183705-445x250.jpg\" alt=\"Port of Pont-de-Vaux\"><\/a><\/div><div class=\"splide__slide\"><a href=\"https:\/\/www.bage-pontdevaux-tourisme.com\/wp-content\/uploads\/2025\/09\/dsc-0840-scaled.jpg\" data-glightbox=\"true\" class=\"lightbox-trigger\"><img decoding=\"async\" src=\"https:\/\/www.bage-pontdevaux-tourisme.com\/wp-content\/uploads\/2025\/09\/dsc-0840-445x250.jpg\" alt=\"\"><\/a><\/div><div class=\"splide__slide\"><a href=\"https:\/\/www.bage-pontdevaux-tourisme.com\/wp-content\/uploads\/2025\/05\/p1110103-scaled.jpg\" data-glightbox=\"true\" class=\"lightbox-trigger\"><img decoding=\"async\" src=\"https:\/\/www.bage-pontdevaux-tourisme.com\/wp-content\/uploads\/2025\/05\/p1110103-445x250.jpg\" alt=\"\"><\/a><\/div><div class=\"splide__slide\"><a href=\"https:\/\/www.bage-pontdevaux-tourisme.com\/wp-content\/uploads\/2025\/06\/voie-bleue-v50-ain-30-guillaume-robert-famy-2-445x250.jpg\" data-glightbox=\"true\" class=\"lightbox-trigger\"><img decoding=\"async\" src=\"https:\/\/www.bage-pontdevaux-tourisme.com\/wp-content\/uploads\/2025\/06\/voie-bleue-v50-ain-30-guillaume-robert-famy-2-445x250.jpg\" alt=\"Cyclists on the path along the Pont-de-Vaux canal to access the Voie Bleue\"><\/a><\/div><div class=\"splide__slide\"><a href=\"https:\/\/www.bage-pontdevaux-tourisme.com\/wp-content\/uploads\/2025\/05\/ecluse-fbereziat-aintourisme-scaled.jpg\" data-glightbox=\"true\" class=\"lightbox-trigger\"><img decoding=\"async\" src=\"https:\/\/www.bage-pontdevaux-tourisme.com\/wp-content\/uploads\/2025\/05\/ecluse-fbereziat-aintourisme-445x250.jpg\" alt=\"\"><\/a><\/div><div class=\"splide__slide\"><a href=\"https:\/\/www.bage-pontdevaux-tourisme.com\/wp-content\/uploads\/2025\/05\/canal-fbereziat-aintourisme-scaled.jpg\" data-glightbox=\"true\" class=\"lightbox-trigger\"><img decoding=\"async\" src=\"https:\/\/www.bage-pontdevaux-tourisme.com\/wp-content\/uploads\/2025\/05\/canal-fbereziat-aintourisme-445x250.jpg\" alt=\"\"><\/a><\/div><div class=\"splide__slide\"><a href=\"https:\/\/www.bage-pontdevaux-tourisme.com\/wp-content\/uploads\/2025\/05\/bateau-canal-de-pont-de-vaux-scaled.jpg\" data-glightbox=\"true\" class=\"lightbox-trigger\"><img decoding=\"async\" src=\"https:\/\/www.bage-pontdevaux-tourisme.com\/wp-content\/uploads\/2025\/05\/bateau-canal-de-pont-de-vaux-scaled.jpg\" alt=\"\"><\/a><\/div><div class=\"splide__slide\"><a href=\"https:\/\/www.bage-pontdevaux-tourisme.com\/wp-content\/uploads\/2025\/05\/bateau-ville-de-pont-de-vaux-2-ecluse-de-la-truchere-g-drevet-scaled.jpg\" data-glightbox=\"true\" class=\"lightbox-trigger\"><img decoding=\"async\" src=\"https:\/\/www.bage-pontdevaux-tourisme.com\/wp-content\/uploads\/2025\/05\/bateau-ville-de-pont-de-vaux-2-ecluse-de-la-truchere-g-drevet-445x250.jpg\" alt=\"\"><\/a><\/div><div class=\"splide__slide\"><a href=\"https:\/\/www.bage-pontdevaux-tourisme.com\/wp-content\/uploads\/2025\/08\/a-descottes-sermoyer-vielle-seille-445x250.jpg\" data-glightbox=\"true\" class=\"lightbox-trigger\"><img decoding=\"async\" src=\"https:\/\/www.bage-pontdevaux-tourisme.com\/wp-content\/uploads\/2025\/08\/a-descottes-sermoyer-vielle-seille-445x250.jpg\" alt=\"\"><\/a><\/div><div class=\"splide__slide\"><a href=\"https:\/\/www.bage-pontdevaux-tourisme.com\/wp-content\/uploads\/2025\/05\/feillens-lac-de-feillens-445x250.jpg\" data-glightbox=\"true\" class=\"lightbox-trigger\"><img decoding=\"async\" src=\"https:\/\/www.bage-pontdevaux-tourisme.com\/wp-content\/uploads\/2025\/05\/feillens-lac-de-feillens-445x250.jpg\" alt=\"\"><\/a><\/div><\/div><\/div><\/div><\/div>\n\n<p><strong>The Pont-de-Vaux canal<\/strong> Imagined by Louis Auguste Bertin and the people of Pontevalle in the eighteenth century to avoid the meanders of the Reyssouze and facilitate the trade then in full expansion in the small town of Bress. Designed by L\u00e9onard Racle, Voltaire&#8217;s architect in Ferney, the Pont-de-Vaux canal was <g id=\"gid_1\">reopened by the municipality of Pont-de-Vaux in 1994<\/g> to accommodate <g id=\"gid_2\">pleasure boating thanks to a marina, equipped with 225 berths<\/g>. This canal thus connects Pont-de-Vaux to the 8000 km of French waterways.  <\/p>\n\n<p><strong>The Lo\u00ebze<\/strong> is a small river that winds <strong>from B\u00e2g\u00e9-Dommartin to Feillens<\/strong> where it flows into the Sa\u00f4ne. Fishing with gear and nets downstream of the Chintres bridge is allowed there. <strong>AAPPMA Le Goujon de la Lo\u00ebze in Feillens<\/strong> <a href=\"https:\/\/www.aappmalaloeze.fr\/\" target=\"_blank\" rel=\"noreferrer noopener\">www.aappma.laloeze.fr<\/a> <\/p>\n\n<p>Federal fishing permits (daily, weekly or annual) are on sale in our reception offices or on <a href=\"http:\/\/www.cartedepeche.fr\" target=\"_blank\" rel=\"noreferrer noopener\">www.cartedepeche.fr<\/a> (<strong>local AAPPMA Le Goujon de la Lo\u00ebze<\/strong> <a href=\"https:\/\/www.aappmalaloeze.fr\/\" target=\"_blank\" rel=\"noreferrer noopener\">https:\/\/www.aappmalaloeze.fr\/<\/a>)<\/p>\n","protected":false},"excerpt":{"rendered":"<p>The Sa\u00f4ne rises in Viom\u00e9nil in the Vosges and after 480km flows into the Rh\u00f4ne at Lyon. It traces the [&hellip;]<\/p>\n","protected":false},"author":1,"featured_media":0,"parent":8477,"menu_order":0,"comment_status":"closed","ping_status":"closed","template":"","meta":{"footnotes":""},"class_list":["post-8332","page","type-page","status-publish","hentry"],"yoast_head":"<!-- This site is optimized with the Yoast SEO plugin v27.4 - https:\/\/yoast.com\/product\/yoast-seo-wordpress\/ -->\n<title>The Sa\u00f4ne, the rivers and the canal - Office de Tourisme du Pays de Bag\u00e9 et de Pont de Vaux<\/title>\n<meta name=\"robots\" content=\"index, follow, max-snippet:-1, max-image-preview:large, max-video-preview:-1\" \/>\n<link rel=\"canonical\" href=\"https:\/\/www.bage-pontdevaux-tourisme.com\/en\/essential\/water\/the-saone-the-rivers-and-the-canal\/\" \/>\n<meta property=\"og:locale\" content=\"en_US\" \/>\n<meta property=\"og:type\" content=\"article\" \/>\n<meta property=\"og:title\" content=\"The Sa\u00f4ne, the rivers and the canal - Office de Tourisme du Pays de Bag\u00e9 et de Pont de Vaux\" \/>\n<meta property=\"og:description\" content=\"The Sa\u00f4ne rises in Viom\u00e9nil in the Vosges and after 480km flows into the Rh\u00f4ne at Lyon. It traces the [&hellip;]\" \/>\n<meta property=\"og:url\" content=\"https:\/\/www.bage-pontdevaux-tourisme.com\/en\/essential\/water\/the-saone-the-rivers-and-the-canal\/\" \/>\n<meta property=\"og:site_name\" content=\"Office de Tourisme du Pays de Bag\u00e9 et de Pont de Vaux\" \/>\n<meta property=\"article:modified_time\" content=\"2025-10-30T15:10:17+00:00\" \/>\n<meta property=\"og:image\" content=\"https:\/\/www.bage-pontdevaux-tourisme.com\/wp-content\/uploads\/2025\/05\/bateau-canal-de-pont-de-vaux-scaled.jpg\" \/>\n\t<meta property=\"og:image:width\" content=\"2560\" \/>\n\t<meta property=\"og:image:height\" content=\"1920\" \/>\n\t<meta property=\"og:image:type\" content=\"image\/jpeg\" \/>\n<meta name=\"twitter:card\" content=\"summary_large_image\" \/>\n<meta name=\"twitter:label1\" content=\"Est. reading time\" \/>\n\t<meta name=\"twitter:data1\" content=\"3 minutes\" \/>\n<script type=\"application\/ld+json\" class=\"yoast-schema-graph\">{\"@context\":\"https:\\\/\\\/schema.org\",\"@graph\":[{\"@type\":\"WebPage\",\"@id\":\"https:\\\/\\\/www.bage-pontdevaux-tourisme.com\\\/en\\\/essential\\\/water\\\/the-saone-the-rivers-and-the-canal\\\/\",\"url\":\"https:\\\/\\\/www.bage-pontdevaux-tourisme.com\\\/en\\\/essential\\\/water\\\/the-saone-the-rivers-and-the-canal\\\/\",\"name\":\"The Sa\u00f4ne, the rivers and the canal - Office de Tourisme du Pays de Bag\u00e9 et de Pont de Vaux\",\"isPartOf\":{\"@id\":\"https:\\\/\\\/www.bage-pontdevaux-tourisme.com\\\/en\\\/#website\"},\"primaryImageOfPage\":{\"@id\":\"https:\\\/\\\/www.bage-pontdevaux-tourisme.com\\\/en\\\/essential\\\/water\\\/the-saone-the-rivers-and-the-canal\\\/#primaryimage\"},\"image\":{\"@id\":\"https:\\\/\\\/www.bage-pontdevaux-tourisme.com\\\/en\\\/essential\\\/water\\\/the-saone-the-rivers-and-the-canal\\\/#primaryimage\"},\"thumbnailUrl\":\"https:\\\/\\\/www.bage-pontdevaux-tourisme.com\\\/wp-content\\\/uploads\\\/2025\\\/05\\\/bateau-canal-de-pont-de-vaux-1920x530.jpg\",\"datePublished\":\"2025-05-22T12:17:38+00:00\",\"dateModified\":\"2025-10-30T15:10:17+00:00\",\"breadcrumb\":{\"@id\":\"https:\\\/\\\/www.bage-pontdevaux-tourisme.com\\\/en\\\/essential\\\/water\\\/the-saone-the-rivers-and-the-canal\\\/#breadcrumb\"},\"inLanguage\":\"en-US\",\"potentialAction\":[{\"@type\":\"ReadAction\",\"target\":[\"https:\\\/\\\/www.bage-pontdevaux-tourisme.com\\\/en\\\/essential\\\/water\\\/the-saone-the-rivers-and-the-canal\\\/\"]}]},{\"@type\":\"ImageObject\",\"inLanguage\":\"en-US\",\"@id\":\"https:\\\/\\\/www.bage-pontdevaux-tourisme.com\\\/en\\\/essential\\\/water\\\/the-saone-the-rivers-and-the-canal\\\/#primaryimage\",\"url\":\"https:\\\/\\\/www.bage-pontdevaux-tourisme.com\\\/wp-content\\\/uploads\\\/2025\\\/05\\\/bateau-canal-de-pont-de-vaux-1920x530.jpg\",\"contentUrl\":\"https:\\\/\\\/www.bage-pontdevaux-tourisme.com\\\/wp-content\\\/uploads\\\/2025\\\/05\\\/bateau-canal-de-pont-de-vaux-1920x530.jpg\"},{\"@type\":\"BreadcrumbList\",\"@id\":\"https:\\\/\\\/www.bage-pontdevaux-tourisme.com\\\/en\\\/essential\\\/water\\\/the-saone-the-rivers-and-the-canal\\\/#breadcrumb\",\"itemListElement\":[{\"@type\":\"ListItem\",\"position\":1,\"name\":\"Home\",\"item\":\"https:\\\/\\\/www.bage-pontdevaux-tourisme.com\\\/en\\\/a-stones-throw-from-burgundy-a-welcoming-countryside-between-bresse-and-saone\\\/\"},{\"@type\":\"ListItem\",\"position\":2,\"name\":\"Essential\",\"item\":\"https:\\\/\\\/www.bage-pontdevaux-tourisme.com\\\/en\\\/essential\\\/\"},{\"@type\":\"ListItem\",\"position\":3,\"name\":\"Water\",\"item\":\"https:\\\/\\\/www.bage-pontdevaux-tourisme.com\\\/en\\\/essential\\\/water\\\/\"},{\"@type\":\"ListItem\",\"position\":4,\"name\":\"The Sa\u00f4ne, the rivers and the canal\"}]},{\"@type\":\"WebSite\",\"@id\":\"https:\\\/\\\/www.bage-pontdevaux-tourisme.com\\\/en\\\/#website\",\"url\":\"https:\\\/\\\/www.bage-pontdevaux-tourisme.com\\\/en\\\/\",\"name\":\"Office de Tourisme du Pays de Bag\u00e9 et de Pont de Vaux\",\"description\":\"\",\"publisher\":{\"@id\":\"https:\\\/\\\/www.bage-pontdevaux-tourisme.com\\\/en\\\/#organization\"},\"potentialAction\":[{\"@type\":\"SearchAction\",\"target\":{\"@type\":\"EntryPoint\",\"urlTemplate\":\"https:\\\/\\\/www.bage-pontdevaux-tourisme.com\\\/en\\\/?s={search_term_string}\"},\"query-input\":{\"@type\":\"PropertyValueSpecification\",\"valueRequired\":true,\"valueName\":\"search_term_string\"}}],\"inLanguage\":\"en-US\"},{\"@type\":\"Organization\",\"@id\":\"https:\\\/\\\/www.bage-pontdevaux-tourisme.com\\\/en\\\/#organization\",\"name\":\"Office de Tourisme du Pays de Bag\u00e9 et de Pont de Vaux\",\"url\":\"https:\\\/\\\/www.bage-pontdevaux-tourisme.com\\\/en\\\/\",\"logo\":{\"@type\":\"ImageObject\",\"inLanguage\":\"en-US\",\"@id\":\"https:\\\/\\\/www.bage-pontdevaux-tourisme.com\\\/en\\\/#\\\/schema\\\/logo\\\/image\\\/\",\"url\":\"https:\\\/\\\/www.bage-pontdevaux-tourisme.com\\\/wp-content\\\/uploads\\\/2025\\\/05\\\/logo-pays-de-bage-and-pont-de-vaux.svg\",\"contentUrl\":\"https:\\\/\\\/www.bage-pontdevaux-tourisme.com\\\/wp-content\\\/uploads\\\/2025\\\/05\\\/logo-pays-de-bage-and-pont-de-vaux.svg\",\"caption\":\"Office de Tourisme du Pays de Bag\u00e9 et de Pont de Vaux\"},\"image\":{\"@id\":\"https:\\\/\\\/www.bage-pontdevaux-tourisme.com\\\/en\\\/#\\\/schema\\\/logo\\\/image\\\/\"}}]}<\/script>\n<!-- \/ Yoast SEO plugin. -->","yoast_head_json":{"title":"The Sa\u00f4ne, the rivers and the canal - Office de Tourisme du Pays de Bag\u00e9 et de Pont de Vaux","robots":{"index":"index","follow":"follow","max-snippet":"max-snippet:-1","max-image-preview":"max-image-preview:large","max-video-preview":"max-video-preview:-1"},"canonical":"https:\/\/www.bage-pontdevaux-tourisme.com\/en\/essential\/water\/the-saone-the-rivers-and-the-canal\/","og_locale":"en_US","og_type":"article","og_title":"The Sa\u00f4ne, the rivers and the canal - Office de Tourisme du Pays de Bag\u00e9 et de Pont de Vaux","og_description":"The Sa\u00f4ne rises in Viom\u00e9nil in the Vosges and after 480km flows into the Rh\u00f4ne at Lyon. It traces the [&hellip;]","og_url":"https:\/\/www.bage-pontdevaux-tourisme.com\/en\/essential\/water\/the-saone-the-rivers-and-the-canal\/","og_site_name":"Office de Tourisme du Pays de Bag\u00e9 et de Pont de Vaux","article_modified_time":"2025-10-30T15:10:17+00:00","og_image":[{"width":2560,"height":1920,"url":"https:\/\/www.bage-pontdevaux-tourisme.com\/wp-content\/uploads\/2025\/05\/bateau-canal-de-pont-de-vaux-scaled.jpg","type":"image\/jpeg"}],"twitter_card":"summary_large_image","twitter_misc":{"Est. reading time":"3 minutes"},"schema":{"@context":"https:\/\/schema.org","@graph":[{"@type":"WebPage","@id":"https:\/\/www.bage-pontdevaux-tourisme.com\/en\/essential\/water\/the-saone-the-rivers-and-the-canal\/","url":"https:\/\/www.bage-pontdevaux-tourisme.com\/en\/essential\/water\/the-saone-the-rivers-and-the-canal\/","name":"The Sa\u00f4ne, the rivers and the canal - Office de Tourisme du Pays de Bag\u00e9 et de Pont de Vaux","isPartOf":{"@id":"https:\/\/www.bage-pontdevaux-tourisme.com\/en\/#website"},"primaryImageOfPage":{"@id":"https:\/\/www.bage-pontdevaux-tourisme.com\/en\/essential\/water\/the-saone-the-rivers-and-the-canal\/#primaryimage"},"image":{"@id":"https:\/\/www.bage-pontdevaux-tourisme.com\/en\/essential\/water\/the-saone-the-rivers-and-the-canal\/#primaryimage"},"thumbnailUrl":"https:\/\/www.bage-pontdevaux-tourisme.com\/wp-content\/uploads\/2025\/05\/bateau-canal-de-pont-de-vaux-1920x530.jpg","datePublished":"2025-05-22T12:17:38+00:00","dateModified":"2025-10-30T15:10:17+00:00","breadcrumb":{"@id":"https:\/\/www.bage-pontdevaux-tourisme.com\/en\/essential\/water\/the-saone-the-rivers-and-the-canal\/#breadcrumb"},"inLanguage":"en-US","potentialAction":[{"@type":"ReadAction","target":["https:\/\/www.bage-pontdevaux-tourisme.com\/en\/essential\/water\/the-saone-the-rivers-and-the-canal\/"]}]},{"@type":"ImageObject","inLanguage":"en-US","@id":"https:\/\/www.bage-pontdevaux-tourisme.com\/en\/essential\/water\/the-saone-the-rivers-and-the-canal\/#primaryimage","url":"https:\/\/www.bage-pontdevaux-tourisme.com\/wp-content\/uploads\/2025\/05\/bateau-canal-de-pont-de-vaux-1920x530.jpg","contentUrl":"https:\/\/www.bage-pontdevaux-tourisme.com\/wp-content\/uploads\/2025\/05\/bateau-canal-de-pont-de-vaux-1920x530.jpg"},{"@type":"BreadcrumbList","@id":"https:\/\/www.bage-pontdevaux-tourisme.com\/en\/essential\/water\/the-saone-the-rivers-and-the-canal\/#breadcrumb","itemListElement":[{"@type":"ListItem","position":1,"name":"Home","item":"https:\/\/www.bage-pontdevaux-tourisme.com\/en\/a-stones-throw-from-burgundy-a-welcoming-countryside-between-bresse-and-saone\/"},{"@type":"ListItem","position":2,"name":"Essential","item":"https:\/\/www.bage-pontdevaux-tourisme.com\/en\/essential\/"},{"@type":"ListItem","position":3,"name":"Water","item":"https:\/\/www.bage-pontdevaux-tourisme.com\/en\/essential\/water\/"},{"@type":"ListItem","position":4,"name":"The Sa\u00f4ne, the rivers and the canal"}]},{"@type":"WebSite","@id":"https:\/\/www.bage-pontdevaux-tourisme.com\/en\/#website","url":"https:\/\/www.bage-pontdevaux-tourisme.com\/en\/","name":"Office de Tourisme du Pays de Bag\u00e9 et de Pont de Vaux","description":"","publisher":{"@id":"https:\/\/www.bage-pontdevaux-tourisme.com\/en\/#organization"},"potentialAction":[{"@type":"SearchAction","target":{"@type":"EntryPoint","urlTemplate":"https:\/\/www.bage-pontdevaux-tourisme.com\/en\/?s={search_term_string}"},"query-input":{"@type":"PropertyValueSpecification","valueRequired":true,"valueName":"search_term_string"}}],"inLanguage":"en-US"},{"@type":"Organization","@id":"https:\/\/www.bage-pontdevaux-tourisme.com\/en\/#organization","name":"Office de Tourisme du Pays de Bag\u00e9 et de Pont de Vaux","url":"https:\/\/www.bage-pontdevaux-tourisme.com\/en\/","logo":{"@type":"ImageObject","inLanguage":"en-US","@id":"https:\/\/www.bage-pontdevaux-tourisme.com\/en\/#\/schema\/logo\/image\/","url":"https:\/\/www.bage-pontdevaux-tourisme.com\/wp-content\/uploads\/2025\/05\/logo-pays-de-bage-and-pont-de-vaux.svg","contentUrl":"https:\/\/www.bage-pontdevaux-tourisme.com\/wp-content\/uploads\/2025\/05\/logo-pays-de-bage-and-pont-de-vaux.svg","caption":"Office de Tourisme du Pays de Bag\u00e9 et de Pont de Vaux"},"image":{"@id":"https:\/\/www.bage-pontdevaux-tourisme.com\/en\/#\/schema\/logo\/image\/"}}]}},"_links":{"self":[{"href":"https:\/\/www.bage-pontdevaux-tourisme.com\/en\/wp-json\/wp\/v2\/pages\/8332","targetHints":{"allow":["GET"]}}],"collection":[{"href":"https:\/\/www.bage-pontdevaux-tourisme.com\/en\/wp-json\/wp\/v2\/pages"}],"about":[{"href":"https:\/\/www.bage-pontdevaux-tourisme.com\/en\/wp-json\/wp\/v2\/types\/page"}],"author":[{"embeddable":true,"href":"https:\/\/www.bage-pontdevaux-tourisme.com\/en\/wp-json\/wp\/v2\/users\/1"}],"replies":[{"embeddable":true,"href":"https:\/\/www.bage-pontdevaux-tourisme.com\/en\/wp-json\/wp\/v2\/comments?post=8332"}],"version-history":[{"count":13,"href":"https:\/\/www.bage-pontdevaux-tourisme.com\/en\/wp-json\/wp\/v2\/pages\/8332\/revisions"}],"predecessor-version":[{"id":9538,"href":"https:\/\/www.bage-pontdevaux-tourisme.com\/en\/wp-json\/wp\/v2\/pages\/8332\/revisions\/9538"}],"up":[{"embeddable":true,"href":"https:\/\/www.bage-pontdevaux-tourisme.com\/en\/wp-json\/wp\/v2\/pages\/8477"}],"wp:attachment":[{"href":"https:\/\/www.bage-pontdevaux-tourisme.com\/en\/wp-json\/wp\/v2\/media?parent=8332"}],"curies":[{"name":"wp","href":"https:\/\/api.w.org\/{rel}","templated":true}]}}