{"id":8302,"date":"2025-05-21T18:20:51","date_gmt":"2025-05-21T16:20:51","guid":{"rendered":"https:\/\/www.bage-pontdevaux-tourisme.com\/site-map\/"},"modified":"2025-10-13T14:23:52","modified_gmt":"2025-10-13T12:23:52","slug":"site-map","status":"publish","type":"page","link":"https:\/\/www.bage-pontdevaux-tourisme.com\/en\/site-map\/","title":{"rendered":"Site map"},"content":{"rendered":"\n<div class=\"wp-block-ws-library-ws-header-interne no-image is-layout-constrained alignfull\"><div class=\"header-container\"><div class=\"group-media\"><\/div><div class=\"group-content\"><div class=\"title\"><h1>Site map<\/h1><\/div><\/div><\/div><div class=\"yoast-breadcrumbs\"><span><span><a href=\"https:\/\/www.bage-pontdevaux-tourisme.com\/en\/a-stones-throw-from-burgundy-a-welcoming-countryside-between-bresse-and-saone\/\">Home<\/a><\/span> \/ <span class=\"breadcrumb_last\" aria-current=\"page\">Site map<\/span><\/span><\/div><\/div>\n<div class=\"ws-sitemap\"><style>.ws-sitemap span[class*=\"apidae\"] { background-color: yellow; }<\/style><h3>Posts<\/h3><ul><li><a href=\"https:\/\/www.bage-pontdevaux-tourisme.com\/en\/discover-the-secrets-of-our-heritage\/\">Discover the secrets of our heritage...<\/a><\/li><li><a href=\"https:\/\/www.bage-pontdevaux-tourisme.com\/en\/stroll-through-our-lively-and-colourful-markets\/\">Stroll through our lively and colourful markets<\/a><\/li><li><a href=\"https:\/\/www.bage-pontdevaux-tourisme.com\/en\/winter-holiday-entertainment\/\">Winter holiday entertainment!<\/a><\/li><li><a href=\"https:\/\/www.bage-pontdevaux-tourisme.com\/en\/outdoors-and-adventure\/\">Spring is coming...<\/a><\/li><li><a href=\"https:\/\/www.bage-pontdevaux-tourisme.com\/en\/christmas-is-coming-soon\/\">Happy Valentine&#039;s Day to all!<\/a><\/li><li><a href=\"https:\/\/www.bage-pontdevaux-tourisme.com\/en\/16031\/\">Spring break program<\/a><\/li><\/ul><h3>Pages<\/h3><ul><li><a href=\"https:\/\/www.bage-pontdevaux-tourisme.com\/en\/add-an-event\/\">Add an event<\/a><\/li><li><a href=\"https:\/\/www.bage-pontdevaux-tourisme.com\/en\/how-to-get-there\/\">How to get there?<\/a><\/li><li><a href=\"https:\/\/www.bage-pontdevaux-tourisme.com\/en\/\">A stone&#039;s throw from Burgundy, &lt;strong&gt;a welcoming countryside&lt;\/strong&gt;&lt;strong&gt;between Bresse and Sa\u00f4ne&lt;\/strong&gt;<\/a><\/li><li><a href=\"https:\/\/www.bage-pontdevaux-tourisme.com\/en\/essential\/\">Essential<\/a><ul><li><a href=\"https:\/\/www.bage-pontdevaux-tourisme.com\/en\/essential\/water\/\">Water<\/a><ul><li><a href=\"https:\/\/www.bage-pontdevaux-tourisme.com\/en\/essential\/water\/the-saone-the-rivers-and-the-canal\/\">The Sa\u00f4ne, the rivers and the canal<\/a><\/li><li><a href=\"https:\/\/www.bage-pontdevaux-tourisme.com\/en\/essential\/water\/marina-river-stops\/\">Marina, river stops<\/a><\/li><li><a href=\"https:\/\/www.bage-pontdevaux-tourisme.com\/en\/essential\/water\/ponds\/\">Ponds<\/a><\/li><\/ul><\/li><li><a href=\"https:\/\/www.bage-pontdevaux-tourisme.com\/en\/essential\/nature\/\">Nature<\/a><ul><li><a href=\"https:\/\/www.bage-pontdevaux-tourisme.com\/en\/essential\/nature\/meadows-hedgerows-and-sensitive-natural-areas\/\">Meadows, hedgerows and sensitive natural areas<\/a><\/li><li><a href=\"https:\/\/www.bage-pontdevaux-tourisme.com\/en\/essential\/nature\/house-of-water-and-nature\/\">House of Water and Nature<\/a><\/li><\/ul><\/li><li><a href=\"https:\/\/www.bage-pontdevaux-tourisme.com\/en\/essential\/gastronomy\/\">Gastronomy<\/a><ul><li><a href=\"https:\/\/www.bage-pontdevaux-tourisme.com\/en\/essential\/gastronomy\/gourmet-restaurants\/\">Gourmet restaurants<\/a><\/li><li><a href=\"https:\/\/www.bage-pontdevaux-tourisme.com\/en\/essential\/gastronomy\/bresse-poultry-and-specialities\/\">Bresse poultry and specialities<\/a><\/li><\/ul><\/li><li><a href=\"https:\/\/www.bage-pontdevaux-tourisme.com\/en\/essential\/heritage\/\">Heritage<\/a><ul><li><a href=\"https:\/\/www.bage-pontdevaux-tourisme.com\/en\/essential\/heritage\/city-of-pont-de-vaux\/\">City of Pont-de-Vaux<\/a><\/li><li><a href=\"https:\/\/www.bage-pontdevaux-tourisme.com\/en\/essential\/heritage\/antoine-chintreuil-museum\/\">Antoine Chintreuil Museum<\/a><\/li><li><a href=\"https:\/\/www.bage-pontdevaux-tourisme.com\/en\/essential\/heritage\/village-of-bage-le-chatel\/\">Village of B\u00e2g\u00e9-le-Ch\u00e2tel<\/a><\/li><li><a href=\"https:\/\/www.bage-pontdevaux-tourisme.com\/en\/essential\/heritage\/romanesque-church-of-st-andre-de-bage\/\">Romanesque church of St-Andr\u00e9-de-Bag\u00e9<\/a><\/li><li><a href=\"https:\/\/www.bage-pontdevaux-tourisme.com\/en\/essential\/heritage\/chapel-of-aigrefeuille-and-washhouse-of-montepin\/\">Chapel of Aigrefeuille and washhouse of Mont\u00e9pin<\/a><\/li><\/ul><\/li><\/ul><\/li><li><a href=\"https:\/\/www.bage-pontdevaux-tourisme.com\/en\/the-tourist-office\/\">The tourist office<\/a><\/li><li><a href=\"https:\/\/www.bage-pontdevaux-tourisme.com\/en\/eco-design\/\">Eco-design<\/a><\/li><li><a href=\"https:\/\/www.bage-pontdevaux-tourisme.com\/en\/what-to-see-and-do\/\">What to see and do<\/a><ul><li><a href=\"https:\/\/www.bage-pontdevaux-tourisme.com\/en\/what-to-see-and-do\/play\/\">Play<\/a><ul><li><a href=\"https:\/\/www.bage-pontdevaux-tourisme.com\/en\/what-to-see-and-do\/play\/nature-walks\/\">Nature walks<\/a><\/li><li><a href=\"https:\/\/www.bage-pontdevaux-tourisme.com\/en\/what-to-see-and-do\/play\/escape-game-and-interactive-treasure-hunts\/\">Escape game and interactive treasure hunts<\/a><\/li><li><a href=\"https:\/\/www.bage-pontdevaux-tourisme.com\/en\/what-to-see-and-do\/play\/exhibitions\/\">Exhibitions<\/a><\/li><li><a href=\"https:\/\/www.bage-pontdevaux-tourisme.com\/en\/what-to-see-and-do\/play\/guided-tours\/\">Guided tours<\/a><\/li><\/ul><\/li><li><a href=\"https:\/\/www.bage-pontdevaux-tourisme.com\/en\/what-to-see-and-do\/move\/\">Move<\/a><ul><li><a href=\"https:\/\/www.bage-pontdevaux-tourisme.com\/en\/what-to-see-and-do\/move\/archipelago-pool\/\">Archipelago Pool<\/a><\/li><li><a href=\"https:\/\/www.bage-pontdevaux-tourisme.com\/en\/what-to-see-and-do\/move\/hiking\/\">Hiking<\/a><\/li><li><a href=\"https:\/\/www.bage-pontdevaux-tourisme.com\/en\/what-to-see-and-do\/move\/bike-rides\/\">Bike rides<\/a><\/li><li><a href=\"https:\/\/www.bage-pontdevaux-tourisme.com\/en\/what-to-see-and-do\/move\/other-hobbies\/\">Other hobbies<\/a><\/li><\/ul><\/li><li><a href=\"https:\/\/www.bage-pontdevaux-tourisme.com\/en\/what-to-see-and-do\/taste\/\">Taste<\/a><ul><li><a href=\"https:\/\/www.bage-pontdevaux-tourisme.com\/en\/what-to-see-and-do\/taste\/restaurants\/\">Restaurants<\/a><\/li><li><a href=\"https:\/\/www.bage-pontdevaux-tourisme.com\/en\/what-to-see-and-do\/taste\/markets\/\">Markets<\/a><\/li><li><a href=\"https:\/\/www.bage-pontdevaux-tourisme.com\/en\/what-to-see-and-do\/taste\/local-producers\/\">Local producers<\/a><\/li><li><a href=\"https:\/\/www.bage-pontdevaux-tourisme.com\/en\/what-to-see-and-do\/taste\/craftsmen\/\">Craftsmen<\/a><\/li><\/ul><\/li><\/ul><\/li><li><a href=\"https:\/\/www.bage-pontdevaux-tourisme.com\/en\/brochures\/\">Brochures<\/a><\/li><li><a href=\"https:\/\/www.bage-pontdevaux-tourisme.com\/en\/professional-space\/\">Professional space<\/a><\/li><li><a href=\"https:\/\/www.bage-pontdevaux-tourisme.com\/en\/practice\/\">Practice<\/a><ul><li><a href=\"https:\/\/www.bage-pontdevaux-tourisme.com\/en\/practice\/where-to-sleep\/\">Where to sleep?<\/a><ul><li><a href=\"https:\/\/www.bage-pontdevaux-tourisme.com\/en\/practice\/where-to-sleep\/bed-breakfast\/\">Bed  Breakfast<\/a><\/li><li><a href=\"https:\/\/www.bage-pontdevaux-tourisme.com\/en\/practice\/where-to-sleep\/hotels\/\">Hotels<\/a><\/li><li><a href=\"https:\/\/www.bage-pontdevaux-tourisme.com\/en\/practice\/where-to-sleep\/furnished-apartments-and-gites\/\">Furnished apartments and g\u00eetes<\/a><\/li><li><a href=\"https:\/\/www.bage-pontdevaux-tourisme.com\/en\/practice\/where-to-sleep\/campsites-motorhome-area\/\">Campsites, motorhome area<\/a><\/li><li><a href=\"https:\/\/www.bage-pontdevaux-tourisme.com\/en\/practice\/where-to-sleep\/unusual-accommodation\/\">Unusual accommodation<\/a><\/li><li><a href=\"https:\/\/www.bage-pontdevaux-tourisme.com\/en\/practice\/where-to-sleep\/marina-and-river-stops\/\">Marina and river stops<\/a><\/li><\/ul><\/li><li><a href=\"https:\/\/www.bage-pontdevaux-tourisme.com\/en\/practice\/where-to-eat\/\">Where to eat<\/a><ul><li><a href=\"https:\/\/www.bage-pontdevaux-tourisme.com\/en\/practice\/where-to-eat\/gourmet-restaurants\/\">Gourmet restaurants<\/a><\/li><li><a href=\"https:\/\/www.bage-pontdevaux-tourisme.com\/en\/practice\/where-to-eat\/traditional-restaurants\/\">Traditional restaurants<\/a><\/li><li><a href=\"https:\/\/www.bage-pontdevaux-tourisme.com\/en\/practice\/where-to-eat\/fast-food\/\">Fast food<\/a><\/li><\/ul><\/li><li><a href=\"https:\/\/www.bage-pontdevaux-tourisme.com\/en\/practice\/tourist-office\/\">Tourist Office<\/a><\/li><\/ul><\/li><li><a href=\"https:\/\/www.bage-pontdevaux-tourisme.com\/en\/experiences\/\">Experiences<\/a><\/li><li><a href=\"https:\/\/www.bage-pontdevaux-tourisme.com\/en\/on-foot\/\">On foot<\/a><\/li><li><a href=\"https:\/\/www.bage-pontdevaux-tourisme.com\/en\/family\/\">Family<\/a><\/li><li><a href=\"https:\/\/www.bage-pontdevaux-tourisme.com\/en\/all-events\/\">All our events<\/a><\/li><li><a href=\"https:\/\/www.bage-pontdevaux-tourisme.com\/en\/explore-the-map\/\">Explore the map<\/a><\/li><li><a href=\"https:\/\/www.bage-pontdevaux-tourisme.com\/en\/in-a-group\/\">In a group<\/a><\/li><li><a href=\"https:\/\/www.bage-pontdevaux-tourisme.com\/en\/nearby\/\">Nearby<\/a><\/li><li><a href=\"https:\/\/www.bage-pontdevaux-tourisme.com\/en\/all-highlights\/\">All highlights<\/a><\/li><li><a href=\"https:\/\/www.bage-pontdevaux-tourisme.com\/en\/cruises\/\">Cruises, walks or lunches<\/a><\/li><\/ul><\/div>\n","protected":false},"excerpt":{"rendered":"","protected":false},"author":1,"featured_media":0,"parent":0,"menu_order":1,"comment_status":"closed","ping_status":"closed","template":"","meta":{"footnotes":""},"class_list":["post-8302","page","type-page","status-publish","hentry"],"yoast_head":"<!-- This site is optimized with the Yoast SEO plugin v27.4 - https:\/\/yoast.com\/product\/yoast-seo-wordpress\/ -->\n<title>Site map - Office de Tourisme du Pays de Bag\u00e9 et de Pont de Vaux<\/title>\n<meta name=\"robots\" content=\"noindex, follow\" \/>\n<meta property=\"og:locale\" content=\"en_US\" \/>\n<meta property=\"og:type\" content=\"article\" \/>\n<meta property=\"og:title\" content=\"Site map - Office de Tourisme du Pays de Bag\u00e9 et de Pont de Vaux\" \/>\n<meta property=\"og:url\" content=\"https:\/\/www.bage-pontdevaux-tourisme.com\/en\/site-map\/\" \/>\n<meta property=\"og:site_name\" content=\"Office de Tourisme du Pays de Bag\u00e9 et de Pont de Vaux\" \/>\n<meta property=\"article:modified_time\" content=\"2025-10-13T12:23:52+00:00\" \/>\n<meta name=\"twitter:card\" content=\"summary_large_image\" \/>\n<script type=\"application\/ld+json\" class=\"yoast-schema-graph\">{\"@context\":\"https:\\\/\\\/schema.org\",\"@graph\":[{\"@type\":\"WebPage\",\"@id\":\"https:\\\/\\\/www.bage-pontdevaux-tourisme.com\\\/en\\\/site-map\\\/\",\"url\":\"https:\\\/\\\/www.bage-pontdevaux-tourisme.com\\\/en\\\/site-map\\\/\",\"name\":\"Site map - Office de Tourisme du Pays de Bag\u00e9 et de Pont de Vaux\",\"isPartOf\":{\"@id\":\"https:\\\/\\\/www.bage-pontdevaux-tourisme.com\\\/en\\\/#website\"},\"datePublished\":\"2025-05-21T16:20:51+00:00\",\"dateModified\":\"2025-10-13T12:23:52+00:00\",\"breadcrumb\":{\"@id\":\"https:\\\/\\\/www.bage-pontdevaux-tourisme.com\\\/en\\\/site-map\\\/#breadcrumb\"},\"inLanguage\":\"en-US\",\"potentialAction\":[{\"@type\":\"ReadAction\",\"target\":[\"https:\\\/\\\/www.bage-pontdevaux-tourisme.com\\\/en\\\/site-map\\\/\"]}]},{\"@type\":\"BreadcrumbList\",\"@id\":\"https:\\\/\\\/www.bage-pontdevaux-tourisme.com\\\/en\\\/site-map\\\/#breadcrumb\",\"itemListElement\":[{\"@type\":\"ListItem\",\"position\":1,\"name\":\"Home\",\"item\":\"https:\\\/\\\/www.bage-pontdevaux-tourisme.com\\\/en\\\/a-stones-throw-from-burgundy-a-welcoming-countryside-between-bresse-and-saone\\\/\"},{\"@type\":\"ListItem\",\"position\":2,\"name\":\"Site map\"}]},{\"@type\":\"WebSite\",\"@id\":\"https:\\\/\\\/www.bage-pontdevaux-tourisme.com\\\/en\\\/#website\",\"url\":\"https:\\\/\\\/www.bage-pontdevaux-tourisme.com\\\/en\\\/\",\"name\":\"Office de Tourisme du Pays de Bag\u00e9 et de Pont de Vaux\",\"description\":\"\",\"publisher\":{\"@id\":\"https:\\\/\\\/www.bage-pontdevaux-tourisme.com\\\/en\\\/#organization\"},\"potentialAction\":[{\"@type\":\"SearchAction\",\"target\":{\"@type\":\"EntryPoint\",\"urlTemplate\":\"https:\\\/\\\/www.bage-pontdevaux-tourisme.com\\\/en\\\/?s={search_term_string}\"},\"query-input\":{\"@type\":\"PropertyValueSpecification\",\"valueRequired\":true,\"valueName\":\"search_term_string\"}}],\"inLanguage\":\"en-US\"},{\"@type\":\"Organization\",\"@id\":\"https:\\\/\\\/www.bage-pontdevaux-tourisme.com\\\/en\\\/#organization\",\"name\":\"Office de Tourisme du Pays de Bag\u00e9 et de Pont de Vaux\",\"url\":\"https:\\\/\\\/www.bage-pontdevaux-tourisme.com\\\/en\\\/\",\"logo\":{\"@type\":\"ImageObject\",\"inLanguage\":\"en-US\",\"@id\":\"https:\\\/\\\/www.bage-pontdevaux-tourisme.com\\\/en\\\/#\\\/schema\\\/logo\\\/image\\\/\",\"url\":\"https:\\\/\\\/www.bage-pontdevaux-tourisme.com\\\/wp-content\\\/uploads\\\/2025\\\/05\\\/logo-pays-de-bage-and-pont-de-vaux.svg\",\"contentUrl\":\"https:\\\/\\\/www.bage-pontdevaux-tourisme.com\\\/wp-content\\\/uploads\\\/2025\\\/05\\\/logo-pays-de-bage-and-pont-de-vaux.svg\",\"caption\":\"Office de Tourisme du Pays de Bag\u00e9 et de Pont de Vaux\"},\"image\":{\"@id\":\"https:\\\/\\\/www.bage-pontdevaux-tourisme.com\\\/en\\\/#\\\/schema\\\/logo\\\/image\\\/\"}}]}<\/script>\n<!-- \/ Yoast SEO plugin. -->","yoast_head_json":{"title":"Site map - Office de Tourisme du Pays de Bag\u00e9 et de Pont de Vaux","robots":{"index":"noindex","follow":"follow"},"og_locale":"en_US","og_type":"article","og_title":"Site map - Office de Tourisme du Pays de Bag\u00e9 et de Pont de Vaux","og_url":"https:\/\/www.bage-pontdevaux-tourisme.com\/en\/site-map\/","og_site_name":"Office de Tourisme du Pays de Bag\u00e9 et de Pont de Vaux","article_modified_time":"2025-10-13T12:23:52+00:00","twitter_card":"summary_large_image","schema":{"@context":"https:\/\/schema.org","@graph":[{"@type":"WebPage","@id":"https:\/\/www.bage-pontdevaux-tourisme.com\/en\/site-map\/","url":"https:\/\/www.bage-pontdevaux-tourisme.com\/en\/site-map\/","name":"Site map - Office de Tourisme du Pays de Bag\u00e9 et de Pont de Vaux","isPartOf":{"@id":"https:\/\/www.bage-pontdevaux-tourisme.com\/en\/#website"},"datePublished":"2025-05-21T16:20:51+00:00","dateModified":"2025-10-13T12:23:52+00:00","breadcrumb":{"@id":"https:\/\/www.bage-pontdevaux-tourisme.com\/en\/site-map\/#breadcrumb"},"inLanguage":"en-US","potentialAction":[{"@type":"ReadAction","target":["https:\/\/www.bage-pontdevaux-tourisme.com\/en\/site-map\/"]}]},{"@type":"BreadcrumbList","@id":"https:\/\/www.bage-pontdevaux-tourisme.com\/en\/site-map\/#breadcrumb","itemListElement":[{"@type":"ListItem","position":1,"name":"Home","item":"https:\/\/www.bage-pontdevaux-tourisme.com\/en\/a-stones-throw-from-burgundy-a-welcoming-countryside-between-bresse-and-saone\/"},{"@type":"ListItem","position":2,"name":"Site map"}]},{"@type":"WebSite","@id":"https:\/\/www.bage-pontdevaux-tourisme.com\/en\/#website","url":"https:\/\/www.bage-pontdevaux-tourisme.com\/en\/","name":"Office de Tourisme du Pays de Bag\u00e9 et de Pont de Vaux","description":"","publisher":{"@id":"https:\/\/www.bage-pontdevaux-tourisme.com\/en\/#organization"},"potentialAction":[{"@type":"SearchAction","target":{"@type":"EntryPoint","urlTemplate":"https:\/\/www.bage-pontdevaux-tourisme.com\/en\/?s={search_term_string}"},"query-input":{"@type":"PropertyValueSpecification","valueRequired":true,"valueName":"search_term_string"}}],"inLanguage":"en-US"},{"@type":"Organization","@id":"https:\/\/www.bage-pontdevaux-tourisme.com\/en\/#organization","name":"Office de Tourisme du Pays de Bag\u00e9 et de Pont de Vaux","url":"https:\/\/www.bage-pontdevaux-tourisme.com\/en\/","logo":{"@type":"ImageObject","inLanguage":"en-US","@id":"https:\/\/www.bage-pontdevaux-tourisme.com\/en\/#\/schema\/logo\/image\/","url":"https:\/\/www.bage-pontdevaux-tourisme.com\/wp-content\/uploads\/2025\/05\/logo-pays-de-bage-and-pont-de-vaux.svg","contentUrl":"https:\/\/www.bage-pontdevaux-tourisme.com\/wp-content\/uploads\/2025\/05\/logo-pays-de-bage-and-pont-de-vaux.svg","caption":"Office de Tourisme du Pays de Bag\u00e9 et de Pont de Vaux"},"image":{"@id":"https:\/\/www.bage-pontdevaux-tourisme.com\/en\/#\/schema\/logo\/image\/"}}]}},"_links":{"self":[{"href":"https:\/\/www.bage-pontdevaux-tourisme.com\/en\/wp-json\/wp\/v2\/pages\/8302","targetHints":{"allow":["GET"]}}],"collection":[{"href":"https:\/\/www.bage-pontdevaux-tourisme.com\/en\/wp-json\/wp\/v2\/pages"}],"about":[{"href":"https:\/\/www.bage-pontdevaux-tourisme.com\/en\/wp-json\/wp\/v2\/types\/page"}],"author":[{"embeddable":true,"href":"https:\/\/www.bage-pontdevaux-tourisme.com\/en\/wp-json\/wp\/v2\/users\/1"}],"replies":[{"embeddable":true,"href":"https:\/\/www.bage-pontdevaux-tourisme.com\/en\/wp-json\/wp\/v2\/comments?post=8302"}],"version-history":[{"count":3,"href":"https:\/\/www.bage-pontdevaux-tourisme.com\/en\/wp-json\/wp\/v2\/pages\/8302\/revisions"}],"predecessor-version":[{"id":8305,"href":"https:\/\/www.bage-pontdevaux-tourisme.com\/en\/wp-json\/wp\/v2\/pages\/8302\/revisions\/8305"}],"wp:attachment":[{"href":"https:\/\/www.bage-pontdevaux-tourisme.com\/en\/wp-json\/wp\/v2\/media?parent=8302"}],"curies":[{"name":"wp","href":"https:\/\/api.w.org\/{rel}","templated":true}]}}