{"id":4224,"date":"2025-05-22T14:17:45","date_gmt":"2025-05-22T12:17:45","guid":{"rendered":"https:\/\/www.bage-pontdevaux-tourisme.com\/on-foot\/"},"modified":"2025-09-15T11:59:53","modified_gmt":"2025-09-15T09:59:53","slug":"on-foot","status":"publish","type":"page","link":"https:\/\/www.bage-pontdevaux-tourisme.com\/en\/on-foot\/","title":{"rendered":"On foot"},"content":{"rendered":"\n<div class=\"wp-block-ws-library-ws-header-interne is-layout-constrained alignfull\"><div class=\"header-container\"><div class=\"group-media has-image\"><img loading=\"lazy\" decoding=\"async\" width=\"1920\" height=\"2560\" src=\"https:\/\/www.bage-pontdevaux-tourisme.com\/wp-content\/uploads\/2025\/05\/chavannes-sur-reyssouze-rando2-scaled.jpg\" alt=\"une belle randonn\u00e9e en campagne en Bresse dans l'Ain\" class=\"image_large_square wp-image-10 \" srcset=\"https:\/\/www.bage-pontdevaux-tourisme.com\/wp-content\/uploads\/2025\/05\/chavannes-sur-reyssouze-rando2-scaled.jpg 1920w, https:\/\/www.bage-pontdevaux-tourisme.com\/wp-content\/uploads\/2025\/05\/chavannes-sur-reyssouze-rando2-scaled-225x300.jpg 225w, https:\/\/www.bage-pontdevaux-tourisme.com\/wp-content\/uploads\/2025\/05\/chavannes-sur-reyssouze-rando2-scaled-768x1024.jpg 768w, https:\/\/www.bage-pontdevaux-tourisme.com\/wp-content\/uploads\/2025\/05\/chavannes-sur-reyssouze-rando2-scaled-1152x1536.jpg 1152w, https:\/\/www.bage-pontdevaux-tourisme.com\/wp-content\/uploads\/2025\/05\/chavannes-sur-reyssouze-rando2-scaled-1536x2048.jpg 1536w, https:\/\/www.bage-pontdevaux-tourisme.com\/wp-content\/uploads\/2025\/05\/chavannes-sur-reyssouze-rando2-scaled-345x460.jpg 345w, https:\/\/www.bage-pontdevaux-tourisme.com\/wp-content\/uploads\/2025\/05\/chavannes-sur-reyssouze-rando2-scaled-480x640.jpg 480w\" sizes=\"auto, (max-width: 1920px) 100vw, 1920px\" \/><\/div><div class=\"group-content\"><div class=\"title\"><h1>On foot<\/h1><\/div><\/div><\/div><div class=\"yoast-breadcrumbs\"><span><span><a href=\"https:\/\/www.bage-pontdevaux-tourisme.com\/en\/a-stones-throw-from-burgundy-a-welcoming-countryside-between-bresse-and-saone\/\">Home<\/a><\/span> \/ <span class=\"breadcrumb_last\" aria-current=\"page\">On foot<\/span><\/span><\/div><\/div>\n\n<div class=\"wp-block-ws-library-ws-title alignfull is-style-wave-rose\"><h2>Come and discover our beautiful region on foot!<\/h2><\/div>\n\n<div class=\"wp-block-ws-library-ws-columns has-2-columns are-vertically-aligned-center layout-5050\">\n<div class=\"wp-block-ws-library-ws-column\"><div class=\"wrapper\">\n<p>A trailhead in the heart of each village for 30 hikes in the countryside.  <\/p>\n\n\n\n<p>Find all our circuses on the applications:<\/p>\n\n\n\n<ul class=\"wp-block-list\">\n<li>AinOutdoor<\/li>\n\n\n\n<li>OpenRunner<\/li>\n\n\n\n<li>Visorando<\/li>\n\n\n\n<li>Cirkwi<\/li>\n<\/ul>\n\n\n\n<p>Organized hikes<\/p>\n<\/div><\/div>\n\n\n\n<div class=\"wp-block-ws-library-ws-column\"><div class=\"wrapper\">\n<div class=\"wp-block-ws-library-ws-image\"><div class=\"wrapper\"><div class=\"group-media\"><img decoding=\"async\" src=\"https:\/\/www.bage-pontdevaux-tourisme.com\/wp-content\/uploads\/2025\/05\/circuit-sermoyer-office-de-tourisme-960x640.jpg\" alt=\"\" class=\"single_image ws-image-16\"><div class=\"credits\"><\/div><\/div><p class=\"caption\"><\/p><\/div><\/div>\n<\/div><\/div>\n<\/div>\n\n<h2 class=\"wp-block-heading\">Some hiking ideas<\/h2>\n<div id=\"listing_4b1bd\" data-observer-wishlist class=\"ws-listing wp-block-ws-apidae-library-listing-avance\" data-map-id=\"map_4b1bd\" data-locations-id=\"locations-data_4b1bd\"><div class=\"listing-header\"><div class=\"toggle-container\"><button class=\"btn toggle-btn toggle-list\" data-target=\"list\">List<\/button><button class=\"btn toggle-btn toggle-map\" data-target=\"map\">Map<\/button><button class=\"btn toggle-btn toggle-fulllist\" data-target=\"fulllist\" data-reverse=\"Show map\">Hide the map<\/button><\/div><\/div><div class=\"facetwp-template\"><div class=\"list-container active\"><div class=\"list-items\"><div class=\"item\"><div class=\"card card-apidae card-avance\"><div class=\"group-media\"><div class=\"field-image\"><img decoding=\"async\" src=\"https:\/\/images.weserv.nl\/?url=https:\/\/static.apidae-tourisme.com\/filestore\/objets-touristiques\/images\/151\/33\/19603863-diaporama.jpg&#038;w=320&#038;h=220&#038;fit=cover&#038;output=webp&#038;q=45\" alt=\"Hiking tour: Escape trail\"\/><\/div><\/div><div class=\"group-content\"><div class=\"field-commune\">Reyssouze<\/div><div class=\"field-title\">Hiking tour: Escape trail<\/div><div class=\"field-description\">Departure from Reyssouze town hall. Follow this route to discover&#8230;<\/div><\/div><div class=\"field-link\"><a href=\"https:\/\/www.bage-pontdevaux-tourisme.com\/en\/fiche\/hiking-trail-sentier-de-levasion\/\" class=\"cardlink\">Hiking tour: Escape trail<\/a><\/div><\/div><\/div><div class=\"item\"><div class=\"card card-apidae card-avance\"><div class=\"group-media\"><div class=\"field-image\"><img decoding=\"async\" src=\"https:\/\/images.weserv.nl\/?url=https:\/\/static.apidae-tourisme.com\/filestore\/objets-touristiques\/images\/208\/190\/20365008-diaporama.png&#038;w=320&#038;h=220&#038;fit=cover&#038;output=webp&#038;q=45\" alt=\"Hiking tour: The flavours of Bresse\"\/><\/div><\/div><div class=\"group-content\"><div class=\"field-commune\">Chevroux<\/div><div class=\"field-title\">Hiking tour: The flavours of Bresse<\/div><div class=\"field-description\">This route takes in the village of Chevroux with its&#8230;<\/div><\/div><div class=\"field-link\"><a href=\"https:\/\/www.bage-pontdevaux-tourisme.com\/en\/fiche\/hiking-trail-the-flavours-of-bresse\/\" class=\"cardlink\">Hiking tour: The flavours of Bresse<\/a><\/div><\/div><\/div><div class=\"item\"><div class=\"card card-apidae card-avance\"><div class=\"group-media\"><div class=\"field-image\"><img decoding=\"async\" src=\"https:\/\/images.weserv.nl\/?url=https:\/\/static.apidae-tourisme.com\/filestore\/objets-touristiques\/images\/45\/240\/9498669-diaporama.jpg&#038;w=320&#038;h=220&#038;fit=cover&#038;output=webp&#038;q=45\" alt=\"Hiking tour: Des Charmes\"\/><\/div><\/div><div class=\"group-content\"><div class=\"field-commune\">Sermoyer<\/div><div class=\"field-title\">Hiking tour: Des Charmes<\/div><div class=\"field-description\">This route through the Bresse countryside takes in the natural&#8230;<\/div><\/div><div class=\"field-link\"><a href=\"https:\/\/www.bage-pontdevaux-tourisme.com\/en\/fiche\/hiking-trail-des-charmes\/\" class=\"cardlink\">Hiking tour: Des Charmes<\/a><\/div><\/div><\/div><div id=\"locations-data_4b1bd\" style=\"display: none;\">{&quot;locations&quot;:[{&quot;lat&quot;:&quot;46.432776&quot;,&quot;lng&quot;:&quot;4.920147&quot;,&quot;title&quot;:&quot;Hiking tour: Escape trail&quot;,&quot;permalink&quot;:&quot;https:\\\/\\\/www.bage-pontdevaux-tourisme.com\\\/en\\\/fiche\\\/hiking-trail-sentier-de-levasion\\\/&quot;,&quot;type&quot;:&quot;equipement&quot;,&quot;commune&quot;:&quot;Reyssouze&quot;,&quot;type_commerce&quot;:&quot;&quot;,&quot;image&quot;:&quot;https:\\\/\\\/static.apidae-tourisme.com\\\/filestore\\\/objets-touristiques\\\/images\\\/151\\\/33\\\/19603863-diaporama.jpg&quot;,&quot;image_width&quot;:&quot;320&quot;,&quot;image_height&quot;:&quot;220&quot;,&quot;image_fit&quot;:&quot;cover&quot;},{&quot;lat&quot;:&quot;46.38075&quot;,&quot;lng&quot;:&quot;4.947777&quot;,&quot;title&quot;:&quot;Hiking tour: The flavours of Bresse&quot;,&quot;permalink&quot;:&quot;https:\\\/\\\/www.bage-pontdevaux-tourisme.com\\\/en\\\/fiche\\\/hiking-trail-the-flavours-of-bresse\\\/&quot;,&quot;type&quot;:&quot;equipement&quot;,&quot;commune&quot;:&quot;Chevroux&quot;,&quot;type_commerce&quot;:&quot;&quot;,&quot;image&quot;:&quot;https:\\\/\\\/static.apidae-tourisme.com\\\/filestore\\\/objets-touristiques\\\/images\\\/208\\\/190\\\/20365008-diaporama.png&quot;,&quot;image_width&quot;:&quot;320&quot;,&quot;image_height&quot;:&quot;220&quot;,&quot;image_fit&quot;:&quot;cover&quot;},{&quot;lat&quot;:&quot;46.496991&quot;,&quot;lng&quot;:&quot;4.979673&quot;,&quot;title&quot;:&quot;Hiking tour: Des Charmes&quot;,&quot;permalink&quot;:&quot;https:\\\/\\\/www.bage-pontdevaux-tourisme.com\\\/en\\\/fiche\\\/hiking-trail-des-charmes\\\/&quot;,&quot;type&quot;:&quot;equipement&quot;,&quot;commune&quot;:&quot;Sermoyer&quot;,&quot;type_commerce&quot;:&quot;&quot;,&quot;image&quot;:&quot;https:\\\/\\\/static.apidae-tourisme.com\\\/filestore\\\/objets-touristiques\\\/images\\\/45\\\/240\\\/9498669-diaporama.jpg&quot;,&quot;image_width&quot;:&quot;320&quot;,&quot;image_height&quot;:&quot;220&quot;,&quot;image_fit&quot;:&quot;cover&quot;}],&quot;center_lat&quot;:&quot;46.432776&quot;,&quot;center_lng&quot;:&quot;4.920147&quot;}<\/div><\/div><div class=\"ws-apidae-pager\" data-type=\"pager\"><div class=\"custom-pager\"><a class=\"facetwp-page first active\" data-page=\"1\" href=\"\/en\/wp-json\/wp\/v2\/pages\/4224?paged_4b1bd=1#listing_4b1bd\">1<\/a><a class=\"facetwp-page \" data-page=\"2\" href=\"\/en\/wp-json\/wp\/v2\/pages\/4224?paged_4b1bd=2#listing_4b1bd\">2<\/a><span class=\"facetwp-separator\">\u2026<\/span><a class=\"facetwp-page \" data-page=\"10\" href=\"\/en\/wp-json\/wp\/v2\/pages\/4224?paged_4b1bd=10#listing_4b1bd\">10<\/a><a class=\"facetwp-page next\" data-page=\"2\" href=\"\/en\/wp-json\/wp\/v2\/pages\/4224?paged_4b1bd=2#listing_4b1bd\">\u203a<\/a><\/div><\/div><\/div><\/div><div class=\"map-marker\"><div id=\"map_4b1bd\" class=\"map-container\" style=\"width: 100%; height: 450px;\"><\/div><\/div><\/div>\n<p><\/p>\n","protected":false},"excerpt":{"rendered":"<p>Some hiking ideas<\/p>\n","protected":false},"author":1,"featured_media":0,"parent":0,"menu_order":15,"comment_status":"closed","ping_status":"closed","template":"","meta":{"footnotes":""},"class_list":["post-4224","page","type-page","status-publish","hentry"],"yoast_head":"<!-- This site is optimized with the Yoast SEO plugin v27.4 - https:\/\/yoast.com\/product\/yoast-seo-wordpress\/ -->\n<title>On foot - Office de Tourisme du Pays de Bag\u00e9 et de Pont de Vaux<\/title>\n<meta name=\"description\" content=\"our most beautiful hikes in Bresse en Sa\u00f4ne in the Ain, between Pont-de-Vaux and B\u00e2g\u00e9-le-Ch\u00e2tel, The Dunes of Charmes, The Peat Lande of the Onions\" \/>\n<meta name=\"robots\" content=\"index, follow, max-snippet:-1, max-image-preview:large, max-video-preview:-1\" \/>\n<link rel=\"canonical\" href=\"https:\/\/www.bage-pontdevaux-tourisme.com\/en\/on-foot\/\" \/>\n<meta property=\"og:locale\" content=\"en_US\" \/>\n<meta property=\"og:type\" content=\"article\" \/>\n<meta property=\"og:title\" content=\"On foot - Office de Tourisme du Pays de Bag\u00e9 et de Pont de Vaux\" \/>\n<meta property=\"og:description\" content=\"our most beautiful hikes in Bresse en Sa\u00f4ne in the Ain, between Pont-de-Vaux and B\u00e2g\u00e9-le-Ch\u00e2tel, The Dunes of Charmes, The Peat Lande of the Onions\" \/>\n<meta property=\"og:url\" content=\"https:\/\/www.bage-pontdevaux-tourisme.com\/en\/on-foot\/\" \/>\n<meta property=\"og:site_name\" content=\"Office de Tourisme du Pays de Bag\u00e9 et de Pont de Vaux\" \/>\n<meta property=\"article:modified_time\" content=\"2025-09-15T09:59:53+00:00\" \/>\n<meta property=\"og:image\" content=\"https:\/\/www.bage-pontdevaux-tourisme.com\/wp-content\/uploads\/2025\/05\/chavannes-sur-reyssouze-rando2-scaled.jpg\" \/>\n<meta name=\"twitter:card\" content=\"summary_large_image\" \/>\n<script type=\"application\/ld+json\" class=\"yoast-schema-graph\">{\"@context\":\"https:\\\/\\\/schema.org\",\"@graph\":[{\"@type\":\"WebPage\",\"@id\":\"https:\\\/\\\/www.bage-pontdevaux-tourisme.com\\\/en\\\/on-foot\\\/\",\"url\":\"https:\\\/\\\/www.bage-pontdevaux-tourisme.com\\\/en\\\/on-foot\\\/\",\"name\":\"On foot - Office de Tourisme du Pays de Bag\u00e9 et de Pont de Vaux\",\"isPartOf\":{\"@id\":\"https:\\\/\\\/www.bage-pontdevaux-tourisme.com\\\/en\\\/#website\"},\"primaryImageOfPage\":{\"@id\":\"https:\\\/\\\/www.bage-pontdevaux-tourisme.com\\\/en\\\/on-foot\\\/#primaryimage\"},\"image\":{\"@id\":\"https:\\\/\\\/www.bage-pontdevaux-tourisme.com\\\/en\\\/on-foot\\\/#primaryimage\"},\"thumbnailUrl\":\"https:\\\/\\\/www.bage-pontdevaux-tourisme.com\\\/wp-content\\\/uploads\\\/2025\\\/05\\\/chavannes-sur-reyssouze-rando2-scaled.jpg\",\"datePublished\":\"2025-05-22T12:17:45+00:00\",\"dateModified\":\"2025-09-15T09:59:53+00:00\",\"description\":\"our most beautiful hikes in Bresse en Sa\u00f4ne in the Ain, between Pont-de-Vaux and B\u00e2g\u00e9-le-Ch\u00e2tel, The Dunes of Charmes, The Peat Lande of the Onions\",\"breadcrumb\":{\"@id\":\"https:\\\/\\\/www.bage-pontdevaux-tourisme.com\\\/en\\\/on-foot\\\/#breadcrumb\"},\"inLanguage\":\"en-US\",\"potentialAction\":[{\"@type\":\"ReadAction\",\"target\":[\"https:\\\/\\\/www.bage-pontdevaux-tourisme.com\\\/en\\\/on-foot\\\/\"]}]},{\"@type\":\"ImageObject\",\"inLanguage\":\"en-US\",\"@id\":\"https:\\\/\\\/www.bage-pontdevaux-tourisme.com\\\/en\\\/on-foot\\\/#primaryimage\",\"url\":\"https:\\\/\\\/www.bage-pontdevaux-tourisme.com\\\/wp-content\\\/uploads\\\/2025\\\/05\\\/chavannes-sur-reyssouze-rando2-scaled.jpg\",\"contentUrl\":\"https:\\\/\\\/www.bage-pontdevaux-tourisme.com\\\/wp-content\\\/uploads\\\/2025\\\/05\\\/chavannes-sur-reyssouze-rando2-scaled.jpg\"},{\"@type\":\"BreadcrumbList\",\"@id\":\"https:\\\/\\\/www.bage-pontdevaux-tourisme.com\\\/en\\\/on-foot\\\/#breadcrumb\",\"itemListElement\":[{\"@type\":\"ListItem\",\"position\":1,\"name\":\"Home\",\"item\":\"https:\\\/\\\/www.bage-pontdevaux-tourisme.com\\\/en\\\/a-stones-throw-from-burgundy-a-welcoming-countryside-between-bresse-and-saone\\\/\"},{\"@type\":\"ListItem\",\"position\":2,\"name\":\"On foot\"}]},{\"@type\":\"WebSite\",\"@id\":\"https:\\\/\\\/www.bage-pontdevaux-tourisme.com\\\/en\\\/#website\",\"url\":\"https:\\\/\\\/www.bage-pontdevaux-tourisme.com\\\/en\\\/\",\"name\":\"Office de Tourisme du Pays de Bag\u00e9 et de Pont de Vaux\",\"description\":\"\",\"publisher\":{\"@id\":\"https:\\\/\\\/www.bage-pontdevaux-tourisme.com\\\/en\\\/#organization\"},\"potentialAction\":[{\"@type\":\"SearchAction\",\"target\":{\"@type\":\"EntryPoint\",\"urlTemplate\":\"https:\\\/\\\/www.bage-pontdevaux-tourisme.com\\\/en\\\/?s={search_term_string}\"},\"query-input\":{\"@type\":\"PropertyValueSpecification\",\"valueRequired\":true,\"valueName\":\"search_term_string\"}}],\"inLanguage\":\"en-US\"},{\"@type\":\"Organization\",\"@id\":\"https:\\\/\\\/www.bage-pontdevaux-tourisme.com\\\/en\\\/#organization\",\"name\":\"Office de Tourisme du Pays de Bag\u00e9 et de Pont de Vaux\",\"url\":\"https:\\\/\\\/www.bage-pontdevaux-tourisme.com\\\/en\\\/\",\"logo\":{\"@type\":\"ImageObject\",\"inLanguage\":\"en-US\",\"@id\":\"https:\\\/\\\/www.bage-pontdevaux-tourisme.com\\\/en\\\/#\\\/schema\\\/logo\\\/image\\\/\",\"url\":\"https:\\\/\\\/www.bage-pontdevaux-tourisme.com\\\/wp-content\\\/uploads\\\/2025\\\/05\\\/logo-pays-de-bage-and-pont-de-vaux.svg\",\"contentUrl\":\"https:\\\/\\\/www.bage-pontdevaux-tourisme.com\\\/wp-content\\\/uploads\\\/2025\\\/05\\\/logo-pays-de-bage-and-pont-de-vaux.svg\",\"caption\":\"Office de Tourisme du Pays de Bag\u00e9 et de Pont de Vaux\"},\"image\":{\"@id\":\"https:\\\/\\\/www.bage-pontdevaux-tourisme.com\\\/en\\\/#\\\/schema\\\/logo\\\/image\\\/\"}}]}<\/script>\n<!-- \/ Yoast SEO plugin. -->","yoast_head_json":{"title":"On foot - Office de Tourisme du Pays de Bag\u00e9 et de Pont de Vaux","description":"our most beautiful hikes in Bresse en Sa\u00f4ne in the Ain, between Pont-de-Vaux and B\u00e2g\u00e9-le-Ch\u00e2tel, The Dunes of Charmes, The Peat Lande of the Onions","robots":{"index":"index","follow":"follow","max-snippet":"max-snippet:-1","max-image-preview":"max-image-preview:large","max-video-preview":"max-video-preview:-1"},"canonical":"https:\/\/www.bage-pontdevaux-tourisme.com\/en\/on-foot\/","og_locale":"en_US","og_type":"article","og_title":"On foot - Office de Tourisme du Pays de Bag\u00e9 et de Pont de Vaux","og_description":"our most beautiful hikes in Bresse en Sa\u00f4ne in the Ain, between Pont-de-Vaux and B\u00e2g\u00e9-le-Ch\u00e2tel, The Dunes of Charmes, The Peat Lande of the Onions","og_url":"https:\/\/www.bage-pontdevaux-tourisme.com\/en\/on-foot\/","og_site_name":"Office de Tourisme du Pays de Bag\u00e9 et de Pont de Vaux","article_modified_time":"2025-09-15T09:59:53+00:00","og_image":[{"url":"https:\/\/www.bage-pontdevaux-tourisme.com\/wp-content\/uploads\/2025\/05\/chavannes-sur-reyssouze-rando2-scaled.jpg","type":"","width":"","height":""}],"twitter_card":"summary_large_image","schema":{"@context":"https:\/\/schema.org","@graph":[{"@type":"WebPage","@id":"https:\/\/www.bage-pontdevaux-tourisme.com\/en\/on-foot\/","url":"https:\/\/www.bage-pontdevaux-tourisme.com\/en\/on-foot\/","name":"On foot - Office de Tourisme du Pays de Bag\u00e9 et de Pont de Vaux","isPartOf":{"@id":"https:\/\/www.bage-pontdevaux-tourisme.com\/en\/#website"},"primaryImageOfPage":{"@id":"https:\/\/www.bage-pontdevaux-tourisme.com\/en\/on-foot\/#primaryimage"},"image":{"@id":"https:\/\/www.bage-pontdevaux-tourisme.com\/en\/on-foot\/#primaryimage"},"thumbnailUrl":"https:\/\/www.bage-pontdevaux-tourisme.com\/wp-content\/uploads\/2025\/05\/chavannes-sur-reyssouze-rando2-scaled.jpg","datePublished":"2025-05-22T12:17:45+00:00","dateModified":"2025-09-15T09:59:53+00:00","description":"our most beautiful hikes in Bresse en Sa\u00f4ne in the Ain, between Pont-de-Vaux and B\u00e2g\u00e9-le-Ch\u00e2tel, The Dunes of Charmes, The Peat Lande of the Onions","breadcrumb":{"@id":"https:\/\/www.bage-pontdevaux-tourisme.com\/en\/on-foot\/#breadcrumb"},"inLanguage":"en-US","potentialAction":[{"@type":"ReadAction","target":["https:\/\/www.bage-pontdevaux-tourisme.com\/en\/on-foot\/"]}]},{"@type":"ImageObject","inLanguage":"en-US","@id":"https:\/\/www.bage-pontdevaux-tourisme.com\/en\/on-foot\/#primaryimage","url":"https:\/\/www.bage-pontdevaux-tourisme.com\/wp-content\/uploads\/2025\/05\/chavannes-sur-reyssouze-rando2-scaled.jpg","contentUrl":"https:\/\/www.bage-pontdevaux-tourisme.com\/wp-content\/uploads\/2025\/05\/chavannes-sur-reyssouze-rando2-scaled.jpg"},{"@type":"BreadcrumbList","@id":"https:\/\/www.bage-pontdevaux-tourisme.com\/en\/on-foot\/#breadcrumb","itemListElement":[{"@type":"ListItem","position":1,"name":"Home","item":"https:\/\/www.bage-pontdevaux-tourisme.com\/en\/a-stones-throw-from-burgundy-a-welcoming-countryside-between-bresse-and-saone\/"},{"@type":"ListItem","position":2,"name":"On foot"}]},{"@type":"WebSite","@id":"https:\/\/www.bage-pontdevaux-tourisme.com\/en\/#website","url":"https:\/\/www.bage-pontdevaux-tourisme.com\/en\/","name":"Office de Tourisme du Pays de Bag\u00e9 et de Pont de Vaux","description":"","publisher":{"@id":"https:\/\/www.bage-pontdevaux-tourisme.com\/en\/#organization"},"potentialAction":[{"@type":"SearchAction","target":{"@type":"EntryPoint","urlTemplate":"https:\/\/www.bage-pontdevaux-tourisme.com\/en\/?s={search_term_string}"},"query-input":{"@type":"PropertyValueSpecification","valueRequired":true,"valueName":"search_term_string"}}],"inLanguage":"en-US"},{"@type":"Organization","@id":"https:\/\/www.bage-pontdevaux-tourisme.com\/en\/#organization","name":"Office de Tourisme du Pays de Bag\u00e9 et de Pont de Vaux","url":"https:\/\/www.bage-pontdevaux-tourisme.com\/en\/","logo":{"@type":"ImageObject","inLanguage":"en-US","@id":"https:\/\/www.bage-pontdevaux-tourisme.com\/en\/#\/schema\/logo\/image\/","url":"https:\/\/www.bage-pontdevaux-tourisme.com\/wp-content\/uploads\/2025\/05\/logo-pays-de-bage-and-pont-de-vaux.svg","contentUrl":"https:\/\/www.bage-pontdevaux-tourisme.com\/wp-content\/uploads\/2025\/05\/logo-pays-de-bage-and-pont-de-vaux.svg","caption":"Office de Tourisme du Pays de Bag\u00e9 et de Pont de Vaux"},"image":{"@id":"https:\/\/www.bage-pontdevaux-tourisme.com\/en\/#\/schema\/logo\/image\/"}}]}},"_links":{"self":[{"href":"https:\/\/www.bage-pontdevaux-tourisme.com\/en\/wp-json\/wp\/v2\/pages\/4224","targetHints":{"allow":["GET"]}}],"collection":[{"href":"https:\/\/www.bage-pontdevaux-tourisme.com\/en\/wp-json\/wp\/v2\/pages"}],"about":[{"href":"https:\/\/www.bage-pontdevaux-tourisme.com\/en\/wp-json\/wp\/v2\/types\/page"}],"author":[{"embeddable":true,"href":"https:\/\/www.bage-pontdevaux-tourisme.com\/en\/wp-json\/wp\/v2\/users\/1"}],"replies":[{"embeddable":true,"href":"https:\/\/www.bage-pontdevaux-tourisme.com\/en\/wp-json\/wp\/v2\/comments?post=4224"}],"version-history":[{"count":0,"href":"https:\/\/www.bage-pontdevaux-tourisme.com\/en\/wp-json\/wp\/v2\/pages\/4224\/revisions"}],"wp:attachment":[{"href":"https:\/\/www.bage-pontdevaux-tourisme.com\/en\/wp-json\/wp\/v2\/media?parent=4224"}],"curies":[{"name":"wp","href":"https:\/\/api.w.org\/{rel}","templated":true}]}}